{"id":15302,"date":"2022-08-12T06:18:53","date_gmt":"2022-08-12T06:18:53","guid":{"rendered":"https:\/\/tonysourcing.com\/?post_type=product&#038;p=15302"},"modified":"2023-08-02T02:57:11","modified_gmt":"2023-08-02T02:57:11","slug":"suministros-para-fiestas-de-unicornio","status":"publish","type":"product","link":"https:\/\/tonysourcing.com\/es\/wholesale\/unicorn-party-supplies\/","title":{"rendered":"Art\u00edculos para fiestas de unicornio"},"content":{"rendered":"<figure id=\"attachment_19559\" aria-describedby=\"caption-attachment-19559\" style=\"width: 740px\" class=\"wp-caption aligncenter\"><img fetchpriority=\"high\" decoding=\"async\" class=\"size-full wp-image-19559\" src=\"https:\/\/tonysourcing.com\/wp-content\/uploads\/2022\/08\/Unicorn-Birthday-Party-Supplies-scaled.jpg\" alt=\"Suministros para fiesta de cumplea\u00f1os de unicornio\" width=\"740\" height=\"2560\" srcset=\"https:\/\/tonysourcing.com\/wp-content\/uploads\/2022\/08\/Unicorn-Birthday-Party-Supplies-scaled.jpg 740w, https:\/\/tonysourcing.com\/wp-content\/uploads\/2022\/08\/Unicorn-Birthday-Party-Supplies-87x300.jpg 87w, https:\/\/tonysourcing.com\/wp-content\/uploads\/2022\/08\/Unicorn-Birthday-Party-Supplies-231x800.jpg 231w, https:\/\/tonysourcing.com\/wp-content\/uploads\/2022\/08\/Unicorn-Birthday-Party-Supplies-768x2658.jpg 768w, https:\/\/tonysourcing.com\/wp-content\/uploads\/2022\/08\/Unicorn-Birthday-Party-Supplies-444x1536.jpg 444w, https:\/\/tonysourcing.com\/wp-content\/uploads\/2022\/08\/Unicorn-Birthday-Party-Supplies-592x2048.jpg 592w, https:\/\/tonysourcing.com\/wp-content\/uploads\/2022\/08\/Unicorn-Birthday-Party-Supplies-600x2077.jpg 600w\" sizes=\"(max-width: 740px) 100vw, 740px\" \/><figcaption id=\"caption-attachment-19559\" class=\"wp-caption-text\">Suministros para fiesta de cumplea\u00f1os de unicornio<\/figcaption><\/figure>","protected":false},"excerpt":{"rendered":"<p>N.\u00ba de art\u00edculo: 074H<\/p>\n<p>Precio de venta sugerido: $27.99<\/p>\n<p>Nuestro precio: $6.12<\/p>","protected":false},"featured_media":19561,"template":"","meta":{"_kad_post_transparent":"","_kad_post_title":"","_kad_post_layout":"","_kad_post_sidebar_id":"","_kad_post_content_style":"","_kad_post_vertical_padding":"","_kad_post_feature":"","_kad_post_feature_position":"","_kad_post_header":false,"_kad_post_footer":false},"product_brand":[],"product_cat":[1582],"product_tag":[],"class_list":{"0":"post-15302","1":"product","2":"type-product","3":"status-publish","4":"has-post-thumbnail","6":"product_cat-party-decorations","8":"first","9":"instock","10":"featured","11":"shipping-taxable","12":"product-type-simple","13":"entry","14":"content-bg","15":"loop-entry"},"yoast_head":"<!-- This site is optimized with the Yoast SEO plugin v27.3 - https:\/\/yoast.com\/product\/yoast-seo-wordpress\/ -->\n<title>Unicorn Party Supplies - Import Wholesale From Manufacturer<\/title>\n<meta name=\"description\" content=\"Import Unicorn Birthday Party Supplies Decorations from China Manufacturer, Good Product and Good Price, Contact TonySourcing for Catalog today\" \/>\n<meta name=\"robots\" content=\"index, follow, max-snippet:-1, max-image-preview:large, max-video-preview:-1\" \/>\n<link rel=\"canonical\" href=\"https:\/\/tonysourcing.com\/es\/al-por-mayor\/suministros-para-fiestas-de-unicornio\/\" \/>\n<meta property=\"og:locale\" content=\"es_ES\" \/>\n<meta property=\"og:type\" content=\"article\" \/>\n<meta property=\"og:title\" content=\"Unicorn Party Supplies - Import Wholesale From Manufacturer\" \/>\n<meta property=\"og:description\" content=\"Import Unicorn Birthday Party Supplies Decorations from China Manufacturer, Good Product and Good Price, Contact TonySourcing for Catalog today\" \/>\n<meta property=\"og:url\" content=\"https:\/\/tonysourcing.com\/es\/al-por-mayor\/suministros-para-fiestas-de-unicornio\/\" \/>\n<meta property=\"og:site_name\" content=\"TonySourcing\" \/>\n<meta property=\"article:publisher\" content=\"https:\/\/www.facebook.com\/TonySourcing\" \/>\n<meta property=\"article:modified_time\" content=\"2023-08-02T02:57:11+00:00\" \/>\n<meta property=\"og:image\" content=\"https:\/\/tonysourcing.com\/wp-content\/uploads\/2022\/08\/Unicorn-Party-Supplies.png\" \/>\n\t<meta property=\"og:image:width\" content=\"374\" \/>\n\t<meta property=\"og:image:height\" content=\"372\" \/>\n\t<meta property=\"og:image:type\" content=\"image\/png\" \/>\n<meta name=\"twitter:card\" content=\"summary_large_image\" \/>\n<meta name=\"twitter:site\" content=\"@TonySourcing\" \/>\n<meta name=\"twitter:label1\" content=\"Tiempo de lectura\" \/>\n\t<meta name=\"twitter:data1\" content=\"1 minuto\" \/>\n<script type=\"application\/ld+json\" class=\"yoast-schema-graph\">{\"@context\":\"https:\\\/\\\/schema.org\",\"@graph\":[{\"@type\":\"WebPage\",\"@id\":\"https:\\\/\\\/tonysourcing.com\\\/wholesale\\\/unicorn-party-supplies\\\/\",\"url\":\"https:\\\/\\\/tonysourcing.com\\\/wholesale\\\/unicorn-party-supplies\\\/\",\"name\":\"Unicorn Party Supplies - Import Wholesale From Manufacturer\",\"isPartOf\":{\"@id\":\"https:\\\/\\\/tonysourcing.com\\\/#website\"},\"primaryImageOfPage\":{\"@id\":\"https:\\\/\\\/tonysourcing.com\\\/wholesale\\\/unicorn-party-supplies\\\/#primaryimage\"},\"image\":{\"@id\":\"https:\\\/\\\/tonysourcing.com\\\/wholesale\\\/unicorn-party-supplies\\\/#primaryimage\"},\"thumbnailUrl\":\"https:\\\/\\\/tonysourcing.com\\\/wp-content\\\/uploads\\\/2022\\\/08\\\/Unicorn-Party-Supplies.png\",\"datePublished\":\"2022-08-12T06:18:53+00:00\",\"dateModified\":\"2023-08-02T02:57:11+00:00\",\"description\":\"Import Unicorn Birthday Party Supplies Decorations from China Manufacturer, Good Product and Good Price, Contact TonySourcing for Catalog today\",\"breadcrumb\":{\"@id\":\"https:\\\/\\\/tonysourcing.com\\\/wholesale\\\/unicorn-party-supplies\\\/#breadcrumb\"},\"inLanguage\":\"es\",\"potentialAction\":[{\"@type\":\"ReadAction\",\"target\":[\"https:\\\/\\\/tonysourcing.com\\\/wholesale\\\/unicorn-party-supplies\\\/\"]}]},{\"@type\":\"ImageObject\",\"inLanguage\":\"es\",\"@id\":\"https:\\\/\\\/tonysourcing.com\\\/wholesale\\\/unicorn-party-supplies\\\/#primaryimage\",\"url\":\"https:\\\/\\\/tonysourcing.com\\\/wp-content\\\/uploads\\\/2022\\\/08\\\/Unicorn-Party-Supplies.png\",\"contentUrl\":\"https:\\\/\\\/tonysourcing.com\\\/wp-content\\\/uploads\\\/2022\\\/08\\\/Unicorn-Party-Supplies.png\",\"width\":374,\"height\":372,\"caption\":\"Unicorn Party Supplies\"},{\"@type\":\"BreadcrumbList\",\"@id\":\"https:\\\/\\\/tonysourcing.com\\\/wholesale\\\/unicorn-party-supplies\\\/#breadcrumb\",\"itemListElement\":[{\"@type\":\"ListItem\",\"position\":1,\"name\":\"Home\",\"item\":\"https:\\\/\\\/tonysourcing.com\\\/\"},{\"@type\":\"ListItem\",\"position\":2,\"name\":\"Wholesale\",\"item\":\"https:\\\/\\\/tonysourcing.com\\\/wholesale\\\/\"},{\"@type\":\"ListItem\",\"position\":3,\"name\":\"Unicorn Party Supplies\"}]},{\"@type\":\"WebSite\",\"@id\":\"https:\\\/\\\/tonysourcing.com\\\/#website\",\"url\":\"https:\\\/\\\/tonysourcing.com\\\/\",\"name\":\"TonySourcing\",\"description\":\"Toys Wholesale Distributor &amp; China Promition Items\",\"publisher\":{\"@id\":\"https:\\\/\\\/tonysourcing.com\\\/#organization\"},\"potentialAction\":[{\"@type\":\"SearchAction\",\"target\":{\"@type\":\"EntryPoint\",\"urlTemplate\":\"https:\\\/\\\/tonysourcing.com\\\/?s={search_term_string}\"},\"query-input\":{\"@type\":\"PropertyValueSpecification\",\"valueRequired\":true,\"valueName\":\"search_term_string\"}}],\"inLanguage\":\"es\"},{\"@type\":\"Organization\",\"@id\":\"https:\\\/\\\/tonysourcing.com\\\/#organization\",\"name\":\"Yiwu Zongge\",\"url\":\"https:\\\/\\\/tonysourcing.com\\\/\",\"logo\":{\"@type\":\"ImageObject\",\"inLanguage\":\"es\",\"@id\":\"https:\\\/\\\/tonysourcing.com\\\/#\\\/schema\\\/logo\\\/image\\\/\",\"url\":\"https:\\\/\\\/tonysourcing.com\\\/wp-content\\\/uploads\\\/2021\\\/07\\\/cropped-TonySourcing-logo-1.png\",\"contentUrl\":\"https:\\\/\\\/tonysourcing.com\\\/wp-content\\\/uploads\\\/2021\\\/07\\\/cropped-TonySourcing-logo-1.png\",\"width\":300,\"height\":92,\"caption\":\"Yiwu Zongge\"},\"image\":{\"@id\":\"https:\\\/\\\/tonysourcing.com\\\/#\\\/schema\\\/logo\\\/image\\\/\"},\"sameAs\":[\"https:\\\/\\\/www.facebook.com\\\/TonySourcing\",\"https:\\\/\\\/x.com\\\/TonySourcing\",\"https:\\\/\\\/www.instagram.com\\\/tony_sourcing\\\/\",\"http:\\\/\\\/www.linkedin.com\\\/in\\\/tonychen88\",\"https:\\\/\\\/www.youtube.com\\\/channel\\\/UCZfST1M-NDoqjQ3dB-Tzszg\"]}]}<\/script>\n<!-- \/ Yoast SEO plugin. -->","yoast_head_json":{"title":"Art\u00edculos para fiestas de unicornio - Importaci\u00f3n al por mayor del fabricante","description":"Importe decoraciones para fiestas de cumplea\u00f1os de unicornio del fabricante chino. Buen producto y buen precio. Comun\u00edquese con TonySourcing para obtener el cat\u00e1logo hoy mismo.","robots":{"index":"index","follow":"follow","max-snippet":"max-snippet:-1","max-image-preview":"max-image-preview:large","max-video-preview":"max-video-preview:-1"},"canonical":"https:\/\/tonysourcing.com\/es\/al-por-mayor\/suministros-para-fiestas-de-unicornio\/","og_locale":"es_ES","og_type":"article","og_title":"Unicorn Party Supplies - Import Wholesale From Manufacturer","og_description":"Import Unicorn Birthday Party Supplies Decorations from China Manufacturer, Good Product and Good Price, Contact TonySourcing for Catalog today","og_url":"https:\/\/tonysourcing.com\/es\/al-por-mayor\/suministros-para-fiestas-de-unicornio\/","og_site_name":"TonySourcing","article_publisher":"https:\/\/www.facebook.com\/TonySourcing","article_modified_time":"2023-08-02T02:57:11+00:00","og_image":[{"width":374,"height":372,"url":"https:\/\/tonysourcing.com\/wp-content\/uploads\/2022\/08\/Unicorn-Party-Supplies.png","type":"image\/png"}],"twitter_card":"summary_large_image","twitter_site":"@TonySourcing","twitter_misc":{"Tiempo de lectura":"1 minuto"},"schema":{"@context":"https:\/\/schema.org","@graph":[{"@type":"WebPage","@id":"https:\/\/tonysourcing.com\/wholesale\/unicorn-party-supplies\/","url":"https:\/\/tonysourcing.com\/wholesale\/unicorn-party-supplies\/","name":"Art\u00edculos para fiestas de unicornio - Importaci\u00f3n al por mayor del fabricante","isPartOf":{"@id":"https:\/\/tonysourcing.com\/#website"},"primaryImageOfPage":{"@id":"https:\/\/tonysourcing.com\/wholesale\/unicorn-party-supplies\/#primaryimage"},"image":{"@id":"https:\/\/tonysourcing.com\/wholesale\/unicorn-party-supplies\/#primaryimage"},"thumbnailUrl":"https:\/\/tonysourcing.com\/wp-content\/uploads\/2022\/08\/Unicorn-Party-Supplies.png","datePublished":"2022-08-12T06:18:53+00:00","dateModified":"2023-08-02T02:57:11+00:00","description":"Importe decoraciones para fiestas de cumplea\u00f1os de unicornio del fabricante chino. Buen producto y buen precio. Comun\u00edquese con TonySourcing para obtener el cat\u00e1logo hoy mismo.","breadcrumb":{"@id":"https:\/\/tonysourcing.com\/wholesale\/unicorn-party-supplies\/#breadcrumb"},"inLanguage":"es","potentialAction":[{"@type":"ReadAction","target":["https:\/\/tonysourcing.com\/wholesale\/unicorn-party-supplies\/"]}]},{"@type":"ImageObject","inLanguage":"es","@id":"https:\/\/tonysourcing.com\/wholesale\/unicorn-party-supplies\/#primaryimage","url":"https:\/\/tonysourcing.com\/wp-content\/uploads\/2022\/08\/Unicorn-Party-Supplies.png","contentUrl":"https:\/\/tonysourcing.com\/wp-content\/uploads\/2022\/08\/Unicorn-Party-Supplies.png","width":374,"height":372,"caption":"Unicorn Party Supplies"},{"@type":"BreadcrumbList","@id":"https:\/\/tonysourcing.com\/wholesale\/unicorn-party-supplies\/#breadcrumb","itemListElement":[{"@type":"ListItem","position":1,"name":"Home","item":"https:\/\/tonysourcing.com\/"},{"@type":"ListItem","position":2,"name":"Wholesale","item":"https:\/\/tonysourcing.com\/wholesale\/"},{"@type":"ListItem","position":3,"name":"Unicorn Party Supplies"}]},{"@type":"WebSite","@id":"https:\/\/tonysourcing.com\/#website","url":"https:\/\/tonysourcing.com\/","name":"TonySourcing","description":"Distribuidor mayorista de juguetes y art\u00edculos en promoci\u00f3n en China","publisher":{"@id":"https:\/\/tonysourcing.com\/#organization"},"potentialAction":[{"@type":"SearchAction","target":{"@type":"EntryPoint","urlTemplate":"https:\/\/tonysourcing.com\/?s={search_term_string}"},"query-input":{"@type":"PropertyValueSpecification","valueRequired":true,"valueName":"search_term_string"}}],"inLanguage":"es"},{"@type":"Organization","@id":"https:\/\/tonysourcing.com\/#organization","name":"Yiwu Zongge","url":"https:\/\/tonysourcing.com\/","logo":{"@type":"ImageObject","inLanguage":"es","@id":"https:\/\/tonysourcing.com\/#\/schema\/logo\/image\/","url":"https:\/\/tonysourcing.com\/wp-content\/uploads\/2021\/07\/cropped-TonySourcing-logo-1.png","contentUrl":"https:\/\/tonysourcing.com\/wp-content\/uploads\/2021\/07\/cropped-TonySourcing-logo-1.png","width":300,"height":92,"caption":"Yiwu Zongge"},"image":{"@id":"https:\/\/tonysourcing.com\/#\/schema\/logo\/image\/"},"sameAs":["https:\/\/www.facebook.com\/TonySourcing","https:\/\/x.com\/TonySourcing","https:\/\/www.instagram.com\/tony_sourcing\/","http:\/\/www.linkedin.com\/in\/tonychen88","https:\/\/www.youtube.com\/channel\/UCZfST1M-NDoqjQ3dB-Tzszg"]}]}},"_links":{"self":[{"href":"https:\/\/tonysourcing.com\/es\/wp-json\/wp\/v2\/product\/15302","targetHints":{"allow":["GET"]}}],"collection":[{"href":"https:\/\/tonysourcing.com\/es\/wp-json\/wp\/v2\/product"}],"about":[{"href":"https:\/\/tonysourcing.com\/es\/wp-json\/wp\/v2\/types\/product"}],"version-history":[{"count":5,"href":"https:\/\/tonysourcing.com\/es\/wp-json\/wp\/v2\/product\/15302\/revisions"}],"predecessor-version":[{"id":19564,"href":"https:\/\/tonysourcing.com\/es\/wp-json\/wp\/v2\/product\/15302\/revisions\/19564"}],"wp:featuredmedia":[{"embeddable":true,"href":"https:\/\/tonysourcing.com\/es\/wp-json\/wp\/v2\/media\/19561"}],"wp:attachment":[{"href":"https:\/\/tonysourcing.com\/es\/wp-json\/wp\/v2\/media?parent=15302"}],"wp:term":[{"taxonomy":"product_brand","embeddable":true,"href":"https:\/\/tonysourcing.com\/es\/wp-json\/wp\/v2\/product_brand?post=15302"},{"taxonomy":"product_cat","embeddable":true,"href":"https:\/\/tonysourcing.com\/es\/wp-json\/wp\/v2\/product_cat?post=15302"},{"taxonomy":"product_tag","embeddable":true,"href":"https:\/\/tonysourcing.com\/es\/wp-json\/wp\/v2\/product_tag?post=15302"}],"curies":[{"name":"gracias","href":"https:\/\/api.w.org\/{rel}","templated":true}]}}