{"id":15667,"date":"2022-09-10T07:06:34","date_gmt":"2022-09-10T07:06:34","guid":{"rendered":"https:\/\/tonysourcing.com\/?post_type=product&#038;p=15667"},"modified":"2024-10-29T09:26:50","modified_gmt":"2024-10-29T09:26:50","slug":"motocicleta-voladora-de-control-remoto","status":"publish","type":"product","link":"https:\/\/tonysourcing.com\/es\/wholesale\/remote-control-flying-motorcycle\/","title":{"rendered":"Minidron motocicleta dos en uno con control remoto, terrestre y a\u00e9reo"},"content":{"rendered":"<p>Especificaci\u00f3n:<\/p>\n<p>\u3010Nombre del producto\u3011: Minidron motocicleta dos en uno con control remoto, tierra y aire<\/p>\n<p>\u3010C\u00f3digo de producto\u3011: Fly-moto<\/p>\n<p>\u3010Tiempo de carga\u3011: Aproximadamente 60 minutos<\/p>\n<p>\u3010Altitud de vuelo\u3011: 50 metros<\/p>\n<p>\u3010Velocidad\u3011: Hay 3 modos de velocidad<\/p>\n<p>\u3010Especificaciones del producto\u3011: 12,5 x 7,5 x 8 cm<\/p>\n<p>\u3010M\u00e9todo de embalaje\u3011\uff1a Caja con ventana<\/p>\n<p>\u3010Especificaciones de la caja de color\u3011: 21 x 8 x 17,5 cm<\/p>\n<p>\u3010Peso de una caja\u3011: 250 g (0,55 lb)<\/p>\n<p>\u3010Observaciones\u3011: El control remoto, por favor prepare 3 <a href=\"https:\/\/cmbatteries.com\/custom-battery-packs\/\" target=\"_blank\" rel=\"noopener\">bater\u00edas<\/a> por usted mismo (El modelo de bater\u00eda del control remoto es: bater\u00eda AAA (bater\u00eda n.\u00b0 7\/LR03\/AM4) di\u00e1metro \u044410,5; altura 44,5 mm)<\/p>\n<p>Caracter\u00edstica<\/p>\n<p>\u3010Configuraci\u00f3n\u3011: Bater\u00eda del cuerpo V 250 mAh, tiempo de vuelo 6-8 minutos<\/p>\n<p>\u3010Funci\u00f3n\u3011: Doble uso terrestre y a\u00e9reo dos en uno, rodaje en tierra, vuelo en el aire, despegue con una tecla, aterrizaje con una tecla, retorno con una tecla, modo sin cabeza, giro acrob\u00e1tico de 360\u00b0, luces brillantes en los faros de la motocicleta, dispositivo de control remoto 2.4G.<\/p>\n<p>\u3010Color\u3011: Azul\/Rojo<\/p>\n<p>\u3010Desarrollo de habilidades\u3011: emocional, visual, comprensi\u00f3n, pr\u00e1ctica, desarrollo intelectual, sensorial, coordinaci\u00f3n ojo-mano, juguetes interactivos, auditivo, comunicaci\u00f3n entre padres e hijos, desarrollo de intereses<\/p>","protected":false},"excerpt":{"rendered":"<ul>\n<li>N\u00daMERO DE ART\u00cdCULO: AL2023072401<\/li>\n<li>Precio al por mayor: <span style=\"color: #ff0000;\">$9.3\/Unidad<\/span><\/li>\n<li>Precio de venta sugerido: <span style=\"color: #ff0000;\">$37.66<\/span><\/li>\n<\/ul>","protected":false},"featured_media":15668,"template":"","meta":{"_kad_post_transparent":"","_kad_post_title":"","_kad_post_layout":"","_kad_post_sidebar_id":"","_kad_post_content_style":"","_kad_post_vertical_padding":"","_kad_post_feature":"","_kad_post_feature_position":"","_kad_post_header":false,"_kad_post_footer":false},"product_brand":[],"product_cat":[518],"product_tag":[],"class_list":{"0":"post-15667","1":"product","2":"type-product","3":"status-publish","4":"has-post-thumbnail","6":"product_cat-drone-toys","8":"first","9":"instock","10":"featured","11":"shipping-taxable","12":"product-type-simple","13":"entry","14":"content-bg","15":"loop-entry"},"yoast_head":"<!-- This site is optimized with the Yoast SEO plugin v27.3 - https:\/\/yoast.com\/product\/yoast-seo-wordpress\/ -->\n<title>Remote Control Flying Motorcycle - Import Toys Wholesale Directly From Manufacturer<\/title>\n<meta name=\"description\" content=\"Import Remote Control Flying Motorcycle from China Manufacturer, Good Product and Good Price, Contact TonySourcing for Catalog today\" \/>\n<meta name=\"robots\" content=\"index, follow, max-snippet:-1, max-image-preview:large, max-video-preview:-1\" \/>\n<link rel=\"canonical\" href=\"https:\/\/tonysourcing.com\/es\/al-por-mayor\/motocicleta-voladora-de-control-remoto\/\" \/>\n<meta property=\"og:locale\" content=\"es_ES\" \/>\n<meta property=\"og:type\" content=\"article\" \/>\n<meta property=\"og:title\" content=\"Remote Control Flying Motorcycle - Import Toys Wholesale Directly From Manufacturer\" \/>\n<meta property=\"og:description\" content=\"Import Remote Control Flying Motorcycle from China Manufacturer, Good Product and Good Price, Contact TonySourcing for Catalog today\" \/>\n<meta property=\"og:url\" content=\"https:\/\/tonysourcing.com\/es\/al-por-mayor\/motocicleta-voladora-de-control-remoto\/\" \/>\n<meta property=\"og:site_name\" content=\"TonySourcing\" \/>\n<meta property=\"article:publisher\" content=\"https:\/\/www.facebook.com\/TonySourcing\" \/>\n<meta property=\"article:modified_time\" content=\"2024-10-29T09:26:50+00:00\" \/>\n<meta property=\"og:image\" content=\"https:\/\/tonysourcing.com\/wp-content\/uploads\/2022\/08\/remote-control-flying-motorcycle.jpg\" \/>\n\t<meta property=\"og:image:width\" content=\"760\" \/>\n\t<meta property=\"og:image:height\" content=\"760\" \/>\n\t<meta property=\"og:image:type\" content=\"image\/jpeg\" \/>\n<meta name=\"twitter:card\" content=\"summary_large_image\" \/>\n<meta name=\"twitter:site\" content=\"@TonySourcing\" \/>\n<meta name=\"twitter:label1\" content=\"Tiempo de lectura\" \/>\n\t<meta name=\"twitter:data1\" content=\"1 minuto\" \/>\n<script type=\"application\/ld+json\" class=\"yoast-schema-graph\">{\"@context\":\"https:\\\/\\\/schema.org\",\"@graph\":[{\"@type\":\"WebPage\",\"@id\":\"https:\\\/\\\/tonysourcing.com\\\/wholesale\\\/remote-control-flying-motorcycle\\\/\",\"url\":\"https:\\\/\\\/tonysourcing.com\\\/wholesale\\\/remote-control-flying-motorcycle\\\/\",\"name\":\"Remote Control Flying Motorcycle - Import Toys Wholesale Directly From Manufacturer\",\"isPartOf\":{\"@id\":\"https:\\\/\\\/tonysourcing.com\\\/#website\"},\"primaryImageOfPage\":{\"@id\":\"https:\\\/\\\/tonysourcing.com\\\/wholesale\\\/remote-control-flying-motorcycle\\\/#primaryimage\"},\"image\":{\"@id\":\"https:\\\/\\\/tonysourcing.com\\\/wholesale\\\/remote-control-flying-motorcycle\\\/#primaryimage\"},\"thumbnailUrl\":\"https:\\\/\\\/tonysourcing.com\\\/wp-content\\\/uploads\\\/2022\\\/08\\\/remote-control-flying-motorcycle.jpg\",\"datePublished\":\"2022-09-10T07:06:34+00:00\",\"dateModified\":\"2024-10-29T09:26:50+00:00\",\"description\":\"Import Remote Control Flying Motorcycle from China Manufacturer, Good Product and Good Price, Contact TonySourcing for Catalog today\",\"breadcrumb\":{\"@id\":\"https:\\\/\\\/tonysourcing.com\\\/wholesale\\\/remote-control-flying-motorcycle\\\/#breadcrumb\"},\"inLanguage\":\"es\",\"potentialAction\":[{\"@type\":\"ReadAction\",\"target\":[\"https:\\\/\\\/tonysourcing.com\\\/wholesale\\\/remote-control-flying-motorcycle\\\/\"]}]},{\"@type\":\"ImageObject\",\"inLanguage\":\"es\",\"@id\":\"https:\\\/\\\/tonysourcing.com\\\/wholesale\\\/remote-control-flying-motorcycle\\\/#primaryimage\",\"url\":\"https:\\\/\\\/tonysourcing.com\\\/wp-content\\\/uploads\\\/2022\\\/08\\\/remote-control-flying-motorcycle.jpg\",\"contentUrl\":\"https:\\\/\\\/tonysourcing.com\\\/wp-content\\\/uploads\\\/2022\\\/08\\\/remote-control-flying-motorcycle.jpg\",\"width\":760,\"height\":760,\"caption\":\"remote control flying motorcycle\"},{\"@type\":\"BreadcrumbList\",\"@id\":\"https:\\\/\\\/tonysourcing.com\\\/wholesale\\\/remote-control-flying-motorcycle\\\/#breadcrumb\",\"itemListElement\":[{\"@type\":\"ListItem\",\"position\":1,\"name\":\"Home\",\"item\":\"https:\\\/\\\/tonysourcing.com\\\/\"},{\"@type\":\"ListItem\",\"position\":2,\"name\":\"Wholesale\",\"item\":\"https:\\\/\\\/tonysourcing.com\\\/wholesale\\\/\"},{\"@type\":\"ListItem\",\"position\":3,\"name\":\"Remote control land and air two-in-one motorcycle mini drone\"}]},{\"@type\":\"WebSite\",\"@id\":\"https:\\\/\\\/tonysourcing.com\\\/#website\",\"url\":\"https:\\\/\\\/tonysourcing.com\\\/\",\"name\":\"TonySourcing\",\"description\":\"Toys Wholesale Distributor &amp; China Promition Items\",\"publisher\":{\"@id\":\"https:\\\/\\\/tonysourcing.com\\\/#organization\"},\"potentialAction\":[{\"@type\":\"SearchAction\",\"target\":{\"@type\":\"EntryPoint\",\"urlTemplate\":\"https:\\\/\\\/tonysourcing.com\\\/?s={search_term_string}\"},\"query-input\":{\"@type\":\"PropertyValueSpecification\",\"valueRequired\":true,\"valueName\":\"search_term_string\"}}],\"inLanguage\":\"es\"},{\"@type\":\"Organization\",\"@id\":\"https:\\\/\\\/tonysourcing.com\\\/#organization\",\"name\":\"Yiwu Zongge\",\"url\":\"https:\\\/\\\/tonysourcing.com\\\/\",\"logo\":{\"@type\":\"ImageObject\",\"inLanguage\":\"es\",\"@id\":\"https:\\\/\\\/tonysourcing.com\\\/#\\\/schema\\\/logo\\\/image\\\/\",\"url\":\"https:\\\/\\\/tonysourcing.com\\\/wp-content\\\/uploads\\\/2021\\\/07\\\/cropped-TonySourcing-logo-1.png\",\"contentUrl\":\"https:\\\/\\\/tonysourcing.com\\\/wp-content\\\/uploads\\\/2021\\\/07\\\/cropped-TonySourcing-logo-1.png\",\"width\":300,\"height\":92,\"caption\":\"Yiwu Zongge\"},\"image\":{\"@id\":\"https:\\\/\\\/tonysourcing.com\\\/#\\\/schema\\\/logo\\\/image\\\/\"},\"sameAs\":[\"https:\\\/\\\/www.facebook.com\\\/TonySourcing\",\"https:\\\/\\\/x.com\\\/TonySourcing\",\"https:\\\/\\\/www.instagram.com\\\/tony_sourcing\\\/\",\"http:\\\/\\\/www.linkedin.com\\\/in\\\/tonychen88\",\"https:\\\/\\\/www.youtube.com\\\/channel\\\/UCZfST1M-NDoqjQ3dB-Tzszg\"]}]}<\/script>\n<!-- \/ Yoast SEO plugin. -->","yoast_head_json":{"title":"Motocicleta voladora a control remoto: juguetes de importaci\u00f3n al por mayor directamente del fabricante","description":"Importe motocicleta voladora de control remoto del fabricante chino, buen producto y buen precio, comun\u00edquese con TonySourcing para obtener el cat\u00e1logo hoy mismo","robots":{"index":"index","follow":"follow","max-snippet":"max-snippet:-1","max-image-preview":"max-image-preview:large","max-video-preview":"max-video-preview:-1"},"canonical":"https:\/\/tonysourcing.com\/es\/al-por-mayor\/motocicleta-voladora-de-control-remoto\/","og_locale":"es_ES","og_type":"article","og_title":"Remote Control Flying Motorcycle - Import Toys Wholesale Directly From Manufacturer","og_description":"Import Remote Control Flying Motorcycle from China Manufacturer, Good Product and Good Price, Contact TonySourcing for Catalog today","og_url":"https:\/\/tonysourcing.com\/es\/al-por-mayor\/motocicleta-voladora-de-control-remoto\/","og_site_name":"TonySourcing","article_publisher":"https:\/\/www.facebook.com\/TonySourcing","article_modified_time":"2024-10-29T09:26:50+00:00","og_image":[{"width":760,"height":760,"url":"https:\/\/tonysourcing.com\/wp-content\/uploads\/2022\/08\/remote-control-flying-motorcycle.jpg","type":"image\/jpeg"}],"twitter_card":"summary_large_image","twitter_site":"@TonySourcing","twitter_misc":{"Tiempo de lectura":"1 minuto"},"schema":{"@context":"https:\/\/schema.org","@graph":[{"@type":"WebPage","@id":"https:\/\/tonysourcing.com\/wholesale\/remote-control-flying-motorcycle\/","url":"https:\/\/tonysourcing.com\/wholesale\/remote-control-flying-motorcycle\/","name":"Motocicleta voladora a control remoto: juguetes de importaci\u00f3n al por mayor directamente del fabricante","isPartOf":{"@id":"https:\/\/tonysourcing.com\/#website"},"primaryImageOfPage":{"@id":"https:\/\/tonysourcing.com\/wholesale\/remote-control-flying-motorcycle\/#primaryimage"},"image":{"@id":"https:\/\/tonysourcing.com\/wholesale\/remote-control-flying-motorcycle\/#primaryimage"},"thumbnailUrl":"https:\/\/tonysourcing.com\/wp-content\/uploads\/2022\/08\/remote-control-flying-motorcycle.jpg","datePublished":"2022-09-10T07:06:34+00:00","dateModified":"2024-10-29T09:26:50+00:00","description":"Importe motocicleta voladora de control remoto del fabricante chino, buen producto y buen precio, comun\u00edquese con TonySourcing para obtener el cat\u00e1logo hoy mismo","breadcrumb":{"@id":"https:\/\/tonysourcing.com\/wholesale\/remote-control-flying-motorcycle\/#breadcrumb"},"inLanguage":"es","potentialAction":[{"@type":"ReadAction","target":["https:\/\/tonysourcing.com\/wholesale\/remote-control-flying-motorcycle\/"]}]},{"@type":"ImageObject","inLanguage":"es","@id":"https:\/\/tonysourcing.com\/wholesale\/remote-control-flying-motorcycle\/#primaryimage","url":"https:\/\/tonysourcing.com\/wp-content\/uploads\/2022\/08\/remote-control-flying-motorcycle.jpg","contentUrl":"https:\/\/tonysourcing.com\/wp-content\/uploads\/2022\/08\/remote-control-flying-motorcycle.jpg","width":760,"height":760,"caption":"remote control flying motorcycle"},{"@type":"BreadcrumbList","@id":"https:\/\/tonysourcing.com\/wholesale\/remote-control-flying-motorcycle\/#breadcrumb","itemListElement":[{"@type":"ListItem","position":1,"name":"Home","item":"https:\/\/tonysourcing.com\/"},{"@type":"ListItem","position":2,"name":"Wholesale","item":"https:\/\/tonysourcing.com\/wholesale\/"},{"@type":"ListItem","position":3,"name":"Remote control land and air two-in-one motorcycle mini drone"}]},{"@type":"WebSite","@id":"https:\/\/tonysourcing.com\/#website","url":"https:\/\/tonysourcing.com\/","name":"TonySourcing","description":"Distribuidor mayorista de juguetes y art\u00edculos en promoci\u00f3n en China","publisher":{"@id":"https:\/\/tonysourcing.com\/#organization"},"potentialAction":[{"@type":"SearchAction","target":{"@type":"EntryPoint","urlTemplate":"https:\/\/tonysourcing.com\/?s={search_term_string}"},"query-input":{"@type":"PropertyValueSpecification","valueRequired":true,"valueName":"search_term_string"}}],"inLanguage":"es"},{"@type":"Organization","@id":"https:\/\/tonysourcing.com\/#organization","name":"Yiwu Zongge","url":"https:\/\/tonysourcing.com\/","logo":{"@type":"ImageObject","inLanguage":"es","@id":"https:\/\/tonysourcing.com\/#\/schema\/logo\/image\/","url":"https:\/\/tonysourcing.com\/wp-content\/uploads\/2021\/07\/cropped-TonySourcing-logo-1.png","contentUrl":"https:\/\/tonysourcing.com\/wp-content\/uploads\/2021\/07\/cropped-TonySourcing-logo-1.png","width":300,"height":92,"caption":"Yiwu Zongge"},"image":{"@id":"https:\/\/tonysourcing.com\/#\/schema\/logo\/image\/"},"sameAs":["https:\/\/www.facebook.com\/TonySourcing","https:\/\/x.com\/TonySourcing","https:\/\/www.instagram.com\/tony_sourcing\/","http:\/\/www.linkedin.com\/in\/tonychen88","https:\/\/www.youtube.com\/channel\/UCZfST1M-NDoqjQ3dB-Tzszg"]}]}},"_links":{"self":[{"href":"https:\/\/tonysourcing.com\/es\/wp-json\/wp\/v2\/product\/15667","targetHints":{"allow":["GET"]}}],"collection":[{"href":"https:\/\/tonysourcing.com\/es\/wp-json\/wp\/v2\/product"}],"about":[{"href":"https:\/\/tonysourcing.com\/es\/wp-json\/wp\/v2\/types\/product"}],"version-history":[{"count":6,"href":"https:\/\/tonysourcing.com\/es\/wp-json\/wp\/v2\/product\/15667\/revisions"}],"predecessor-version":[{"id":21598,"href":"https:\/\/tonysourcing.com\/es\/wp-json\/wp\/v2\/product\/15667\/revisions\/21598"}],"wp:featuredmedia":[{"embeddable":true,"href":"https:\/\/tonysourcing.com\/es\/wp-json\/wp\/v2\/media\/15668"}],"wp:attachment":[{"href":"https:\/\/tonysourcing.com\/es\/wp-json\/wp\/v2\/media?parent=15667"}],"wp:term":[{"taxonomy":"product_brand","embeddable":true,"href":"https:\/\/tonysourcing.com\/es\/wp-json\/wp\/v2\/product_brand?post=15667"},{"taxonomy":"product_cat","embeddable":true,"href":"https:\/\/tonysourcing.com\/es\/wp-json\/wp\/v2\/product_cat?post=15667"},{"taxonomy":"product_tag","embeddable":true,"href":"https:\/\/tonysourcing.com\/es\/wp-json\/wp\/v2\/product_tag?post=15667"}],"curies":[{"name":"gracias","href":"https:\/\/api.w.org\/{rel}","templated":true}]}}