{"id":17300,"date":"2023-03-02T08:06:28","date_gmt":"2023-03-02T08:06:28","guid":{"rendered":"https:\/\/tonysourcing.com\/?post_type=product&#038;p=17300"},"modified":"2025-01-06T11:36:01","modified_gmt":"2025-01-06T11:36:01","slug":"bloques-de-construccion-de-castillos","status":"publish","type":"product","link":"https:\/\/tonysourcing.com\/es\/wholesale\/castle-building-blocks\/","title":{"rendered":"Bloques de construcci\u00f3n de castillos"},"content":{"rendered":"","protected":false},"excerpt":{"rendered":"<p>N.\u00ba de art\u00edculo: LD-013<\/p>","protected":false},"featured_media":17301,"template":"","meta":{"_kad_post_transparent":"","_kad_post_title":"","_kad_post_layout":"","_kad_post_sidebar_id":"","_kad_post_content_style":"","_kad_post_vertical_padding":"","_kad_post_feature":"","_kad_post_feature_position":"","_kad_post_header":false,"_kad_post_footer":false},"product_brand":[],"product_cat":[999,1714],"product_tag":[],"class_list":{"0":"post-17300","1":"product","2":"type-product","3":"status-publish","4":"has-post-thumbnail","6":"product_cat-novelty-toys","7":"product_cat-building-bricks-toys","9":"first","10":"instock","11":"shipping-taxable","12":"product-type-simple","13":"entry","14":"content-bg","15":"loop-entry"},"yoast_head":"<!-- This site is optimized with the Yoast SEO plugin v27.3 - https:\/\/yoast.com\/product\/yoast-seo-wordpress\/ -->\n<title>Castle Building Blocks - Import Toys Wholesale Directly<\/title>\n<meta name=\"description\" content=\"Import Castle Building Blocks from China Manufacturer, Good Product and Good Price, Contact TonySourcing for Catalog today. Welcome to our shop.\" \/>\n<meta name=\"robots\" content=\"index, follow, max-snippet:-1, max-image-preview:large, max-video-preview:-1\" \/>\n<link rel=\"canonical\" href=\"https:\/\/tonysourcing.com\/es\/al-por-mayor\/bloques-de-construccion-de-castillos\/\" \/>\n<meta property=\"og:locale\" content=\"es_ES\" \/>\n<meta property=\"og:type\" content=\"article\" \/>\n<meta property=\"og:title\" content=\"Castle Building Blocks - Import Toys Wholesale Directly\" \/>\n<meta property=\"og:description\" content=\"Import Castle Building Blocks from China Manufacturer, Good Product and Good Price, Contact TonySourcing for Catalog today. Welcome to our shop.\" \/>\n<meta property=\"og:url\" content=\"https:\/\/tonysourcing.com\/es\/al-por-mayor\/bloques-de-construccion-de-castillos\/\" \/>\n<meta property=\"og:site_name\" content=\"TonySourcing\" \/>\n<meta property=\"article:publisher\" content=\"https:\/\/www.facebook.com\/TonySourcing\" \/>\n<meta property=\"article:modified_time\" content=\"2025-01-06T11:36:01+00:00\" \/>\n<meta property=\"og:image\" content=\"https:\/\/tonysourcing.com\/wp-content\/uploads\/2023\/03\/castle-building-blocks-1.jpg\" \/>\n\t<meta property=\"og:image:width\" content=\"800\" \/>\n\t<meta property=\"og:image:height\" content=\"800\" \/>\n\t<meta property=\"og:image:type\" content=\"image\/jpeg\" \/>\n<meta name=\"twitter:card\" content=\"summary_large_image\" \/>\n<meta name=\"twitter:site\" content=\"@TonySourcing\" \/>\n<script type=\"application\/ld+json\" class=\"yoast-schema-graph\">{\"@context\":\"https:\\\/\\\/schema.org\",\"@graph\":[{\"@type\":\"WebPage\",\"@id\":\"https:\\\/\\\/tonysourcing.com\\\/wholesale\\\/castle-building-blocks\\\/\",\"url\":\"https:\\\/\\\/tonysourcing.com\\\/wholesale\\\/castle-building-blocks\\\/\",\"name\":\"Castle Building Blocks - Import Toys Wholesale Directly\",\"isPartOf\":{\"@id\":\"https:\\\/\\\/tonysourcing.com\\\/#website\"},\"primaryImageOfPage\":{\"@id\":\"https:\\\/\\\/tonysourcing.com\\\/wholesale\\\/castle-building-blocks\\\/#primaryimage\"},\"image\":{\"@id\":\"https:\\\/\\\/tonysourcing.com\\\/wholesale\\\/castle-building-blocks\\\/#primaryimage\"},\"thumbnailUrl\":\"https:\\\/\\\/tonysourcing.com\\\/wp-content\\\/uploads\\\/2023\\\/03\\\/castle-building-blocks-1.jpg\",\"datePublished\":\"2023-03-02T08:06:28+00:00\",\"dateModified\":\"2025-01-06T11:36:01+00:00\",\"description\":\"Import Castle Building Blocks from China Manufacturer, Good Product and Good Price, Contact TonySourcing for Catalog today. Welcome to our shop.\",\"breadcrumb\":{\"@id\":\"https:\\\/\\\/tonysourcing.com\\\/wholesale\\\/castle-building-blocks\\\/#breadcrumb\"},\"inLanguage\":\"es\",\"potentialAction\":[{\"@type\":\"ReadAction\",\"target\":[\"https:\\\/\\\/tonysourcing.com\\\/wholesale\\\/castle-building-blocks\\\/\"]}]},{\"@type\":\"ImageObject\",\"inLanguage\":\"es\",\"@id\":\"https:\\\/\\\/tonysourcing.com\\\/wholesale\\\/castle-building-blocks\\\/#primaryimage\",\"url\":\"https:\\\/\\\/tonysourcing.com\\\/wp-content\\\/uploads\\\/2023\\\/03\\\/castle-building-blocks-1.jpg\",\"contentUrl\":\"https:\\\/\\\/tonysourcing.com\\\/wp-content\\\/uploads\\\/2023\\\/03\\\/castle-building-blocks-1.jpg\",\"width\":800,\"height\":800,\"caption\":\"castle building blocks\"},{\"@type\":\"BreadcrumbList\",\"@id\":\"https:\\\/\\\/tonysourcing.com\\\/wholesale\\\/castle-building-blocks\\\/#breadcrumb\",\"itemListElement\":[{\"@type\":\"ListItem\",\"position\":1,\"name\":\"Home\",\"item\":\"https:\\\/\\\/tonysourcing.com\\\/\"},{\"@type\":\"ListItem\",\"position\":2,\"name\":\"Wholesale\",\"item\":\"https:\\\/\\\/tonysourcing.com\\\/wholesale\\\/\"},{\"@type\":\"ListItem\",\"position\":3,\"name\":\"Castle Building Blocks\"}]},{\"@type\":\"WebSite\",\"@id\":\"https:\\\/\\\/tonysourcing.com\\\/#website\",\"url\":\"https:\\\/\\\/tonysourcing.com\\\/\",\"name\":\"TonySourcing\",\"description\":\"Toys Wholesale Distributor &amp; China Promition Items\",\"publisher\":{\"@id\":\"https:\\\/\\\/tonysourcing.com\\\/#organization\"},\"potentialAction\":[{\"@type\":\"SearchAction\",\"target\":{\"@type\":\"EntryPoint\",\"urlTemplate\":\"https:\\\/\\\/tonysourcing.com\\\/?s={search_term_string}\"},\"query-input\":{\"@type\":\"PropertyValueSpecification\",\"valueRequired\":true,\"valueName\":\"search_term_string\"}}],\"inLanguage\":\"es\"},{\"@type\":\"Organization\",\"@id\":\"https:\\\/\\\/tonysourcing.com\\\/#organization\",\"name\":\"Yiwu Zongge\",\"url\":\"https:\\\/\\\/tonysourcing.com\\\/\",\"logo\":{\"@type\":\"ImageObject\",\"inLanguage\":\"es\",\"@id\":\"https:\\\/\\\/tonysourcing.com\\\/#\\\/schema\\\/logo\\\/image\\\/\",\"url\":\"https:\\\/\\\/tonysourcing.com\\\/wp-content\\\/uploads\\\/2021\\\/07\\\/cropped-TonySourcing-logo-1.png\",\"contentUrl\":\"https:\\\/\\\/tonysourcing.com\\\/wp-content\\\/uploads\\\/2021\\\/07\\\/cropped-TonySourcing-logo-1.png\",\"width\":300,\"height\":92,\"caption\":\"Yiwu Zongge\"},\"image\":{\"@id\":\"https:\\\/\\\/tonysourcing.com\\\/#\\\/schema\\\/logo\\\/image\\\/\"},\"sameAs\":[\"https:\\\/\\\/www.facebook.com\\\/TonySourcing\",\"https:\\\/\\\/x.com\\\/TonySourcing\",\"https:\\\/\\\/www.instagram.com\\\/tony_sourcing\\\/\",\"http:\\\/\\\/www.linkedin.com\\\/in\\\/tonychen88\",\"https:\\\/\\\/www.youtube.com\\\/channel\\\/UCZfST1M-NDoqjQ3dB-Tzszg\"]}]}<\/script>\n<!-- \/ Yoast SEO plugin. -->","yoast_head_json":{"title":"Bloques de construcci\u00f3n de castillos - Importaci\u00f3n directa de juguetes al por mayor","description":"Importa bloques de construcci\u00f3n de castillos de un fabricante chino. Excelente producto a buen precio. Contacta con TonySourcing para obtener el cat\u00e1logo hoy mismo. Bienvenido a nuestra tienda.","robots":{"index":"index","follow":"follow","max-snippet":"max-snippet:-1","max-image-preview":"max-image-preview:large","max-video-preview":"max-video-preview:-1"},"canonical":"https:\/\/tonysourcing.com\/es\/al-por-mayor\/bloques-de-construccion-de-castillos\/","og_locale":"es_ES","og_type":"article","og_title":"Castle Building Blocks - Import Toys Wholesale Directly","og_description":"Import Castle Building Blocks from China Manufacturer, Good Product and Good Price, Contact TonySourcing for Catalog today. Welcome to our shop.","og_url":"https:\/\/tonysourcing.com\/es\/al-por-mayor\/bloques-de-construccion-de-castillos\/","og_site_name":"TonySourcing","article_publisher":"https:\/\/www.facebook.com\/TonySourcing","article_modified_time":"2025-01-06T11:36:01+00:00","og_image":[{"width":800,"height":800,"url":"https:\/\/tonysourcing.com\/wp-content\/uploads\/2023\/03\/castle-building-blocks-1.jpg","type":"image\/jpeg"}],"twitter_card":"summary_large_image","twitter_site":"@TonySourcing","schema":{"@context":"https:\/\/schema.org","@graph":[{"@type":"WebPage","@id":"https:\/\/tonysourcing.com\/wholesale\/castle-building-blocks\/","url":"https:\/\/tonysourcing.com\/wholesale\/castle-building-blocks\/","name":"Bloques de construcci\u00f3n de castillos - Importaci\u00f3n directa de juguetes al por mayor","isPartOf":{"@id":"https:\/\/tonysourcing.com\/#website"},"primaryImageOfPage":{"@id":"https:\/\/tonysourcing.com\/wholesale\/castle-building-blocks\/#primaryimage"},"image":{"@id":"https:\/\/tonysourcing.com\/wholesale\/castle-building-blocks\/#primaryimage"},"thumbnailUrl":"https:\/\/tonysourcing.com\/wp-content\/uploads\/2023\/03\/castle-building-blocks-1.jpg","datePublished":"2023-03-02T08:06:28+00:00","dateModified":"2025-01-06T11:36:01+00:00","description":"Importa bloques de construcci\u00f3n de castillos de un fabricante chino. Excelente producto a buen precio. Contacta con TonySourcing para obtener el cat\u00e1logo hoy mismo. Bienvenido a nuestra tienda.","breadcrumb":{"@id":"https:\/\/tonysourcing.com\/wholesale\/castle-building-blocks\/#breadcrumb"},"inLanguage":"es","potentialAction":[{"@type":"ReadAction","target":["https:\/\/tonysourcing.com\/wholesale\/castle-building-blocks\/"]}]},{"@type":"ImageObject","inLanguage":"es","@id":"https:\/\/tonysourcing.com\/wholesale\/castle-building-blocks\/#primaryimage","url":"https:\/\/tonysourcing.com\/wp-content\/uploads\/2023\/03\/castle-building-blocks-1.jpg","contentUrl":"https:\/\/tonysourcing.com\/wp-content\/uploads\/2023\/03\/castle-building-blocks-1.jpg","width":800,"height":800,"caption":"castle building blocks"},{"@type":"BreadcrumbList","@id":"https:\/\/tonysourcing.com\/wholesale\/castle-building-blocks\/#breadcrumb","itemListElement":[{"@type":"ListItem","position":1,"name":"Home","item":"https:\/\/tonysourcing.com\/"},{"@type":"ListItem","position":2,"name":"Wholesale","item":"https:\/\/tonysourcing.com\/wholesale\/"},{"@type":"ListItem","position":3,"name":"Castle Building Blocks"}]},{"@type":"WebSite","@id":"https:\/\/tonysourcing.com\/#website","url":"https:\/\/tonysourcing.com\/","name":"TonySourcing","description":"Distribuidor mayorista de juguetes y art\u00edculos en promoci\u00f3n en China","publisher":{"@id":"https:\/\/tonysourcing.com\/#organization"},"potentialAction":[{"@type":"SearchAction","target":{"@type":"EntryPoint","urlTemplate":"https:\/\/tonysourcing.com\/?s={search_term_string}"},"query-input":{"@type":"PropertyValueSpecification","valueRequired":true,"valueName":"search_term_string"}}],"inLanguage":"es"},{"@type":"Organization","@id":"https:\/\/tonysourcing.com\/#organization","name":"Yiwu Zongge","url":"https:\/\/tonysourcing.com\/","logo":{"@type":"ImageObject","inLanguage":"es","@id":"https:\/\/tonysourcing.com\/#\/schema\/logo\/image\/","url":"https:\/\/tonysourcing.com\/wp-content\/uploads\/2021\/07\/cropped-TonySourcing-logo-1.png","contentUrl":"https:\/\/tonysourcing.com\/wp-content\/uploads\/2021\/07\/cropped-TonySourcing-logo-1.png","width":300,"height":92,"caption":"Yiwu Zongge"},"image":{"@id":"https:\/\/tonysourcing.com\/#\/schema\/logo\/image\/"},"sameAs":["https:\/\/www.facebook.com\/TonySourcing","https:\/\/x.com\/TonySourcing","https:\/\/www.instagram.com\/tony_sourcing\/","http:\/\/www.linkedin.com\/in\/tonychen88","https:\/\/www.youtube.com\/channel\/UCZfST1M-NDoqjQ3dB-Tzszg"]}]}},"_links":{"self":[{"href":"https:\/\/tonysourcing.com\/es\/wp-json\/wp\/v2\/product\/17300","targetHints":{"allow":["GET"]}}],"collection":[{"href":"https:\/\/tonysourcing.com\/es\/wp-json\/wp\/v2\/product"}],"about":[{"href":"https:\/\/tonysourcing.com\/es\/wp-json\/wp\/v2\/types\/product"}],"version-history":[{"count":1,"href":"https:\/\/tonysourcing.com\/es\/wp-json\/wp\/v2\/product\/17300\/revisions"}],"predecessor-version":[{"id":17302,"href":"https:\/\/tonysourcing.com\/es\/wp-json\/wp\/v2\/product\/17300\/revisions\/17302"}],"wp:featuredmedia":[{"embeddable":true,"href":"https:\/\/tonysourcing.com\/es\/wp-json\/wp\/v2\/media\/17301"}],"wp:attachment":[{"href":"https:\/\/tonysourcing.com\/es\/wp-json\/wp\/v2\/media?parent=17300"}],"wp:term":[{"taxonomy":"product_brand","embeddable":true,"href":"https:\/\/tonysourcing.com\/es\/wp-json\/wp\/v2\/product_brand?post=17300"},{"taxonomy":"product_cat","embeddable":true,"href":"https:\/\/tonysourcing.com\/es\/wp-json\/wp\/v2\/product_cat?post=17300"},{"taxonomy":"product_tag","embeddable":true,"href":"https:\/\/tonysourcing.com\/es\/wp-json\/wp\/v2\/product_tag?post=17300"}],"curies":[{"name":"gracias","href":"https:\/\/api.w.org\/{rel}","templated":true}]}}