{"id":17638,"date":"2023-04-08T02:14:35","date_gmt":"2023-04-08T02:14:35","guid":{"rendered":"https:\/\/tonysourcing.com\/?post_type=product&#038;p=17638"},"modified":"2025-06-05T04:17:19","modified_gmt":"2025-06-05T04:17:19","slug":"peluche-de-fiesta-de-huevos","status":"publish","type":"product","link":"https:\/\/tonysourcing.com\/es\/wholesale\/egg-party-plush-toy\/","title":{"rendered":"Juguete de peluche de fiesta de huevos"},"content":{"rendered":"<div style=\"width: 1290px;\" class=\"wp-video\"><video class=\"wp-video-shortcode\" id=\"video-17638-1\" width=\"1290\" height=\"726\" preload=\"metadata\" controls=\"controls\"><source type=\"video\/mp4\" src=\"https:\/\/tonysourcing.com\/wp-content\/uploads\/2023\/04\/video5.mp4?_=1\" \/><a href=\"https:\/\/tonysourcing.com\/wp-content\/uploads\/2023\/04\/video5.mp4\">https:\/\/tonysourcing.com\/wp-content\/uploads\/2023\/04\/video5.mp4<\/a><\/video><\/div>\n<div class=\"expand-collapse-header flex justify-between items-center w-100\">\n<h3><\/h3>\n<h3><\/h3>\n<h3 class=\"w-100 ma0 pa3 f5 lh-copy normal\">Detalles del producto<\/h3>\n<div class=\"pr3\"><\/div>\n<\/div>\n<div class=\"w_rNem expand-collapse-content\">\n<div class=\"ph3 pb4 pt1\">\n<div class=\"nb3\" data-testid=\"product-description-content\">\n<div class=\"mb3\">\n<div class=\"dangerous-html mb3\">\n<p>Preciosa almohada de peluche con forma de huevo de dibujos animados, suave, para decoraci\u00f3n del hogar, regalo de cumplea\u00f1os.<\/p>\n<p>Especificaci\u00f3n:<br \/>\nNombre: Preciosa mu\u00f1eca de almohada de peluche<br \/>\nMaterial: felpa, algod\u00f3n PP<br \/>\nPatr\u00f3n: Huevo de dibujos animados<br \/>\nTama\u00f1o: 30CM, 50CM, 70CM, 80CM<\/p>\n<p>Contenido del paquete<br \/>\n1 x mu\u00f1eco de peluche<\/p>\n<\/div>\n<div><\/div>\n<\/div>\n<div class=\"mb3\">\n<div class=\"dangerous-html mb3\">\n<ul>\n<li>Material: La tela de estos hermosos mu\u00f1ecos de peluche est\u00e1 hecha de felpa y algod\u00f3n PP, lo que hace que el mu\u00f1eco sea suave y terso al tacto, esponjoso y el\u00e1stico, de gran resistencia y no se deforma f\u00e1cilmente.<\/li>\n<li>Multiusos: Cuando te sientas solo y aburrido, es tu compa\u00f1ero ideal. Ponlo en casa; esta mu\u00f1eca bellamente decorada es tu almohada cuando tengas sue\u00f1o.<\/li>\n<li>Dise\u00f1o: Dise\u00f1amos una forma de huevo de dibujos animados, expresi\u00f3n linda, los ni\u00f1os se enamorar\u00e1n de \u00e9l de un vistazo y estar\u00e1n muy felices de verlo.<\/li>\n<li>Regalo interesante: forma \u00fanica, abrazado en tus brazos como tu acompa\u00f1ante, satisfactorio y no solo, buen regalo de Navidad o regalo de cumplea\u00f1os, juguetes de peluche para ni\u00f1os, adultos, novia, mam\u00e1.<\/li>\n<li>Decoraci\u00f3n perfecta para el hogar: esta almohada es adecuada para dormitorios, salas de estar, hogares, oficinas, camas infantiles, sof\u00e1s y cualquier lugar que desees.<\/li>\n<\/ul>\n<\/div>\n<\/div>\n<\/div>\n<\/div>\n<\/div>","protected":false},"excerpt":{"rendered":"<ul>\n<li>N.\u00ba DE ART\u00cdCULO AL2023040801<\/li>\n<li>Precio al por mayor: <span style=\"color: #ff0000\">$1.35-$4.45\/Unidad<\/span><\/li>\n<li>Precio de venta sugerido: <span style=\"color: #ff0000\">$9.29-$34.64<\/span><\/li>\n<\/ul>","protected":false},"featured_media":17639,"template":"","meta":{"_kad_post_transparent":"","_kad_post_title":"","_kad_post_layout":"","_kad_post_sidebar_id":"","_kad_post_content_style":"","_kad_post_vertical_padding":"","_kad_post_feature":"","_kad_post_feature_position":"","_kad_post_header":false,"_kad_post_footer":false},"product_brand":[],"product_cat":[822],"product_tag":[],"class_list":{"0":"post-17638","1":"product","2":"type-product","3":"status-publish","4":"has-post-thumbnail","6":"product_cat-plush-toys","8":"first","9":"instock","10":"shipping-taxable","11":"product-type-simple","12":"entry","13":"content-bg","14":"loop-entry"},"yoast_head":"<!-- This site is optimized with the Yoast SEO plugin v27.4 - https:\/\/yoast.com\/product\/yoast-seo-wordpress\/ -->\n<title>Egg party plush toy - Import Toys Wholesale Directly From Manufacturer<\/title>\n<meta name=\"description\" content=\"Import Egg party plush toy from China Manufacturer, Good Product and Good Price, Contact TonySourcing for Catalog today\" \/>\n<meta name=\"robots\" content=\"index, follow, max-snippet:-1, max-image-preview:large, max-video-preview:-1\" \/>\n<link rel=\"canonical\" href=\"https:\/\/tonysourcing.com\/es\/al-por-mayor\/peluche-de-fiesta-de-huevos\/\" \/>\n<meta property=\"og:locale\" content=\"es_ES\" \/>\n<meta property=\"og:type\" content=\"article\" \/>\n<meta property=\"og:title\" content=\"Egg party plush toy - Import Toys Wholesale Directly From Manufacturer\" \/>\n<meta property=\"og:description\" content=\"Import Egg party plush toy from China Manufacturer, Good Product and Good Price, Contact TonySourcing for Catalog today\" \/>\n<meta property=\"og:url\" content=\"https:\/\/tonysourcing.com\/es\/al-por-mayor\/peluche-de-fiesta-de-huevos\/\" \/>\n<meta property=\"og:site_name\" content=\"TonySourcing\" \/>\n<meta property=\"article:publisher\" content=\"https:\/\/www.facebook.com\/TonySourcing\" \/>\n<meta property=\"article:modified_time\" content=\"2025-06-05T04:17:19+00:00\" \/>\n<meta property=\"og:image\" content=\"https:\/\/tonysourcing.com\/wp-content\/uploads\/2023\/04\/Egg-party-plush-toy.png\" \/>\n\t<meta property=\"og:image:width\" content=\"500\" \/>\n\t<meta property=\"og:image:height\" content=\"500\" \/>\n\t<meta property=\"og:image:type\" content=\"image\/png\" \/>\n<meta name=\"twitter:card\" content=\"summary_large_image\" \/>\n<meta name=\"twitter:site\" content=\"@TonySourcing\" \/>\n<meta name=\"twitter:label1\" content=\"Tiempo de lectura\" \/>\n\t<meta name=\"twitter:data1\" content=\"1 minuto\" \/>\n<script type=\"application\/ld+json\" class=\"yoast-schema-graph\">{\"@context\":\"https:\\\/\\\/schema.org\",\"@graph\":[{\"@type\":\"WebPage\",\"@id\":\"https:\\\/\\\/tonysourcing.com\\\/wholesale\\\/egg-party-plush-toy\\\/\",\"url\":\"https:\\\/\\\/tonysourcing.com\\\/wholesale\\\/egg-party-plush-toy\\\/\",\"name\":\"Egg party plush toy - Import Toys Wholesale Directly From Manufacturer\",\"isPartOf\":{\"@id\":\"https:\\\/\\\/tonysourcing.com\\\/#website\"},\"primaryImageOfPage\":{\"@id\":\"https:\\\/\\\/tonysourcing.com\\\/wholesale\\\/egg-party-plush-toy\\\/#primaryimage\"},\"image\":{\"@id\":\"https:\\\/\\\/tonysourcing.com\\\/wholesale\\\/egg-party-plush-toy\\\/#primaryimage\"},\"thumbnailUrl\":\"https:\\\/\\\/tonysourcing.com\\\/wp-content\\\/uploads\\\/2023\\\/04\\\/Egg-party-plush-toy.png\",\"datePublished\":\"2023-04-08T02:14:35+00:00\",\"dateModified\":\"2025-06-05T04:17:19+00:00\",\"description\":\"Import Egg party plush toy from China Manufacturer, Good Product and Good Price, Contact TonySourcing for Catalog today\",\"breadcrumb\":{\"@id\":\"https:\\\/\\\/tonysourcing.com\\\/wholesale\\\/egg-party-plush-toy\\\/#breadcrumb\"},\"inLanguage\":\"es\",\"potentialAction\":[{\"@type\":\"ReadAction\",\"target\":[\"https:\\\/\\\/tonysourcing.com\\\/wholesale\\\/egg-party-plush-toy\\\/\"]}]},{\"@type\":\"ImageObject\",\"inLanguage\":\"es\",\"@id\":\"https:\\\/\\\/tonysourcing.com\\\/wholesale\\\/egg-party-plush-toy\\\/#primaryimage\",\"url\":\"https:\\\/\\\/tonysourcing.com\\\/wp-content\\\/uploads\\\/2023\\\/04\\\/Egg-party-plush-toy.png\",\"contentUrl\":\"https:\\\/\\\/tonysourcing.com\\\/wp-content\\\/uploads\\\/2023\\\/04\\\/Egg-party-plush-toy.png\",\"width\":500,\"height\":500,\"caption\":\"Egg party plush toy\"},{\"@type\":\"BreadcrumbList\",\"@id\":\"https:\\\/\\\/tonysourcing.com\\\/wholesale\\\/egg-party-plush-toy\\\/#breadcrumb\",\"itemListElement\":[{\"@type\":\"ListItem\",\"position\":1,\"name\":\"Home\",\"item\":\"https:\\\/\\\/tonysourcing.com\\\/\"},{\"@type\":\"ListItem\",\"position\":2,\"name\":\"Wholesale\",\"item\":\"https:\\\/\\\/tonysourcing.com\\\/wholesale\\\/\"},{\"@type\":\"ListItem\",\"position\":3,\"name\":\"Egg party plush toy\"}]},{\"@type\":\"WebSite\",\"@id\":\"https:\\\/\\\/tonysourcing.com\\\/#website\",\"url\":\"https:\\\/\\\/tonysourcing.com\\\/\",\"name\":\"TonySourcing\",\"description\":\"Toys Wholesale Distributor &amp; China Promition Items\",\"publisher\":{\"@id\":\"https:\\\/\\\/tonysourcing.com\\\/#organization\"},\"potentialAction\":[{\"@type\":\"SearchAction\",\"target\":{\"@type\":\"EntryPoint\",\"urlTemplate\":\"https:\\\/\\\/tonysourcing.com\\\/?s={search_term_string}\"},\"query-input\":{\"@type\":\"PropertyValueSpecification\",\"valueRequired\":true,\"valueName\":\"search_term_string\"}}],\"inLanguage\":\"es\"},{\"@type\":\"Organization\",\"@id\":\"https:\\\/\\\/tonysourcing.com\\\/#organization\",\"name\":\"Yiwu Zongge\",\"url\":\"https:\\\/\\\/tonysourcing.com\\\/\",\"logo\":{\"@type\":\"ImageObject\",\"inLanguage\":\"es\",\"@id\":\"https:\\\/\\\/tonysourcing.com\\\/#\\\/schema\\\/logo\\\/image\\\/\",\"url\":\"https:\\\/\\\/tonysourcing.com\\\/wp-content\\\/uploads\\\/2021\\\/07\\\/cropped-TonySourcing-logo-1.png\",\"contentUrl\":\"https:\\\/\\\/tonysourcing.com\\\/wp-content\\\/uploads\\\/2021\\\/07\\\/cropped-TonySourcing-logo-1.png\",\"width\":300,\"height\":92,\"caption\":\"Yiwu Zongge\"},\"image\":{\"@id\":\"https:\\\/\\\/tonysourcing.com\\\/#\\\/schema\\\/logo\\\/image\\\/\"},\"sameAs\":[\"https:\\\/\\\/www.facebook.com\\\/TonySourcing\",\"https:\\\/\\\/x.com\\\/TonySourcing\",\"https:\\\/\\\/www.instagram.com\\\/tony_sourcing\\\/\",\"http:\\\/\\\/www.linkedin.com\\\/in\\\/tonychen88\",\"https:\\\/\\\/www.youtube.com\\\/channel\\\/UCZfST1M-NDoqjQ3dB-Tzszg\"]}]}<\/script>\n<!-- \/ Yoast SEO plugin. -->","yoast_head_json":{"title":"Peluche de fiesta de huevos - Importaci\u00f3n de juguetes al por mayor directamente del fabricante","description":"Importe un huevo de peluche para fiesta del fabricante chino. Buen producto y buen precio. Contacte con TonySourcing para obtener el cat\u00e1logo hoy mismo.","robots":{"index":"index","follow":"follow","max-snippet":"max-snippet:-1","max-image-preview":"max-image-preview:large","max-video-preview":"max-video-preview:-1"},"canonical":"https:\/\/tonysourcing.com\/es\/al-por-mayor\/peluche-de-fiesta-de-huevos\/","og_locale":"es_ES","og_type":"article","og_title":"Egg party plush toy - Import Toys Wholesale Directly From Manufacturer","og_description":"Import Egg party plush toy from China Manufacturer, Good Product and Good Price, Contact TonySourcing for Catalog today","og_url":"https:\/\/tonysourcing.com\/es\/al-por-mayor\/peluche-de-fiesta-de-huevos\/","og_site_name":"TonySourcing","article_publisher":"https:\/\/www.facebook.com\/TonySourcing","article_modified_time":"2025-06-05T04:17:19+00:00","og_image":[{"width":500,"height":500,"url":"https:\/\/tonysourcing.com\/wp-content\/uploads\/2023\/04\/Egg-party-plush-toy.png","type":"image\/png"}],"twitter_card":"summary_large_image","twitter_site":"@TonySourcing","twitter_misc":{"Tiempo de lectura":"1 minuto"},"schema":{"@context":"https:\/\/schema.org","@graph":[{"@type":"WebPage","@id":"https:\/\/tonysourcing.com\/wholesale\/egg-party-plush-toy\/","url":"https:\/\/tonysourcing.com\/wholesale\/egg-party-plush-toy\/","name":"Peluche de fiesta de huevos - Importaci\u00f3n de juguetes al por mayor directamente del fabricante","isPartOf":{"@id":"https:\/\/tonysourcing.com\/#website"},"primaryImageOfPage":{"@id":"https:\/\/tonysourcing.com\/wholesale\/egg-party-plush-toy\/#primaryimage"},"image":{"@id":"https:\/\/tonysourcing.com\/wholesale\/egg-party-plush-toy\/#primaryimage"},"thumbnailUrl":"https:\/\/tonysourcing.com\/wp-content\/uploads\/2023\/04\/Egg-party-plush-toy.png","datePublished":"2023-04-08T02:14:35+00:00","dateModified":"2025-06-05T04:17:19+00:00","description":"Importe un huevo de peluche para fiesta del fabricante chino. Buen producto y buen precio. Contacte con TonySourcing para obtener el cat\u00e1logo hoy mismo.","breadcrumb":{"@id":"https:\/\/tonysourcing.com\/wholesale\/egg-party-plush-toy\/#breadcrumb"},"inLanguage":"es","potentialAction":[{"@type":"ReadAction","target":["https:\/\/tonysourcing.com\/wholesale\/egg-party-plush-toy\/"]}]},{"@type":"ImageObject","inLanguage":"es","@id":"https:\/\/tonysourcing.com\/wholesale\/egg-party-plush-toy\/#primaryimage","url":"https:\/\/tonysourcing.com\/wp-content\/uploads\/2023\/04\/Egg-party-plush-toy.png","contentUrl":"https:\/\/tonysourcing.com\/wp-content\/uploads\/2023\/04\/Egg-party-plush-toy.png","width":500,"height":500,"caption":"Egg party plush toy"},{"@type":"BreadcrumbList","@id":"https:\/\/tonysourcing.com\/wholesale\/egg-party-plush-toy\/#breadcrumb","itemListElement":[{"@type":"ListItem","position":1,"name":"Home","item":"https:\/\/tonysourcing.com\/"},{"@type":"ListItem","position":2,"name":"Wholesale","item":"https:\/\/tonysourcing.com\/wholesale\/"},{"@type":"ListItem","position":3,"name":"Egg party plush toy"}]},{"@type":"WebSite","@id":"https:\/\/tonysourcing.com\/#website","url":"https:\/\/tonysourcing.com\/","name":"TonySourcing","description":"Distribuidor mayorista de juguetes y art\u00edculos en promoci\u00f3n en China","publisher":{"@id":"https:\/\/tonysourcing.com\/#organization"},"potentialAction":[{"@type":"SearchAction","target":{"@type":"EntryPoint","urlTemplate":"https:\/\/tonysourcing.com\/?s={search_term_string}"},"query-input":{"@type":"PropertyValueSpecification","valueRequired":true,"valueName":"search_term_string"}}],"inLanguage":"es"},{"@type":"Organization","@id":"https:\/\/tonysourcing.com\/#organization","name":"Yiwu Zongge","url":"https:\/\/tonysourcing.com\/","logo":{"@type":"ImageObject","inLanguage":"es","@id":"https:\/\/tonysourcing.com\/#\/schema\/logo\/image\/","url":"https:\/\/tonysourcing.com\/wp-content\/uploads\/2021\/07\/cropped-TonySourcing-logo-1.png","contentUrl":"https:\/\/tonysourcing.com\/wp-content\/uploads\/2021\/07\/cropped-TonySourcing-logo-1.png","width":300,"height":92,"caption":"Yiwu Zongge"},"image":{"@id":"https:\/\/tonysourcing.com\/#\/schema\/logo\/image\/"},"sameAs":["https:\/\/www.facebook.com\/TonySourcing","https:\/\/x.com\/TonySourcing","https:\/\/www.instagram.com\/tony_sourcing\/","http:\/\/www.linkedin.com\/in\/tonychen88","https:\/\/www.youtube.com\/channel\/UCZfST1M-NDoqjQ3dB-Tzszg"]}]}},"_links":{"self":[{"href":"https:\/\/tonysourcing.com\/es\/wp-json\/wp\/v2\/product\/17638","targetHints":{"allow":["GET"]}}],"collection":[{"href":"https:\/\/tonysourcing.com\/es\/wp-json\/wp\/v2\/product"}],"about":[{"href":"https:\/\/tonysourcing.com\/es\/wp-json\/wp\/v2\/types\/product"}],"version-history":[{"count":5,"href":"https:\/\/tonysourcing.com\/es\/wp-json\/wp\/v2\/product\/17638\/revisions"}],"predecessor-version":[{"id":19357,"href":"https:\/\/tonysourcing.com\/es\/wp-json\/wp\/v2\/product\/17638\/revisions\/19357"}],"wp:featuredmedia":[{"embeddable":true,"href":"https:\/\/tonysourcing.com\/es\/wp-json\/wp\/v2\/media\/17639"}],"wp:attachment":[{"href":"https:\/\/tonysourcing.com\/es\/wp-json\/wp\/v2\/media?parent=17638"}],"wp:term":[{"taxonomy":"product_brand","embeddable":true,"href":"https:\/\/tonysourcing.com\/es\/wp-json\/wp\/v2\/product_brand?post=17638"},{"taxonomy":"product_cat","embeddable":true,"href":"https:\/\/tonysourcing.com\/es\/wp-json\/wp\/v2\/product_cat?post=17638"},{"taxonomy":"product_tag","embeddable":true,"href":"https:\/\/tonysourcing.com\/es\/wp-json\/wp\/v2\/product_tag?post=17638"}],"curies":[{"name":"gracias","href":"https:\/\/api.w.org\/{rel}","templated":true}]}}