{"id":18249,"date":"2023-05-29T10:32:56","date_gmt":"2023-05-29T10:32:56","guid":{"rendered":"https:\/\/tonysourcing.com\/?post_type=product&#038;p=18249"},"modified":"2023-05-30T09:05:44","modified_gmt":"2023-05-30T09:05:44","slug":"plato-de-papel-de-vajilla-desechable","status":"publish","type":"product","link":"https:\/\/tonysourcing.com\/es\/wholesale\/disposable-tableware-paper-plate\/","title":{"rendered":"Plato de papel desechable para vajilla"},"content":{"rendered":"<p><img fetchpriority=\"high\" decoding=\"async\" class=\"aligncenter wp-image-18280 size-full\" src=\"https:\/\/tonysourcing.com\/wp-content\/uploads\/2023\/05\/\u7eb8\u76d8.jpg\" alt=\"\" width=\"800\" height=\"800\" srcset=\"https:\/\/tonysourcing.com\/wp-content\/uploads\/2023\/05\/\u7eb8\u76d8.jpg 800w, https:\/\/tonysourcing.com\/wp-content\/uploads\/2023\/05\/\u7eb8\u76d8-300x300.jpg 300w, https:\/\/tonysourcing.com\/wp-content\/uploads\/2023\/05\/\u7eb8\u76d8-150x150.jpg 150w, https:\/\/tonysourcing.com\/wp-content\/uploads\/2023\/05\/\u7eb8\u76d8-768x768.jpg 768w, https:\/\/tonysourcing.com\/wp-content\/uploads\/2023\/05\/\u7eb8\u76d8-600x600.jpg 600w, https:\/\/tonysourcing.com\/wp-content\/uploads\/2023\/05\/\u7eb8\u76d8-200x200.jpg 200w, https:\/\/tonysourcing.com\/wp-content\/uploads\/2023\/05\/\u7eb8\u76d8-100x100.jpg 100w\" sizes=\"(max-width: 800px) 100vw, 800px\" \/><\/p>\n<p><img decoding=\"async\" class=\"size-medium wp-image-18277 alignleft\" src=\"https:\/\/tonysourcing.com\/wp-content\/uploads\/2023\/05\/Scb85a2a6ffc941a081f141bcc26cec64x-300x300.jpg\" alt=\"\" width=\"300\" height=\"300\" srcset=\"https:\/\/tonysourcing.com\/wp-content\/uploads\/2023\/05\/Scb85a2a6ffc941a081f141bcc26cec64x-300x300.jpg 300w, https:\/\/tonysourcing.com\/wp-content\/uploads\/2023\/05\/Scb85a2a6ffc941a081f141bcc26cec64x-150x150.jpg 150w, https:\/\/tonysourcing.com\/wp-content\/uploads\/2023\/05\/Scb85a2a6ffc941a081f141bcc26cec64x-768x768.jpg 768w, https:\/\/tonysourcing.com\/wp-content\/uploads\/2023\/05\/Scb85a2a6ffc941a081f141bcc26cec64x-600x600.jpg 600w, https:\/\/tonysourcing.com\/wp-content\/uploads\/2023\/05\/Scb85a2a6ffc941a081f141bcc26cec64x-200x200.jpg 200w, https:\/\/tonysourcing.com\/wp-content\/uploads\/2023\/05\/Scb85a2a6ffc941a081f141bcc26cec64x-100x100.jpg 100w, https:\/\/tonysourcing.com\/wp-content\/uploads\/2023\/05\/Scb85a2a6ffc941a081f141bcc26cec64x.jpg 800w\" sizes=\"(max-width: 300px) 100vw, 300px\" \/><\/p>\n<p><img decoding=\"async\" class=\"alignleft wp-image-18274 size-medium\" src=\"https:\/\/tonysourcing.com\/wp-content\/uploads\/2023\/05\/S6728948ca0b84cb6bb6d57b95e917a810-300x300.jpg\" alt=\"\" width=\"300\" height=\"300\" srcset=\"https:\/\/tonysourcing.com\/wp-content\/uploads\/2023\/05\/S6728948ca0b84cb6bb6d57b95e917a810-300x300.jpg 300w, https:\/\/tonysourcing.com\/wp-content\/uploads\/2023\/05\/S6728948ca0b84cb6bb6d57b95e917a810-150x150.jpg 150w, https:\/\/tonysourcing.com\/wp-content\/uploads\/2023\/05\/S6728948ca0b84cb6bb6d57b95e917a810-768x768.jpg 768w, https:\/\/tonysourcing.com\/wp-content\/uploads\/2023\/05\/S6728948ca0b84cb6bb6d57b95e917a810-600x600.jpg 600w, https:\/\/tonysourcing.com\/wp-content\/uploads\/2023\/05\/S6728948ca0b84cb6bb6d57b95e917a810-200x200.jpg 200w, https:\/\/tonysourcing.com\/wp-content\/uploads\/2023\/05\/S6728948ca0b84cb6bb6d57b95e917a810-100x100.jpg 100w, https:\/\/tonysourcing.com\/wp-content\/uploads\/2023\/05\/S6728948ca0b84cb6bb6d57b95e917a810.jpg 800w\" sizes=\"(max-width: 300px) 100vw, 300px\" \/> <img loading=\"lazy\" decoding=\"async\" class=\"alignleft wp-image-18275 size-medium\" src=\"https:\/\/tonysourcing.com\/wp-content\/uploads\/2023\/05\/S93364b59d6044f1e8b34063b4ecf053aL-300x300.webp\" alt=\"\" width=\"300\" height=\"300\" srcset=\"https:\/\/tonysourcing.com\/wp-content\/uploads\/2023\/05\/S93364b59d6044f1e8b34063b4ecf053aL-300x300.webp 300w, https:\/\/tonysourcing.com\/wp-content\/uploads\/2023\/05\/S93364b59d6044f1e8b34063b4ecf053aL-150x150.webp 150w, https:\/\/tonysourcing.com\/wp-content\/uploads\/2023\/05\/S93364b59d6044f1e8b34063b4ecf053aL-768x768.webp 768w, https:\/\/tonysourcing.com\/wp-content\/uploads\/2023\/05\/S93364b59d6044f1e8b34063b4ecf053aL-600x600.webp 600w, https:\/\/tonysourcing.com\/wp-content\/uploads\/2023\/05\/S93364b59d6044f1e8b34063b4ecf053aL-200x200.webp 200w, https:\/\/tonysourcing.com\/wp-content\/uploads\/2023\/05\/S93364b59d6044f1e8b34063b4ecf053aL-100x100.webp 100w, https:\/\/tonysourcing.com\/wp-content\/uploads\/2023\/05\/S93364b59d6044f1e8b34063b4ecf053aL.webp 800w\" sizes=\"(max-width: 300px) 100vw, 300px\" \/><\/p>\n<p>&nbsp;<\/p>\n<p>&nbsp;<\/p>\n<p>&nbsp;<\/p>\n<p>&nbsp;<\/p>\n<p>&nbsp;<\/p>\n<p>&nbsp;<\/p>\n<p>&nbsp;<\/p>\n<p>&nbsp;<\/p>\n<table class=\"has-title is-zebra all magic-26\" style=\"height: 382px\" width=\"1017\">\n<tbody>\n<tr>\n<td colspan=\"5\" rowspan=\"1\">\n<div class=\"magic-27\" data-spm-anchor-id=\"a2700.details.0.i48.52a95517HFsZEc\">\u00a0 \u00a0 \u00a0 \u00a0 \u00a0 \u00a0 \u00a0 \u00a0 \u00a0 \u00a0 \u00a0 \u00a0 \u00a0 \u00a0 \u00a0 \u00a0 \u00a0 \u00a0 \u00a0 \u00a0 \u00a0 \u00a0 \u00a0 Informaci\u00f3n de Nuestros Art\u00edculos de Decoraci\u00f3n para Fiestas<\/div>\n<\/td>\n<\/tr>\n<tr>\n<td colspan=\"1\" rowspan=\"1\">\n<div class=\"magic-33\">Plato del desierto<\/div>\n<\/td>\n<td colspan=\"1\" rowspan=\"1\">\n<div class=\"magic-29\">Material: Tablero de marfil ecol\u00f3gico de calidad alimentaria. Peso: 300 g.<\/div>\n<\/td>\n<td colspan=\"1\" rowspan=\"1\">\n<div class=\"magic-34\">El tama\u00f1o normal es de 7 pulgadas (17,5 cm).<\/div>\n<\/td>\n<\/tr>\n<tr>\n<td colspan=\"1\" rowspan=\"1\">\n<div class=\"magic-33\">Plato de cena<\/div>\n<\/td>\n<td colspan=\"1\" rowspan=\"1\">\n<div class=\"magic-29\" data-spm-anchor-id=\"a2700.details.0.i28.52a95517HFsZEc\">Material: Tablero de marfil ecol\u00f3gico de calidad alimentaria. Peso: 300 g.<\/div>\n<\/td>\n<td colspan=\"1\" rowspan=\"1\">\n<div class=\"magic-34\">El tama\u00f1o normal es de 9 pulgadas (22 cm).<\/div>\n<\/td>\n<\/tr>\n<tr>\n<td colspan=\"1\" rowspan=\"1\">\n<div class=\"magic-33\">Taza<\/div>\n<\/td>\n<td colspan=\"1\" rowspan=\"1\">\n<div class=\"magic-29\" data-spm-anchor-id=\"a2700.details.0.i30.52a95517HFsZEc\">Material: Tablero de marfil ecol\u00f3gico de calidad alimentaria. Peso: 300 g.<\/div>\n<\/td>\n<td colspan=\"1\" rowspan=\"1\">\n<div class=\"magic-34\">El tama\u00f1o regular es de 250 ml.<\/div>\n<\/td>\n<\/tr>\n<tr>\n<td colspan=\"1\" rowspan=\"1\">\n<div class=\"magic-33\">Servilleta<\/div>\n<\/td>\n<td colspan=\"1\" rowspan=\"1\">\n<div class=\"magic-29\" data-spm-anchor-id=\"a2700.details.0.i29.52a95517HFsZEc\">Material: Papel ecol\u00f3gico<\/div>\n<\/td>\n<td colspan=\"1\" rowspan=\"1\">\n<div class=\"magic-34\">El tama\u00f1o normal es de 17 x 17 cm, desplegado 33 x 33 cm.<\/div>\n<\/td>\n<\/tr>\n<tr>\n<td colspan=\"1\" rowspan=\"1\">\n<div class=\"magic-33\">Paja<\/div>\n<\/td>\n<td colspan=\"1\" rowspan=\"1\">\n<div class=\"magic-29\">Material: Tablero de marfil ecol\u00f3gico de calidad alimentaria<\/div>\n<\/td>\n<td colspan=\"1\" rowspan=\"1\">\n<div class=\"magic-34\" data-spm-anchor-id=\"a2700.details.0.i31.52a95517HFsZEc\">El tama\u00f1o normal es de 0,5 x 20 cm, paquete: 16 x 26 cm.<\/div>\n<\/td>\n<\/tr>\n<tr>\n<td colspan=\"1\" rowspan=\"1\">Taza de palomitas de ma\u00edz<\/td>\n<td colspan=\"1\" rowspan=\"1\">Material: Tablero de marfil ecol\u00f3gico de calidad alimentaria<\/td>\n<td colspan=\"1\" rowspan=\"1\">\n<div class=\"magic-34\" data-spm-anchor-id=\"a2700.details.0.i32.52a95517HFsZEc\">El tama\u00f1o normal es de 14 x 9 cm.<\/div>\n<\/td>\n<\/tr>\n<tr>\n<td colspan=\"1\" rowspan=\"1\">Reventado<\/td>\n<td colspan=\"1\" rowspan=\"1\">Material: Pl\u00e1stico<\/td>\n<td colspan=\"1\" rowspan=\"1\">\n<div class=\"magic-34\" data-spm-anchor-id=\"a2700.details.0.i32.52a95517HFsZEc\">El tama\u00f1o normal es de 1 x 12 cm, paquete: 22 x 18 cm.<\/div>\n<\/td>\n<\/tr>\n<tr>\n<td colspan=\"1\" rowspan=\"1\">Tapa<\/td>\n<td colspan=\"1\" rowspan=\"1\">Material: Papel ecol\u00f3gico<\/td>\n<td colspan=\"1\" rowspan=\"1\">\n<div class=\"magic-34\" data-spm-anchor-id=\"a2700.details.0.i32.52a95517HFsZEc\">El tama\u00f1o normal es de 21 x 15 cm.<\/div>\n<\/td>\n<\/tr>\n<tr>\n<td colspan=\"1\" rowspan=\"1\">bander\u00edn<\/td>\n<td colspan=\"1\" rowspan=\"1\">Material: Papel ecol\u00f3gico<\/td>\n<td colspan=\"1\" rowspan=\"1\">\n<div class=\"magic-34\" data-spm-anchor-id=\"a2700.details.0.i32.52a95517HFsZEc\">El tama\u00f1o normal es de 16 x 14 cm, 12 piezas, 2 m.<\/div>\n<\/td>\n<\/tr>\n<tr>\n<td colspan=\"1\" rowspan=\"1\">\n<div class=\"magic-33\">Embalaje<\/div>\n<\/td>\n<td colspan=\"1\" rowspan=\"1\">\n<div class=\"magic-29\">Pel\u00edcula termorretr\u00e1ctil\/Opp con tarjeta de cabezal<\/div>\n<\/td>\n<td colspan=\"1\" rowspan=\"1\">\n<div class=\"magic-34\">10 piezas por paquete (servilletas 20 piezas)<\/div>\n<\/td>\n<\/tr>\n<tr>\n<td colspan=\"5\" rowspan=\"1\">\n<div class=\"magic-27\" data-spm-anchor-id=\"a2700.details.0.i48.52a95517HFsZEc\"><strong data-spm-anchor-id=\"a2g0o.detail.1000023.i0.7ad9403drNmuzB\">Contamos con vajilla tem\u00e1tica de 8 juegos de 56 piezas, que incluyen plato de postre, plato de cena, vaso de papel, vaso de palomitas de ma\u00edz, pajita, soplado, gorro de cumplea\u00f1os o ensambla seg\u00fan tus preferencias.<\/strong><\/div>\n<\/td>\n<\/tr>\n<\/tbody>\n<\/table>\n<p>&nbsp;<\/p>\n<p><img loading=\"lazy\" decoding=\"async\" class=\"alignnone size-full wp-image-18180\" src=\"https:\/\/tonysourcing.com\/wp-content\/uploads\/2023\/05\/H448ea90e0ee8477d95f3905c4ac5b331m.jpg\" alt=\"\" width=\"1000\" height=\"755\" srcset=\"https:\/\/tonysourcing.com\/wp-content\/uploads\/2023\/05\/H448ea90e0ee8477d95f3905c4ac5b331m.jpg 1000w, https:\/\/tonysourcing.com\/wp-content\/uploads\/2023\/05\/H448ea90e0ee8477d95f3905c4ac5b331m-300x227.jpg 300w, https:\/\/tonysourcing.com\/wp-content\/uploads\/2023\/05\/H448ea90e0ee8477d95f3905c4ac5b331m-800x604.jpg 800w, https:\/\/tonysourcing.com\/wp-content\/uploads\/2023\/05\/H448ea90e0ee8477d95f3905c4ac5b331m-768x580.jpg 768w, https:\/\/tonysourcing.com\/wp-content\/uploads\/2023\/05\/H448ea90e0ee8477d95f3905c4ac5b331m-600x453.jpg 600w\" sizes=\"(max-width: 1000px) 100vw, 1000px\" \/> <img loading=\"lazy\" decoding=\"async\" class=\"alignnone size-full wp-image-18181\" src=\"https:\/\/tonysourcing.com\/wp-content\/uploads\/2023\/05\/H850bcf35ce5a481a8db5841b8cef2c4aw.jpg\" alt=\"\" width=\"1000\" height=\"682\" srcset=\"https:\/\/tonysourcing.com\/wp-content\/uploads\/2023\/05\/H850bcf35ce5a481a8db5841b8cef2c4aw.jpg 1000w, https:\/\/tonysourcing.com\/wp-content\/uploads\/2023\/05\/H850bcf35ce5a481a8db5841b8cef2c4aw-300x205.jpg 300w, https:\/\/tonysourcing.com\/wp-content\/uploads\/2023\/05\/H850bcf35ce5a481a8db5841b8cef2c4aw-800x546.jpg 800w, https:\/\/tonysourcing.com\/wp-content\/uploads\/2023\/05\/H850bcf35ce5a481a8db5841b8cef2c4aw-768x524.jpg 768w, https:\/\/tonysourcing.com\/wp-content\/uploads\/2023\/05\/H850bcf35ce5a481a8db5841b8cef2c4aw-600x409.jpg 600w\" sizes=\"(max-width: 1000px) 100vw, 1000px\" \/> <img loading=\"lazy\" decoding=\"async\" class=\"alignnone size-full wp-image-18179\" src=\"https:\/\/tonysourcing.com\/wp-content\/uploads\/2023\/05\/H9dfb32f213184a34adb3e05737d0e9ae6.jpg\" alt=\"\" width=\"1000\" height=\"1446\" srcset=\"https:\/\/tonysourcing.com\/wp-content\/uploads\/2023\/05\/H9dfb32f213184a34adb3e05737d0e9ae6.jpg 1000w, https:\/\/tonysourcing.com\/wp-content\/uploads\/2023\/05\/H9dfb32f213184a34adb3e05737d0e9ae6-207x300.jpg 207w, https:\/\/tonysourcing.com\/wp-content\/uploads\/2023\/05\/H9dfb32f213184a34adb3e05737d0e9ae6-553x800.jpg 553w, https:\/\/tonysourcing.com\/wp-content\/uploads\/2023\/05\/H9dfb32f213184a34adb3e05737d0e9ae6-768x1111.jpg 768w, https:\/\/tonysourcing.com\/wp-content\/uploads\/2023\/05\/H9dfb32f213184a34adb3e05737d0e9ae6-600x868.jpg 600w\" sizes=\"(max-width: 1000px) 100vw, 1000px\" \/> <img loading=\"lazy\" decoding=\"async\" class=\"alignnone size-full wp-image-18178\" src=\"https:\/\/tonysourcing.com\/wp-content\/uploads\/2023\/05\/H6c744bfddc044f2ba9fcb092fcac1660F.jpg\" alt=\"\" width=\"1000\" height=\"1019\" srcset=\"https:\/\/tonysourcing.com\/wp-content\/uploads\/2023\/05\/H6c744bfddc044f2ba9fcb092fcac1660F.jpg 1000w, https:\/\/tonysourcing.com\/wp-content\/uploads\/2023\/05\/H6c744bfddc044f2ba9fcb092fcac1660F-294x300.jpg 294w, https:\/\/tonysourcing.com\/wp-content\/uploads\/2023\/05\/H6c744bfddc044f2ba9fcb092fcac1660F-785x800.jpg 785w, https:\/\/tonysourcing.com\/wp-content\/uploads\/2023\/05\/H6c744bfddc044f2ba9fcb092fcac1660F-768x783.jpg 768w, https:\/\/tonysourcing.com\/wp-content\/uploads\/2023\/05\/H6c744bfddc044f2ba9fcb092fcac1660F-600x611.jpg 600w\" sizes=\"(max-width: 1000px) 100vw, 1000px\" \/><\/p>\n<div class=\"J_module\">\n<h2 id=\"ali-anchor-AliMagic-s9kxka\" class=\"magic-14\" data-section=\"AliMagic-s9kxka\" data-section-title=\"FAQ\" data-spm-anchor-id=\"a2700.details.0.i53.558a7b73z5413m\">Preguntas frecuentes<\/h2>\n<\/div>\n<div class=\"J_module\">\n<div class=\"detail-decorate-json-renderer-container\">\n<div class=\"magic-8\">\n<div class=\"magic-9\">\n<div class=\"magic-10\">\n<div class=\"magic-11\"><b>P1: \u00bfD\u00f3nde puedo obtener informaci\u00f3n sobre productos y precios?<\/b><\/div>\n<div class=\"magic-11\">A1: Env\u00edenos un correo electr\u00f3nico de consulta, nos comunicaremos con usted cuando recibamos su correo electr\u00f3nico.<\/div>\n<div class=\"magic-11\"><b>Q2: \u00bfCu\u00e1nto tiempo puedo obtener la muestra?<\/b><\/div>\n<div class=\"magic-11\">\n<div>A2: Dependiendo de sus art\u00edculos espec\u00edficos, generalmente se requiere un plazo de entrega de 3 a 7 d\u00edas.<\/div>\n<div><b>P3: \u00bfQu\u00e9 tipo de informaci\u00f3n necesita para una cotizaci\u00f3n?<\/b><br \/>\nA3: Por favor proporcione el n\u00famero de art\u00edculo del producto y ser\u00eda mejor que pudiera proporcionar una cantidad aproximada del pedido.<\/div>\n<div><b>Q4: \u00bfCu\u00e1les son las condiciones de pago? <\/b><br \/>\nA4: Aceptamos el dep\u00f3sito 30%. Una vez finalizada la compra, tomamos fotos para su verificaci\u00f3n y usted paga el saldo. Para cantidades peque\u00f1as, aceptamos PayPal y se a\u00f1adir\u00e1 una comisi\u00f3n de PayPal al pedido. Para cantidades grandes, preferimos transferencia bancaria.<\/div>\n<div><b>Q5: \u00bfC\u00f3mo entregar la mercanc\u00eda?<\/b><br \/>\nA5: Entregamos los productos mediante empresa de mensajer\u00eda.<\/div>\n<div><b>P6: \u00bfPodemos obtener algunas muestras antes de la producci\u00f3n en masa? <\/b><br \/>\nA7: Por supuesto, entregaremos muestras para confirmaci\u00f3n despu\u00e9s de probar los nuevos moldes.<\/div>\n<div><b>P7: \u00bfPor qu\u00e9 comprar con nosotros en lugar de con otros proveedores? <\/b><br \/>\nA6: Comprar directamente de fabricantes chinos le ahorra hasta 60% en costos y se encarga de todo a trav\u00e9s del servicio integral de TonySourcing. Colabore con el equipo de TonySourcing para obtener informaci\u00f3n y apoyo en la compra de juguetes.<\/div>\n<\/div>\n<\/div>\n<\/div>\n<\/div>\n<\/div>\n<\/div>","protected":false},"excerpt":{"rendered":"<p>ART\u00cdCULO: N.\u00ba 1110H<\/p>","protected":false},"featured_media":18263,"template":"","meta":{"_kad_post_transparent":"","_kad_post_title":"","_kad_post_layout":"","_kad_post_sidebar_id":"","_kad_post_content_style":"","_kad_post_vertical_padding":"","_kad_post_feature":"","_kad_post_feature_position":"","_kad_post_header":false,"_kad_post_footer":false},"product_brand":[],"product_cat":[997,1584],"product_tag":[1668],"class_list":{"0":"post-18249","1":"product","2":"type-product","3":"status-publish","4":"has-post-thumbnail","6":"product_cat-party-supplies-wholesale","7":"product_cat-tableware","8":"product_tag-paper-plate","10":"first","11":"instock","12":"shipping-taxable","13":"product-type-simple","14":"entry","15":"content-bg","16":"loop-entry"},"yoast_head":"<!-- This site is optimized with the Yoast SEO plugin v27.4 - https:\/\/yoast.com\/product\/yoast-seo-wordpress\/ -->\n<title>Disposable Tableware Paper Plate - Directly From Manufacturer<\/title>\n<meta name=\"description\" content=\"Import Disposable Tableware Paper Plate from China Manufacturer, Good Product and Good Price, Contact TonySourcing for Catalog today\" \/>\n<meta name=\"robots\" content=\"index, follow, max-snippet:-1, max-image-preview:large, max-video-preview:-1\" \/>\n<link rel=\"canonical\" href=\"https:\/\/tonysourcing.com\/es\/al-por-mayor\/plato-de-papel-de-vajilla-desechable\/\" \/>\n<meta property=\"og:locale\" content=\"es_ES\" \/>\n<meta property=\"og:type\" content=\"article\" \/>\n<meta property=\"og:title\" content=\"Disposable Tableware Paper Plate - Directly From Manufacturer\" \/>\n<meta property=\"og:description\" content=\"Import Disposable Tableware Paper Plate from China Manufacturer, Good Product and Good Price, Contact TonySourcing for Catalog today\" \/>\n<meta property=\"og:url\" content=\"https:\/\/tonysourcing.com\/es\/al-por-mayor\/plato-de-papel-de-vajilla-desechable\/\" \/>\n<meta property=\"og:site_name\" content=\"TonySourcing\" \/>\n<meta property=\"article:publisher\" content=\"https:\/\/www.facebook.com\/TonySourcing\" \/>\n<meta property=\"article:modified_time\" content=\"2023-05-30T09:05:44+00:00\" \/>\n<meta property=\"og:image\" content=\"https:\/\/tonysourcing.com\/wp-content\/uploads\/2023\/05\/10PCS-22cm-9\u5bf8\u7eb8\u76d8-\u7eb8\u8d28-6.jpg\" \/>\n\t<meta property=\"og:image:width\" content=\"600\" \/>\n\t<meta property=\"og:image:height\" content=\"600\" \/>\n\t<meta property=\"og:image:type\" content=\"image\/jpeg\" \/>\n<meta name=\"twitter:card\" content=\"summary_large_image\" \/>\n<meta name=\"twitter:site\" content=\"@TonySourcing\" \/>\n<meta name=\"twitter:label1\" content=\"Tiempo de lectura\" \/>\n\t<meta name=\"twitter:data1\" content=\"4 minutos\" \/>\n<script type=\"application\/ld+json\" class=\"yoast-schema-graph\">{\"@context\":\"https:\\\/\\\/schema.org\",\"@graph\":[{\"@type\":\"WebPage\",\"@id\":\"https:\\\/\\\/tonysourcing.com\\\/wholesale\\\/disposable-tableware-paper-plate\\\/\",\"url\":\"https:\\\/\\\/tonysourcing.com\\\/wholesale\\\/disposable-tableware-paper-plate\\\/\",\"name\":\"Disposable Tableware Paper Plate - Directly From Manufacturer\",\"isPartOf\":{\"@id\":\"https:\\\/\\\/tonysourcing.com\\\/#website\"},\"primaryImageOfPage\":{\"@id\":\"https:\\\/\\\/tonysourcing.com\\\/wholesale\\\/disposable-tableware-paper-plate\\\/#primaryimage\"},\"image\":{\"@id\":\"https:\\\/\\\/tonysourcing.com\\\/wholesale\\\/disposable-tableware-paper-plate\\\/#primaryimage\"},\"thumbnailUrl\":\"https:\\\/\\\/tonysourcing.com\\\/wp-content\\\/uploads\\\/2023\\\/05\\\/10PCS-22cm-9\u5bf8\u7eb8\u76d8-\u7eb8\u8d28-6.jpg\",\"datePublished\":\"2023-05-29T10:32:56+00:00\",\"dateModified\":\"2023-05-30T09:05:44+00:00\",\"description\":\"Import Disposable Tableware Paper Plate from China Manufacturer, Good Product and Good Price, Contact TonySourcing for Catalog today\",\"breadcrumb\":{\"@id\":\"https:\\\/\\\/tonysourcing.com\\\/wholesale\\\/disposable-tableware-paper-plate\\\/#breadcrumb\"},\"inLanguage\":\"es\",\"potentialAction\":[{\"@type\":\"ReadAction\",\"target\":[\"https:\\\/\\\/tonysourcing.com\\\/wholesale\\\/disposable-tableware-paper-plate\\\/\"]}]},{\"@type\":\"ImageObject\",\"inLanguage\":\"es\",\"@id\":\"https:\\\/\\\/tonysourcing.com\\\/wholesale\\\/disposable-tableware-paper-plate\\\/#primaryimage\",\"url\":\"https:\\\/\\\/tonysourcing.com\\\/wp-content\\\/uploads\\\/2023\\\/05\\\/10PCS-22cm-9\u5bf8\u7eb8\u76d8-\u7eb8\u8d28-6.jpg\",\"contentUrl\":\"https:\\\/\\\/tonysourcing.com\\\/wp-content\\\/uploads\\\/2023\\\/05\\\/10PCS-22cm-9\u5bf8\u7eb8\u76d8-\u7eb8\u8d28-6.jpg\",\"width\":600,\"height\":600,\"caption\":\"Disposable Tableware Paper Plate\"},{\"@type\":\"BreadcrumbList\",\"@id\":\"https:\\\/\\\/tonysourcing.com\\\/wholesale\\\/disposable-tableware-paper-plate\\\/#breadcrumb\",\"itemListElement\":[{\"@type\":\"ListItem\",\"position\":1,\"name\":\"Home\",\"item\":\"https:\\\/\\\/tonysourcing.com\\\/\"},{\"@type\":\"ListItem\",\"position\":2,\"name\":\"Wholesale\",\"item\":\"https:\\\/\\\/tonysourcing.com\\\/wholesale\\\/\"},{\"@type\":\"ListItem\",\"position\":3,\"name\":\"Disposable Tableware Paper Plate\"}]},{\"@type\":\"WebSite\",\"@id\":\"https:\\\/\\\/tonysourcing.com\\\/#website\",\"url\":\"https:\\\/\\\/tonysourcing.com\\\/\",\"name\":\"TonySourcing\",\"description\":\"Toys Wholesale Distributor &amp; China Promition Items\",\"publisher\":{\"@id\":\"https:\\\/\\\/tonysourcing.com\\\/#organization\"},\"potentialAction\":[{\"@type\":\"SearchAction\",\"target\":{\"@type\":\"EntryPoint\",\"urlTemplate\":\"https:\\\/\\\/tonysourcing.com\\\/?s={search_term_string}\"},\"query-input\":{\"@type\":\"PropertyValueSpecification\",\"valueRequired\":true,\"valueName\":\"search_term_string\"}}],\"inLanguage\":\"es\"},{\"@type\":\"Organization\",\"@id\":\"https:\\\/\\\/tonysourcing.com\\\/#organization\",\"name\":\"Yiwu Zongge\",\"url\":\"https:\\\/\\\/tonysourcing.com\\\/\",\"logo\":{\"@type\":\"ImageObject\",\"inLanguage\":\"es\",\"@id\":\"https:\\\/\\\/tonysourcing.com\\\/#\\\/schema\\\/logo\\\/image\\\/\",\"url\":\"https:\\\/\\\/tonysourcing.com\\\/wp-content\\\/uploads\\\/2021\\\/07\\\/cropped-TonySourcing-logo-1.png\",\"contentUrl\":\"https:\\\/\\\/tonysourcing.com\\\/wp-content\\\/uploads\\\/2021\\\/07\\\/cropped-TonySourcing-logo-1.png\",\"width\":300,\"height\":92,\"caption\":\"Yiwu Zongge\"},\"image\":{\"@id\":\"https:\\\/\\\/tonysourcing.com\\\/#\\\/schema\\\/logo\\\/image\\\/\"},\"sameAs\":[\"https:\\\/\\\/www.facebook.com\\\/TonySourcing\",\"https:\\\/\\\/x.com\\\/TonySourcing\",\"https:\\\/\\\/www.instagram.com\\\/tony_sourcing\\\/\",\"http:\\\/\\\/www.linkedin.com\\\/in\\\/tonychen88\",\"https:\\\/\\\/www.youtube.com\\\/channel\\\/UCZfST1M-NDoqjQ3dB-Tzszg\"]}]}<\/script>\n<!-- \/ Yoast SEO plugin. -->","yoast_head_json":{"title":"Platos de papel desechables para vajilla - Directamente del fabricante","description":"Importe platos de papel desechables de China. Buen producto y buen precio. Contacte con TonySourcing para obtener el cat\u00e1logo hoy mismo.","robots":{"index":"index","follow":"follow","max-snippet":"max-snippet:-1","max-image-preview":"max-image-preview:large","max-video-preview":"max-video-preview:-1"},"canonical":"https:\/\/tonysourcing.com\/es\/al-por-mayor\/plato-de-papel-de-vajilla-desechable\/","og_locale":"es_ES","og_type":"article","og_title":"Disposable Tableware Paper Plate - Directly From Manufacturer","og_description":"Import Disposable Tableware Paper Plate from China Manufacturer, Good Product and Good Price, Contact TonySourcing for Catalog today","og_url":"https:\/\/tonysourcing.com\/es\/al-por-mayor\/plato-de-papel-de-vajilla-desechable\/","og_site_name":"TonySourcing","article_publisher":"https:\/\/www.facebook.com\/TonySourcing","article_modified_time":"2023-05-30T09:05:44+00:00","og_image":[{"width":600,"height":600,"url":"https:\/\/tonysourcing.com\/wp-content\/uploads\/2023\/05\/10PCS-22cm-9\u5bf8\u7eb8\u76d8-\u7eb8\u8d28-6.jpg","type":"image\/jpeg"}],"twitter_card":"summary_large_image","twitter_site":"@TonySourcing","twitter_misc":{"Tiempo de lectura":"4 minutos"},"schema":{"@context":"https:\/\/schema.org","@graph":[{"@type":"WebPage","@id":"https:\/\/tonysourcing.com\/wholesale\/disposable-tableware-paper-plate\/","url":"https:\/\/tonysourcing.com\/wholesale\/disposable-tableware-paper-plate\/","name":"Platos de papel desechables para vajilla - Directamente del fabricante","isPartOf":{"@id":"https:\/\/tonysourcing.com\/#website"},"primaryImageOfPage":{"@id":"https:\/\/tonysourcing.com\/wholesale\/disposable-tableware-paper-plate\/#primaryimage"},"image":{"@id":"https:\/\/tonysourcing.com\/wholesale\/disposable-tableware-paper-plate\/#primaryimage"},"thumbnailUrl":"https:\/\/tonysourcing.com\/wp-content\/uploads\/2023\/05\/10PCS-22cm-9\u5bf8\u7eb8\u76d8-\u7eb8\u8d28-6.jpg","datePublished":"2023-05-29T10:32:56+00:00","dateModified":"2023-05-30T09:05:44+00:00","description":"Importe platos de papel desechables de China. Buen producto y buen precio. Contacte con TonySourcing para obtener el cat\u00e1logo hoy mismo.","breadcrumb":{"@id":"https:\/\/tonysourcing.com\/wholesale\/disposable-tableware-paper-plate\/#breadcrumb"},"inLanguage":"es","potentialAction":[{"@type":"ReadAction","target":["https:\/\/tonysourcing.com\/wholesale\/disposable-tableware-paper-plate\/"]}]},{"@type":"ImageObject","inLanguage":"es","@id":"https:\/\/tonysourcing.com\/wholesale\/disposable-tableware-paper-plate\/#primaryimage","url":"https:\/\/tonysourcing.com\/wp-content\/uploads\/2023\/05\/10PCS-22cm-9\u5bf8\u7eb8\u76d8-\u7eb8\u8d28-6.jpg","contentUrl":"https:\/\/tonysourcing.com\/wp-content\/uploads\/2023\/05\/10PCS-22cm-9\u5bf8\u7eb8\u76d8-\u7eb8\u8d28-6.jpg","width":600,"height":600,"caption":"Disposable Tableware Paper Plate"},{"@type":"BreadcrumbList","@id":"https:\/\/tonysourcing.com\/wholesale\/disposable-tableware-paper-plate\/#breadcrumb","itemListElement":[{"@type":"ListItem","position":1,"name":"Home","item":"https:\/\/tonysourcing.com\/"},{"@type":"ListItem","position":2,"name":"Wholesale","item":"https:\/\/tonysourcing.com\/wholesale\/"},{"@type":"ListItem","position":3,"name":"Disposable Tableware Paper Plate"}]},{"@type":"WebSite","@id":"https:\/\/tonysourcing.com\/#website","url":"https:\/\/tonysourcing.com\/","name":"TonySourcing","description":"Distribuidor mayorista de juguetes y art\u00edculos en promoci\u00f3n en China","publisher":{"@id":"https:\/\/tonysourcing.com\/#organization"},"potentialAction":[{"@type":"SearchAction","target":{"@type":"EntryPoint","urlTemplate":"https:\/\/tonysourcing.com\/?s={search_term_string}"},"query-input":{"@type":"PropertyValueSpecification","valueRequired":true,"valueName":"search_term_string"}}],"inLanguage":"es"},{"@type":"Organization","@id":"https:\/\/tonysourcing.com\/#organization","name":"Yiwu Zongge","url":"https:\/\/tonysourcing.com\/","logo":{"@type":"ImageObject","inLanguage":"es","@id":"https:\/\/tonysourcing.com\/#\/schema\/logo\/image\/","url":"https:\/\/tonysourcing.com\/wp-content\/uploads\/2021\/07\/cropped-TonySourcing-logo-1.png","contentUrl":"https:\/\/tonysourcing.com\/wp-content\/uploads\/2021\/07\/cropped-TonySourcing-logo-1.png","width":300,"height":92,"caption":"Yiwu Zongge"},"image":{"@id":"https:\/\/tonysourcing.com\/#\/schema\/logo\/image\/"},"sameAs":["https:\/\/www.facebook.com\/TonySourcing","https:\/\/x.com\/TonySourcing","https:\/\/www.instagram.com\/tony_sourcing\/","http:\/\/www.linkedin.com\/in\/tonychen88","https:\/\/www.youtube.com\/channel\/UCZfST1M-NDoqjQ3dB-Tzszg"]}]}},"_links":{"self":[{"href":"https:\/\/tonysourcing.com\/es\/wp-json\/wp\/v2\/product\/18249","targetHints":{"allow":["GET"]}}],"collection":[{"href":"https:\/\/tonysourcing.com\/es\/wp-json\/wp\/v2\/product"}],"about":[{"href":"https:\/\/tonysourcing.com\/es\/wp-json\/wp\/v2\/types\/product"}],"version-history":[{"count":14,"href":"https:\/\/tonysourcing.com\/es\/wp-json\/wp\/v2\/product\/18249\/revisions"}],"predecessor-version":[{"id":18283,"href":"https:\/\/tonysourcing.com\/es\/wp-json\/wp\/v2\/product\/18249\/revisions\/18283"}],"wp:featuredmedia":[{"embeddable":true,"href":"https:\/\/tonysourcing.com\/es\/wp-json\/wp\/v2\/media\/18263"}],"wp:attachment":[{"href":"https:\/\/tonysourcing.com\/es\/wp-json\/wp\/v2\/media?parent=18249"}],"wp:term":[{"taxonomy":"product_brand","embeddable":true,"href":"https:\/\/tonysourcing.com\/es\/wp-json\/wp\/v2\/product_brand?post=18249"},{"taxonomy":"product_cat","embeddable":true,"href":"https:\/\/tonysourcing.com\/es\/wp-json\/wp\/v2\/product_cat?post=18249"},{"taxonomy":"product_tag","embeddable":true,"href":"https:\/\/tonysourcing.com\/es\/wp-json\/wp\/v2\/product_tag?post=18249"}],"curies":[{"name":"gracias","href":"https:\/\/api.w.org\/{rel}","templated":true}]}}