{"id":18320,"date":"2023-05-30T11:36:24","date_gmt":"2023-05-30T11:36:24","guid":{"rendered":"https:\/\/tonysourcing.com\/?post_type=product&#038;p=18320"},"modified":"2023-05-31T06:45:19","modified_gmt":"2023-05-31T06:45:19","slug":"servilleta-de-papel-para-fiesta","status":"publish","type":"product","link":"https:\/\/tonysourcing.com\/es\/wholesale\/party-paper-towel-napkin\/","title":{"rendered":"Servilletas de papel para fiestas"},"content":{"rendered":"<p><img fetchpriority=\"high\" decoding=\"async\" class=\"size-full wp-image-18330 aligncenter\" src=\"https:\/\/tonysourcing.com\/wp-content\/uploads\/2023\/05\/napkin.jpg\" alt=\"\" width=\"800\" height=\"948\" srcset=\"https:\/\/tonysourcing.com\/wp-content\/uploads\/2023\/05\/napkin.jpg 800w, https:\/\/tonysourcing.com\/wp-content\/uploads\/2023\/05\/napkin-253x300.jpg 253w, https:\/\/tonysourcing.com\/wp-content\/uploads\/2023\/05\/napkin-675x800.jpg 675w, https:\/\/tonysourcing.com\/wp-content\/uploads\/2023\/05\/napkin-768x910.jpg 768w, https:\/\/tonysourcing.com\/wp-content\/uploads\/2023\/05\/napkin-600x711.jpg 600w\" sizes=\"(max-width: 800px) 100vw, 800px\" \/><\/p>\n<table class=\"has-title is-zebra all magic-26\" style=\"height: 382px\" width=\"1017\">\n<tbody>\n<tr>\n<td colspan=\"5\" rowspan=\"1\">\n<div class=\"magic-27\" data-spm-anchor-id=\"a2700.details.0.i48.52a95517HFsZEc\">\u00a0 \u00a0 \u00a0 \u00a0 \u00a0 \u00a0 \u00a0 \u00a0 \u00a0 \u00a0 \u00a0 \u00a0 \u00a0 \u00a0 \u00a0 \u00a0 \u00a0 \u00a0 \u00a0 \u00a0 \u00a0 \u00a0 \u00a0 Informaci\u00f3n de Nuestros Art\u00edculos de Decoraci\u00f3n para Fiestas<\/div>\n<\/td>\n<\/tr>\n<tr>\n<td colspan=\"1\" rowspan=\"1\">\n<div class=\"magic-33\">Plato del desierto<\/div>\n<\/td>\n<td colspan=\"1\" rowspan=\"1\">\n<div class=\"magic-29\">Material: Tablero de marfil ecol\u00f3gico de calidad alimentaria. Peso: 300 g.<\/div>\n<\/td>\n<td colspan=\"1\" rowspan=\"1\">\n<div class=\"magic-34\">El tama\u00f1o normal es de 7 pulgadas (17,5 cm).<\/div>\n<\/td>\n<\/tr>\n<tr>\n<td colspan=\"1\" rowspan=\"1\">\n<div class=\"magic-33\">Plato de cena<\/div>\n<\/td>\n<td colspan=\"1\" rowspan=\"1\">\n<div class=\"magic-29\" data-spm-anchor-id=\"a2700.details.0.i28.52a95517HFsZEc\">Material: Tablero de marfil ecol\u00f3gico de calidad alimentaria. Peso: 300 g.<\/div>\n<\/td>\n<td colspan=\"1\" rowspan=\"1\">\n<div class=\"magic-34\">El tama\u00f1o normal es de 9 pulgadas (22 cm).<\/div>\n<\/td>\n<\/tr>\n<tr>\n<td colspan=\"1\" rowspan=\"1\">\n<div class=\"magic-33\">Taza<\/div>\n<\/td>\n<td colspan=\"1\" rowspan=\"1\">\n<div class=\"magic-29\" data-spm-anchor-id=\"a2700.details.0.i30.52a95517HFsZEc\">Material: Tablero de marfil ecol\u00f3gico de calidad alimentaria. Peso: 300 g.<\/div>\n<\/td>\n<td colspan=\"1\" rowspan=\"1\">\n<div class=\"magic-34\">El tama\u00f1o regular es de 250 ml.<\/div>\n<\/td>\n<\/tr>\n<tr>\n<td colspan=\"1\" rowspan=\"1\">\n<div class=\"magic-33\">Servilleta<\/div>\n<\/td>\n<td colspan=\"1\" rowspan=\"1\">\n<div class=\"magic-29\" data-spm-anchor-id=\"a2700.details.0.i29.52a95517HFsZEc\">Material: Papel ecol\u00f3gico<\/div>\n<\/td>\n<td colspan=\"1\" rowspan=\"1\">\n<div class=\"magic-34\">El tama\u00f1o normal es de 17 x 17 cm, desplegado 33 x 33 cm.<\/div>\n<\/td>\n<\/tr>\n<tr>\n<td colspan=\"1\" rowspan=\"1\">\n<div class=\"magic-33\">Paja<\/div>\n<\/td>\n<td colspan=\"1\" rowspan=\"1\">\n<div class=\"magic-29\">Material: Tablero de marfil ecol\u00f3gico de calidad alimentaria<\/div>\n<\/td>\n<td colspan=\"1\" rowspan=\"1\">\n<div class=\"magic-34\" data-spm-anchor-id=\"a2700.details.0.i31.52a95517HFsZEc\">El tama\u00f1o normal es de 0,5 x 20 cm, paquete: 16 x 26 cm.<\/div>\n<\/td>\n<\/tr>\n<tr>\n<td colspan=\"1\" rowspan=\"1\">Taza de palomitas de ma\u00edz<\/td>\n<td colspan=\"1\" rowspan=\"1\">Material: Tablero de marfil ecol\u00f3gico de calidad alimentaria<\/td>\n<td colspan=\"1\" rowspan=\"1\">\n<div class=\"magic-34\" data-spm-anchor-id=\"a2700.details.0.i32.52a95517HFsZEc\">El tama\u00f1o normal es de 14 x 9 cm.<\/div>\n<\/td>\n<\/tr>\n<tr>\n<td colspan=\"1\" rowspan=\"1\">Reventado<\/td>\n<td colspan=\"1\" rowspan=\"1\">Material: Pl\u00e1stico<\/td>\n<td colspan=\"1\" rowspan=\"1\">\n<div class=\"magic-34\" data-spm-anchor-id=\"a2700.details.0.i32.52a95517HFsZEc\">El tama\u00f1o normal es de 1 x 12 cm, paquete: 22 x 18 cm.<\/div>\n<\/td>\n<\/tr>\n<tr>\n<td colspan=\"1\" rowspan=\"1\">Tapa<\/td>\n<td colspan=\"1\" rowspan=\"1\">Material: Papel ecol\u00f3gico<\/td>\n<td colspan=\"1\" rowspan=\"1\">\n<div class=\"magic-34\" data-spm-anchor-id=\"a2700.details.0.i32.52a95517HFsZEc\">El tama\u00f1o normal es de 21 x 15 cm.<\/div>\n<\/td>\n<\/tr>\n<tr>\n<td colspan=\"1\" rowspan=\"1\">bander\u00edn<\/td>\n<td colspan=\"1\" rowspan=\"1\">Material: Papel ecol\u00f3gico<\/td>\n<td colspan=\"1\" rowspan=\"1\">\n<div class=\"magic-34\" data-spm-anchor-id=\"a2700.details.0.i32.52a95517HFsZEc\">El tama\u00f1o normal es de 16 x 14 cm, 12 piezas, 2 m.<\/div>\n<\/td>\n<\/tr>\n<tr>\n<td colspan=\"1\" rowspan=\"1\">\n<div class=\"magic-33\">Embalaje<\/div>\n<\/td>\n<td colspan=\"1\" rowspan=\"1\">\n<div class=\"magic-29\">Pel\u00edcula termorretr\u00e1ctil\/Opp con tarjeta de cabezal<\/div>\n<\/td>\n<td colspan=\"1\" rowspan=\"1\">\n<div class=\"magic-34\">10 piezas por paquete (servilletas 20 piezas)<\/div>\n<\/td>\n<\/tr>\n<tr>\n<td colspan=\"5\" rowspan=\"1\">\n<div class=\"magic-27\" data-spm-anchor-id=\"a2700.details.0.i48.52a95517HFsZEc\"><strong data-spm-anchor-id=\"a2g0o.detail.1000023.i0.7ad9403drNmuzB\">Contamos con vajilla tem\u00e1tica de 8 juegos de 56 piezas, que incluyen plato de postre, plato de cena, vaso de papel, vaso de palomitas de ma\u00edz, pajita, soplado, gorro de cumplea\u00f1os o ensambla seg\u00fan tus preferencias.<\/strong><\/div>\n<\/td>\n<\/tr>\n<\/tbody>\n<\/table>\n<p><img decoding=\"async\" class=\"alignnone size-full wp-image-18180\" src=\"https:\/\/tonysourcing.com\/wp-content\/uploads\/2023\/05\/H448ea90e0ee8477d95f3905c4ac5b331m.jpg\" alt=\"\" width=\"1000\" height=\"755\" srcset=\"https:\/\/tonysourcing.com\/wp-content\/uploads\/2023\/05\/H448ea90e0ee8477d95f3905c4ac5b331m.jpg 1000w, https:\/\/tonysourcing.com\/wp-content\/uploads\/2023\/05\/H448ea90e0ee8477d95f3905c4ac5b331m-300x227.jpg 300w, https:\/\/tonysourcing.com\/wp-content\/uploads\/2023\/05\/H448ea90e0ee8477d95f3905c4ac5b331m-800x604.jpg 800w, https:\/\/tonysourcing.com\/wp-content\/uploads\/2023\/05\/H448ea90e0ee8477d95f3905c4ac5b331m-768x580.jpg 768w, https:\/\/tonysourcing.com\/wp-content\/uploads\/2023\/05\/H448ea90e0ee8477d95f3905c4ac5b331m-600x453.jpg 600w\" sizes=\"(max-width: 1000px) 100vw, 1000px\" \/> <img decoding=\"async\" class=\"alignnone size-full wp-image-18181\" src=\"https:\/\/tonysourcing.com\/wp-content\/uploads\/2023\/05\/H850bcf35ce5a481a8db5841b8cef2c4aw.jpg\" alt=\"\" width=\"1000\" height=\"682\" srcset=\"https:\/\/tonysourcing.com\/wp-content\/uploads\/2023\/05\/H850bcf35ce5a481a8db5841b8cef2c4aw.jpg 1000w, https:\/\/tonysourcing.com\/wp-content\/uploads\/2023\/05\/H850bcf35ce5a481a8db5841b8cef2c4aw-300x205.jpg 300w, https:\/\/tonysourcing.com\/wp-content\/uploads\/2023\/05\/H850bcf35ce5a481a8db5841b8cef2c4aw-800x546.jpg 800w, https:\/\/tonysourcing.com\/wp-content\/uploads\/2023\/05\/H850bcf35ce5a481a8db5841b8cef2c4aw-768x524.jpg 768w, https:\/\/tonysourcing.com\/wp-content\/uploads\/2023\/05\/H850bcf35ce5a481a8db5841b8cef2c4aw-600x409.jpg 600w\" sizes=\"(max-width: 1000px) 100vw, 1000px\" \/> <img loading=\"lazy\" decoding=\"async\" class=\"alignnone size-full wp-image-18179\" src=\"https:\/\/tonysourcing.com\/wp-content\/uploads\/2023\/05\/H9dfb32f213184a34adb3e05737d0e9ae6.jpg\" alt=\"\" width=\"1000\" height=\"1446\" srcset=\"https:\/\/tonysourcing.com\/wp-content\/uploads\/2023\/05\/H9dfb32f213184a34adb3e05737d0e9ae6.jpg 1000w, https:\/\/tonysourcing.com\/wp-content\/uploads\/2023\/05\/H9dfb32f213184a34adb3e05737d0e9ae6-207x300.jpg 207w, https:\/\/tonysourcing.com\/wp-content\/uploads\/2023\/05\/H9dfb32f213184a34adb3e05737d0e9ae6-553x800.jpg 553w, https:\/\/tonysourcing.com\/wp-content\/uploads\/2023\/05\/H9dfb32f213184a34adb3e05737d0e9ae6-768x1111.jpg 768w, https:\/\/tonysourcing.com\/wp-content\/uploads\/2023\/05\/H9dfb32f213184a34adb3e05737d0e9ae6-600x868.jpg 600w\" sizes=\"(max-width: 1000px) 100vw, 1000px\" \/> <img loading=\"lazy\" decoding=\"async\" class=\"alignnone size-full wp-image-18178\" src=\"https:\/\/tonysourcing.com\/wp-content\/uploads\/2023\/05\/H6c744bfddc044f2ba9fcb092fcac1660F.jpg\" alt=\"\" width=\"1000\" height=\"1019\" srcset=\"https:\/\/tonysourcing.com\/wp-content\/uploads\/2023\/05\/H6c744bfddc044f2ba9fcb092fcac1660F.jpg 1000w, https:\/\/tonysourcing.com\/wp-content\/uploads\/2023\/05\/H6c744bfddc044f2ba9fcb092fcac1660F-294x300.jpg 294w, https:\/\/tonysourcing.com\/wp-content\/uploads\/2023\/05\/H6c744bfddc044f2ba9fcb092fcac1660F-785x800.jpg 785w, https:\/\/tonysourcing.com\/wp-content\/uploads\/2023\/05\/H6c744bfddc044f2ba9fcb092fcac1660F-768x783.jpg 768w, https:\/\/tonysourcing.com\/wp-content\/uploads\/2023\/05\/H6c744bfddc044f2ba9fcb092fcac1660F-600x611.jpg 600w\" sizes=\"(max-width: 1000px) 100vw, 1000px\" \/><\/p>\n<div class=\"J_module\">\n<h2 id=\"ali-anchor-AliMagic-s9kxka\" class=\"magic-14\" data-section=\"AliMagic-s9kxka\" data-section-title=\"FAQ\" data-spm-anchor-id=\"a2700.details.0.i53.558a7b73z5413m\">Preguntas frecuentes<\/h2>\n<\/div>\n<div class=\"J_module\">\n<div class=\"detail-decorate-json-renderer-container\">\n<div class=\"magic-8\">\n<div class=\"magic-9\">\n<div class=\"magic-10\">\n<div class=\"magic-11\"><b>P1: \u00bfD\u00f3nde puedo obtener informaci\u00f3n sobre productos y precios?<\/b><\/div>\n<div class=\"magic-11\">A1: Env\u00edenos un correo electr\u00f3nico de consulta, nos comunicaremos con usted cuando recibamos su correo electr\u00f3nico.<\/div>\n<div class=\"magic-11\"><b>Q2: \u00bfCu\u00e1nto tiempo puedo obtener la muestra?<\/b><\/div>\n<div class=\"magic-11\">\n<div>A2: Dependiendo de sus art\u00edculos espec\u00edficos, generalmente se requiere un plazo de entrega de 3 a 7 d\u00edas.<\/div>\n<div><b>P3: \u00bfQu\u00e9 tipo de informaci\u00f3n necesita para una cotizaci\u00f3n?<\/b><br \/>\nA3: Por favor proporcione el n\u00famero de art\u00edculo del producto y ser\u00eda mejor que pudiera proporcionar una cantidad aproximada del pedido.<\/div>\n<div><b>Q4: \u00bfCu\u00e1les son las condiciones de pago? <\/b><br \/>\nA4: Aceptamos el dep\u00f3sito 30%. Una vez finalizada la compra, tomamos fotos para su verificaci\u00f3n y usted paga el saldo. Para cantidades peque\u00f1as, aceptamos PayPal y se a\u00f1adir\u00e1 una comisi\u00f3n de PayPal al pedido. Para cantidades grandes, preferimos transferencia bancaria.<\/div>\n<div><b>Q5: \u00bfC\u00f3mo entregar la mercanc\u00eda?<\/b><br \/>\nA5: Entregamos los productos mediante empresa de mensajer\u00eda.<\/div>\n<div><b>P6: \u00bfPodemos obtener algunas muestras antes de la producci\u00f3n en masa? <\/b><br \/>\nA7: Por supuesto, entregaremos muestras para confirmaci\u00f3n despu\u00e9s de probar los nuevos moldes.<\/div>\n<div><b>P7: \u00bfPor qu\u00e9 comprar con nosotros en lugar de con otros proveedores? <\/b><br \/>\nA6: Comprar directamente de fabricantes chinos le ahorra hasta 60% en costos y se encarga de todo a trav\u00e9s del servicio integral de TonySourcing. Colabore con el equipo de TonySourcing para obtener informaci\u00f3n y apoyo en la compra de juguetes.<\/div>\n<\/div>\n<\/div>\n<\/div>\n<\/div>\n<\/div>\n<\/div>","protected":false},"excerpt":{"rendered":"<p>ART\u00cdCULO: N.\u00ba 1117H<\/p>","protected":false},"featured_media":18341,"template":"","meta":{"_kad_post_transparent":"","_kad_post_title":"","_kad_post_layout":"","_kad_post_sidebar_id":"","_kad_post_content_style":"","_kad_post_vertical_padding":"","_kad_post_feature":"","_kad_post_feature_position":"","_kad_post_header":false,"_kad_post_footer":false},"product_brand":[],"product_cat":[997,1584],"product_tag":[1672,1673,1674],"class_list":{"0":"post-18320","1":"product","2":"type-product","3":"status-publish","4":"has-post-thumbnail","6":"product_cat-party-supplies-wholesale","7":"product_cat-tableware","8":"product_tag-disposable","9":"product_tag-napkin","10":"product_tag-paper-towel","12":"first","13":"instock","14":"shipping-taxable","15":"product-type-simple","16":"entry","17":"content-bg","18":"loop-entry"},"yoast_head":"<!-- This site is optimized with the Yoast SEO plugin v27.4 - https:\/\/yoast.com\/product\/yoast-seo-wordpress\/ -->\n<title>Party Paper Towel Napkin - Import Directly From Manufacturer<\/title>\n<meta name=\"description\" content=\"Import Party Paper Towel Napkin from China Manufacturer, Good Product and Good Price, Contact TonySourcing for Catalog today\" \/>\n<meta name=\"robots\" content=\"index, follow, max-snippet:-1, max-image-preview:large, max-video-preview:-1\" \/>\n<link rel=\"canonical\" href=\"https:\/\/tonysourcing.com\/es\/al-por-mayor\/servilleta-de-papel-para-fiesta\/\" \/>\n<meta property=\"og:locale\" content=\"es_ES\" \/>\n<meta property=\"og:type\" content=\"article\" \/>\n<meta property=\"og:title\" content=\"Party Paper Towel Napkin - Import Directly From Manufacturer\" \/>\n<meta property=\"og:description\" content=\"Import Party Paper Towel Napkin from China Manufacturer, Good Product and Good Price, Contact TonySourcing for Catalog today\" \/>\n<meta property=\"og:url\" content=\"https:\/\/tonysourcing.com\/es\/al-por-mayor\/servilleta-de-papel-para-fiesta\/\" \/>\n<meta property=\"og:site_name\" content=\"TonySourcing\" \/>\n<meta property=\"article:publisher\" content=\"https:\/\/www.facebook.com\/TonySourcing\" \/>\n<meta property=\"article:modified_time\" content=\"2023-05-31T06:45:19+00:00\" \/>\n<meta property=\"og:image\" content=\"https:\/\/tonysourcing.com\/wp-content\/uploads\/2023\/05\/Party-Paper-Towel-Napkin.png\" \/>\n\t<meta property=\"og:image:width\" content=\"500\" \/>\n\t<meta property=\"og:image:height\" content=\"500\" \/>\n\t<meta property=\"og:image:type\" content=\"image\/png\" \/>\n<meta name=\"twitter:card\" content=\"summary_large_image\" \/>\n<meta name=\"twitter:site\" content=\"@TonySourcing\" \/>\n<meta name=\"twitter:label1\" content=\"Tiempo de lectura\" \/>\n\t<meta name=\"twitter:data1\" content=\"3 minutos\" \/>\n<script type=\"application\/ld+json\" class=\"yoast-schema-graph\">{\"@context\":\"https:\\\/\\\/schema.org\",\"@graph\":[{\"@type\":\"WebPage\",\"@id\":\"https:\\\/\\\/tonysourcing.com\\\/wholesale\\\/party-paper-towel-napkin\\\/\",\"url\":\"https:\\\/\\\/tonysourcing.com\\\/wholesale\\\/party-paper-towel-napkin\\\/\",\"name\":\"Party Paper Towel Napkin - Import Directly From Manufacturer\",\"isPartOf\":{\"@id\":\"https:\\\/\\\/tonysourcing.com\\\/#website\"},\"primaryImageOfPage\":{\"@id\":\"https:\\\/\\\/tonysourcing.com\\\/wholesale\\\/party-paper-towel-napkin\\\/#primaryimage\"},\"image\":{\"@id\":\"https:\\\/\\\/tonysourcing.com\\\/wholesale\\\/party-paper-towel-napkin\\\/#primaryimage\"},\"thumbnailUrl\":\"https:\\\/\\\/tonysourcing.com\\\/wp-content\\\/uploads\\\/2023\\\/05\\\/Party-Paper-Towel-Napkin.png\",\"datePublished\":\"2023-05-30T11:36:24+00:00\",\"dateModified\":\"2023-05-31T06:45:19+00:00\",\"description\":\"Import Party Paper Towel Napkin from China Manufacturer, Good Product and Good Price, Contact TonySourcing for Catalog today\",\"breadcrumb\":{\"@id\":\"https:\\\/\\\/tonysourcing.com\\\/wholesale\\\/party-paper-towel-napkin\\\/#breadcrumb\"},\"inLanguage\":\"es\",\"potentialAction\":[{\"@type\":\"ReadAction\",\"target\":[\"https:\\\/\\\/tonysourcing.com\\\/wholesale\\\/party-paper-towel-napkin\\\/\"]}]},{\"@type\":\"ImageObject\",\"inLanguage\":\"es\",\"@id\":\"https:\\\/\\\/tonysourcing.com\\\/wholesale\\\/party-paper-towel-napkin\\\/#primaryimage\",\"url\":\"https:\\\/\\\/tonysourcing.com\\\/wp-content\\\/uploads\\\/2023\\\/05\\\/Party-Paper-Towel-Napkin.png\",\"contentUrl\":\"https:\\\/\\\/tonysourcing.com\\\/wp-content\\\/uploads\\\/2023\\\/05\\\/Party-Paper-Towel-Napkin.png\",\"width\":500,\"height\":500,\"caption\":\"Party Paper Towel Napkin\"},{\"@type\":\"BreadcrumbList\",\"@id\":\"https:\\\/\\\/tonysourcing.com\\\/wholesale\\\/party-paper-towel-napkin\\\/#breadcrumb\",\"itemListElement\":[{\"@type\":\"ListItem\",\"position\":1,\"name\":\"Home\",\"item\":\"https:\\\/\\\/tonysourcing.com\\\/\"},{\"@type\":\"ListItem\",\"position\":2,\"name\":\"Wholesale\",\"item\":\"https:\\\/\\\/tonysourcing.com\\\/wholesale\\\/\"},{\"@type\":\"ListItem\",\"position\":3,\"name\":\"Party Paper Towel Napkin\"}]},{\"@type\":\"WebSite\",\"@id\":\"https:\\\/\\\/tonysourcing.com\\\/#website\",\"url\":\"https:\\\/\\\/tonysourcing.com\\\/\",\"name\":\"TonySourcing\",\"description\":\"Toys Wholesale Distributor &amp; China Promition Items\",\"publisher\":{\"@id\":\"https:\\\/\\\/tonysourcing.com\\\/#organization\"},\"potentialAction\":[{\"@type\":\"SearchAction\",\"target\":{\"@type\":\"EntryPoint\",\"urlTemplate\":\"https:\\\/\\\/tonysourcing.com\\\/?s={search_term_string}\"},\"query-input\":{\"@type\":\"PropertyValueSpecification\",\"valueRequired\":true,\"valueName\":\"search_term_string\"}}],\"inLanguage\":\"es\"},{\"@type\":\"Organization\",\"@id\":\"https:\\\/\\\/tonysourcing.com\\\/#organization\",\"name\":\"Yiwu Zongge\",\"url\":\"https:\\\/\\\/tonysourcing.com\\\/\",\"logo\":{\"@type\":\"ImageObject\",\"inLanguage\":\"es\",\"@id\":\"https:\\\/\\\/tonysourcing.com\\\/#\\\/schema\\\/logo\\\/image\\\/\",\"url\":\"https:\\\/\\\/tonysourcing.com\\\/wp-content\\\/uploads\\\/2021\\\/07\\\/cropped-TonySourcing-logo-1.png\",\"contentUrl\":\"https:\\\/\\\/tonysourcing.com\\\/wp-content\\\/uploads\\\/2021\\\/07\\\/cropped-TonySourcing-logo-1.png\",\"width\":300,\"height\":92,\"caption\":\"Yiwu Zongge\"},\"image\":{\"@id\":\"https:\\\/\\\/tonysourcing.com\\\/#\\\/schema\\\/logo\\\/image\\\/\"},\"sameAs\":[\"https:\\\/\\\/www.facebook.com\\\/TonySourcing\",\"https:\\\/\\\/x.com\\\/TonySourcing\",\"https:\\\/\\\/www.instagram.com\\\/tony_sourcing\\\/\",\"http:\\\/\\\/www.linkedin.com\\\/in\\\/tonychen88\",\"https:\\\/\\\/www.youtube.com\\\/channel\\\/UCZfST1M-NDoqjQ3dB-Tzszg\"]}]}<\/script>\n<!-- \/ Yoast SEO plugin. -->","yoast_head_json":{"title":"Servilletas de papel para fiestas - Importadas directamente del fabricante","description":"Importe servilletas de papel para fiestas del fabricante chino. Buen producto y buen precio. Contacte con TonySourcing para obtener el cat\u00e1logo hoy mismo.","robots":{"index":"index","follow":"follow","max-snippet":"max-snippet:-1","max-image-preview":"max-image-preview:large","max-video-preview":"max-video-preview:-1"},"canonical":"https:\/\/tonysourcing.com\/es\/al-por-mayor\/servilleta-de-papel-para-fiesta\/","og_locale":"es_ES","og_type":"article","og_title":"Party Paper Towel Napkin - Import Directly From Manufacturer","og_description":"Import Party Paper Towel Napkin from China Manufacturer, Good Product and Good Price, Contact TonySourcing for Catalog today","og_url":"https:\/\/tonysourcing.com\/es\/al-por-mayor\/servilleta-de-papel-para-fiesta\/","og_site_name":"TonySourcing","article_publisher":"https:\/\/www.facebook.com\/TonySourcing","article_modified_time":"2023-05-31T06:45:19+00:00","og_image":[{"width":500,"height":500,"url":"https:\/\/tonysourcing.com\/wp-content\/uploads\/2023\/05\/Party-Paper-Towel-Napkin.png","type":"image\/png"}],"twitter_card":"summary_large_image","twitter_site":"@TonySourcing","twitter_misc":{"Tiempo de lectura":"3 minutos"},"schema":{"@context":"https:\/\/schema.org","@graph":[{"@type":"WebPage","@id":"https:\/\/tonysourcing.com\/wholesale\/party-paper-towel-napkin\/","url":"https:\/\/tonysourcing.com\/wholesale\/party-paper-towel-napkin\/","name":"Servilletas de papel para fiestas - Importadas directamente del fabricante","isPartOf":{"@id":"https:\/\/tonysourcing.com\/#website"},"primaryImageOfPage":{"@id":"https:\/\/tonysourcing.com\/wholesale\/party-paper-towel-napkin\/#primaryimage"},"image":{"@id":"https:\/\/tonysourcing.com\/wholesale\/party-paper-towel-napkin\/#primaryimage"},"thumbnailUrl":"https:\/\/tonysourcing.com\/wp-content\/uploads\/2023\/05\/Party-Paper-Towel-Napkin.png","datePublished":"2023-05-30T11:36:24+00:00","dateModified":"2023-05-31T06:45:19+00:00","description":"Importe servilletas de papel para fiestas del fabricante chino. Buen producto y buen precio. Contacte con TonySourcing para obtener el cat\u00e1logo hoy mismo.","breadcrumb":{"@id":"https:\/\/tonysourcing.com\/wholesale\/party-paper-towel-napkin\/#breadcrumb"},"inLanguage":"es","potentialAction":[{"@type":"ReadAction","target":["https:\/\/tonysourcing.com\/wholesale\/party-paper-towel-napkin\/"]}]},{"@type":"ImageObject","inLanguage":"es","@id":"https:\/\/tonysourcing.com\/wholesale\/party-paper-towel-napkin\/#primaryimage","url":"https:\/\/tonysourcing.com\/wp-content\/uploads\/2023\/05\/Party-Paper-Towel-Napkin.png","contentUrl":"https:\/\/tonysourcing.com\/wp-content\/uploads\/2023\/05\/Party-Paper-Towel-Napkin.png","width":500,"height":500,"caption":"Party Paper Towel Napkin"},{"@type":"BreadcrumbList","@id":"https:\/\/tonysourcing.com\/wholesale\/party-paper-towel-napkin\/#breadcrumb","itemListElement":[{"@type":"ListItem","position":1,"name":"Home","item":"https:\/\/tonysourcing.com\/"},{"@type":"ListItem","position":2,"name":"Wholesale","item":"https:\/\/tonysourcing.com\/wholesale\/"},{"@type":"ListItem","position":3,"name":"Party Paper Towel Napkin"}]},{"@type":"WebSite","@id":"https:\/\/tonysourcing.com\/#website","url":"https:\/\/tonysourcing.com\/","name":"TonySourcing","description":"Distribuidor mayorista de juguetes y art\u00edculos en promoci\u00f3n en China","publisher":{"@id":"https:\/\/tonysourcing.com\/#organization"},"potentialAction":[{"@type":"SearchAction","target":{"@type":"EntryPoint","urlTemplate":"https:\/\/tonysourcing.com\/?s={search_term_string}"},"query-input":{"@type":"PropertyValueSpecification","valueRequired":true,"valueName":"search_term_string"}}],"inLanguage":"es"},{"@type":"Organization","@id":"https:\/\/tonysourcing.com\/#organization","name":"Yiwu Zongge","url":"https:\/\/tonysourcing.com\/","logo":{"@type":"ImageObject","inLanguage":"es","@id":"https:\/\/tonysourcing.com\/#\/schema\/logo\/image\/","url":"https:\/\/tonysourcing.com\/wp-content\/uploads\/2021\/07\/cropped-TonySourcing-logo-1.png","contentUrl":"https:\/\/tonysourcing.com\/wp-content\/uploads\/2021\/07\/cropped-TonySourcing-logo-1.png","width":300,"height":92,"caption":"Yiwu Zongge"},"image":{"@id":"https:\/\/tonysourcing.com\/#\/schema\/logo\/image\/"},"sameAs":["https:\/\/www.facebook.com\/TonySourcing","https:\/\/x.com\/TonySourcing","https:\/\/www.instagram.com\/tony_sourcing\/","http:\/\/www.linkedin.com\/in\/tonychen88","https:\/\/www.youtube.com\/channel\/UCZfST1M-NDoqjQ3dB-Tzszg"]}]}},"_links":{"self":[{"href":"https:\/\/tonysourcing.com\/es\/wp-json\/wp\/v2\/product\/18320","targetHints":{"allow":["GET"]}}],"collection":[{"href":"https:\/\/tonysourcing.com\/es\/wp-json\/wp\/v2\/product"}],"about":[{"href":"https:\/\/tonysourcing.com\/es\/wp-json\/wp\/v2\/types\/product"}],"version-history":[{"count":1,"href":"https:\/\/tonysourcing.com\/es\/wp-json\/wp\/v2\/product\/18320\/revisions"}],"predecessor-version":[{"id":18331,"href":"https:\/\/tonysourcing.com\/es\/wp-json\/wp\/v2\/product\/18320\/revisions\/18331"}],"wp:featuredmedia":[{"embeddable":true,"href":"https:\/\/tonysourcing.com\/es\/wp-json\/wp\/v2\/media\/18341"}],"wp:attachment":[{"href":"https:\/\/tonysourcing.com\/es\/wp-json\/wp\/v2\/media?parent=18320"}],"wp:term":[{"taxonomy":"product_brand","embeddable":true,"href":"https:\/\/tonysourcing.com\/es\/wp-json\/wp\/v2\/product_brand?post=18320"},{"taxonomy":"product_cat","embeddable":true,"href":"https:\/\/tonysourcing.com\/es\/wp-json\/wp\/v2\/product_cat?post=18320"},{"taxonomy":"product_tag","embeddable":true,"href":"https:\/\/tonysourcing.com\/es\/wp-json\/wp\/v2\/product_tag?post=18320"}],"curies":[{"name":"gracias","href":"https:\/\/api.w.org\/{rel}","templated":true}]}}