{"id":18347,"date":"2023-06-01T03:45:13","date_gmt":"2023-06-01T03:45:13","guid":{"rendered":"https:\/\/tonysourcing.com\/?post_type=product&#038;p=18347"},"modified":"2023-06-01T03:52:52","modified_gmt":"2023-06-01T03:52:52","slug":"globo-bobo-globos-burbuja","status":"publish","type":"product","link":"https:\/\/tonysourcing.com\/es\/wholesale\/bobo-balloon-globos-burbuja\/","title":{"rendered":"Globos BoBo Globos Burbuja"},"content":{"rendered":"<p>&nbsp;<\/p>\n<p><img fetchpriority=\"high\" decoding=\"async\" class=\"alignnone size-full wp-image-18180\" src=\"https:\/\/tonysourcing.com\/wp-content\/uploads\/2023\/05\/H448ea90e0ee8477d95f3905c4ac5b331m.jpg\" alt=\"\" width=\"1000\" height=\"755\" srcset=\"https:\/\/tonysourcing.com\/wp-content\/uploads\/2023\/05\/H448ea90e0ee8477d95f3905c4ac5b331m.jpg 1000w, https:\/\/tonysourcing.com\/wp-content\/uploads\/2023\/05\/H448ea90e0ee8477d95f3905c4ac5b331m-300x227.jpg 300w, https:\/\/tonysourcing.com\/wp-content\/uploads\/2023\/05\/H448ea90e0ee8477d95f3905c4ac5b331m-800x604.jpg 800w, https:\/\/tonysourcing.com\/wp-content\/uploads\/2023\/05\/H448ea90e0ee8477d95f3905c4ac5b331m-768x580.jpg 768w, https:\/\/tonysourcing.com\/wp-content\/uploads\/2023\/05\/H448ea90e0ee8477d95f3905c4ac5b331m-600x453.jpg 600w\" sizes=\"(max-width: 1000px) 100vw, 1000px\" \/> <img decoding=\"async\" class=\"alignnone size-full wp-image-18181\" src=\"https:\/\/tonysourcing.com\/wp-content\/uploads\/2023\/05\/H850bcf35ce5a481a8db5841b8cef2c4aw.jpg\" alt=\"\" width=\"1000\" height=\"682\" srcset=\"https:\/\/tonysourcing.com\/wp-content\/uploads\/2023\/05\/H850bcf35ce5a481a8db5841b8cef2c4aw.jpg 1000w, https:\/\/tonysourcing.com\/wp-content\/uploads\/2023\/05\/H850bcf35ce5a481a8db5841b8cef2c4aw-300x205.jpg 300w, https:\/\/tonysourcing.com\/wp-content\/uploads\/2023\/05\/H850bcf35ce5a481a8db5841b8cef2c4aw-800x546.jpg 800w, https:\/\/tonysourcing.com\/wp-content\/uploads\/2023\/05\/H850bcf35ce5a481a8db5841b8cef2c4aw-768x524.jpg 768w, https:\/\/tonysourcing.com\/wp-content\/uploads\/2023\/05\/H850bcf35ce5a481a8db5841b8cef2c4aw-600x409.jpg 600w\" sizes=\"(max-width: 1000px) 100vw, 1000px\" \/> <img decoding=\"async\" class=\"alignnone size-full wp-image-18179\" src=\"https:\/\/tonysourcing.com\/wp-content\/uploads\/2023\/05\/H9dfb32f213184a34adb3e05737d0e9ae6.jpg\" alt=\"\" width=\"1000\" height=\"1446\" srcset=\"https:\/\/tonysourcing.com\/wp-content\/uploads\/2023\/05\/H9dfb32f213184a34adb3e05737d0e9ae6.jpg 1000w, https:\/\/tonysourcing.com\/wp-content\/uploads\/2023\/05\/H9dfb32f213184a34adb3e05737d0e9ae6-207x300.jpg 207w, https:\/\/tonysourcing.com\/wp-content\/uploads\/2023\/05\/H9dfb32f213184a34adb3e05737d0e9ae6-553x800.jpg 553w, https:\/\/tonysourcing.com\/wp-content\/uploads\/2023\/05\/H9dfb32f213184a34adb3e05737d0e9ae6-768x1111.jpg 768w, https:\/\/tonysourcing.com\/wp-content\/uploads\/2023\/05\/H9dfb32f213184a34adb3e05737d0e9ae6-600x868.jpg 600w\" sizes=\"(max-width: 1000px) 100vw, 1000px\" \/> <img loading=\"lazy\" decoding=\"async\" class=\"alignnone size-full wp-image-18178\" src=\"https:\/\/tonysourcing.com\/wp-content\/uploads\/2023\/05\/H6c744bfddc044f2ba9fcb092fcac1660F.jpg\" alt=\"\" width=\"1000\" height=\"1019\" srcset=\"https:\/\/tonysourcing.com\/wp-content\/uploads\/2023\/05\/H6c744bfddc044f2ba9fcb092fcac1660F.jpg 1000w, https:\/\/tonysourcing.com\/wp-content\/uploads\/2023\/05\/H6c744bfddc044f2ba9fcb092fcac1660F-294x300.jpg 294w, https:\/\/tonysourcing.com\/wp-content\/uploads\/2023\/05\/H6c744bfddc044f2ba9fcb092fcac1660F-785x800.jpg 785w, https:\/\/tonysourcing.com\/wp-content\/uploads\/2023\/05\/H6c744bfddc044f2ba9fcb092fcac1660F-768x783.jpg 768w, https:\/\/tonysourcing.com\/wp-content\/uploads\/2023\/05\/H6c744bfddc044f2ba9fcb092fcac1660F-600x611.jpg 600w\" sizes=\"(max-width: 1000px) 100vw, 1000px\" \/><\/p>\n<div class=\"J_module\">\n<h2 id=\"ali-anchor-AliMagic-s9kxka\" class=\"magic-14\" data-section=\"AliMagic-s9kxka\" data-section-title=\"FAQ\" data-spm-anchor-id=\"a2700.details.0.i53.558a7b73z5413m\">Preguntas frecuentes<\/h2>\n<\/div>\n<div class=\"J_module\">\n<div class=\"detail-decorate-json-renderer-container\">\n<div class=\"magic-8\">\n<div class=\"magic-9\">\n<div class=\"magic-10\">\n<div class=\"magic-11\"><b>P1: \u00bfD\u00f3nde puedo obtener informaci\u00f3n sobre productos y precios?<\/b><\/div>\n<div class=\"magic-11\">A1: Env\u00edenos un correo electr\u00f3nico de consulta, nos comunicaremos con usted cuando recibamos su correo electr\u00f3nico.<\/div>\n<div class=\"magic-11\"><b>Q2: \u00bfCu\u00e1nto tiempo puedo obtener la muestra?<\/b><\/div>\n<div class=\"magic-11\">\n<div>A2: Dependiendo de sus art\u00edculos espec\u00edficos, generalmente se requiere un plazo de entrega de 3 a 7 d\u00edas.<\/div>\n<div><b>P3: \u00bfQu\u00e9 tipo de informaci\u00f3n necesita para una cotizaci\u00f3n?<\/b><br \/>\nA3: Por favor proporcione el n\u00famero de art\u00edculo del producto y ser\u00eda mejor que pudiera proporcionar una cantidad aproximada del pedido.<\/div>\n<div><b>Q4: \u00bfCu\u00e1les son las condiciones de pago? <\/b><br \/>\nA4: Aceptamos el dep\u00f3sito 30%. Una vez finalizada la compra, tomamos fotos para su verificaci\u00f3n y usted paga el saldo. Para cantidades peque\u00f1as, aceptamos PayPal y se a\u00f1adir\u00e1 una comisi\u00f3n de PayPal al pedido. Para cantidades grandes, preferimos transferencia bancaria.<\/div>\n<div><b>Q5: \u00bfC\u00f3mo entregar la mercanc\u00eda?<\/b><br \/>\nA5: Entregamos los productos mediante empresa de mensajer\u00eda.<\/div>\n<div><b>P6: \u00bfPodemos obtener algunas muestras antes de la producci\u00f3n en masa? <\/b><br \/>\nA7: Por supuesto, entregaremos muestras para confirmaci\u00f3n despu\u00e9s de probar los nuevos moldes.<\/div>\n<div><b>P7: \u00bfPor qu\u00e9 comprar con nosotros en lugar de con otros proveedores? <\/b><br \/>\nA6: Comprar directamente de fabricantes chinos le ahorra hasta 60% en costos y se encarga de todo a trav\u00e9s del servicio integral de TonySourcing. Colabore con el equipo de TonySourcing para obtener informaci\u00f3n y apoyo en la compra de juguetes.<\/div>\n<\/div>\n<\/div>\n<\/div>\n<\/div>\n<\/div>\n<\/div>","protected":false},"excerpt":{"rendered":"<p>ART\u00cdCULO: N.\u00ba 1011H<\/p>","protected":false},"featured_media":18358,"template":"","meta":{"_kad_post_transparent":"","_kad_post_title":"","_kad_post_layout":"","_kad_post_sidebar_id":"","_kad_post_content_style":"","_kad_post_vertical_padding":"","_kad_post_feature":"","_kad_post_feature_position":"","_kad_post_header":false,"_kad_post_footer":false},"product_brand":[],"product_cat":[997,998],"product_tag":[1035],"class_list":{"0":"post-18347","1":"product","2":"type-product","3":"status-publish","4":"has-post-thumbnail","6":"product_cat-party-supplies-wholesale","7":"product_cat-balloon","8":"product_tag-bobo-balloons","10":"first","11":"instock","12":"shipping-taxable","13":"product-type-simple","14":"entry","15":"content-bg","16":"loop-entry"},"yoast_head":"<!-- This site is optimized with the Yoast SEO plugin v27.3 - https:\/\/yoast.com\/product\/yoast-seo-wordpress\/ -->\n<title>BoBo Balloon Globos Burbuja - Import Directly From Manufacturer<\/title>\n<meta name=\"description\" content=\"Import BoBo Balloon Globos Burbuja from China Manufacturer, Good Product and Good Price, Contact TonySourcing for Catalog today\" \/>\n<meta name=\"robots\" content=\"index, follow, max-snippet:-1, max-image-preview:large, max-video-preview:-1\" \/>\n<link rel=\"canonical\" href=\"https:\/\/tonysourcing.com\/es\/al-por-mayor\/globo-bobo-globos-burbuja\/\" \/>\n<meta property=\"og:locale\" content=\"es_ES\" \/>\n<meta property=\"og:type\" content=\"article\" \/>\n<meta property=\"og:title\" content=\"BoBo Balloon Globos Burbuja - Import Directly From Manufacturer\" \/>\n<meta property=\"og:description\" content=\"Import BoBo Balloon Globos Burbuja from China Manufacturer, Good Product and Good Price, Contact TonySourcing for Catalog today\" \/>\n<meta property=\"og:url\" content=\"https:\/\/tonysourcing.com\/es\/al-por-mayor\/globo-bobo-globos-burbuja\/\" \/>\n<meta property=\"og:site_name\" content=\"TonySourcing\" \/>\n<meta property=\"article:publisher\" content=\"https:\/\/www.facebook.com\/TonySourcing\" \/>\n<meta property=\"article:modified_time\" content=\"2023-06-01T03:52:52+00:00\" \/>\n<meta property=\"og:image\" content=\"https:\/\/tonysourcing.com\/wp-content\/uploads\/2023\/06\/cgi-bin_mmwebwx-bin_webwxgetmsgimg___MsgID_2470101096269236107_skey__crypt_67148db4_404f97685cf6bea5a50448462dc13f3f_mmweb_appid_wx_webfilehelper-removebg-preview.png\" \/>\n\t<meta property=\"og:image:width\" content=\"496\" \/>\n\t<meta property=\"og:image:height\" content=\"503\" \/>\n\t<meta property=\"og:image:type\" content=\"image\/png\" \/>\n<meta name=\"twitter:card\" content=\"summary_large_image\" \/>\n<meta name=\"twitter:site\" content=\"@TonySourcing\" \/>\n<meta name=\"twitter:label1\" content=\"Tiempo de lectura\" \/>\n\t<meta name=\"twitter:data1\" content=\"2 minutos\" \/>\n<script type=\"application\/ld+json\" class=\"yoast-schema-graph\">{\"@context\":\"https:\\\/\\\/schema.org\",\"@graph\":[{\"@type\":\"WebPage\",\"@id\":\"https:\\\/\\\/tonysourcing.com\\\/wholesale\\\/bobo-balloon-globos-burbuja\\\/\",\"url\":\"https:\\\/\\\/tonysourcing.com\\\/wholesale\\\/bobo-balloon-globos-burbuja\\\/\",\"name\":\"BoBo Balloon Globos Burbuja - Import Directly From Manufacturer\",\"isPartOf\":{\"@id\":\"https:\\\/\\\/tonysourcing.com\\\/#website\"},\"primaryImageOfPage\":{\"@id\":\"https:\\\/\\\/tonysourcing.com\\\/wholesale\\\/bobo-balloon-globos-burbuja\\\/#primaryimage\"},\"image\":{\"@id\":\"https:\\\/\\\/tonysourcing.com\\\/wholesale\\\/bobo-balloon-globos-burbuja\\\/#primaryimage\"},\"thumbnailUrl\":\"https:\\\/\\\/tonysourcing.com\\\/wp-content\\\/uploads\\\/2023\\\/06\\\/cgi-bin_mmwebwx-bin_webwxgetmsgimg___MsgID_2470101096269236107_skey__crypt_67148db4_404f97685cf6bea5a50448462dc13f3f_mmweb_appid_wx_webfilehelper-removebg-preview.png\",\"datePublished\":\"2023-06-01T03:45:13+00:00\",\"dateModified\":\"2023-06-01T03:52:52+00:00\",\"description\":\"Import BoBo Balloon Globos Burbuja from China Manufacturer, Good Product and Good Price, Contact TonySourcing for Catalog today\",\"breadcrumb\":{\"@id\":\"https:\\\/\\\/tonysourcing.com\\\/wholesale\\\/bobo-balloon-globos-burbuja\\\/#breadcrumb\"},\"inLanguage\":\"es\",\"potentialAction\":[{\"@type\":\"ReadAction\",\"target\":[\"https:\\\/\\\/tonysourcing.com\\\/wholesale\\\/bobo-balloon-globos-burbuja\\\/\"]}]},{\"@type\":\"ImageObject\",\"inLanguage\":\"es\",\"@id\":\"https:\\\/\\\/tonysourcing.com\\\/wholesale\\\/bobo-balloon-globos-burbuja\\\/#primaryimage\",\"url\":\"https:\\\/\\\/tonysourcing.com\\\/wp-content\\\/uploads\\\/2023\\\/06\\\/cgi-bin_mmwebwx-bin_webwxgetmsgimg___MsgID_2470101096269236107_skey__crypt_67148db4_404f97685cf6bea5a50448462dc13f3f_mmweb_appid_wx_webfilehelper-removebg-preview.png\",\"contentUrl\":\"https:\\\/\\\/tonysourcing.com\\\/wp-content\\\/uploads\\\/2023\\\/06\\\/cgi-bin_mmwebwx-bin_webwxgetmsgimg___MsgID_2470101096269236107_skey__crypt_67148db4_404f97685cf6bea5a50448462dc13f3f_mmweb_appid_wx_webfilehelper-removebg-preview.png\",\"width\":496,\"height\":503,\"caption\":\"bobo balloon globos burbuja\"},{\"@type\":\"BreadcrumbList\",\"@id\":\"https:\\\/\\\/tonysourcing.com\\\/wholesale\\\/bobo-balloon-globos-burbuja\\\/#breadcrumb\",\"itemListElement\":[{\"@type\":\"ListItem\",\"position\":1,\"name\":\"Home\",\"item\":\"https:\\\/\\\/tonysourcing.com\\\/\"},{\"@type\":\"ListItem\",\"position\":2,\"name\":\"Wholesale\",\"item\":\"https:\\\/\\\/tonysourcing.com\\\/wholesale\\\/\"},{\"@type\":\"ListItem\",\"position\":3,\"name\":\"BoBo Balloon Globos Burbuja\"}]},{\"@type\":\"WebSite\",\"@id\":\"https:\\\/\\\/tonysourcing.com\\\/#website\",\"url\":\"https:\\\/\\\/tonysourcing.com\\\/\",\"name\":\"TonySourcing\",\"description\":\"Toys Wholesale Distributor &amp; China Promition Items\",\"publisher\":{\"@id\":\"https:\\\/\\\/tonysourcing.com\\\/#organization\"},\"potentialAction\":[{\"@type\":\"SearchAction\",\"target\":{\"@type\":\"EntryPoint\",\"urlTemplate\":\"https:\\\/\\\/tonysourcing.com\\\/?s={search_term_string}\"},\"query-input\":{\"@type\":\"PropertyValueSpecification\",\"valueRequired\":true,\"valueName\":\"search_term_string\"}}],\"inLanguage\":\"es\"},{\"@type\":\"Organization\",\"@id\":\"https:\\\/\\\/tonysourcing.com\\\/#organization\",\"name\":\"Yiwu Zongge\",\"url\":\"https:\\\/\\\/tonysourcing.com\\\/\",\"logo\":{\"@type\":\"ImageObject\",\"inLanguage\":\"es\",\"@id\":\"https:\\\/\\\/tonysourcing.com\\\/#\\\/schema\\\/logo\\\/image\\\/\",\"url\":\"https:\\\/\\\/tonysourcing.com\\\/wp-content\\\/uploads\\\/2021\\\/07\\\/cropped-TonySourcing-logo-1.png\",\"contentUrl\":\"https:\\\/\\\/tonysourcing.com\\\/wp-content\\\/uploads\\\/2021\\\/07\\\/cropped-TonySourcing-logo-1.png\",\"width\":300,\"height\":92,\"caption\":\"Yiwu Zongge\"},\"image\":{\"@id\":\"https:\\\/\\\/tonysourcing.com\\\/#\\\/schema\\\/logo\\\/image\\\/\"},\"sameAs\":[\"https:\\\/\\\/www.facebook.com\\\/TonySourcing\",\"https:\\\/\\\/x.com\\\/TonySourcing\",\"https:\\\/\\\/www.instagram.com\\\/tony_sourcing\\\/\",\"http:\\\/\\\/www.linkedin.com\\\/in\\\/tonychen88\",\"https:\\\/\\\/www.youtube.com\\\/channel\\\/UCZfST1M-NDoqjQ3dB-Tzszg\"]}]}<\/script>\n<!-- \/ Yoast SEO plugin. -->","yoast_head_json":{"title":"Globos BoBo Burbuja - Importaci\u00f3n directa del fabricante","description":"Importe Globos Burbuja BoBo del fabricante chino, buen producto y buen precio, contacte con TonySourcing para obtener el cat\u00e1logo hoy","robots":{"index":"index","follow":"follow","max-snippet":"max-snippet:-1","max-image-preview":"max-image-preview:large","max-video-preview":"max-video-preview:-1"},"canonical":"https:\/\/tonysourcing.com\/es\/al-por-mayor\/globo-bobo-globos-burbuja\/","og_locale":"es_ES","og_type":"article","og_title":"BoBo Balloon Globos Burbuja - Import Directly From Manufacturer","og_description":"Import BoBo Balloon Globos Burbuja from China Manufacturer, Good Product and Good Price, Contact TonySourcing for Catalog today","og_url":"https:\/\/tonysourcing.com\/es\/al-por-mayor\/globo-bobo-globos-burbuja\/","og_site_name":"TonySourcing","article_publisher":"https:\/\/www.facebook.com\/TonySourcing","article_modified_time":"2023-06-01T03:52:52+00:00","og_image":[{"width":496,"height":503,"url":"https:\/\/tonysourcing.com\/wp-content\/uploads\/2023\/06\/cgi-bin_mmwebwx-bin_webwxgetmsgimg___MsgID_2470101096269236107_skey__crypt_67148db4_404f97685cf6bea5a50448462dc13f3f_mmweb_appid_wx_webfilehelper-removebg-preview.png","type":"image\/png"}],"twitter_card":"summary_large_image","twitter_site":"@TonySourcing","twitter_misc":{"Tiempo de lectura":"2 minutos"},"schema":{"@context":"https:\/\/schema.org","@graph":[{"@type":"WebPage","@id":"https:\/\/tonysourcing.com\/wholesale\/bobo-balloon-globos-burbuja\/","url":"https:\/\/tonysourcing.com\/wholesale\/bobo-balloon-globos-burbuja\/","name":"Globos BoBo Burbuja - Importaci\u00f3n directa del fabricante","isPartOf":{"@id":"https:\/\/tonysourcing.com\/#website"},"primaryImageOfPage":{"@id":"https:\/\/tonysourcing.com\/wholesale\/bobo-balloon-globos-burbuja\/#primaryimage"},"image":{"@id":"https:\/\/tonysourcing.com\/wholesale\/bobo-balloon-globos-burbuja\/#primaryimage"},"thumbnailUrl":"https:\/\/tonysourcing.com\/wp-content\/uploads\/2023\/06\/cgi-bin_mmwebwx-bin_webwxgetmsgimg___MsgID_2470101096269236107_skey__crypt_67148db4_404f97685cf6bea5a50448462dc13f3f_mmweb_appid_wx_webfilehelper-removebg-preview.png","datePublished":"2023-06-01T03:45:13+00:00","dateModified":"2023-06-01T03:52:52+00:00","description":"Importe Globos Burbuja BoBo del fabricante chino, buen producto y buen precio, contacte con TonySourcing para obtener el cat\u00e1logo hoy","breadcrumb":{"@id":"https:\/\/tonysourcing.com\/wholesale\/bobo-balloon-globos-burbuja\/#breadcrumb"},"inLanguage":"es","potentialAction":[{"@type":"ReadAction","target":["https:\/\/tonysourcing.com\/wholesale\/bobo-balloon-globos-burbuja\/"]}]},{"@type":"ImageObject","inLanguage":"es","@id":"https:\/\/tonysourcing.com\/wholesale\/bobo-balloon-globos-burbuja\/#primaryimage","url":"https:\/\/tonysourcing.com\/wp-content\/uploads\/2023\/06\/cgi-bin_mmwebwx-bin_webwxgetmsgimg___MsgID_2470101096269236107_skey__crypt_67148db4_404f97685cf6bea5a50448462dc13f3f_mmweb_appid_wx_webfilehelper-removebg-preview.png","contentUrl":"https:\/\/tonysourcing.com\/wp-content\/uploads\/2023\/06\/cgi-bin_mmwebwx-bin_webwxgetmsgimg___MsgID_2470101096269236107_skey__crypt_67148db4_404f97685cf6bea5a50448462dc13f3f_mmweb_appid_wx_webfilehelper-removebg-preview.png","width":496,"height":503,"caption":"bobo balloon globos burbuja"},{"@type":"BreadcrumbList","@id":"https:\/\/tonysourcing.com\/wholesale\/bobo-balloon-globos-burbuja\/#breadcrumb","itemListElement":[{"@type":"ListItem","position":1,"name":"Home","item":"https:\/\/tonysourcing.com\/"},{"@type":"ListItem","position":2,"name":"Wholesale","item":"https:\/\/tonysourcing.com\/wholesale\/"},{"@type":"ListItem","position":3,"name":"BoBo Balloon Globos Burbuja"}]},{"@type":"WebSite","@id":"https:\/\/tonysourcing.com\/#website","url":"https:\/\/tonysourcing.com\/","name":"TonySourcing","description":"Distribuidor mayorista de juguetes y art\u00edculos en promoci\u00f3n en China","publisher":{"@id":"https:\/\/tonysourcing.com\/#organization"},"potentialAction":[{"@type":"SearchAction","target":{"@type":"EntryPoint","urlTemplate":"https:\/\/tonysourcing.com\/?s={search_term_string}"},"query-input":{"@type":"PropertyValueSpecification","valueRequired":true,"valueName":"search_term_string"}}],"inLanguage":"es"},{"@type":"Organization","@id":"https:\/\/tonysourcing.com\/#organization","name":"Yiwu Zongge","url":"https:\/\/tonysourcing.com\/","logo":{"@type":"ImageObject","inLanguage":"es","@id":"https:\/\/tonysourcing.com\/#\/schema\/logo\/image\/","url":"https:\/\/tonysourcing.com\/wp-content\/uploads\/2021\/07\/cropped-TonySourcing-logo-1.png","contentUrl":"https:\/\/tonysourcing.com\/wp-content\/uploads\/2021\/07\/cropped-TonySourcing-logo-1.png","width":300,"height":92,"caption":"Yiwu Zongge"},"image":{"@id":"https:\/\/tonysourcing.com\/#\/schema\/logo\/image\/"},"sameAs":["https:\/\/www.facebook.com\/TonySourcing","https:\/\/x.com\/TonySourcing","https:\/\/www.instagram.com\/tony_sourcing\/","http:\/\/www.linkedin.com\/in\/tonychen88","https:\/\/www.youtube.com\/channel\/UCZfST1M-NDoqjQ3dB-Tzszg"]}]}},"_links":{"self":[{"href":"https:\/\/tonysourcing.com\/es\/wp-json\/wp\/v2\/product\/18347","targetHints":{"allow":["GET"]}}],"collection":[{"href":"https:\/\/tonysourcing.com\/es\/wp-json\/wp\/v2\/product"}],"about":[{"href":"https:\/\/tonysourcing.com\/es\/wp-json\/wp\/v2\/types\/product"}],"version-history":[{"count":1,"href":"https:\/\/tonysourcing.com\/es\/wp-json\/wp\/v2\/product\/18347\/revisions"}],"predecessor-version":[{"id":18359,"href":"https:\/\/tonysourcing.com\/es\/wp-json\/wp\/v2\/product\/18347\/revisions\/18359"}],"wp:featuredmedia":[{"embeddable":true,"href":"https:\/\/tonysourcing.com\/es\/wp-json\/wp\/v2\/media\/18358"}],"wp:attachment":[{"href":"https:\/\/tonysourcing.com\/es\/wp-json\/wp\/v2\/media?parent=18347"}],"wp:term":[{"taxonomy":"product_brand","embeddable":true,"href":"https:\/\/tonysourcing.com\/es\/wp-json\/wp\/v2\/product_brand?post=18347"},{"taxonomy":"product_cat","embeddable":true,"href":"https:\/\/tonysourcing.com\/es\/wp-json\/wp\/v2\/product_cat?post=18347"},{"taxonomy":"product_tag","embeddable":true,"href":"https:\/\/tonysourcing.com\/es\/wp-json\/wp\/v2\/product_tag?post=18347"}],"curies":[{"name":"gracias","href":"https:\/\/api.w.org\/{rel}","templated":true}]}}