{"id":18360,"date":"2023-06-01T06:46:22","date_gmt":"2023-06-01T06:46:22","guid":{"rendered":"https:\/\/tonysourcing.com\/?post_type=product&#038;p=18360"},"modified":"2023-06-01T07:01:02","modified_gmt":"2023-06-01T07:01:02","slug":"balloon-arch-garlands","status":"publish","type":"product","link":"https:\/\/tonysourcing.com\/es\/wholesale\/balloon-arch-garlands\/","title":{"rendered":"Guirnaldas de arcos de globos"},"content":{"rendered":"<p><img fetchpriority=\"high\" decoding=\"async\" class=\"alignnone wp-image-18180 size-large\" src=\"https:\/\/tonysourcing.com\/wp-content\/uploads\/2023\/05\/H448ea90e0ee8477d95f3905c4ac5b331m-800x604.jpg\" alt=\"\" width=\"800\" height=\"604\" srcset=\"https:\/\/tonysourcing.com\/wp-content\/uploads\/2023\/05\/H448ea90e0ee8477d95f3905c4ac5b331m-800x604.jpg 800w, https:\/\/tonysourcing.com\/wp-content\/uploads\/2023\/05\/H448ea90e0ee8477d95f3905c4ac5b331m-300x227.jpg 300w, https:\/\/tonysourcing.com\/wp-content\/uploads\/2023\/05\/H448ea90e0ee8477d95f3905c4ac5b331m-768x580.jpg 768w, https:\/\/tonysourcing.com\/wp-content\/uploads\/2023\/05\/H448ea90e0ee8477d95f3905c4ac5b331m-600x453.jpg 600w, https:\/\/tonysourcing.com\/wp-content\/uploads\/2023\/05\/H448ea90e0ee8477d95f3905c4ac5b331m.jpg 1000w\" sizes=\"(max-width: 800px) 100vw, 800px\" \/><img decoding=\"async\" class=\"alignnone wp-image-18181 size-large\" src=\"https:\/\/tonysourcing.com\/wp-content\/uploads\/2023\/05\/H850bcf35ce5a481a8db5841b8cef2c4aw-800x546.jpg\" alt=\"\" width=\"800\" height=\"546\" srcset=\"https:\/\/tonysourcing.com\/wp-content\/uploads\/2023\/05\/H850bcf35ce5a481a8db5841b8cef2c4aw-800x546.jpg 800w, https:\/\/tonysourcing.com\/wp-content\/uploads\/2023\/05\/H850bcf35ce5a481a8db5841b8cef2c4aw-300x205.jpg 300w, https:\/\/tonysourcing.com\/wp-content\/uploads\/2023\/05\/H850bcf35ce5a481a8db5841b8cef2c4aw-768x524.jpg 768w, https:\/\/tonysourcing.com\/wp-content\/uploads\/2023\/05\/H850bcf35ce5a481a8db5841b8cef2c4aw-600x409.jpg 600w, https:\/\/tonysourcing.com\/wp-content\/uploads\/2023\/05\/H850bcf35ce5a481a8db5841b8cef2c4aw.jpg 1000w\" sizes=\"(max-width: 800px) 100vw, 800px\" \/><img decoding=\"async\" class=\"alignnone wp-image-18178 size-large\" src=\"https:\/\/tonysourcing.com\/wp-content\/uploads\/2023\/05\/H6c744bfddc044f2ba9fcb092fcac1660F-785x800.jpg\" alt=\"\" width=\"785\" height=\"800\" srcset=\"https:\/\/tonysourcing.com\/wp-content\/uploads\/2023\/05\/H6c744bfddc044f2ba9fcb092fcac1660F-785x800.jpg 785w, https:\/\/tonysourcing.com\/wp-content\/uploads\/2023\/05\/H6c744bfddc044f2ba9fcb092fcac1660F-294x300.jpg 294w, https:\/\/tonysourcing.com\/wp-content\/uploads\/2023\/05\/H6c744bfddc044f2ba9fcb092fcac1660F-768x783.jpg 768w, https:\/\/tonysourcing.com\/wp-content\/uploads\/2023\/05\/H6c744bfddc044f2ba9fcb092fcac1660F-600x611.jpg 600w, https:\/\/tonysourcing.com\/wp-content\/uploads\/2023\/05\/H6c744bfddc044f2ba9fcb092fcac1660F.jpg 1000w\" sizes=\"(max-width: 785px) 100vw, 785px\" \/><\/p>\n<p><img loading=\"lazy\" decoding=\"async\" class=\"alignnone wp-image-18179 size-large\" src=\"https:\/\/tonysourcing.com\/wp-content\/uploads\/2023\/05\/H9dfb32f213184a34adb3e05737d0e9ae6-553x800.jpg\" alt=\"\" width=\"553\" height=\"800\" srcset=\"https:\/\/tonysourcing.com\/wp-content\/uploads\/2023\/05\/H9dfb32f213184a34adb3e05737d0e9ae6-553x800.jpg 553w, https:\/\/tonysourcing.com\/wp-content\/uploads\/2023\/05\/H9dfb32f213184a34adb3e05737d0e9ae6-207x300.jpg 207w, https:\/\/tonysourcing.com\/wp-content\/uploads\/2023\/05\/H9dfb32f213184a34adb3e05737d0e9ae6-768x1111.jpg 768w, https:\/\/tonysourcing.com\/wp-content\/uploads\/2023\/05\/H9dfb32f213184a34adb3e05737d0e9ae6-600x868.jpg 600w, https:\/\/tonysourcing.com\/wp-content\/uploads\/2023\/05\/H9dfb32f213184a34adb3e05737d0e9ae6.jpg 1000w\" sizes=\"(max-width: 553px) 100vw, 553px\" \/><\/p>\n<p><img loading=\"lazy\" decoding=\"async\" class=\"alignnone size-full wp-image-18187\" src=\"https:\/\/tonysourcing.com\/wp-content\/uploads\/2023\/05\/H85f3579a2e3a4d5ab5d4a2a56975fcb8F.jpg\" alt=\"\" width=\"750\" height=\"726\" \/><img loading=\"lazy\" decoding=\"async\" class=\"alignnone size-full wp-image-18188\" src=\"https:\/\/tonysourcing.com\/wp-content\/uploads\/2023\/05\/H57236eb7d25847c68bc999a215e45469m.jpg\" alt=\"\" width=\"750\" height=\"662\" \/><\/p>\n<p>&nbsp;<\/p>\n<table class=\"hight-light-first-column all magic-1\" style=\"height: 356px\" width=\"756\">\n<tbody>\n<tr>\n<td colspan=\"1\" rowspan=\"1\">\n<div class=\"magic-2\" data-spm-anchor-id=\"a2700.details.0.i46.65616a62QueSyz\">\n<div class=\"magic-3\" data-spm-anchor-id=\"a2700.siteadmin.0.i4.6cd5ac40jsRn3t\"><span class=\"magic-4\">Material<\/span><\/div>\n<\/div>\n<\/td>\n<td colspan=\"1\" rowspan=\"1\">\n<div class=\"magic-5\" data-spm-anchor-id=\"a2700.details.0.i45.65616a62QueSyz\"><span class=\"magic-4\">L\u00e1mina de aluminio\u00a0<\/span><\/div>\n<\/td>\n<\/tr>\n<tr>\n<td colspan=\"1\" rowspan=\"1\">\n<div class=\"magic-2\">\n<div class=\"magic-3\"><span class=\"magic-4\">Color<\/span><\/div>\n<\/div>\n<\/td>\n<td colspan=\"1\" rowspan=\"1\">\n<div class=\"magic-5\"><span class=\"magic-4\">Como en la imagen<\/span><\/div>\n<\/td>\n<\/tr>\n<tr>\n<td colspan=\"1\" rowspan=\"1\">\n<div class=\"magic-2\">\n<div class=\"magic-3\"><span class=\"magic-4\">Embalaje<\/span><\/div>\n<\/div>\n<\/td>\n<td colspan=\"1\" rowspan=\"1\">\n<div class=\"magic-5\"><span class=\"magic-4\">1000 piezas<\/span><\/div>\n<\/td>\n<\/tr>\n<tr>\n<td colspan=\"1\" rowspan=\"1\">Tama\u00f1o<\/td>\n<td colspan=\"1\" rowspan=\"1\"><span class=\"magic-6\" data-spm-anchor-id=\"a2700.pc-decorate.0.i2.6c643333H2Q7rt\">72\u00d777cm (<\/span>medido antes de la inflaci\u00f3n)<\/td>\n<\/tr>\n<tr>\n<td colspan=\"1\" rowspan=\"1\"><span class=\"attr-name J-attr-name\" title=\"Gas de llenado\">Gas de llenado<\/span><\/td>\n<td colspan=\"1\" rowspan=\"1\">Aire normal<\/td>\n<\/tr>\n<tr>\n<td colspan=\"1\" rowspan=\"1\"><span class=\"attr-name J-attr-name\" title=\"Gas de llenado\">Diferencia de color<\/span><\/td>\n<td colspan=\"1\" rowspan=\"1\">Dependiendo del entorno en el que se encuentre el globo, este reflejar\u00e1 un brillo y un tono de color diferentes. Por ejemplo, en interiores, exteriores, nublados o soleados, la percepci\u00f3n del color del mismo globo variar\u00e1. Es inevitable que haya una ligera diferencia de color entre el objeto y la imagen debido a la influencia de la pantalla y la c\u00e1mara.<\/td>\n<\/tr>\n<tr>\n<td colspan=\"1\" rowspan=\"1\">\n<div class=\"magic-2\">\n<div class=\"magic-3\" data-spm-anchor-id=\"a2700.pc-decorate.0.i4.5b123333yggaj2\"><span class=\"magic-4\">\u00a0<\/span><\/div>\n<\/div>\n<\/td>\n<td colspan=\"1\" rowspan=\"1\">Para que tus decoraciones sean llamativas, \u00a1considera usar un globo gigante inflado! Esta decoraci\u00f3n festiva es el centro de mesa perfecto para Halloween; col\u00f3calo en el suelo o comb\u00ednalo con otros art\u00edculos. El globo Airloonz se infla con una bomba para globos o la pajita incluida, \u00a1sin necesidad de helio! Dale un toque de color a tu fiesta con este globo vibrante y autoportante.<\/td>\n<\/tr>\n<\/tbody>\n<\/table>","protected":false},"excerpt":{"rendered":"<p>Art\u00edculo n.\u00b0: 501H<\/p>","protected":false},"featured_media":18361,"template":"","meta":{"_kad_post_transparent":"","_kad_post_title":"","_kad_post_layout":"","_kad_post_sidebar_id":"","_kad_post_content_style":"","_kad_post_vertical_padding":"","_kad_post_feature":"","_kad_post_feature_position":"","_kad_post_header":false,"_kad_post_footer":false},"product_brand":[],"product_cat":[997,998],"product_tag":[1032,1675],"class_list":{"0":"post-18360","1":"product","2":"type-product","3":"status-publish","4":"has-post-thumbnail","6":"product_cat-party-supplies-wholesale","7":"product_cat-balloon","8":"product_tag-balloon-arch-kit","9":"product_tag-latex-balloon","11":"first","12":"instock","13":"shipping-taxable","14":"product-type-simple","15":"entry","16":"content-bg","17":"loop-entry"},"yoast_head":"<!-- This site is optimized with the Yoast SEO plugin v27.3 - https:\/\/yoast.com\/product\/yoast-seo-wordpress\/ -->\n<title>Balloon Arch Garlands - Import Directly From China Manufacturer<\/title>\n<meta name=\"description\" content=\"Import Balloon Arch Garlands from China Manufacturer, Good Product and Good Price, Contact TonySourcing for Catalog today\" \/>\n<meta name=\"robots\" content=\"index, follow, max-snippet:-1, max-image-preview:large, max-video-preview:-1\" \/>\n<link rel=\"canonical\" href=\"https:\/\/tonysourcing.com\/es\/al-por-mayor\/balloon-arch-garlands\/\" \/>\n<meta property=\"og:locale\" content=\"es_ES\" \/>\n<meta property=\"og:type\" content=\"article\" \/>\n<meta property=\"og:title\" content=\"Balloon Arch Garlands - Import Directly From China Manufacturer\" \/>\n<meta property=\"og:description\" content=\"Import Balloon Arch Garlands from China Manufacturer, Good Product and Good Price, Contact TonySourcing for Catalog today\" \/>\n<meta property=\"og:url\" content=\"https:\/\/tonysourcing.com\/es\/al-por-mayor\/balloon-arch-garlands\/\" \/>\n<meta property=\"og:site_name\" content=\"TonySourcing\" \/>\n<meta property=\"article:publisher\" content=\"https:\/\/www.facebook.com\/TonySourcing\" \/>\n<meta property=\"article:modified_time\" content=\"2023-06-01T07:01:02+00:00\" \/>\n<meta property=\"og:image\" content=\"https:\/\/tonysourcing.com\/wp-content\/uploads\/2023\/06\/Balloon-Arch-Garlands-1.png\" \/>\n\t<meta property=\"og:image:width\" content=\"588\" \/>\n\t<meta property=\"og:image:height\" content=\"425\" \/>\n\t<meta property=\"og:image:type\" content=\"image\/png\" \/>\n<meta name=\"twitter:card\" content=\"summary_large_image\" \/>\n<meta name=\"twitter:site\" content=\"@TonySourcing\" \/>\n<meta name=\"twitter:label1\" content=\"Tiempo de lectura\" \/>\n\t<meta name=\"twitter:data1\" content=\"2 minutos\" \/>\n<script type=\"application\/ld+json\" class=\"yoast-schema-graph\">{\"@context\":\"https:\\\/\\\/schema.org\",\"@graph\":[{\"@type\":\"WebPage\",\"@id\":\"https:\\\/\\\/tonysourcing.com\\\/wholesale\\\/balloon-arch-garlands\\\/\",\"url\":\"https:\\\/\\\/tonysourcing.com\\\/wholesale\\\/balloon-arch-garlands\\\/\",\"name\":\"Balloon Arch Garlands - Import Directly From China Manufacturer\",\"isPartOf\":{\"@id\":\"https:\\\/\\\/tonysourcing.com\\\/#website\"},\"primaryImageOfPage\":{\"@id\":\"https:\\\/\\\/tonysourcing.com\\\/wholesale\\\/balloon-arch-garlands\\\/#primaryimage\"},\"image\":{\"@id\":\"https:\\\/\\\/tonysourcing.com\\\/wholesale\\\/balloon-arch-garlands\\\/#primaryimage\"},\"thumbnailUrl\":\"https:\\\/\\\/tonysourcing.com\\\/wp-content\\\/uploads\\\/2023\\\/06\\\/Balloon-Arch-Garlands-1.png\",\"datePublished\":\"2023-06-01T06:46:22+00:00\",\"dateModified\":\"2023-06-01T07:01:02+00:00\",\"description\":\"Import Balloon Arch Garlands from China Manufacturer, Good Product and Good Price, Contact TonySourcing for Catalog today\",\"breadcrumb\":{\"@id\":\"https:\\\/\\\/tonysourcing.com\\\/wholesale\\\/balloon-arch-garlands\\\/#breadcrumb\"},\"inLanguage\":\"es\",\"potentialAction\":[{\"@type\":\"ReadAction\",\"target\":[\"https:\\\/\\\/tonysourcing.com\\\/wholesale\\\/balloon-arch-garlands\\\/\"]}]},{\"@type\":\"ImageObject\",\"inLanguage\":\"es\",\"@id\":\"https:\\\/\\\/tonysourcing.com\\\/wholesale\\\/balloon-arch-garlands\\\/#primaryimage\",\"url\":\"https:\\\/\\\/tonysourcing.com\\\/wp-content\\\/uploads\\\/2023\\\/06\\\/Balloon-Arch-Garlands-1.png\",\"contentUrl\":\"https:\\\/\\\/tonysourcing.com\\\/wp-content\\\/uploads\\\/2023\\\/06\\\/Balloon-Arch-Garlands-1.png\",\"width\":588,\"height\":425,\"caption\":\"Balloon Arch Garlands\"},{\"@type\":\"BreadcrumbList\",\"@id\":\"https:\\\/\\\/tonysourcing.com\\\/wholesale\\\/balloon-arch-garlands\\\/#breadcrumb\",\"itemListElement\":[{\"@type\":\"ListItem\",\"position\":1,\"name\":\"Home\",\"item\":\"https:\\\/\\\/tonysourcing.com\\\/\"},{\"@type\":\"ListItem\",\"position\":2,\"name\":\"Wholesale\",\"item\":\"https:\\\/\\\/tonysourcing.com\\\/wholesale\\\/\"},{\"@type\":\"ListItem\",\"position\":3,\"name\":\"Balloon Arch Garlands\"}]},{\"@type\":\"WebSite\",\"@id\":\"https:\\\/\\\/tonysourcing.com\\\/#website\",\"url\":\"https:\\\/\\\/tonysourcing.com\\\/\",\"name\":\"TonySourcing\",\"description\":\"Toys Wholesale Distributor &amp; China Promition Items\",\"publisher\":{\"@id\":\"https:\\\/\\\/tonysourcing.com\\\/#organization\"},\"potentialAction\":[{\"@type\":\"SearchAction\",\"target\":{\"@type\":\"EntryPoint\",\"urlTemplate\":\"https:\\\/\\\/tonysourcing.com\\\/?s={search_term_string}\"},\"query-input\":{\"@type\":\"PropertyValueSpecification\",\"valueRequired\":true,\"valueName\":\"search_term_string\"}}],\"inLanguage\":\"es\"},{\"@type\":\"Organization\",\"@id\":\"https:\\\/\\\/tonysourcing.com\\\/#organization\",\"name\":\"Yiwu Zongge\",\"url\":\"https:\\\/\\\/tonysourcing.com\\\/\",\"logo\":{\"@type\":\"ImageObject\",\"inLanguage\":\"es\",\"@id\":\"https:\\\/\\\/tonysourcing.com\\\/#\\\/schema\\\/logo\\\/image\\\/\",\"url\":\"https:\\\/\\\/tonysourcing.com\\\/wp-content\\\/uploads\\\/2021\\\/07\\\/cropped-TonySourcing-logo-1.png\",\"contentUrl\":\"https:\\\/\\\/tonysourcing.com\\\/wp-content\\\/uploads\\\/2021\\\/07\\\/cropped-TonySourcing-logo-1.png\",\"width\":300,\"height\":92,\"caption\":\"Yiwu Zongge\"},\"image\":{\"@id\":\"https:\\\/\\\/tonysourcing.com\\\/#\\\/schema\\\/logo\\\/image\\\/\"},\"sameAs\":[\"https:\\\/\\\/www.facebook.com\\\/TonySourcing\",\"https:\\\/\\\/x.com\\\/TonySourcing\",\"https:\\\/\\\/www.instagram.com\\\/tony_sourcing\\\/\",\"http:\\\/\\\/www.linkedin.com\\\/in\\\/tonychen88\",\"https:\\\/\\\/www.youtube.com\\\/channel\\\/UCZfST1M-NDoqjQ3dB-Tzszg\"]}]}<\/script>\n<!-- \/ Yoast SEO plugin. -->","yoast_head_json":{"title":"Balloon Arch Garlands - Import Directly From China Manufacturer","description":"Import Balloon Arch Garlands from China Manufacturer, Good Product and Good Price, Contact TonySourcing for Catalog today","robots":{"index":"index","follow":"follow","max-snippet":"max-snippet:-1","max-image-preview":"max-image-preview:large","max-video-preview":"max-video-preview:-1"},"canonical":"https:\/\/tonysourcing.com\/es\/al-por-mayor\/balloon-arch-garlands\/","og_locale":"es_ES","og_type":"article","og_title":"Balloon Arch Garlands - Import Directly From China Manufacturer","og_description":"Import Balloon Arch Garlands from China Manufacturer, Good Product and Good Price, Contact TonySourcing for Catalog today","og_url":"https:\/\/tonysourcing.com\/es\/al-por-mayor\/balloon-arch-garlands\/","og_site_name":"TonySourcing","article_publisher":"https:\/\/www.facebook.com\/TonySourcing","article_modified_time":"2023-06-01T07:01:02+00:00","og_image":[{"width":588,"height":425,"url":"https:\/\/tonysourcing.com\/wp-content\/uploads\/2023\/06\/Balloon-Arch-Garlands-1.png","type":"image\/png"}],"twitter_card":"summary_large_image","twitter_site":"@TonySourcing","twitter_misc":{"Tiempo de lectura":"2 minutos"},"schema":{"@context":"https:\/\/schema.org","@graph":[{"@type":"WebPage","@id":"https:\/\/tonysourcing.com\/wholesale\/balloon-arch-garlands\/","url":"https:\/\/tonysourcing.com\/wholesale\/balloon-arch-garlands\/","name":"Balloon Arch Garlands - Import Directly From China Manufacturer","isPartOf":{"@id":"https:\/\/tonysourcing.com\/#website"},"primaryImageOfPage":{"@id":"https:\/\/tonysourcing.com\/wholesale\/balloon-arch-garlands\/#primaryimage"},"image":{"@id":"https:\/\/tonysourcing.com\/wholesale\/balloon-arch-garlands\/#primaryimage"},"thumbnailUrl":"https:\/\/tonysourcing.com\/wp-content\/uploads\/2023\/06\/Balloon-Arch-Garlands-1.png","datePublished":"2023-06-01T06:46:22+00:00","dateModified":"2023-06-01T07:01:02+00:00","description":"Import Balloon Arch Garlands from China Manufacturer, Good Product and Good Price, Contact TonySourcing for Catalog today","breadcrumb":{"@id":"https:\/\/tonysourcing.com\/wholesale\/balloon-arch-garlands\/#breadcrumb"},"inLanguage":"es","potentialAction":[{"@type":"ReadAction","target":["https:\/\/tonysourcing.com\/wholesale\/balloon-arch-garlands\/"]}]},{"@type":"ImageObject","inLanguage":"es","@id":"https:\/\/tonysourcing.com\/wholesale\/balloon-arch-garlands\/#primaryimage","url":"https:\/\/tonysourcing.com\/wp-content\/uploads\/2023\/06\/Balloon-Arch-Garlands-1.png","contentUrl":"https:\/\/tonysourcing.com\/wp-content\/uploads\/2023\/06\/Balloon-Arch-Garlands-1.png","width":588,"height":425,"caption":"Balloon Arch Garlands"},{"@type":"BreadcrumbList","@id":"https:\/\/tonysourcing.com\/wholesale\/balloon-arch-garlands\/#breadcrumb","itemListElement":[{"@type":"ListItem","position":1,"name":"Home","item":"https:\/\/tonysourcing.com\/"},{"@type":"ListItem","position":2,"name":"Wholesale","item":"https:\/\/tonysourcing.com\/wholesale\/"},{"@type":"ListItem","position":3,"name":"Balloon Arch Garlands"}]},{"@type":"WebSite","@id":"https:\/\/tonysourcing.com\/#website","url":"https:\/\/tonysourcing.com\/","name":"TonySourcing","description":"Distribuidor mayorista de juguetes y art\u00edculos en promoci\u00f3n en China","publisher":{"@id":"https:\/\/tonysourcing.com\/#organization"},"potentialAction":[{"@type":"SearchAction","target":{"@type":"EntryPoint","urlTemplate":"https:\/\/tonysourcing.com\/?s={search_term_string}"},"query-input":{"@type":"PropertyValueSpecification","valueRequired":true,"valueName":"search_term_string"}}],"inLanguage":"es"},{"@type":"Organization","@id":"https:\/\/tonysourcing.com\/#organization","name":"Yiwu Zongge","url":"https:\/\/tonysourcing.com\/","logo":{"@type":"ImageObject","inLanguage":"es","@id":"https:\/\/tonysourcing.com\/#\/schema\/logo\/image\/","url":"https:\/\/tonysourcing.com\/wp-content\/uploads\/2021\/07\/cropped-TonySourcing-logo-1.png","contentUrl":"https:\/\/tonysourcing.com\/wp-content\/uploads\/2021\/07\/cropped-TonySourcing-logo-1.png","width":300,"height":92,"caption":"Yiwu Zongge"},"image":{"@id":"https:\/\/tonysourcing.com\/#\/schema\/logo\/image\/"},"sameAs":["https:\/\/www.facebook.com\/TonySourcing","https:\/\/x.com\/TonySourcing","https:\/\/www.instagram.com\/tony_sourcing\/","http:\/\/www.linkedin.com\/in\/tonychen88","https:\/\/www.youtube.com\/channel\/UCZfST1M-NDoqjQ3dB-Tzszg"]}]}},"_links":{"self":[{"href":"https:\/\/tonysourcing.com\/es\/wp-json\/wp\/v2\/product\/18360","targetHints":{"allow":["GET"]}}],"collection":[{"href":"https:\/\/tonysourcing.com\/es\/wp-json\/wp\/v2\/product"}],"about":[{"href":"https:\/\/tonysourcing.com\/es\/wp-json\/wp\/v2\/types\/product"}],"version-history":[{"count":1,"href":"https:\/\/tonysourcing.com\/es\/wp-json\/wp\/v2\/product\/18360\/revisions"}],"predecessor-version":[{"id":18363,"href":"https:\/\/tonysourcing.com\/es\/wp-json\/wp\/v2\/product\/18360\/revisions\/18363"}],"wp:featuredmedia":[{"embeddable":true,"href":"https:\/\/tonysourcing.com\/es\/wp-json\/wp\/v2\/media\/18361"}],"wp:attachment":[{"href":"https:\/\/tonysourcing.com\/es\/wp-json\/wp\/v2\/media?parent=18360"}],"wp:term":[{"taxonomy":"product_brand","embeddable":true,"href":"https:\/\/tonysourcing.com\/es\/wp-json\/wp\/v2\/product_brand?post=18360"},{"taxonomy":"product_cat","embeddable":true,"href":"https:\/\/tonysourcing.com\/es\/wp-json\/wp\/v2\/product_cat?post=18360"},{"taxonomy":"product_tag","embeddable":true,"href":"https:\/\/tonysourcing.com\/es\/wp-json\/wp\/v2\/product_tag?post=18360"}],"curies":[{"name":"gracias","href":"https:\/\/api.w.org\/{rel}","templated":true}]}}