{"id":19150,"date":"2023-07-17T13:23:37","date_gmt":"2023-07-17T13:23:37","guid":{"rendered":"https:\/\/tonysourcing.com\/?post_type=product&#038;p=19150"},"modified":"2023-07-17T13:57:14","modified_gmt":"2023-07-17T13:57:14","slug":"juguete-para-unas","status":"publish","type":"product","link":"https:\/\/tonysourcing.com\/es\/wholesale\/nail-toy\/","title":{"rendered":"Juguete para u\u00f1as"},"content":{"rendered":"<h1 style=\"text-align: center;\">La MEJOR colecci\u00f3n y suministro de juguetes para u\u00f1as<\/h1>\n<h2>\u00bfPor qu\u00e9 a las ni\u00f1as les gustan los juguetes para u\u00f1as?<\/h2>\n<p>Los juguetes para u\u00f1as permiten a las ni\u00f1as decorarse las u\u00f1as y divertirse. Sus diferentes dise\u00f1os les permiten sentir la alegr\u00eda de la belleza.<\/p>\n<p>&nbsp;<\/p>\n<h2>\u00bfPor qu\u00e9 Nail Toys?<\/h2>\n<ol>\n<li>El arte de u\u00f1as se puede utilizar para cubrir cualquier imperfecci\u00f3n en tus u\u00f1as.<\/li>\n<li>El arte de las u\u00f1as es una excelente manera de expresarte.<\/li>\n<li>Los dise\u00f1os de esmaltes de u\u00f1as son una forma muy f\u00e1cil de experimentar con colores de u\u00f1as sin pasar por servicios complicados de sal\u00f3n de u\u00f1as.<\/li>\n<li>\u00a1Son perfectos para cuando quieres cambiar de look en un instante!<\/li>\n<\/ol>\n<p>&nbsp;<\/p>\n<h2>Nuestro producto Juguetes para u\u00f1as<\/h2>\n<figure id=\"attachment_19155\" aria-describedby=\"caption-attachment-19155\" style=\"width: 1076px\" class=\"wp-caption aligncenter\"><img fetchpriority=\"high\" decoding=\"async\" class=\"size-full wp-image-19155\" src=\"https:\/\/tonysourcing.com\/wp-content\/uploads\/2023\/07\/nail-toys-catalog.png\" alt=\"cat\u00e1logo de juguetes para u\u00f1as\" width=\"1076\" height=\"944\" srcset=\"https:\/\/tonysourcing.com\/wp-content\/uploads\/2023\/07\/nail-toys-catalog.png 1076w, https:\/\/tonysourcing.com\/wp-content\/uploads\/2023\/07\/nail-toys-catalog-300x263.png 300w, https:\/\/tonysourcing.com\/wp-content\/uploads\/2023\/07\/nail-toys-catalog-800x702.png 800w, https:\/\/tonysourcing.com\/wp-content\/uploads\/2023\/07\/nail-toys-catalog-768x674.png 768w, https:\/\/tonysourcing.com\/wp-content\/uploads\/2023\/07\/nail-toys-catalog-600x526.png 600w\" sizes=\"(max-width: 1076px) 100vw, 1076px\" \/><figcaption id=\"caption-attachment-19155\" class=\"wp-caption-text\">cat\u00e1logo de juguetes para u\u00f1as<\/figcaption><\/figure>\n<figure id=\"attachment_19156\" aria-describedby=\"caption-attachment-19156\" style=\"width: 1069px\" class=\"wp-caption aligncenter\"><img decoding=\"async\" class=\"size-full wp-image-19156\" src=\"https:\/\/tonysourcing.com\/wp-content\/uploads\/2023\/07\/nail-toys-catalog-2.png\" alt=\"Cat\u00e1logo de juguetes para u\u00f1as-2\" width=\"1069\" height=\"943\" srcset=\"https:\/\/tonysourcing.com\/wp-content\/uploads\/2023\/07\/nail-toys-catalog-2.png 1069w, https:\/\/tonysourcing.com\/wp-content\/uploads\/2023\/07\/nail-toys-catalog-2-300x265.png 300w, https:\/\/tonysourcing.com\/wp-content\/uploads\/2023\/07\/nail-toys-catalog-2-800x706.png 800w, https:\/\/tonysourcing.com\/wp-content\/uploads\/2023\/07\/nail-toys-catalog-2-768x677.png 768w, https:\/\/tonysourcing.com\/wp-content\/uploads\/2023\/07\/nail-toys-catalog-2-600x529.png 600w\" sizes=\"(max-width: 1069px) 100vw, 1069px\" \/><figcaption id=\"caption-attachment-19156\" class=\"wp-caption-text\">Cat\u00e1logo de juguetes para u\u00f1as-2<\/figcaption><\/figure>","protected":false},"excerpt":{"rendered":"<p>N.\u00ba de art\u00edculo: TO20230717B<\/p>\n<p>Precio al por mayor:\u00a0<span style=\"color: #ff0000;\"><strong>0,9-0,11 TP4T\/Unidad<\/strong><\/span><\/p>\n<p>Precio de venta sugerido:<strong> <span style=\"color: #ff0000;\">5.99$<\/span><\/strong><\/p>","protected":false},"featured_media":19153,"template":"","meta":{"_kad_post_transparent":"","_kad_post_title":"","_kad_post_layout":"","_kad_post_sidebar_id":"","_kad_post_content_style":"","_kad_post_vertical_padding":"","_kad_post_feature":"","_kad_post_feature_position":"","_kad_post_header":false,"_kad_post_footer":false},"product_brand":[],"product_cat":[1580,662],"product_tag":[1676],"class_list":{"0":"post-19150","1":"product","2":"type-product","3":"status-publish","4":"has-post-thumbnail","6":"product_cat-craft-education","7":"product_cat-art-craft","8":"product_tag-nail-toy","10":"first","11":"instock","12":"featured","13":"shipping-taxable","14":"product-type-simple","15":"entry","16":"content-bg","17":"loop-entry"},"yoast_head":"<!-- This site is optimized with the Yoast SEO plugin v27.3 - https:\/\/yoast.com\/product\/yoast-seo-wordpress\/ -->\n<title>Nail Toy - Import Toys Wholesale Directly From Manufacturer<\/title>\n<meta name=\"description\" content=\"Import Nail Toy Wholesale from China Manufacturer, Good Product and Good Price, Contact TonySourcing for Catalog today. FREE SAMPLE\" \/>\n<meta name=\"robots\" content=\"index, follow, max-snippet:-1, max-image-preview:large, max-video-preview:-1\" \/>\n<link rel=\"canonical\" href=\"https:\/\/tonysourcing.com\/es\/al-por-mayor\/juguete-para-unas\/\" \/>\n<meta property=\"og:locale\" content=\"es_ES\" \/>\n<meta property=\"og:type\" content=\"article\" \/>\n<meta property=\"og:title\" content=\"Nail Toy - Import Toys Wholesale Directly From Manufacturer\" \/>\n<meta property=\"og:description\" content=\"Import Nail Toy Wholesale from China Manufacturer, Good Product and Good Price, Contact TonySourcing for Catalog today. FREE SAMPLE\" \/>\n<meta property=\"og:url\" content=\"https:\/\/tonysourcing.com\/es\/al-por-mayor\/juguete-para-unas\/\" \/>\n<meta property=\"og:site_name\" content=\"TonySourcing\" \/>\n<meta property=\"article:publisher\" content=\"https:\/\/www.facebook.com\/TonySourcing\" \/>\n<meta property=\"article:modified_time\" content=\"2023-07-17T13:57:14+00:00\" \/>\n<meta property=\"og:image\" content=\"https:\/\/tonysourcing.com\/wp-content\/uploads\/2023\/07\/nail-toy-.jpg\" \/>\n\t<meta property=\"og:image:width\" content=\"1615\" \/>\n\t<meta property=\"og:image:height\" content=\"1575\" \/>\n\t<meta property=\"og:image:type\" content=\"image\/jpeg\" \/>\n<meta name=\"twitter:card\" content=\"summary_large_image\" \/>\n<meta name=\"twitter:site\" content=\"@TonySourcing\" \/>\n<meta name=\"twitter:label1\" content=\"Tiempo de lectura\" \/>\n\t<meta name=\"twitter:data1\" content=\"1 minuto\" \/>\n<script type=\"application\/ld+json\" class=\"yoast-schema-graph\">{\"@context\":\"https:\\\/\\\/schema.org\",\"@graph\":[{\"@type\":\"WebPage\",\"@id\":\"https:\\\/\\\/tonysourcing.com\\\/wholesale\\\/nail-toy\\\/\",\"url\":\"https:\\\/\\\/tonysourcing.com\\\/wholesale\\\/nail-toy\\\/\",\"name\":\"Nail Toy - Import Toys Wholesale Directly From Manufacturer\",\"isPartOf\":{\"@id\":\"https:\\\/\\\/tonysourcing.com\\\/#website\"},\"primaryImageOfPage\":{\"@id\":\"https:\\\/\\\/tonysourcing.com\\\/wholesale\\\/nail-toy\\\/#primaryimage\"},\"image\":{\"@id\":\"https:\\\/\\\/tonysourcing.com\\\/wholesale\\\/nail-toy\\\/#primaryimage\"},\"thumbnailUrl\":\"https:\\\/\\\/tonysourcing.com\\\/wp-content\\\/uploads\\\/2023\\\/07\\\/nail-toy-.jpg\",\"datePublished\":\"2023-07-17T13:23:37+00:00\",\"dateModified\":\"2023-07-17T13:57:14+00:00\",\"description\":\"Import Nail Toy Wholesale from China Manufacturer, Good Product and Good Price, Contact TonySourcing for Catalog today. FREE SAMPLE\",\"breadcrumb\":{\"@id\":\"https:\\\/\\\/tonysourcing.com\\\/wholesale\\\/nail-toy\\\/#breadcrumb\"},\"inLanguage\":\"es\",\"potentialAction\":[{\"@type\":\"ReadAction\",\"target\":[\"https:\\\/\\\/tonysourcing.com\\\/wholesale\\\/nail-toy\\\/\"]}]},{\"@type\":\"ImageObject\",\"inLanguage\":\"es\",\"@id\":\"https:\\\/\\\/tonysourcing.com\\\/wholesale\\\/nail-toy\\\/#primaryimage\",\"url\":\"https:\\\/\\\/tonysourcing.com\\\/wp-content\\\/uploads\\\/2023\\\/07\\\/nail-toy-.jpg\",\"contentUrl\":\"https:\\\/\\\/tonysourcing.com\\\/wp-content\\\/uploads\\\/2023\\\/07\\\/nail-toy-.jpg\",\"width\":1615,\"height\":1575,\"caption\":\"nail toy\"},{\"@type\":\"BreadcrumbList\",\"@id\":\"https:\\\/\\\/tonysourcing.com\\\/wholesale\\\/nail-toy\\\/#breadcrumb\",\"itemListElement\":[{\"@type\":\"ListItem\",\"position\":1,\"name\":\"Home\",\"item\":\"https:\\\/\\\/tonysourcing.com\\\/\"},{\"@type\":\"ListItem\",\"position\":2,\"name\":\"Wholesale\",\"item\":\"https:\\\/\\\/tonysourcing.com\\\/wholesale\\\/\"},{\"@type\":\"ListItem\",\"position\":3,\"name\":\"Nail Toy\"}]},{\"@type\":\"WebSite\",\"@id\":\"https:\\\/\\\/tonysourcing.com\\\/#website\",\"url\":\"https:\\\/\\\/tonysourcing.com\\\/\",\"name\":\"TonySourcing\",\"description\":\"Toys Wholesale Distributor &amp; China Promition Items\",\"publisher\":{\"@id\":\"https:\\\/\\\/tonysourcing.com\\\/#organization\"},\"potentialAction\":[{\"@type\":\"SearchAction\",\"target\":{\"@type\":\"EntryPoint\",\"urlTemplate\":\"https:\\\/\\\/tonysourcing.com\\\/?s={search_term_string}\"},\"query-input\":{\"@type\":\"PropertyValueSpecification\",\"valueRequired\":true,\"valueName\":\"search_term_string\"}}],\"inLanguage\":\"es\"},{\"@type\":\"Organization\",\"@id\":\"https:\\\/\\\/tonysourcing.com\\\/#organization\",\"name\":\"Yiwu Zongge\",\"url\":\"https:\\\/\\\/tonysourcing.com\\\/\",\"logo\":{\"@type\":\"ImageObject\",\"inLanguage\":\"es\",\"@id\":\"https:\\\/\\\/tonysourcing.com\\\/#\\\/schema\\\/logo\\\/image\\\/\",\"url\":\"https:\\\/\\\/tonysourcing.com\\\/wp-content\\\/uploads\\\/2021\\\/07\\\/cropped-TonySourcing-logo-1.png\",\"contentUrl\":\"https:\\\/\\\/tonysourcing.com\\\/wp-content\\\/uploads\\\/2021\\\/07\\\/cropped-TonySourcing-logo-1.png\",\"width\":300,\"height\":92,\"caption\":\"Yiwu Zongge\"},\"image\":{\"@id\":\"https:\\\/\\\/tonysourcing.com\\\/#\\\/schema\\\/logo\\\/image\\\/\"},\"sameAs\":[\"https:\\\/\\\/www.facebook.com\\\/TonySourcing\",\"https:\\\/\\\/x.com\\\/TonySourcing\",\"https:\\\/\\\/www.instagram.com\\\/tony_sourcing\\\/\",\"http:\\\/\\\/www.linkedin.com\\\/in\\\/tonychen88\",\"https:\\\/\\\/www.youtube.com\\\/channel\\\/UCZfST1M-NDoqjQ3dB-Tzszg\"]}]}<\/script>\n<!-- \/ Yoast SEO plugin. -->","yoast_head_json":{"title":"Juguete para u\u00f1as: Importaci\u00f3n de juguetes al por mayor directamente del fabricante","description":"Importaci\u00f3n de juguetes para u\u00f1as al por mayor de fabricantes chinos. Excelente producto a buen precio. Contacte con TonySourcing para obtener el cat\u00e1logo hoy mismo. \u00a1Muestra gratis!","robots":{"index":"index","follow":"follow","max-snippet":"max-snippet:-1","max-image-preview":"max-image-preview:large","max-video-preview":"max-video-preview:-1"},"canonical":"https:\/\/tonysourcing.com\/es\/al-por-mayor\/juguete-para-unas\/","og_locale":"es_ES","og_type":"article","og_title":"Nail Toy - Import Toys Wholesale Directly From Manufacturer","og_description":"Import Nail Toy Wholesale from China Manufacturer, Good Product and Good Price, Contact TonySourcing for Catalog today. FREE SAMPLE","og_url":"https:\/\/tonysourcing.com\/es\/al-por-mayor\/juguete-para-unas\/","og_site_name":"TonySourcing","article_publisher":"https:\/\/www.facebook.com\/TonySourcing","article_modified_time":"2023-07-17T13:57:14+00:00","og_image":[{"width":1615,"height":1575,"url":"https:\/\/tonysourcing.com\/wp-content\/uploads\/2023\/07\/nail-toy-.jpg","type":"image\/jpeg"}],"twitter_card":"summary_large_image","twitter_site":"@TonySourcing","twitter_misc":{"Tiempo de lectura":"1 minuto"},"schema":{"@context":"https:\/\/schema.org","@graph":[{"@type":"WebPage","@id":"https:\/\/tonysourcing.com\/wholesale\/nail-toy\/","url":"https:\/\/tonysourcing.com\/wholesale\/nail-toy\/","name":"Juguete para u\u00f1as: Importaci\u00f3n de juguetes al por mayor directamente del fabricante","isPartOf":{"@id":"https:\/\/tonysourcing.com\/#website"},"primaryImageOfPage":{"@id":"https:\/\/tonysourcing.com\/wholesale\/nail-toy\/#primaryimage"},"image":{"@id":"https:\/\/tonysourcing.com\/wholesale\/nail-toy\/#primaryimage"},"thumbnailUrl":"https:\/\/tonysourcing.com\/wp-content\/uploads\/2023\/07\/nail-toy-.jpg","datePublished":"2023-07-17T13:23:37+00:00","dateModified":"2023-07-17T13:57:14+00:00","description":"Importaci\u00f3n de juguetes para u\u00f1as al por mayor de fabricantes chinos. Excelente producto a buen precio. Contacte con TonySourcing para obtener el cat\u00e1logo hoy mismo. \u00a1Muestra gratis!","breadcrumb":{"@id":"https:\/\/tonysourcing.com\/wholesale\/nail-toy\/#breadcrumb"},"inLanguage":"es","potentialAction":[{"@type":"ReadAction","target":["https:\/\/tonysourcing.com\/wholesale\/nail-toy\/"]}]},{"@type":"ImageObject","inLanguage":"es","@id":"https:\/\/tonysourcing.com\/wholesale\/nail-toy\/#primaryimage","url":"https:\/\/tonysourcing.com\/wp-content\/uploads\/2023\/07\/nail-toy-.jpg","contentUrl":"https:\/\/tonysourcing.com\/wp-content\/uploads\/2023\/07\/nail-toy-.jpg","width":1615,"height":1575,"caption":"nail toy"},{"@type":"BreadcrumbList","@id":"https:\/\/tonysourcing.com\/wholesale\/nail-toy\/#breadcrumb","itemListElement":[{"@type":"ListItem","position":1,"name":"Home","item":"https:\/\/tonysourcing.com\/"},{"@type":"ListItem","position":2,"name":"Wholesale","item":"https:\/\/tonysourcing.com\/wholesale\/"},{"@type":"ListItem","position":3,"name":"Nail Toy"}]},{"@type":"WebSite","@id":"https:\/\/tonysourcing.com\/#website","url":"https:\/\/tonysourcing.com\/","name":"TonySourcing","description":"Distribuidor mayorista de juguetes y art\u00edculos en promoci\u00f3n en China","publisher":{"@id":"https:\/\/tonysourcing.com\/#organization"},"potentialAction":[{"@type":"SearchAction","target":{"@type":"EntryPoint","urlTemplate":"https:\/\/tonysourcing.com\/?s={search_term_string}"},"query-input":{"@type":"PropertyValueSpecification","valueRequired":true,"valueName":"search_term_string"}}],"inLanguage":"es"},{"@type":"Organization","@id":"https:\/\/tonysourcing.com\/#organization","name":"Yiwu Zongge","url":"https:\/\/tonysourcing.com\/","logo":{"@type":"ImageObject","inLanguage":"es","@id":"https:\/\/tonysourcing.com\/#\/schema\/logo\/image\/","url":"https:\/\/tonysourcing.com\/wp-content\/uploads\/2021\/07\/cropped-TonySourcing-logo-1.png","contentUrl":"https:\/\/tonysourcing.com\/wp-content\/uploads\/2021\/07\/cropped-TonySourcing-logo-1.png","width":300,"height":92,"caption":"Yiwu Zongge"},"image":{"@id":"https:\/\/tonysourcing.com\/#\/schema\/logo\/image\/"},"sameAs":["https:\/\/www.facebook.com\/TonySourcing","https:\/\/x.com\/TonySourcing","https:\/\/www.instagram.com\/tony_sourcing\/","http:\/\/www.linkedin.com\/in\/tonychen88","https:\/\/www.youtube.com\/channel\/UCZfST1M-NDoqjQ3dB-Tzszg"]}]}},"_links":{"self":[{"href":"https:\/\/tonysourcing.com\/es\/wp-json\/wp\/v2\/product\/19150","targetHints":{"allow":["GET"]}}],"collection":[{"href":"https:\/\/tonysourcing.com\/es\/wp-json\/wp\/v2\/product"}],"about":[{"href":"https:\/\/tonysourcing.com\/es\/wp-json\/wp\/v2\/types\/product"}],"version-history":[{"count":2,"href":"https:\/\/tonysourcing.com\/es\/wp-json\/wp\/v2\/product\/19150\/revisions"}],"predecessor-version":[{"id":19303,"href":"https:\/\/tonysourcing.com\/es\/wp-json\/wp\/v2\/product\/19150\/revisions\/19303"}],"wp:featuredmedia":[{"embeddable":true,"href":"https:\/\/tonysourcing.com\/es\/wp-json\/wp\/v2\/media\/19153"}],"wp:attachment":[{"href":"https:\/\/tonysourcing.com\/es\/wp-json\/wp\/v2\/media?parent=19150"}],"wp:term":[{"taxonomy":"product_brand","embeddable":true,"href":"https:\/\/tonysourcing.com\/es\/wp-json\/wp\/v2\/product_brand?post=19150"},{"taxonomy":"product_cat","embeddable":true,"href":"https:\/\/tonysourcing.com\/es\/wp-json\/wp\/v2\/product_cat?post=19150"},{"taxonomy":"product_tag","embeddable":true,"href":"https:\/\/tonysourcing.com\/es\/wp-json\/wp\/v2\/product_tag?post=19150"}],"curies":[{"name":"gracias","href":"https:\/\/api.w.org\/{rel}","templated":true}]}}