{"id":19520,"date":"2023-08-01T05:20:35","date_gmt":"2023-08-01T05:20:35","guid":{"rendered":"https:\/\/tonysourcing.com\/?post_type=product&#038;p=19520"},"modified":"2024-12-23T04:28:35","modified_gmt":"2024-12-23T04:28:35","slug":"juego-de-mascotas-juguetes-de-simulacion-para-ninos","status":"publish","type":"product","link":"https:\/\/tonysourcing.com\/es\/wholesale\/pet-play-set-pretend-toys-for-kids\/","title":{"rendered":"Juego de mascotas, juguetes de simulaci\u00f3n para ni\u00f1os"},"content":{"rendered":"<h1 style=\"text-align: center;\">La MEJOR colecci\u00f3n y suministro de juguetes para mascotas<\/h1>\n<h2> \u00bfQu\u00e9 papel juegan las mascotas?<\/h2>\n<p> Como sabemos, es bastante com\u00fan que las mascotas sean las mejores amigas de los humanos. La mayor\u00eda de los j\u00f3venes prefieren tener una mascota como miembro de la familia, incluso si es un compa\u00f1ero de juegos para sus beb\u00e9s.<\/p>\n<h2> \u00bfCu\u00e1les son las ventajas de los juguetes para mascotas?<\/h2>\n<h4> Inspira la imaginaci\u00f3n y la diversi\u00f3n de jugar roles.<\/h4>\n<p> El juego de veterinario y de disfraces satisface la curiosidad de los ni\u00f1os. Este set puede estimular su imaginaci\u00f3n para que simulen alimentar y entrenar a las mascotas, y vestirlas.<\/p>\n<h4> Como el mejor compa\u00f1ero de juegos<\/h4>\n<p> Los ni\u00f1os no solo leen libros para dormir antes de dormir, sino que tambi\u00e9n los acompa\u00f1an con juguetes para mascotas. Los padres quieren fomentar en sus hijos el h\u00e1bito de no tener compa\u00f1\u00eda cuando se duermen. Los juguetes para mascotas pueden ser una excelente opci\u00f3n para solucionar este problema. Los ni\u00f1os se sentir\u00e1n suaves y c\u00f3modos, y podr\u00e1n dormir pl\u00e1cidamente.<\/p>\n<h4> Satisfacer las necesidades de las ni\u00f1as y los ni\u00f1os<\/h4>\n<p> Mascotas tan bonitas y lindas, es un gran placer para los ni\u00f1os jugar, tambi\u00e9n el dise\u00f1o abundante despierta el inter\u00e9s de los ni\u00f1os, incluidos cachorros, conejos, gatos, monos...<\/p>\n<h2> V\u00eddeo de juguetes<\/h2>\n<div style=\"width: 960px;\" class=\"wp-video\"><video class=\"wp-video-shortcode\" id=\"video-19520-1\" width=\"960\" height=\"544\" preload=\"metadata\" controls=\"controls\"><source type=\"video\/mp4\" src=\"https:\/\/tonysourcing.com\/wp-content\/uploads\/2023\/08\/\u5ba3\u4f20\u89c6\u9891.mp4?_=1\" \/><a href=\"https:\/\/tonysourcing.com\/wp-content\/uploads\/2023\/08\/\u5ba3\u4f20\u89c6\u9891.mp4\">https:\/\/tonysourcing.com\/wp-content\/uploads\/2023\/08\/\u5ba3\u4f20\u89c6\u9891.mp4<\/a><\/video><\/div>\n<div style=\"width: 1280px;\" class=\"wp-video\"><video class=\"wp-video-shortcode\" id=\"video-19520-2\" width=\"1280\" height=\"720\" preload=\"metadata\" controls=\"controls\"><source type=\"video\/mp4\" src=\"https:\/\/tonysourcing.com\/wp-content\/uploads\/2023\/08\/\u4e2d\u732b\u5ba3\u4f20\u89c6\u9891.mp4?_=2\" \/><a href=\"https:\/\/tonysourcing.com\/wp-content\/uploads\/2023\/08\/\u4e2d\u732b\u5ba3\u4f20\u89c6\u9891.mp4\">https:\/\/tonysourcing.com\/wp-content\/uploads\/2023\/08\/\u4e2d\u732b\u5ba3\u4f20\u89c6\u9891.mp4<\/a><\/video><\/div>\n<h2> Producto de juguetes para mascotas<\/h2>\n<figure id=\"attachment_19521\" aria-describedby=\"caption-attachment-19521\" style=\"width: 3509px\" class=\"wp-caption alignnone\"><img fetchpriority=\"high\" decoding=\"async\" class=\"size-full wp-image-19521\" src=\"https:\/\/tonysourcing.com\/wp-content\/uploads\/2023\/08\/CATALOG-1.png\" alt=\"Juego de mascotas, juguetes de simulaci\u00f3n para ni\u00f1os 1\" width=\"3509\" height=\"2480\" srcset=\"https:\/\/tonysourcing.com\/wp-content\/uploads\/2023\/08\/CATALOG-1.png 3509w, https:\/\/tonysourcing.com\/wp-content\/uploads\/2023\/08\/CATALOG-1-300x212.png 300w, https:\/\/tonysourcing.com\/wp-content\/uploads\/2023\/08\/CATALOG-1-800x565.png 800w, https:\/\/tonysourcing.com\/wp-content\/uploads\/2023\/08\/CATALOG-1-768x543.png 768w, https:\/\/tonysourcing.com\/wp-content\/uploads\/2023\/08\/CATALOG-1-1536x1086.png 1536w, https:\/\/tonysourcing.com\/wp-content\/uploads\/2023\/08\/CATALOG-1-2048x1447.png 2048w, https:\/\/tonysourcing.com\/wp-content\/uploads\/2023\/08\/CATALOG-1-600x424.png 600w\" sizes=\"(max-width: 3509px) 100vw, 3509px\" \/><figcaption id=\"caption-attachment-19521\" class=\"wp-caption-text\">Juego de mascotas, juguetes de simulaci\u00f3n para ni\u00f1os 1<\/figcaption><\/figure>\n<figure id=\"attachment_19523\" aria-describedby=\"caption-attachment-19523\" style=\"width: 3509px\" class=\"wp-caption alignnone\"><img decoding=\"async\" class=\"size-full wp-image-19523\" src=\"https:\/\/tonysourcing.com\/wp-content\/uploads\/2023\/08\/CATALOG2.png\" alt=\"Juego de mascotas, juguetes de simulaci\u00f3n para ni\u00f1os 2\" width=\"3509\" height=\"2480\" srcset=\"https:\/\/tonysourcing.com\/wp-content\/uploads\/2023\/08\/CATALOG2.png 3509w, https:\/\/tonysourcing.com\/wp-content\/uploads\/2023\/08\/CATALOG2-300x212.png 300w, https:\/\/tonysourcing.com\/wp-content\/uploads\/2023\/08\/CATALOG2-800x565.png 800w, https:\/\/tonysourcing.com\/wp-content\/uploads\/2023\/08\/CATALOG2-768x543.png 768w, https:\/\/tonysourcing.com\/wp-content\/uploads\/2023\/08\/CATALOG2-1536x1086.png 1536w, https:\/\/tonysourcing.com\/wp-content\/uploads\/2023\/08\/CATALOG2-2048x1447.png 2048w, https:\/\/tonysourcing.com\/wp-content\/uploads\/2023\/08\/CATALOG2-600x424.png 600w\" sizes=\"(max-width: 3509px) 100vw, 3509px\" \/><figcaption id=\"caption-attachment-19523\" class=\"wp-caption-text\">Juego de mascotas, juguetes de simulaci\u00f3n para ni\u00f1os 2<\/figcaption><\/figure>\n<figure id=\"attachment_19524\" aria-describedby=\"caption-attachment-19524\" style=\"width: 3509px\" class=\"wp-caption alignnone\"><img decoding=\"async\" class=\"size-full wp-image-19524\" src=\"https:\/\/tonysourcing.com\/wp-content\/uploads\/2023\/08\/CATALOG3.png\" alt=\"Juego de mascotas, juguetes de simulaci\u00f3n para ni\u00f1os 3\" width=\"3509\" height=\"2480\" srcset=\"https:\/\/tonysourcing.com\/wp-content\/uploads\/2023\/08\/CATALOG3.png 3509w, https:\/\/tonysourcing.com\/wp-content\/uploads\/2023\/08\/CATALOG3-300x212.png 300w, https:\/\/tonysourcing.com\/wp-content\/uploads\/2023\/08\/CATALOG3-800x565.png 800w, https:\/\/tonysourcing.com\/wp-content\/uploads\/2023\/08\/CATALOG3-768x543.png 768w, https:\/\/tonysourcing.com\/wp-content\/uploads\/2023\/08\/CATALOG3-1536x1086.png 1536w, https:\/\/tonysourcing.com\/wp-content\/uploads\/2023\/08\/CATALOG3-2048x1447.png 2048w, https:\/\/tonysourcing.com\/wp-content\/uploads\/2023\/08\/CATALOG3-600x424.png 600w\" sizes=\"(max-width: 3509px) 100vw, 3509px\" \/><figcaption id=\"caption-attachment-19524\" class=\"wp-caption-text\">Juego de mascotas, juguetes de simulaci\u00f3n para ni\u00f1os 3<\/figcaption><\/figure>\n<figure id=\"attachment_19525\" aria-describedby=\"caption-attachment-19525\" style=\"width: 3509px\" class=\"wp-caption alignnone\"><img loading=\"lazy\" decoding=\"async\" class=\"size-full wp-image-19525\" src=\"https:\/\/tonysourcing.com\/wp-content\/uploads\/2023\/08\/CATALOG4.png\" alt=\"Juego de mascotas, juguetes de simulaci\u00f3n para ni\u00f1os 4\" width=\"3509\" height=\"2480\" srcset=\"https:\/\/tonysourcing.com\/wp-content\/uploads\/2023\/08\/CATALOG4.png 3509w, https:\/\/tonysourcing.com\/wp-content\/uploads\/2023\/08\/CATALOG4-300x212.png 300w, https:\/\/tonysourcing.com\/wp-content\/uploads\/2023\/08\/CATALOG4-800x565.png 800w, https:\/\/tonysourcing.com\/wp-content\/uploads\/2023\/08\/CATALOG4-768x543.png 768w, https:\/\/tonysourcing.com\/wp-content\/uploads\/2023\/08\/CATALOG4-1536x1086.png 1536w, https:\/\/tonysourcing.com\/wp-content\/uploads\/2023\/08\/CATALOG4-2048x1447.png 2048w, https:\/\/tonysourcing.com\/wp-content\/uploads\/2023\/08\/CATALOG4-600x424.png 600w\" sizes=\"(max-width: 3509px) 100vw, 3509px\" \/><figcaption id=\"caption-attachment-19525\" class=\"wp-caption-text\">Juego de mascotas, juguetes de simulaci\u00f3n para ni\u00f1os 4<\/figcaption><\/figure>\n<figure id=\"attachment_19526\" aria-describedby=\"caption-attachment-19526\" style=\"width: 3509px\" class=\"wp-caption alignnone\"><img loading=\"lazy\" decoding=\"async\" class=\"size-full wp-image-19526\" src=\"https:\/\/tonysourcing.com\/wp-content\/uploads\/2023\/08\/CATALOG5.png\" alt=\"Juego de mascotas, juguetes de simulaci\u00f3n para ni\u00f1os 5\" width=\"3509\" height=\"2480\" srcset=\"https:\/\/tonysourcing.com\/wp-content\/uploads\/2023\/08\/CATALOG5.png 3509w, https:\/\/tonysourcing.com\/wp-content\/uploads\/2023\/08\/CATALOG5-300x212.png 300w, https:\/\/tonysourcing.com\/wp-content\/uploads\/2023\/08\/CATALOG5-800x565.png 800w, https:\/\/tonysourcing.com\/wp-content\/uploads\/2023\/08\/CATALOG5-768x543.png 768w, https:\/\/tonysourcing.com\/wp-content\/uploads\/2023\/08\/CATALOG5-1536x1086.png 1536w, https:\/\/tonysourcing.com\/wp-content\/uploads\/2023\/08\/CATALOG5-2048x1447.png 2048w, https:\/\/tonysourcing.com\/wp-content\/uploads\/2023\/08\/CATALOG5-600x424.png 600w\" sizes=\"(max-width: 3509px) 100vw, 3509px\" \/><figcaption id=\"caption-attachment-19526\" class=\"wp-caption-text\">Juego de mascotas, juguetes de simulaci\u00f3n para ni\u00f1os 5<\/figcaption><\/figure>\n<figure id=\"attachment_19527\" aria-describedby=\"caption-attachment-19527\" style=\"width: 3509px\" class=\"wp-caption alignnone\"><img loading=\"lazy\" decoding=\"async\" class=\"size-full wp-image-19527\" src=\"https:\/\/tonysourcing.com\/wp-content\/uploads\/2023\/08\/CATALOG6.png\" alt=\"Juego de mascotas, juguetes de simulaci\u00f3n para ni\u00f1os de 6 a\u00f1os\" width=\"3509\" height=\"2480\" srcset=\"https:\/\/tonysourcing.com\/wp-content\/uploads\/2023\/08\/CATALOG6.png 3509w, https:\/\/tonysourcing.com\/wp-content\/uploads\/2023\/08\/CATALOG6-300x212.png 300w, https:\/\/tonysourcing.com\/wp-content\/uploads\/2023\/08\/CATALOG6-800x565.png 800w, https:\/\/tonysourcing.com\/wp-content\/uploads\/2023\/08\/CATALOG6-768x543.png 768w, https:\/\/tonysourcing.com\/wp-content\/uploads\/2023\/08\/CATALOG6-1536x1086.png 1536w, https:\/\/tonysourcing.com\/wp-content\/uploads\/2023\/08\/CATALOG6-2048x1447.png 2048w, https:\/\/tonysourcing.com\/wp-content\/uploads\/2023\/08\/CATALOG6-600x424.png 600w\" sizes=\"(max-width: 3509px) 100vw, 3509px\" \/><figcaption id=\"caption-attachment-19527\" class=\"wp-caption-text\">Juego de mascotas, juguetes de simulaci\u00f3n para ni\u00f1os de 6 a\u00f1os<\/figcaption><\/figure>\n<figure id=\"attachment_19528\" aria-describedby=\"caption-attachment-19528\" style=\"width: 3509px\" class=\"wp-caption alignnone\"><img loading=\"lazy\" decoding=\"async\" class=\"size-full wp-image-19528\" src=\"https:\/\/tonysourcing.com\/wp-content\/uploads\/2023\/08\/CATALOG7.png\" alt=\"Juego de mascotas, juguetes de simulaci\u00f3n para ni\u00f1os de 7 a\u00f1os\" width=\"3509\" height=\"2480\" srcset=\"https:\/\/tonysourcing.com\/wp-content\/uploads\/2023\/08\/CATALOG7.png 3509w, https:\/\/tonysourcing.com\/wp-content\/uploads\/2023\/08\/CATALOG7-300x212.png 300w, https:\/\/tonysourcing.com\/wp-content\/uploads\/2023\/08\/CATALOG7-800x565.png 800w, https:\/\/tonysourcing.com\/wp-content\/uploads\/2023\/08\/CATALOG7-768x543.png 768w, https:\/\/tonysourcing.com\/wp-content\/uploads\/2023\/08\/CATALOG7-1536x1086.png 1536w, https:\/\/tonysourcing.com\/wp-content\/uploads\/2023\/08\/CATALOG7-2048x1447.png 2048w, https:\/\/tonysourcing.com\/wp-content\/uploads\/2023\/08\/CATALOG7-600x424.png 600w\" sizes=\"(max-width: 3509px) 100vw, 3509px\" \/><figcaption id=\"caption-attachment-19528\" class=\"wp-caption-text\">Juego de mascotas, juguetes de simulaci\u00f3n para ni\u00f1os de 7 a\u00f1os<\/figcaption><\/figure>","protected":false},"excerpt":{"rendered":"<p>\u2022Art\u00edculo N.\u00b0 TR1001-1054<\/p>\n<p>\u2022 Juego de mascotas, juguetes de simulaci\u00f3n para ni\u00f1os (incluye juego de veterinario de mascotas, juguetes para disfrazarse, juguetes para alimentar...)<\/p>\n<p>\u2022Edad: 3+ a\u00f1os<\/p>\n<p>\u2022Material: pl\u00e1stico<\/p>","protected":false},"featured_media":19532,"template":"","meta":{"_kad_post_transparent":"","_kad_post_title":"","_kad_post_layout":"","_kad_post_sidebar_id":"","_kad_post_content_style":"","_kad_post_vertical_padding":"","_kad_post_feature":"","_kad_post_feature_position":"","_kad_post_header":false,"_kad_post_footer":false},"product_brand":[],"product_cat":[1084],"product_tag":[],"class_list":{"0":"post-19520","1":"product","2":"type-product","3":"status-publish","4":"has-post-thumbnail","6":"product_cat-pretend-play","8":"first","9":"instock","10":"featured","11":"shipping-taxable","12":"product-type-simple","13":"entry","14":"content-bg","15":"loop-entry"},"yoast_head":"<!-- This site is optimized with the Yoast SEO plugin v27.4 - https:\/\/yoast.com\/product\/yoast-seo-wordpress\/ -->\n<title>Pet Play Set, Pretend Toys For Kids - Import Toys Wholesale Directly From Manufacturer<\/title>\n<meta name=\"description\" content=\"Import Pet Play Set, Pretend Toys For Kids from China Manufacturer, Good Product and Good Price, Contact TonySourcing for Catalog today.\" \/>\n<meta name=\"robots\" content=\"index, follow, max-snippet:-1, max-image-preview:large, max-video-preview:-1\" \/>\n<link rel=\"canonical\" href=\"https:\/\/tonysourcing.com\/es\/al-por-mayor\/juego-de-mascotas-juguetes-de-simulacion-para-ninos\/\" \/>\n<meta property=\"og:locale\" content=\"es_ES\" \/>\n<meta property=\"og:type\" content=\"article\" \/>\n<meta property=\"og:title\" content=\"Pet Play Set, Pretend Toys For Kids - Import Toys Wholesale Directly From Manufacturer\" \/>\n<meta property=\"og:description\" content=\"Import Pet Play Set, Pretend Toys For Kids from China Manufacturer, Good Product and Good Price, Contact TonySourcing for Catalog today.\" \/>\n<meta property=\"og:url\" content=\"https:\/\/tonysourcing.com\/es\/al-por-mayor\/juego-de-mascotas-juguetes-de-simulacion-para-ninos\/\" \/>\n<meta property=\"og:site_name\" content=\"TonySourcing\" \/>\n<meta property=\"article:publisher\" content=\"https:\/\/www.facebook.com\/TonySourcing\" \/>\n<meta property=\"article:modified_time\" content=\"2024-12-23T04:28:35+00:00\" \/>\n<meta property=\"og:image\" content=\"https:\/\/tonysourcing.com\/wp-content\/uploads\/2023\/08\/MC-1014_\u526f\u672c.png\" \/>\n\t<meta property=\"og:image:width\" content=\"800\" \/>\n\t<meta property=\"og:image:height\" content=\"800\" \/>\n\t<meta property=\"og:image:type\" content=\"image\/png\" \/>\n<meta name=\"twitter:card\" content=\"summary_large_image\" \/>\n<meta name=\"twitter:site\" content=\"@TonySourcing\" \/>\n<meta name=\"twitter:label1\" content=\"Tiempo de lectura\" \/>\n\t<meta name=\"twitter:data1\" content=\"3 minutos\" \/>\n<script type=\"application\/ld+json\" class=\"yoast-schema-graph\">{\"@context\":\"https:\\\/\\\/schema.org\",\"@graph\":[{\"@type\":\"WebPage\",\"@id\":\"https:\\\/\\\/tonysourcing.com\\\/wholesale\\\/pet-play-set-pretend-toys-for-kids\\\/\",\"url\":\"https:\\\/\\\/tonysourcing.com\\\/wholesale\\\/pet-play-set-pretend-toys-for-kids\\\/\",\"name\":\"Pet Play Set, Pretend Toys For Kids - Import Toys Wholesale Directly From Manufacturer\",\"isPartOf\":{\"@id\":\"https:\\\/\\\/tonysourcing.com\\\/#website\"},\"primaryImageOfPage\":{\"@id\":\"https:\\\/\\\/tonysourcing.com\\\/wholesale\\\/pet-play-set-pretend-toys-for-kids\\\/#primaryimage\"},\"image\":{\"@id\":\"https:\\\/\\\/tonysourcing.com\\\/wholesale\\\/pet-play-set-pretend-toys-for-kids\\\/#primaryimage\"},\"thumbnailUrl\":\"https:\\\/\\\/tonysourcing.com\\\/wp-content\\\/uploads\\\/2023\\\/08\\\/MC-1014_\u526f\u672c.png\",\"datePublished\":\"2023-08-01T05:20:35+00:00\",\"dateModified\":\"2024-12-23T04:28:35+00:00\",\"description\":\"Import Pet Play Set, Pretend Toys For Kids from China Manufacturer, Good Product and Good Price, Contact TonySourcing for Catalog today.\",\"breadcrumb\":{\"@id\":\"https:\\\/\\\/tonysourcing.com\\\/wholesale\\\/pet-play-set-pretend-toys-for-kids\\\/#breadcrumb\"},\"inLanguage\":\"es\",\"potentialAction\":[{\"@type\":\"ReadAction\",\"target\":[\"https:\\\/\\\/tonysourcing.com\\\/wholesale\\\/pet-play-set-pretend-toys-for-kids\\\/\"]}]},{\"@type\":\"ImageObject\",\"inLanguage\":\"es\",\"@id\":\"https:\\\/\\\/tonysourcing.com\\\/wholesale\\\/pet-play-set-pretend-toys-for-kids\\\/#primaryimage\",\"url\":\"https:\\\/\\\/tonysourcing.com\\\/wp-content\\\/uploads\\\/2023\\\/08\\\/MC-1014_\u526f\u672c.png\",\"contentUrl\":\"https:\\\/\\\/tonysourcing.com\\\/wp-content\\\/uploads\\\/2023\\\/08\\\/MC-1014_\u526f\u672c.png\",\"width\":800,\"height\":800,\"caption\":\"Pet Play Set, Pretend Toys For Kids 1\"},{\"@type\":\"BreadcrumbList\",\"@id\":\"https:\\\/\\\/tonysourcing.com\\\/wholesale\\\/pet-play-set-pretend-toys-for-kids\\\/#breadcrumb\",\"itemListElement\":[{\"@type\":\"ListItem\",\"position\":1,\"name\":\"Home\",\"item\":\"https:\\\/\\\/tonysourcing.com\\\/\"},{\"@type\":\"ListItem\",\"position\":2,\"name\":\"Wholesale\",\"item\":\"https:\\\/\\\/tonysourcing.com\\\/wholesale\\\/\"},{\"@type\":\"ListItem\",\"position\":3,\"name\":\"Pet Play Set, Pretend Toys For Kids\"}]},{\"@type\":\"WebSite\",\"@id\":\"https:\\\/\\\/tonysourcing.com\\\/#website\",\"url\":\"https:\\\/\\\/tonysourcing.com\\\/\",\"name\":\"TonySourcing\",\"description\":\"Toys Wholesale Distributor &amp; China Promition Items\",\"publisher\":{\"@id\":\"https:\\\/\\\/tonysourcing.com\\\/#organization\"},\"potentialAction\":[{\"@type\":\"SearchAction\",\"target\":{\"@type\":\"EntryPoint\",\"urlTemplate\":\"https:\\\/\\\/tonysourcing.com\\\/?s={search_term_string}\"},\"query-input\":{\"@type\":\"PropertyValueSpecification\",\"valueRequired\":true,\"valueName\":\"search_term_string\"}}],\"inLanguage\":\"es\"},{\"@type\":\"Organization\",\"@id\":\"https:\\\/\\\/tonysourcing.com\\\/#organization\",\"name\":\"Yiwu Zongge\",\"url\":\"https:\\\/\\\/tonysourcing.com\\\/\",\"logo\":{\"@type\":\"ImageObject\",\"inLanguage\":\"es\",\"@id\":\"https:\\\/\\\/tonysourcing.com\\\/#\\\/schema\\\/logo\\\/image\\\/\",\"url\":\"https:\\\/\\\/tonysourcing.com\\\/wp-content\\\/uploads\\\/2021\\\/07\\\/cropped-TonySourcing-logo-1.png\",\"contentUrl\":\"https:\\\/\\\/tonysourcing.com\\\/wp-content\\\/uploads\\\/2021\\\/07\\\/cropped-TonySourcing-logo-1.png\",\"width\":300,\"height\":92,\"caption\":\"Yiwu Zongge\"},\"image\":{\"@id\":\"https:\\\/\\\/tonysourcing.com\\\/#\\\/schema\\\/logo\\\/image\\\/\"},\"sameAs\":[\"https:\\\/\\\/www.facebook.com\\\/TonySourcing\",\"https:\\\/\\\/x.com\\\/TonySourcing\",\"https:\\\/\\\/www.instagram.com\\\/tony_sourcing\\\/\",\"http:\\\/\\\/www.linkedin.com\\\/in\\\/tonychen88\",\"https:\\\/\\\/www.youtube.com\\\/channel\\\/UCZfST1M-NDoqjQ3dB-Tzszg\"]}]}<\/script>\n<!-- \/ Yoast SEO plugin. -->","yoast_head_json":{"title":"Juego de mascotas, juguetes de simulaci\u00f3n para ni\u00f1os - Importaci\u00f3n de juguetes al por mayor directamente del fabricante","description":"Juego de juego para mascotas de importaci\u00f3n, juguetes de simulaci\u00f3n para ni\u00f1os del fabricante chino, buen producto y buen precio. Comun\u00edquese con TonySourcing para obtener el cat\u00e1logo hoy mismo.","robots":{"index":"index","follow":"follow","max-snippet":"max-snippet:-1","max-image-preview":"max-image-preview:large","max-video-preview":"max-video-preview:-1"},"canonical":"https:\/\/tonysourcing.com\/es\/al-por-mayor\/juego-de-mascotas-juguetes-de-simulacion-para-ninos\/","og_locale":"es_ES","og_type":"article","og_title":"Pet Play Set, Pretend Toys For Kids - Import Toys Wholesale Directly From Manufacturer","og_description":"Import Pet Play Set, Pretend Toys For Kids from China Manufacturer, Good Product and Good Price, Contact TonySourcing for Catalog today.","og_url":"https:\/\/tonysourcing.com\/es\/al-por-mayor\/juego-de-mascotas-juguetes-de-simulacion-para-ninos\/","og_site_name":"TonySourcing","article_publisher":"https:\/\/www.facebook.com\/TonySourcing","article_modified_time":"2024-12-23T04:28:35+00:00","og_image":[{"width":800,"height":800,"url":"https:\/\/tonysourcing.com\/wp-content\/uploads\/2023\/08\/MC-1014_\u526f\u672c.png","type":"image\/png"}],"twitter_card":"summary_large_image","twitter_site":"@TonySourcing","twitter_misc":{"Tiempo de lectura":"3 minutos"},"schema":{"@context":"https:\/\/schema.org","@graph":[{"@type":"WebPage","@id":"https:\/\/tonysourcing.com\/wholesale\/pet-play-set-pretend-toys-for-kids\/","url":"https:\/\/tonysourcing.com\/wholesale\/pet-play-set-pretend-toys-for-kids\/","name":"Juego de mascotas, juguetes de simulaci\u00f3n para ni\u00f1os - Importaci\u00f3n de juguetes al por mayor directamente del fabricante","isPartOf":{"@id":"https:\/\/tonysourcing.com\/#website"},"primaryImageOfPage":{"@id":"https:\/\/tonysourcing.com\/wholesale\/pet-play-set-pretend-toys-for-kids\/#primaryimage"},"image":{"@id":"https:\/\/tonysourcing.com\/wholesale\/pet-play-set-pretend-toys-for-kids\/#primaryimage"},"thumbnailUrl":"https:\/\/tonysourcing.com\/wp-content\/uploads\/2023\/08\/MC-1014_\u526f\u672c.png","datePublished":"2023-08-01T05:20:35+00:00","dateModified":"2024-12-23T04:28:35+00:00","description":"Juego de juego para mascotas de importaci\u00f3n, juguetes de simulaci\u00f3n para ni\u00f1os del fabricante chino, buen producto y buen precio. Comun\u00edquese con TonySourcing para obtener el cat\u00e1logo hoy mismo.","breadcrumb":{"@id":"https:\/\/tonysourcing.com\/wholesale\/pet-play-set-pretend-toys-for-kids\/#breadcrumb"},"inLanguage":"es","potentialAction":[{"@type":"ReadAction","target":["https:\/\/tonysourcing.com\/wholesale\/pet-play-set-pretend-toys-for-kids\/"]}]},{"@type":"ImageObject","inLanguage":"es","@id":"https:\/\/tonysourcing.com\/wholesale\/pet-play-set-pretend-toys-for-kids\/#primaryimage","url":"https:\/\/tonysourcing.com\/wp-content\/uploads\/2023\/08\/MC-1014_\u526f\u672c.png","contentUrl":"https:\/\/tonysourcing.com\/wp-content\/uploads\/2023\/08\/MC-1014_\u526f\u672c.png","width":800,"height":800,"caption":"Pet Play Set, Pretend Toys For Kids 1"},{"@type":"BreadcrumbList","@id":"https:\/\/tonysourcing.com\/wholesale\/pet-play-set-pretend-toys-for-kids\/#breadcrumb","itemListElement":[{"@type":"ListItem","position":1,"name":"Home","item":"https:\/\/tonysourcing.com\/"},{"@type":"ListItem","position":2,"name":"Wholesale","item":"https:\/\/tonysourcing.com\/wholesale\/"},{"@type":"ListItem","position":3,"name":"Pet Play Set, Pretend Toys For Kids"}]},{"@type":"WebSite","@id":"https:\/\/tonysourcing.com\/#website","url":"https:\/\/tonysourcing.com\/","name":"TonySourcing","description":"Distribuidor mayorista de juguetes y art\u00edculos en promoci\u00f3n en China","publisher":{"@id":"https:\/\/tonysourcing.com\/#organization"},"potentialAction":[{"@type":"SearchAction","target":{"@type":"EntryPoint","urlTemplate":"https:\/\/tonysourcing.com\/?s={search_term_string}"},"query-input":{"@type":"PropertyValueSpecification","valueRequired":true,"valueName":"search_term_string"}}],"inLanguage":"es"},{"@type":"Organization","@id":"https:\/\/tonysourcing.com\/#organization","name":"Yiwu Zongge","url":"https:\/\/tonysourcing.com\/","logo":{"@type":"ImageObject","inLanguage":"es","@id":"https:\/\/tonysourcing.com\/#\/schema\/logo\/image\/","url":"https:\/\/tonysourcing.com\/wp-content\/uploads\/2021\/07\/cropped-TonySourcing-logo-1.png","contentUrl":"https:\/\/tonysourcing.com\/wp-content\/uploads\/2021\/07\/cropped-TonySourcing-logo-1.png","width":300,"height":92,"caption":"Yiwu Zongge"},"image":{"@id":"https:\/\/tonysourcing.com\/#\/schema\/logo\/image\/"},"sameAs":["https:\/\/www.facebook.com\/TonySourcing","https:\/\/x.com\/TonySourcing","https:\/\/www.instagram.com\/tony_sourcing\/","http:\/\/www.linkedin.com\/in\/tonychen88","https:\/\/www.youtube.com\/channel\/UCZfST1M-NDoqjQ3dB-Tzszg"]}]}},"_links":{"self":[{"href":"https:\/\/tonysourcing.com\/es\/wp-json\/wp\/v2\/product\/19520","targetHints":{"allow":["GET"]}}],"collection":[{"href":"https:\/\/tonysourcing.com\/es\/wp-json\/wp\/v2\/product"}],"about":[{"href":"https:\/\/tonysourcing.com\/es\/wp-json\/wp\/v2\/types\/product"}],"version-history":[{"count":7,"href":"https:\/\/tonysourcing.com\/es\/wp-json\/wp\/v2\/product\/19520\/revisions"}],"predecessor-version":[{"id":22263,"href":"https:\/\/tonysourcing.com\/es\/wp-json\/wp\/v2\/product\/19520\/revisions\/22263"}],"wp:featuredmedia":[{"embeddable":true,"href":"https:\/\/tonysourcing.com\/es\/wp-json\/wp\/v2\/media\/19532"}],"wp:attachment":[{"href":"https:\/\/tonysourcing.com\/es\/wp-json\/wp\/v2\/media?parent=19520"}],"wp:term":[{"taxonomy":"product_brand","embeddable":true,"href":"https:\/\/tonysourcing.com\/es\/wp-json\/wp\/v2\/product_brand?post=19520"},{"taxonomy":"product_cat","embeddable":true,"href":"https:\/\/tonysourcing.com\/es\/wp-json\/wp\/v2\/product_cat?post=19520"},{"taxonomy":"product_tag","embeddable":true,"href":"https:\/\/tonysourcing.com\/es\/wp-json\/wp\/v2\/product_tag?post=19520"}],"curies":[{"name":"gracias","href":"https:\/\/api.w.org\/{rel}","templated":true}]}}