{"id":19611,"date":"2023-08-02T09:35:11","date_gmt":"2023-08-02T09:35:11","guid":{"rendered":"https:\/\/tonysourcing.com\/?post_type=product&#038;p=19611"},"modified":"2023-08-02T09:58:44","modified_gmt":"2023-08-02T09:58:44","slug":"soporte-para-pasteles","status":"publish","type":"product","link":"https:\/\/tonysourcing.com\/es\/wholesale\/cake-stand\/","title":{"rendered":"Soporte para pasteles"},"content":{"rendered":"<h2>Detalles<\/h2>\n<table class=\"is-zebra all magic-11\">\n<tbody>\n<tr>\n<td colspan=\"1\" rowspan=\"1\">\n<div class=\"magic-12\">Nombre del producto<\/div>\n<\/td>\n<td colspan=\"1\" rowspan=\"1\">\n<div class=\"magic-13\">Soporte para tartas de cumplea\u00f1os, soporte para cupcakes, soporte para papel, soporte para reposter\u00eda, soporte para cartulina<\/div>\n<\/td>\n<\/tr>\n<tr>\n<td colspan=\"1\" rowspan=\"1\">\n<div class=\"magic-12\">Material<\/div>\n<\/td>\n<td colspan=\"1\" rowspan=\"1\">\n<div class=\"magic-13\">Cart\u00f3n y tinta de calidad alimentaria<\/div>\n<\/td>\n<\/tr>\n<tr>\n<td colspan=\"1\" rowspan=\"1\">\n<div class=\"magic-12\">Color<\/div>\n<\/td>\n<td colspan=\"1\" rowspan=\"1\">\n<div class=\"magic-13\">Rojo, Azul, Amarillo, Rosa, Morado, Blanco, Arco\u00edris<\/div>\n<\/td>\n<\/tr>\n<tr>\n<td colspan=\"1\" rowspan=\"1\">\n<div class=\"magic-12\">Peso<\/div>\n<\/td>\n<td colspan=\"1\" rowspan=\"1\">\n<div class=\"magic-13\">325 gramos<\/div>\n<\/td>\n<\/tr>\n<tr>\n<td colspan=\"1\" rowspan=\"1\">\n<div class=\"magic-12\">Tama\u00f1o<\/div>\n<\/td>\n<td colspan=\"1\" rowspan=\"1\">\n<div class=\"magic-13\">30,8 cm despu\u00e9s del montaje<\/div>\n<\/td>\n<\/tr>\n<tr>\n<td colspan=\"1\" rowspan=\"1\">\n<div class=\"magic-12\">Embalaje<\/div>\n<\/td>\n<td colspan=\"1\" rowspan=\"1\">\n<div class=\"magic-13\">Caja de papel, bolsa OPP<\/div>\n<\/td>\n<\/tr>\n<tr>\n<td colspan=\"1\" rowspan=\"1\">\n<div class=\"magic-12\">Capa<\/div>\n<\/td>\n<td colspan=\"1\" rowspan=\"1\">\n<div class=\"magic-13\">Capa simple, doble o tercera capa<\/div>\n<\/td>\n<\/tr>\n<tr>\n<td colspan=\"1\" rowspan=\"1\">\n<div class=\"magic-12\">Muestra<\/div>\n<\/td>\n<td colspan=\"1\" rowspan=\"1\">\n<div class=\"magic-13\">Disponible<\/div>\n<\/td>\n<\/tr>\n<tr>\n<td colspan=\"1\" rowspan=\"1\">\n<div class=\"magic-12\">Plazo de entrega<\/div>\n<\/td>\n<td colspan=\"1\" rowspan=\"1\">\n<div class=\"magic-13\" data-spm-anchor-id=\"a2700.wholesale.0.i44.f8e762ff76NAWa\">8 \u2013 10 d\u00edas<\/div>\n<\/td>\n<\/tr>\n<\/tbody>\n<\/table>\n<p>&nbsp;<\/p>\n<h3>Presupuesto:<\/h3>\n<p>El di\u00e1metro de la placa superior es de 16 cm, el di\u00e1metro de la placa intermedia es de 21,5 cm y el di\u00e1metro de la placa inferior es de 29 cm.<\/p>\n<p>Despu\u00e9s de la combinaci\u00f3n, la altura total es de aproximadamente 30,8 cm y el conjunto completo, incluido el embalaje, pesa aproximadamente 0,325 kg.<\/p>\n<p>El juego completo de soporte para pasteles puede contener entre 8 y 10 cupcakes.<\/p>\n<h3>M\u00e9todo de almacenamiento:<\/h3>\n<p>Cambiar\u00e1n de color o se desvanecer\u00e1n cuando est\u00e9n expuestos a una luz intensa durante mucho tiempo, se recomienda no exponerlos a la luz solar directa, luces fluorescentes u otras luces intensas durante mucho tiempo, gu\u00e1rdelos en un lugar fresco y seco.<\/p>\n<h2>Preguntas frecuentes<\/h2>\n<h4>P1: \u00bfD\u00f3nde puedo obtener informaci\u00f3n sobre productos y precios?<br \/>\nA1: Env\u00edenos un correo electr\u00f3nico de consulta y nos comunicaremos con usted cuando recibamos su correo electr\u00f3nico.<\/h4>\n<h4>Q2: \u00bfCu\u00e1nto tiempo puedo obtener la muestra?<br \/>\nA2: Dependiendo de sus art\u00edculos espec\u00edficos, generalmente se requiere un plazo de entrega de 3 a 7 d\u00edas.<\/h4>\n<h4>P3: \u00bfQu\u00e9 tipo de informaci\u00f3n necesitas para una cotizaci\u00f3n?<br \/>\nA3: Por favor proporcione el n\u00famero de art\u00edculo del producto y ser\u00eda mejor si puede proporcionar una cantidad aproximada del pedido.<\/h4>\n<h4>Q4: \u00bfCu\u00e1les son las condiciones de pago?<br \/>\nA4: Aceptamos el dep\u00f3sito 30%. Una vez finalizada la compra, tomamos fotos para su verificaci\u00f3n y usted paga el saldo. Para cantidades peque\u00f1as, aceptamos PayPal y se a\u00f1adir\u00e1 una comisi\u00f3n de PayPal al pedido. Para cantidades grandes, preferimos transferencia bancaria.<\/h4>\n<h4>Q5: \u00bfC\u00f3mo entregar la mercanc\u00eda?<br \/>\nA5: Entregamos los productos mediante empresa de mensajer\u00eda.<\/h4>\n<h4>P6: \u00bfPodemos obtener algunas muestras antes de la producci\u00f3n en masa?<br \/>\nA6: Por supuesto, entregaremos muestras para confirmaci\u00f3n despu\u00e9s de probar los nuevos moldes.<\/h4>\n<h4>P7: \u00bfPor qu\u00e9 comprar con nosotros en lugar de con otros proveedores?<br \/>\nA7: Adquirir directamente de fabricantes chinos le ahorra hasta 60% en costos y se gestiona todo a trav\u00e9s del servicio integral de TonySourcing. Colabore con el equipo de TonySourcing para obtener informaci\u00f3n y soporte en compras.<\/h4>","protected":false},"excerpt":{"rendered":"<p>ART\u00cdCULO:.NO661H<\/p>\n<p>Precio de venta sugerido: $5.99<\/p>\n<p>Nuestro precio: $0.34<\/p>","protected":false},"featured_media":19612,"template":"","meta":{"_kad_post_transparent":"","_kad_post_title":"","_kad_post_layout":"","_kad_post_sidebar_id":"","_kad_post_content_style":"","_kad_post_vertical_padding":"","_kad_post_feature":"","_kad_post_feature_position":"","_kad_post_header":false,"_kad_post_footer":false,"_kad_post_classname":""},"product_brand":[],"product_cat":[997,1585,1582],"product_tag":[1685],"class_list":{"0":"post-19611","1":"product","2":"type-product","3":"status-publish","4":"has-post-thumbnail","6":"product_cat-party-supplies-wholesale","7":"product_cat-birthday-party-supplies","8":"product_cat-party-decorations","9":"product_tag-kids-birthday","11":"first","12":"instock","13":"featured","14":"shipping-taxable","15":"product-type-simple","16":"entry","17":"content-bg","18":"loop-entry"},"yoast_head":"<!-- This site is optimized with the Yoast SEO plugin v27.4 - https:\/\/yoast.com\/product\/yoast-seo-wordpress\/ -->\n<title>Cake Stand - Import Wholesale Directly From Manufacturer<\/title>\n<meta name=\"description\" content=\"Import Cake Stand Party Supplies from China Manufacturer, Good Product and Good Price, Contact TonySourcing for Catalog today\" \/>\n<meta name=\"robots\" content=\"index, follow, max-snippet:-1, max-image-preview:large, max-video-preview:-1\" \/>\n<link rel=\"canonical\" href=\"https:\/\/tonysourcing.com\/es\/al-por-mayor\/soporte-para-pasteles\/\" \/>\n<meta property=\"og:locale\" content=\"es_ES\" \/>\n<meta property=\"og:type\" content=\"article\" \/>\n<meta property=\"og:title\" content=\"Cake Stand - Import Wholesale Directly From Manufacturer\" \/>\n<meta property=\"og:description\" content=\"Import Cake Stand Party Supplies from China Manufacturer, Good Product and Good Price, Contact TonySourcing for Catalog today\" \/>\n<meta property=\"og:url\" content=\"https:\/\/tonysourcing.com\/es\/al-por-mayor\/soporte-para-pasteles\/\" \/>\n<meta property=\"og:site_name\" content=\"TonySourcing\" \/>\n<meta property=\"article:publisher\" content=\"https:\/\/www.facebook.com\/TonySourcing\" \/>\n<meta property=\"article:modified_time\" content=\"2023-08-02T09:58:44+00:00\" \/>\n<meta property=\"og:image\" content=\"https:\/\/tonysourcing.com\/wp-content\/uploads\/2023\/08\/cake-stand-06.jpg\" \/>\n\t<meta property=\"og:image:width\" content=\"800\" \/>\n\t<meta property=\"og:image:height\" content=\"800\" \/>\n\t<meta property=\"og:image:type\" content=\"image\/jpeg\" \/>\n<meta name=\"twitter:card\" content=\"summary_large_image\" \/>\n<meta name=\"twitter:site\" content=\"@TonySourcing\" \/>\n<meta name=\"twitter:label1\" content=\"Tiempo de lectura\" \/>\n\t<meta name=\"twitter:data1\" content=\"2 minutos\" \/>\n<script type=\"application\/ld+json\" class=\"yoast-schema-graph\">{\"@context\":\"https:\\\/\\\/schema.org\",\"@graph\":[{\"@type\":\"WebPage\",\"@id\":\"https:\\\/\\\/tonysourcing.com\\\/wholesale\\\/cake-stand\\\/\",\"url\":\"https:\\\/\\\/tonysourcing.com\\\/wholesale\\\/cake-stand\\\/\",\"name\":\"Cake Stand - Import Wholesale Directly From Manufacturer\",\"isPartOf\":{\"@id\":\"https:\\\/\\\/tonysourcing.com\\\/#website\"},\"primaryImageOfPage\":{\"@id\":\"https:\\\/\\\/tonysourcing.com\\\/wholesale\\\/cake-stand\\\/#primaryimage\"},\"image\":{\"@id\":\"https:\\\/\\\/tonysourcing.com\\\/wholesale\\\/cake-stand\\\/#primaryimage\"},\"thumbnailUrl\":\"https:\\\/\\\/tonysourcing.com\\\/wp-content\\\/uploads\\\/2023\\\/08\\\/cake-stand-06.jpg\",\"datePublished\":\"2023-08-02T09:35:11+00:00\",\"dateModified\":\"2023-08-02T09:58:44+00:00\",\"description\":\"Import Cake Stand Party Supplies from China Manufacturer, Good Product and Good Price, Contact TonySourcing for Catalog today\",\"breadcrumb\":{\"@id\":\"https:\\\/\\\/tonysourcing.com\\\/wholesale\\\/cake-stand\\\/#breadcrumb\"},\"inLanguage\":\"es\",\"potentialAction\":[{\"@type\":\"ReadAction\",\"target\":[\"https:\\\/\\\/tonysourcing.com\\\/wholesale\\\/cake-stand\\\/\"]}]},{\"@type\":\"ImageObject\",\"inLanguage\":\"es\",\"@id\":\"https:\\\/\\\/tonysourcing.com\\\/wholesale\\\/cake-stand\\\/#primaryimage\",\"url\":\"https:\\\/\\\/tonysourcing.com\\\/wp-content\\\/uploads\\\/2023\\\/08\\\/cake-stand-06.jpg\",\"contentUrl\":\"https:\\\/\\\/tonysourcing.com\\\/wp-content\\\/uploads\\\/2023\\\/08\\\/cake-stand-06.jpg\",\"width\":800,\"height\":800,\"caption\":\"cake stand\"},{\"@type\":\"BreadcrumbList\",\"@id\":\"https:\\\/\\\/tonysourcing.com\\\/wholesale\\\/cake-stand\\\/#breadcrumb\",\"itemListElement\":[{\"@type\":\"ListItem\",\"position\":1,\"name\":\"Home\",\"item\":\"https:\\\/\\\/tonysourcing.com\\\/\"},{\"@type\":\"ListItem\",\"position\":2,\"name\":\"Wholesale\",\"item\":\"https:\\\/\\\/tonysourcing.com\\\/wholesale\\\/\"},{\"@type\":\"ListItem\",\"position\":3,\"name\":\"Cake Stand\"}]},{\"@type\":\"WebSite\",\"@id\":\"https:\\\/\\\/tonysourcing.com\\\/#website\",\"url\":\"https:\\\/\\\/tonysourcing.com\\\/\",\"name\":\"TonySourcing\",\"description\":\"Toys Wholesale Distributor &amp; China Promition Items\",\"publisher\":{\"@id\":\"https:\\\/\\\/tonysourcing.com\\\/#organization\"},\"potentialAction\":[{\"@type\":\"SearchAction\",\"target\":{\"@type\":\"EntryPoint\",\"urlTemplate\":\"https:\\\/\\\/tonysourcing.com\\\/?s={search_term_string}\"},\"query-input\":{\"@type\":\"PropertyValueSpecification\",\"valueRequired\":true,\"valueName\":\"search_term_string\"}}],\"inLanguage\":\"es\"},{\"@type\":\"Organization\",\"@id\":\"https:\\\/\\\/tonysourcing.com\\\/#organization\",\"name\":\"Yiwu Zongge\",\"url\":\"https:\\\/\\\/tonysourcing.com\\\/\",\"logo\":{\"@type\":\"ImageObject\",\"inLanguage\":\"es\",\"@id\":\"https:\\\/\\\/tonysourcing.com\\\/#\\\/schema\\\/logo\\\/image\\\/\",\"url\":\"https:\\\/\\\/tonysourcing.com\\\/wp-content\\\/uploads\\\/2021\\\/07\\\/cropped-TonySourcing-logo-1.png\",\"contentUrl\":\"https:\\\/\\\/tonysourcing.com\\\/wp-content\\\/uploads\\\/2021\\\/07\\\/cropped-TonySourcing-logo-1.png\",\"width\":300,\"height\":92,\"caption\":\"Yiwu Zongge\"},\"image\":{\"@id\":\"https:\\\/\\\/tonysourcing.com\\\/#\\\/schema\\\/logo\\\/image\\\/\"},\"sameAs\":[\"https:\\\/\\\/www.facebook.com\\\/TonySourcing\",\"https:\\\/\\\/x.com\\\/TonySourcing\",\"https:\\\/\\\/www.instagram.com\\\/tony_sourcing\\\/\",\"http:\\\/\\\/www.linkedin.com\\\/in\\\/tonychen88\",\"https:\\\/\\\/www.youtube.com\\\/channel\\\/UCZfST1M-NDoqjQ3dB-Tzszg\"]}]}<\/script>\n<!-- \/ Yoast SEO plugin. -->","yoast_head_json":{"title":"Soporte para tartas - Importaci\u00f3n al por mayor directamente del fabricante","description":"Importe soportes para pasteles y art\u00edculos para fiestas del fabricante chino. Buen producto y buen precio. Contacte con TonySourcing para obtener el cat\u00e1logo hoy mismo.","robots":{"index":"index","follow":"follow","max-snippet":"max-snippet:-1","max-image-preview":"max-image-preview:large","max-video-preview":"max-video-preview:-1"},"canonical":"https:\/\/tonysourcing.com\/es\/al-por-mayor\/soporte-para-pasteles\/","og_locale":"es_ES","og_type":"article","og_title":"Cake Stand - Import Wholesale Directly From Manufacturer","og_description":"Import Cake Stand Party Supplies from China Manufacturer, Good Product and Good Price, Contact TonySourcing for Catalog today","og_url":"https:\/\/tonysourcing.com\/es\/al-por-mayor\/soporte-para-pasteles\/","og_site_name":"TonySourcing","article_publisher":"https:\/\/www.facebook.com\/TonySourcing","article_modified_time":"2023-08-02T09:58:44+00:00","og_image":[{"width":800,"height":800,"url":"https:\/\/tonysourcing.com\/wp-content\/uploads\/2023\/08\/cake-stand-06.jpg","type":"image\/jpeg"}],"twitter_card":"summary_large_image","twitter_site":"@TonySourcing","twitter_misc":{"Tiempo de lectura":"2 minutos"},"schema":{"@context":"https:\/\/schema.org","@graph":[{"@type":"WebPage","@id":"https:\/\/tonysourcing.com\/wholesale\/cake-stand\/","url":"https:\/\/tonysourcing.com\/wholesale\/cake-stand\/","name":"Soporte para tartas - Importaci\u00f3n al por mayor directamente del fabricante","isPartOf":{"@id":"https:\/\/tonysourcing.com\/#website"},"primaryImageOfPage":{"@id":"https:\/\/tonysourcing.com\/wholesale\/cake-stand\/#primaryimage"},"image":{"@id":"https:\/\/tonysourcing.com\/wholesale\/cake-stand\/#primaryimage"},"thumbnailUrl":"https:\/\/tonysourcing.com\/wp-content\/uploads\/2023\/08\/cake-stand-06.jpg","datePublished":"2023-08-02T09:35:11+00:00","dateModified":"2023-08-02T09:58:44+00:00","description":"Importe soportes para pasteles y art\u00edculos para fiestas del fabricante chino. Buen producto y buen precio. Contacte con TonySourcing para obtener el cat\u00e1logo hoy mismo.","breadcrumb":{"@id":"https:\/\/tonysourcing.com\/wholesale\/cake-stand\/#breadcrumb"},"inLanguage":"es","potentialAction":[{"@type":"ReadAction","target":["https:\/\/tonysourcing.com\/wholesale\/cake-stand\/"]}]},{"@type":"ImageObject","inLanguage":"es","@id":"https:\/\/tonysourcing.com\/wholesale\/cake-stand\/#primaryimage","url":"https:\/\/tonysourcing.com\/wp-content\/uploads\/2023\/08\/cake-stand-06.jpg","contentUrl":"https:\/\/tonysourcing.com\/wp-content\/uploads\/2023\/08\/cake-stand-06.jpg","width":800,"height":800,"caption":"cake stand"},{"@type":"BreadcrumbList","@id":"https:\/\/tonysourcing.com\/wholesale\/cake-stand\/#breadcrumb","itemListElement":[{"@type":"ListItem","position":1,"name":"Home","item":"https:\/\/tonysourcing.com\/"},{"@type":"ListItem","position":2,"name":"Wholesale","item":"https:\/\/tonysourcing.com\/wholesale\/"},{"@type":"ListItem","position":3,"name":"Cake Stand"}]},{"@type":"WebSite","@id":"https:\/\/tonysourcing.com\/#website","url":"https:\/\/tonysourcing.com\/","name":"TonySourcing","description":"Distribuidor mayorista de juguetes y art\u00edculos en promoci\u00f3n en China","publisher":{"@id":"https:\/\/tonysourcing.com\/#organization"},"potentialAction":[{"@type":"SearchAction","target":{"@type":"EntryPoint","urlTemplate":"https:\/\/tonysourcing.com\/?s={search_term_string}"},"query-input":{"@type":"PropertyValueSpecification","valueRequired":true,"valueName":"search_term_string"}}],"inLanguage":"es"},{"@type":"Organization","@id":"https:\/\/tonysourcing.com\/#organization","name":"Yiwu Zongge","url":"https:\/\/tonysourcing.com\/","logo":{"@type":"ImageObject","inLanguage":"es","@id":"https:\/\/tonysourcing.com\/#\/schema\/logo\/image\/","url":"https:\/\/tonysourcing.com\/wp-content\/uploads\/2021\/07\/cropped-TonySourcing-logo-1.png","contentUrl":"https:\/\/tonysourcing.com\/wp-content\/uploads\/2021\/07\/cropped-TonySourcing-logo-1.png","width":300,"height":92,"caption":"Yiwu Zongge"},"image":{"@id":"https:\/\/tonysourcing.com\/#\/schema\/logo\/image\/"},"sameAs":["https:\/\/www.facebook.com\/TonySourcing","https:\/\/x.com\/TonySourcing","https:\/\/www.instagram.com\/tony_sourcing\/","http:\/\/www.linkedin.com\/in\/tonychen88","https:\/\/www.youtube.com\/channel\/UCZfST1M-NDoqjQ3dB-Tzszg"]}]}},"_links":{"self":[{"href":"https:\/\/tonysourcing.com\/es\/wp-json\/wp\/v2\/product\/19611","targetHints":{"allow":["GET"]}}],"collection":[{"href":"https:\/\/tonysourcing.com\/es\/wp-json\/wp\/v2\/product"}],"about":[{"href":"https:\/\/tonysourcing.com\/es\/wp-json\/wp\/v2\/types\/product"}],"version-history":[{"count":1,"href":"https:\/\/tonysourcing.com\/es\/wp-json\/wp\/v2\/product\/19611\/revisions"}],"predecessor-version":[{"id":19622,"href":"https:\/\/tonysourcing.com\/es\/wp-json\/wp\/v2\/product\/19611\/revisions\/19622"}],"wp:featuredmedia":[{"embeddable":true,"href":"https:\/\/tonysourcing.com\/es\/wp-json\/wp\/v2\/media\/19612"}],"wp:attachment":[{"href":"https:\/\/tonysourcing.com\/es\/wp-json\/wp\/v2\/media?parent=19611"}],"wp:term":[{"taxonomy":"product_brand","embeddable":true,"href":"https:\/\/tonysourcing.com\/es\/wp-json\/wp\/v2\/product_brand?post=19611"},{"taxonomy":"product_cat","embeddable":true,"href":"https:\/\/tonysourcing.com\/es\/wp-json\/wp\/v2\/product_cat?post=19611"},{"taxonomy":"product_tag","embeddable":true,"href":"https:\/\/tonysourcing.com\/es\/wp-json\/wp\/v2\/product_tag?post=19611"}],"curies":[{"name":"gracias","href":"https:\/\/api.w.org\/{rel}","templated":true}]}}