{"id":19643,"date":"2023-08-04T07:21:09","date_gmt":"2023-08-04T07:21:09","guid":{"rendered":"https:\/\/tonysourcing.com\/?post_type=product&#038;p=19643"},"modified":"2023-08-04T07:22:17","modified_gmt":"2023-08-04T07:22:17","slug":"juguete-antiestres-elastico-y-blando-monster-alien-2","status":"publish","type":"product","link":"https:\/\/tonysourcing.com\/es\/wholesale\/stretchy-squishy-fidget-toy-monster-alien-2\/","title":{"rendered":"Juguete antiestr\u00e9s el\u00e1stico y blando Monstruo Alien\u00edgena"},"content":{"rendered":"","protected":false},"excerpt":{"rendered":"<p>Art\u00edculo n.\u00ba: JR116<\/p>\n<p>Precio al por mayor: 0.4$<\/p>\n<p>Precio de venta sugerido: 7.98$<\/p>","protected":false},"featured_media":19493,"template":"","meta":{"_kad_post_transparent":"","_kad_post_title":"","_kad_post_layout":"","_kad_post_sidebar_id":"","_kad_post_content_style":"","_kad_post_vertical_padding":"","_kad_post_feature":"","_kad_post_feature_position":"","_kad_post_header":false,"_kad_post_footer":false,"_kad_post_classname":""},"product_brand":[],"product_cat":[999],"product_tag":[],"class_list":{"0":"post-19643","1":"product","2":"type-product","3":"status-publish","4":"has-post-thumbnail","6":"product_cat-novelty-toys","8":"first","9":"instock","10":"featured","11":"shipping-taxable","12":"product-type-simple","13":"entry","14":"content-bg","15":"loop-entry"},"yoast_head":"<!-- This site is optimized with the Yoast SEO plugin v27.4 - https:\/\/yoast.com\/product\/yoast-seo-wordpress\/ -->\n<title>Stretchy Squishy Fidget Toy - Import Toys From Manufacturer<\/title>\n<meta name=\"description\" content=\"Import hot sell toys from China Manufacturer, Good Product and Good Price, Contact TonySourcing for CatalogImport Stretchy Squishy Fidget Toy Monster Alien from China Manufacturer, Good Product and Good Price, Contact TonySourcing for Catalog today\" \/>\n<meta name=\"robots\" content=\"index, follow, max-snippet:-1, max-image-preview:large, max-video-preview:-1\" \/>\n<link rel=\"canonical\" href=\"https:\/\/tonysourcing.com\/es\/al-por-mayor\/juguete-antiestres-elastico-y-blando-monster-alien-2\/\" \/>\n<meta property=\"og:locale\" content=\"es_ES\" \/>\n<meta property=\"og:type\" content=\"article\" \/>\n<meta property=\"og:title\" content=\"Stretchy Squishy Fidget Toy - Import Toys From Manufacturer\" \/>\n<meta property=\"og:description\" content=\"Import hot sell toys from China Manufacturer, Good Product and Good Price, Contact TonySourcing for CatalogImport Stretchy Squishy Fidget Toy Monster Alien from China Manufacturer, Good Product and Good Price, Contact TonySourcing for Catalog today\" \/>\n<meta property=\"og:url\" content=\"https:\/\/tonysourcing.com\/es\/al-por-mayor\/juguete-antiestres-elastico-y-blando-monster-alien-2\/\" \/>\n<meta property=\"og:site_name\" content=\"TonySourcing\" \/>\n<meta property=\"article:publisher\" content=\"https:\/\/www.facebook.com\/TonySourcing\" \/>\n<meta property=\"article:modified_time\" content=\"2023-08-04T07:22:17+00:00\" \/>\n<meta property=\"og:image\" content=\"https:\/\/tonysourcing.com\/wp-content\/uploads\/2023\/07\/Silly-Cyclops-Stretchy-Squishy-Fidget-Toy.jpg\" \/>\n\t<meta property=\"og:image:width\" content=\"800\" \/>\n\t<meta property=\"og:image:height\" content=\"800\" \/>\n\t<meta property=\"og:image:type\" content=\"image\/jpeg\" \/>\n<meta name=\"twitter:card\" content=\"summary_large_image\" \/>\n<meta name=\"twitter:site\" content=\"@TonySourcing\" \/>\n<script type=\"application\/ld+json\" class=\"yoast-schema-graph\">{\"@context\":\"https:\\\/\\\/schema.org\",\"@graph\":[{\"@type\":\"WebPage\",\"@id\":\"https:\\\/\\\/tonysourcing.com\\\/wholesale\\\/stretchy-squishy-fidget-toy-monster-alien-2\\\/\",\"url\":\"https:\\\/\\\/tonysourcing.com\\\/wholesale\\\/stretchy-squishy-fidget-toy-monster-alien-2\\\/\",\"name\":\"Stretchy Squishy Fidget Toy - Import Toys From Manufacturer\",\"isPartOf\":{\"@id\":\"https:\\\/\\\/tonysourcing.com\\\/#website\"},\"primaryImageOfPage\":{\"@id\":\"https:\\\/\\\/tonysourcing.com\\\/wholesale\\\/stretchy-squishy-fidget-toy-monster-alien-2\\\/#primaryimage\"},\"image\":{\"@id\":\"https:\\\/\\\/tonysourcing.com\\\/wholesale\\\/stretchy-squishy-fidget-toy-monster-alien-2\\\/#primaryimage\"},\"thumbnailUrl\":\"https:\\\/\\\/tonysourcing.com\\\/wp-content\\\/uploads\\\/2023\\\/07\\\/Silly-Cyclops-Stretchy-Squishy-Fidget-Toy.jpg\",\"datePublished\":\"2023-08-04T07:21:09+00:00\",\"dateModified\":\"2023-08-04T07:22:17+00:00\",\"description\":\"Import hot sell toys from China Manufacturer, Good Product and Good Price, Contact TonySourcing for CatalogImport Stretchy Squishy Fidget Toy Monster Alien from China Manufacturer, Good Product and Good Price, Contact TonySourcing for Catalog today\",\"breadcrumb\":{\"@id\":\"https:\\\/\\\/tonysourcing.com\\\/wholesale\\\/stretchy-squishy-fidget-toy-monster-alien-2\\\/#breadcrumb\"},\"inLanguage\":\"es\",\"potentialAction\":[{\"@type\":\"ReadAction\",\"target\":[\"https:\\\/\\\/tonysourcing.com\\\/wholesale\\\/stretchy-squishy-fidget-toy-monster-alien-2\\\/\"]}]},{\"@type\":\"ImageObject\",\"inLanguage\":\"es\",\"@id\":\"https:\\\/\\\/tonysourcing.com\\\/wholesale\\\/stretchy-squishy-fidget-toy-monster-alien-2\\\/#primaryimage\",\"url\":\"https:\\\/\\\/tonysourcing.com\\\/wp-content\\\/uploads\\\/2023\\\/07\\\/Silly-Cyclops-Stretchy-Squishy-Fidget-Toy.jpg\",\"contentUrl\":\"https:\\\/\\\/tonysourcing.com\\\/wp-content\\\/uploads\\\/2023\\\/07\\\/Silly-Cyclops-Stretchy-Squishy-Fidget-Toy.jpg\",\"width\":800,\"height\":800,\"caption\":\"Silly Cyclops Stretchy Squishy Fidget Toy\"},{\"@type\":\"BreadcrumbList\",\"@id\":\"https:\\\/\\\/tonysourcing.com\\\/wholesale\\\/stretchy-squishy-fidget-toy-monster-alien-2\\\/#breadcrumb\",\"itemListElement\":[{\"@type\":\"ListItem\",\"position\":1,\"name\":\"Home\",\"item\":\"https:\\\/\\\/tonysourcing.com\\\/\"},{\"@type\":\"ListItem\",\"position\":2,\"name\":\"Wholesale\",\"item\":\"https:\\\/\\\/tonysourcing.com\\\/wholesale\\\/\"},{\"@type\":\"ListItem\",\"position\":3,\"name\":\"Stretchy Squishy Fidget Toy Monster Alien\"}]},{\"@type\":\"WebSite\",\"@id\":\"https:\\\/\\\/tonysourcing.com\\\/#website\",\"url\":\"https:\\\/\\\/tonysourcing.com\\\/\",\"name\":\"TonySourcing\",\"description\":\"Toys Wholesale Distributor &amp; China Promition Items\",\"publisher\":{\"@id\":\"https:\\\/\\\/tonysourcing.com\\\/#organization\"},\"potentialAction\":[{\"@type\":\"SearchAction\",\"target\":{\"@type\":\"EntryPoint\",\"urlTemplate\":\"https:\\\/\\\/tonysourcing.com\\\/?s={search_term_string}\"},\"query-input\":{\"@type\":\"PropertyValueSpecification\",\"valueRequired\":true,\"valueName\":\"search_term_string\"}}],\"inLanguage\":\"es\"},{\"@type\":\"Organization\",\"@id\":\"https:\\\/\\\/tonysourcing.com\\\/#organization\",\"name\":\"Yiwu Zongge\",\"url\":\"https:\\\/\\\/tonysourcing.com\\\/\",\"logo\":{\"@type\":\"ImageObject\",\"inLanguage\":\"es\",\"@id\":\"https:\\\/\\\/tonysourcing.com\\\/#\\\/schema\\\/logo\\\/image\\\/\",\"url\":\"https:\\\/\\\/tonysourcing.com\\\/wp-content\\\/uploads\\\/2021\\\/07\\\/cropped-TonySourcing-logo-1.png\",\"contentUrl\":\"https:\\\/\\\/tonysourcing.com\\\/wp-content\\\/uploads\\\/2021\\\/07\\\/cropped-TonySourcing-logo-1.png\",\"width\":300,\"height\":92,\"caption\":\"Yiwu Zongge\"},\"image\":{\"@id\":\"https:\\\/\\\/tonysourcing.com\\\/#\\\/schema\\\/logo\\\/image\\\/\"},\"sameAs\":[\"https:\\\/\\\/www.facebook.com\\\/TonySourcing\",\"https:\\\/\\\/x.com\\\/TonySourcing\",\"https:\\\/\\\/www.instagram.com\\\/tony_sourcing\\\/\",\"http:\\\/\\\/www.linkedin.com\\\/in\\\/tonychen88\",\"https:\\\/\\\/www.youtube.com\\\/channel\\\/UCZfST1M-NDoqjQ3dB-Tzszg\"]}]}<\/script>\n<!-- \/ Yoast SEO plugin. -->","yoast_head_json":{"title":"Juguete antiestr\u00e9s el\u00e1stico y blando - Importaci\u00f3n de juguetes del fabricante","description":"Importe juguetes de gran venta del fabricante chino, buen producto y buen precio. Contacte con TonySourcing para obtener el cat\u00e1logo. Importe el juguete antiestr\u00e9s el\u00e1stico y blando Monster Alien del fabricante chino, buen producto y buen precio. Contacte con TonySourcing para obtener el cat\u00e1logo hoy mismo.","robots":{"index":"index","follow":"follow","max-snippet":"max-snippet:-1","max-image-preview":"max-image-preview:large","max-video-preview":"max-video-preview:-1"},"canonical":"https:\/\/tonysourcing.com\/es\/al-por-mayor\/juguete-antiestres-elastico-y-blando-monster-alien-2\/","og_locale":"es_ES","og_type":"article","og_title":"Stretchy Squishy Fidget Toy - Import Toys From Manufacturer","og_description":"Import hot sell toys from China Manufacturer, Good Product and Good Price, Contact TonySourcing for CatalogImport Stretchy Squishy Fidget Toy Monster Alien from China Manufacturer, Good Product and Good Price, Contact TonySourcing for Catalog today","og_url":"https:\/\/tonysourcing.com\/es\/al-por-mayor\/juguete-antiestres-elastico-y-blando-monster-alien-2\/","og_site_name":"TonySourcing","article_publisher":"https:\/\/www.facebook.com\/TonySourcing","article_modified_time":"2023-08-04T07:22:17+00:00","og_image":[{"width":800,"height":800,"url":"https:\/\/tonysourcing.com\/wp-content\/uploads\/2023\/07\/Silly-Cyclops-Stretchy-Squishy-Fidget-Toy.jpg","type":"image\/jpeg"}],"twitter_card":"summary_large_image","twitter_site":"@TonySourcing","schema":{"@context":"https:\/\/schema.org","@graph":[{"@type":"WebPage","@id":"https:\/\/tonysourcing.com\/wholesale\/stretchy-squishy-fidget-toy-monster-alien-2\/","url":"https:\/\/tonysourcing.com\/wholesale\/stretchy-squishy-fidget-toy-monster-alien-2\/","name":"Juguete antiestr\u00e9s el\u00e1stico y blando - Importaci\u00f3n de juguetes del fabricante","isPartOf":{"@id":"https:\/\/tonysourcing.com\/#website"},"primaryImageOfPage":{"@id":"https:\/\/tonysourcing.com\/wholesale\/stretchy-squishy-fidget-toy-monster-alien-2\/#primaryimage"},"image":{"@id":"https:\/\/tonysourcing.com\/wholesale\/stretchy-squishy-fidget-toy-monster-alien-2\/#primaryimage"},"thumbnailUrl":"https:\/\/tonysourcing.com\/wp-content\/uploads\/2023\/07\/Silly-Cyclops-Stretchy-Squishy-Fidget-Toy.jpg","datePublished":"2023-08-04T07:21:09+00:00","dateModified":"2023-08-04T07:22:17+00:00","description":"Importe juguetes de gran venta del fabricante chino, buen producto y buen precio. Contacte con TonySourcing para obtener el cat\u00e1logo. Importe el juguete antiestr\u00e9s el\u00e1stico y blando Monster Alien del fabricante chino, buen producto y buen precio. Contacte con TonySourcing para obtener el cat\u00e1logo hoy mismo.","breadcrumb":{"@id":"https:\/\/tonysourcing.com\/wholesale\/stretchy-squishy-fidget-toy-monster-alien-2\/#breadcrumb"},"inLanguage":"es","potentialAction":[{"@type":"ReadAction","target":["https:\/\/tonysourcing.com\/wholesale\/stretchy-squishy-fidget-toy-monster-alien-2\/"]}]},{"@type":"ImageObject","inLanguage":"es","@id":"https:\/\/tonysourcing.com\/wholesale\/stretchy-squishy-fidget-toy-monster-alien-2\/#primaryimage","url":"https:\/\/tonysourcing.com\/wp-content\/uploads\/2023\/07\/Silly-Cyclops-Stretchy-Squishy-Fidget-Toy.jpg","contentUrl":"https:\/\/tonysourcing.com\/wp-content\/uploads\/2023\/07\/Silly-Cyclops-Stretchy-Squishy-Fidget-Toy.jpg","width":800,"height":800,"caption":"Silly Cyclops Stretchy Squishy Fidget Toy"},{"@type":"BreadcrumbList","@id":"https:\/\/tonysourcing.com\/wholesale\/stretchy-squishy-fidget-toy-monster-alien-2\/#breadcrumb","itemListElement":[{"@type":"ListItem","position":1,"name":"Home","item":"https:\/\/tonysourcing.com\/"},{"@type":"ListItem","position":2,"name":"Wholesale","item":"https:\/\/tonysourcing.com\/wholesale\/"},{"@type":"ListItem","position":3,"name":"Stretchy Squishy Fidget Toy Monster Alien"}]},{"@type":"WebSite","@id":"https:\/\/tonysourcing.com\/#website","url":"https:\/\/tonysourcing.com\/","name":"TonySourcing","description":"Distribuidor mayorista de juguetes y art\u00edculos en promoci\u00f3n en China","publisher":{"@id":"https:\/\/tonysourcing.com\/#organization"},"potentialAction":[{"@type":"SearchAction","target":{"@type":"EntryPoint","urlTemplate":"https:\/\/tonysourcing.com\/?s={search_term_string}"},"query-input":{"@type":"PropertyValueSpecification","valueRequired":true,"valueName":"search_term_string"}}],"inLanguage":"es"},{"@type":"Organization","@id":"https:\/\/tonysourcing.com\/#organization","name":"Yiwu Zongge","url":"https:\/\/tonysourcing.com\/","logo":{"@type":"ImageObject","inLanguage":"es","@id":"https:\/\/tonysourcing.com\/#\/schema\/logo\/image\/","url":"https:\/\/tonysourcing.com\/wp-content\/uploads\/2021\/07\/cropped-TonySourcing-logo-1.png","contentUrl":"https:\/\/tonysourcing.com\/wp-content\/uploads\/2021\/07\/cropped-TonySourcing-logo-1.png","width":300,"height":92,"caption":"Yiwu Zongge"},"image":{"@id":"https:\/\/tonysourcing.com\/#\/schema\/logo\/image\/"},"sameAs":["https:\/\/www.facebook.com\/TonySourcing","https:\/\/x.com\/TonySourcing","https:\/\/www.instagram.com\/tony_sourcing\/","http:\/\/www.linkedin.com\/in\/tonychen88","https:\/\/www.youtube.com\/channel\/UCZfST1M-NDoqjQ3dB-Tzszg"]}]}},"_links":{"self":[{"href":"https:\/\/tonysourcing.com\/es\/wp-json\/wp\/v2\/product\/19643","targetHints":{"allow":["GET"]}}],"collection":[{"href":"https:\/\/tonysourcing.com\/es\/wp-json\/wp\/v2\/product"}],"about":[{"href":"https:\/\/tonysourcing.com\/es\/wp-json\/wp\/v2\/types\/product"}],"version-history":[{"count":1,"href":"https:\/\/tonysourcing.com\/es\/wp-json\/wp\/v2\/product\/19643\/revisions"}],"predecessor-version":[{"id":19644,"href":"https:\/\/tonysourcing.com\/es\/wp-json\/wp\/v2\/product\/19643\/revisions\/19644"}],"wp:featuredmedia":[{"embeddable":true,"href":"https:\/\/tonysourcing.com\/es\/wp-json\/wp\/v2\/media\/19493"}],"wp:attachment":[{"href":"https:\/\/tonysourcing.com\/es\/wp-json\/wp\/v2\/media?parent=19643"}],"wp:term":[{"taxonomy":"product_brand","embeddable":true,"href":"https:\/\/tonysourcing.com\/es\/wp-json\/wp\/v2\/product_brand?post=19643"},{"taxonomy":"product_cat","embeddable":true,"href":"https:\/\/tonysourcing.com\/es\/wp-json\/wp\/v2\/product_cat?post=19643"},{"taxonomy":"product_tag","embeddable":true,"href":"https:\/\/tonysourcing.com\/es\/wp-json\/wp\/v2\/product_tag?post=19643"}],"curies":[{"name":"gracias","href":"https:\/\/api.w.org\/{rel}","templated":true}]}}