{"id":19747,"date":"2023-08-29T02:56:07","date_gmt":"2023-08-29T02:56:07","guid":{"rendered":"https:\/\/tonysourcing.com\/?post_type=product&#038;p=19747"},"modified":"2023-08-31T02:02:29","modified_gmt":"2023-08-31T02:02:29","slug":"juguetes-de-montaje-perro","status":"publish","type":"product","link":"https:\/\/tonysourcing.com\/es\/wholesale\/assembly-toys-dog\/","title":{"rendered":"Juguetes de ensamblaje para perros"},"content":{"rendered":"<div class=\"entry-content-asset videofit\"><iframe title=\"Nuevos juguetes recomendados - Juguetes de ensamblaje para perros\" width=\"720\" height=\"405\" src=\"https:\/\/www.youtube.com\/embed\/a4b87QkpCjQ?feature=oembed\" frameborder=\"0\" allow=\"accelerometer; autoplay; clipboard-write; encrypted-media; gyroscope; picture-in-picture; web-share\" referrerpolicy=\"strict-origin-when-cross-origin\" allowfullscreen><\/iframe><\/div>\n<p><strong>Los mejores juguetes de ensamblaje con dise\u00f1o de perro<\/strong><\/p>\n<ul>\n<li>Dise\u00f1os \u00fanicos con tem\u00e1tica de perros<\/li>\n<li>4 dise\u00f1os famosos de juguetes para perros: Pastor, Bulldog, Dachshund, Corgi<\/li>\n<li>Dise\u00f1o de apariencia mecha<\/li>\n<li>Articulaciones de animales m\u00f3viles, muy jugables.<\/li>\n<li>Bonito, divertido y barato.<\/li>\n<\/ul>\n<div class=\"structure-row\">\n<div class=\"col-left\" data-spm-anchor-id=\"a2700.details.0.i41.66bb6b306VxzjW\">Nombre del producto: Juguetes de ensamblaje de perro robot de bricolaje<\/div>\n<\/div>\n<div class=\"structure-row\">\n<div class=\"col-left\">Material: ABS<\/div>\n<\/div>\n<div class=\"structure-row\">\n<div class=\"col-left\">Funci\u00f3n: Desarrollar la inteligencia<\/div>\n<\/div>\n<div class=\"structure-row\">\n<div class=\"col-left\">Color: 4 colores<\/div>\n<\/div>\n<div class=\"structure-row\">\n<div class=\"col-left\">Edad: 3+ a\u00f1os<\/div>\n<\/div>\n<div class=\"structure-row\">\n<div class=\"col-left\">Embalaje: Caja con ventana<\/div>\n<\/div>\n<div class=\"structure-row\">\n<div class=\"col-left\">Tama\u00f1o del embalaje:<span data-spm-anchor-id=\"a2700.details.0.i42.66bb6b306VxzjW\">23,4 x 9,4 x 14,8 cm<\/span><\/div>\n<\/div>\n<div class=\"structure-row\">\n<div class=\"col-left\">Tama\u00f1o de la caja: 73 x 50 x 62,5 cm<\/div>\n<\/div>\n<div class=\"structure-row\">\n<div class=\"col-left\">CANTIDAD\/CAJA: 60 piezas<\/div>\n<\/div>\n<div class=\"col-left\"><\/div>\n<div><strong>5 beneficios de jugar con juguetes de ensamblaje DIY:<\/strong><\/div>\n<div>\n<ul>\n<li><strong>Mejora la manipulaci\u00f3n motora fina y la fuerza.<\/strong><\/li>\n<li><strong>Mejora la conciencia espacial<\/strong><\/li>\n<li><strong>Fomenta el pensamiento y el razonamiento<\/strong><\/li>\n<li><strong>Implica concentraci\u00f3n y paciencia<\/strong><\/li>\n<li><strong>\u00a1Despierta la imaginaci\u00f3n!<\/strong><\/li>\n<\/ul>\n<p>&nbsp;<\/p>\n<\/div>\n<p><img fetchpriority=\"high\" decoding=\"async\" class=\"aligncenter wp-image-19751 size-full\" src=\"https:\/\/tonysourcing.com\/wp-content\/uploads\/2023\/08\/DIY-toys-benefit.jpg\" alt=\"Beneficios de los juguetes de bricolaje\" width=\"790\" height=\"644\" srcset=\"https:\/\/tonysourcing.com\/wp-content\/uploads\/2023\/08\/DIY-toys-benefit.jpg 790w, https:\/\/tonysourcing.com\/wp-content\/uploads\/2023\/08\/DIY-toys-benefit-300x245.jpg 300w, https:\/\/tonysourcing.com\/wp-content\/uploads\/2023\/08\/DIY-toys-benefit-768x626.jpg 768w, https:\/\/tonysourcing.com\/wp-content\/uploads\/2023\/08\/DIY-toys-benefit-600x489.jpg 600w\" sizes=\"(max-width: 790px) 100vw, 790px\" \/><\/p>\n<p><img decoding=\"async\" class=\"aligncenter wp-image-19752 size-full\" src=\"https:\/\/tonysourcing.com\/wp-content\/uploads\/2023\/08\/famous-Dogs-toys.jpg\" alt=\"juguetes famosos para perros\" width=\"790\" height=\"1298\" srcset=\"https:\/\/tonysourcing.com\/wp-content\/uploads\/2023\/08\/famous-Dogs-toys.jpg 790w, https:\/\/tonysourcing.com\/wp-content\/uploads\/2023\/08\/famous-Dogs-toys-183x300.jpg 183w, https:\/\/tonysourcing.com\/wp-content\/uploads\/2023\/08\/famous-Dogs-toys-487x800.jpg 487w, https:\/\/tonysourcing.com\/wp-content\/uploads\/2023\/08\/famous-Dogs-toys-768x1262.jpg 768w, https:\/\/tonysourcing.com\/wp-content\/uploads\/2023\/08\/famous-Dogs-toys-600x986.jpg 600w\" sizes=\"(max-width: 790px) 100vw, 790px\" \/><img decoding=\"async\" class=\"aligncenter size-full wp-image-19753\" src=\"https:\/\/tonysourcing.com\/wp-content\/uploads\/2023\/08\/how-to-play-assembly-toys.jpg\" alt=\"C\u00f3mo jugar con juguetes de ensamblaje\" width=\"790\" height=\"1162\" srcset=\"https:\/\/tonysourcing.com\/wp-content\/uploads\/2023\/08\/how-to-play-assembly-toys.jpg 790w, https:\/\/tonysourcing.com\/wp-content\/uploads\/2023\/08\/how-to-play-assembly-toys-204x300.jpg 204w, https:\/\/tonysourcing.com\/wp-content\/uploads\/2023\/08\/how-to-play-assembly-toys-544x800.jpg 544w, https:\/\/tonysourcing.com\/wp-content\/uploads\/2023\/08\/how-to-play-assembly-toys-768x1130.jpg 768w, https:\/\/tonysourcing.com\/wp-content\/uploads\/2023\/08\/how-to-play-assembly-toys-600x883.jpg 600w\" sizes=\"(max-width: 790px) 100vw, 790px\" \/><img loading=\"lazy\" decoding=\"async\" class=\"aligncenter size-full wp-image-19755\" src=\"https:\/\/tonysourcing.com\/wp-content\/uploads\/2023\/08\/robot-dog-toys.jpg\" alt=\"juguetes para perros robot\" width=\"790\" height=\"1214\" srcset=\"https:\/\/tonysourcing.com\/wp-content\/uploads\/2023\/08\/robot-dog-toys.jpg 790w, https:\/\/tonysourcing.com\/wp-content\/uploads\/2023\/08\/robot-dog-toys-195x300.jpg 195w, https:\/\/tonysourcing.com\/wp-content\/uploads\/2023\/08\/robot-dog-toys-521x800.jpg 521w, https:\/\/tonysourcing.com\/wp-content\/uploads\/2023\/08\/robot-dog-toys-768x1180.jpg 768w, https:\/\/tonysourcing.com\/wp-content\/uploads\/2023\/08\/robot-dog-toys-600x922.jpg 600w\" sizes=\"(max-width: 790px) 100vw, 790px\" \/><img loading=\"lazy\" decoding=\"async\" class=\"aligncenter size-full wp-image-19757\" src=\"https:\/\/tonysourcing.com\/wp-content\/uploads\/2023\/08\/robot-toys-instrument.jpg\" alt=\"instrumento de juguete robot\" width=\"790\" height=\"474\" srcset=\"https:\/\/tonysourcing.com\/wp-content\/uploads\/2023\/08\/robot-toys-instrument.jpg 790w, https:\/\/tonysourcing.com\/wp-content\/uploads\/2023\/08\/robot-toys-instrument-300x180.jpg 300w, https:\/\/tonysourcing.com\/wp-content\/uploads\/2023\/08\/robot-toys-instrument-768x461.jpg 768w, https:\/\/tonysourcing.com\/wp-content\/uploads\/2023\/08\/robot-toys-instrument-600x360.jpg 600w\" sizes=\"(max-width: 790px) 100vw, 790px\" \/><img loading=\"lazy\" decoding=\"async\" class=\"aligncenter size-full wp-image-19756\" src=\"https:\/\/tonysourcing.com\/wp-content\/uploads\/2023\/08\/Robot-dogz-toys.jpg\" alt=\"Juguetes de perros robot\" width=\"790\" height=\"1311\" srcset=\"https:\/\/tonysourcing.com\/wp-content\/uploads\/2023\/08\/Robot-dogz-toys.jpg 790w, https:\/\/tonysourcing.com\/wp-content\/uploads\/2023\/08\/Robot-dogz-toys-181x300.jpg 181w, https:\/\/tonysourcing.com\/wp-content\/uploads\/2023\/08\/Robot-dogz-toys-482x800.jpg 482w, https:\/\/tonysourcing.com\/wp-content\/uploads\/2023\/08\/Robot-dogz-toys-768x1274.jpg 768w, https:\/\/tonysourcing.com\/wp-content\/uploads\/2023\/08\/Robot-dogz-toys-600x996.jpg 600w\" sizes=\"(max-width: 790px) 100vw, 790px\" \/><img loading=\"lazy\" decoding=\"async\" class=\"aligncenter size-full wp-image-19754\" src=\"https:\/\/tonysourcing.com\/wp-content\/uploads\/2023\/08\/how-to-play-robot-dogz-toys.jpg\" alt=\"C\u00f3mo jugar con los juguetes de Robot Dogz\" width=\"790\" height=\"486\" srcset=\"https:\/\/tonysourcing.com\/wp-content\/uploads\/2023\/08\/how-to-play-robot-dogz-toys.jpg 790w, https:\/\/tonysourcing.com\/wp-content\/uploads\/2023\/08\/how-to-play-robot-dogz-toys-300x185.jpg 300w, https:\/\/tonysourcing.com\/wp-content\/uploads\/2023\/08\/how-to-play-robot-dogz-toys-768x472.jpg 768w, https:\/\/tonysourcing.com\/wp-content\/uploads\/2023\/08\/how-to-play-robot-dogz-toys-600x369.jpg 600w\" sizes=\"(max-width: 790px) 100vw, 790px\" \/><\/p>","protected":false},"excerpt":{"rendered":"<p>N.\u00ba de art\u00edculo: TO20230717E<\/p>\n<p>Precio al por mayor:<strong> 1- 1.2$\/Unidad<\/strong><\/p>\n<p>Precio de venta sugerido:\u00a0<strong>10.99$<\/strong><\/p>","protected":false},"featured_media":19748,"template":"","meta":{"_kad_post_transparent":"","_kad_post_title":"","_kad_post_layout":"","_kad_post_sidebar_id":"","_kad_post_content_style":"","_kad_post_vertical_padding":"","_kad_post_feature":"","_kad_post_feature_position":"","_kad_post_header":false,"_kad_post_footer":false},"product_brand":[],"product_cat":[1688],"product_tag":[],"class_list":{"0":"post-19747","1":"product","2":"type-product","3":"status-publish","4":"has-post-thumbnail","6":"product_cat-assembly-toys","8":"first","9":"instock","10":"featured","11":"shipping-taxable","12":"product-type-simple","13":"entry","14":"content-bg","15":"loop-entry"},"yoast_head":"<!-- This site is optimized with the Yoast SEO plugin v27.4 - https:\/\/yoast.com\/product\/yoast-seo-wordpress\/ -->\n<title>Assembly Toys Dog - Import Toys Wholesale<\/title>\n<meta name=\"description\" content=\"Import Assembly Toys Dog from China Manufacturer, Good Product, and Good Price, Contact TonySourcing for a catalog today. Check out TonySourcing today.\" \/>\n<meta name=\"robots\" content=\"index, follow, max-snippet:-1, max-image-preview:large, max-video-preview:-1\" \/>\n<link rel=\"canonical\" href=\"https:\/\/tonysourcing.com\/es\/al-por-mayor\/juguetes-de-montaje-perro\/\" \/>\n<meta property=\"og:locale\" content=\"es_ES\" \/>\n<meta property=\"og:type\" content=\"article\" \/>\n<meta property=\"og:title\" content=\"Assembly Toys Dog - Import Toys Wholesale\" \/>\n<meta property=\"og:description\" content=\"Import Assembly Toys Dog from China Manufacturer, Good Product, and Good Price, Contact TonySourcing for a catalog today. Check out TonySourcing today.\" \/>\n<meta property=\"og:url\" content=\"https:\/\/tonysourcing.com\/es\/al-por-mayor\/juguetes-de-montaje-perro\/\" \/>\n<meta property=\"og:site_name\" content=\"TonySourcing\" \/>\n<meta property=\"article:publisher\" content=\"https:\/\/www.facebook.com\/TonySourcing\" \/>\n<meta property=\"article:modified_time\" content=\"2023-08-31T02:02:29+00:00\" \/>\n<meta property=\"og:image\" content=\"https:\/\/tonysourcing.com\/wp-content\/uploads\/2023\/08\/assembly-toys-Dog.jpg\" \/>\n\t<meta property=\"og:image:width\" content=\"800\" \/>\n\t<meta property=\"og:image:height\" content=\"800\" \/>\n\t<meta property=\"og:image:type\" content=\"image\/jpeg\" \/>\n<meta name=\"twitter:card\" content=\"summary_large_image\" \/>\n<meta name=\"twitter:site\" content=\"@TonySourcing\" \/>\n<meta name=\"twitter:label1\" content=\"Tiempo de lectura\" \/>\n\t<meta name=\"twitter:data1\" content=\"2 minutos\" \/>\n<script type=\"application\/ld+json\" class=\"yoast-schema-graph\">{\"@context\":\"https:\\\/\\\/schema.org\",\"@graph\":[{\"@type\":\"WebPage\",\"@id\":\"https:\\\/\\\/tonysourcing.com\\\/wholesale\\\/assembly-toys-dog\\\/\",\"url\":\"https:\\\/\\\/tonysourcing.com\\\/wholesale\\\/assembly-toys-dog\\\/\",\"name\":\"Assembly Toys Dog - Import Toys Wholesale\",\"isPartOf\":{\"@id\":\"https:\\\/\\\/tonysourcing.com\\\/#website\"},\"primaryImageOfPage\":{\"@id\":\"https:\\\/\\\/tonysourcing.com\\\/wholesale\\\/assembly-toys-dog\\\/#primaryimage\"},\"image\":{\"@id\":\"https:\\\/\\\/tonysourcing.com\\\/wholesale\\\/assembly-toys-dog\\\/#primaryimage\"},\"thumbnailUrl\":\"https:\\\/\\\/tonysourcing.com\\\/wp-content\\\/uploads\\\/2023\\\/08\\\/assembly-toys-Dog.jpg\",\"datePublished\":\"2023-08-29T02:56:07+00:00\",\"dateModified\":\"2023-08-31T02:02:29+00:00\",\"description\":\"Import Assembly Toys Dog from China Manufacturer, Good Product, and Good Price, Contact TonySourcing for a catalog today. Check out TonySourcing today.\",\"breadcrumb\":{\"@id\":\"https:\\\/\\\/tonysourcing.com\\\/wholesale\\\/assembly-toys-dog\\\/#breadcrumb\"},\"inLanguage\":\"es\",\"potentialAction\":[{\"@type\":\"ReadAction\",\"target\":[\"https:\\\/\\\/tonysourcing.com\\\/wholesale\\\/assembly-toys-dog\\\/\"]}]},{\"@type\":\"ImageObject\",\"inLanguage\":\"es\",\"@id\":\"https:\\\/\\\/tonysourcing.com\\\/wholesale\\\/assembly-toys-dog\\\/#primaryimage\",\"url\":\"https:\\\/\\\/tonysourcing.com\\\/wp-content\\\/uploads\\\/2023\\\/08\\\/assembly-toys-Dog.jpg\",\"contentUrl\":\"https:\\\/\\\/tonysourcing.com\\\/wp-content\\\/uploads\\\/2023\\\/08\\\/assembly-toys-Dog.jpg\",\"width\":800,\"height\":800,\"caption\":\"assembly toys Dog\"},{\"@type\":\"BreadcrumbList\",\"@id\":\"https:\\\/\\\/tonysourcing.com\\\/wholesale\\\/assembly-toys-dog\\\/#breadcrumb\",\"itemListElement\":[{\"@type\":\"ListItem\",\"position\":1,\"name\":\"Home\",\"item\":\"https:\\\/\\\/tonysourcing.com\\\/\"},{\"@type\":\"ListItem\",\"position\":2,\"name\":\"Wholesale\",\"item\":\"https:\\\/\\\/tonysourcing.com\\\/wholesale\\\/\"},{\"@type\":\"ListItem\",\"position\":3,\"name\":\"Assembly Toys Dog\"}]},{\"@type\":\"WebSite\",\"@id\":\"https:\\\/\\\/tonysourcing.com\\\/#website\",\"url\":\"https:\\\/\\\/tonysourcing.com\\\/\",\"name\":\"TonySourcing\",\"description\":\"Toys Wholesale Distributor &amp; China Promition Items\",\"publisher\":{\"@id\":\"https:\\\/\\\/tonysourcing.com\\\/#organization\"},\"potentialAction\":[{\"@type\":\"SearchAction\",\"target\":{\"@type\":\"EntryPoint\",\"urlTemplate\":\"https:\\\/\\\/tonysourcing.com\\\/?s={search_term_string}\"},\"query-input\":{\"@type\":\"PropertyValueSpecification\",\"valueRequired\":true,\"valueName\":\"search_term_string\"}}],\"inLanguage\":\"es\"},{\"@type\":\"Organization\",\"@id\":\"https:\\\/\\\/tonysourcing.com\\\/#organization\",\"name\":\"Yiwu Zongge\",\"url\":\"https:\\\/\\\/tonysourcing.com\\\/\",\"logo\":{\"@type\":\"ImageObject\",\"inLanguage\":\"es\",\"@id\":\"https:\\\/\\\/tonysourcing.com\\\/#\\\/schema\\\/logo\\\/image\\\/\",\"url\":\"https:\\\/\\\/tonysourcing.com\\\/wp-content\\\/uploads\\\/2021\\\/07\\\/cropped-TonySourcing-logo-1.png\",\"contentUrl\":\"https:\\\/\\\/tonysourcing.com\\\/wp-content\\\/uploads\\\/2021\\\/07\\\/cropped-TonySourcing-logo-1.png\",\"width\":300,\"height\":92,\"caption\":\"Yiwu Zongge\"},\"image\":{\"@id\":\"https:\\\/\\\/tonysourcing.com\\\/#\\\/schema\\\/logo\\\/image\\\/\"},\"sameAs\":[\"https:\\\/\\\/www.facebook.com\\\/TonySourcing\",\"https:\\\/\\\/x.com\\\/TonySourcing\",\"https:\\\/\\\/www.instagram.com\\\/tony_sourcing\\\/\",\"http:\\\/\\\/www.linkedin.com\\\/in\\\/tonychen88\",\"https:\\\/\\\/www.youtube.com\\\/channel\\\/UCZfST1M-NDoqjQ3dB-Tzszg\"]}]}<\/script>\n<!-- \/ Yoast SEO plugin. -->","yoast_head_json":{"title":"Juguetes para armar perros - Importaci\u00f3n de juguetes al por mayor","description":"Importa juguetes para armar perros de un fabricante chino. Buen producto a buen precio. Contacta con TonySourcing para obtener un cat\u00e1logo hoy mismo. Visita TonySourcing hoy mismo.","robots":{"index":"index","follow":"follow","max-snippet":"max-snippet:-1","max-image-preview":"max-image-preview:large","max-video-preview":"max-video-preview:-1"},"canonical":"https:\/\/tonysourcing.com\/es\/al-por-mayor\/juguetes-de-montaje-perro\/","og_locale":"es_ES","og_type":"article","og_title":"Assembly Toys Dog - Import Toys Wholesale","og_description":"Import Assembly Toys Dog from China Manufacturer, Good Product, and Good Price, Contact TonySourcing for a catalog today. Check out TonySourcing today.","og_url":"https:\/\/tonysourcing.com\/es\/al-por-mayor\/juguetes-de-montaje-perro\/","og_site_name":"TonySourcing","article_publisher":"https:\/\/www.facebook.com\/TonySourcing","article_modified_time":"2023-08-31T02:02:29+00:00","og_image":[{"width":800,"height":800,"url":"https:\/\/tonysourcing.com\/wp-content\/uploads\/2023\/08\/assembly-toys-Dog.jpg","type":"image\/jpeg"}],"twitter_card":"summary_large_image","twitter_site":"@TonySourcing","twitter_misc":{"Tiempo de lectura":"2 minutos"},"schema":{"@context":"https:\/\/schema.org","@graph":[{"@type":"WebPage","@id":"https:\/\/tonysourcing.com\/wholesale\/assembly-toys-dog\/","url":"https:\/\/tonysourcing.com\/wholesale\/assembly-toys-dog\/","name":"Juguetes para armar perros - Importaci\u00f3n de juguetes al por mayor","isPartOf":{"@id":"https:\/\/tonysourcing.com\/#website"},"primaryImageOfPage":{"@id":"https:\/\/tonysourcing.com\/wholesale\/assembly-toys-dog\/#primaryimage"},"image":{"@id":"https:\/\/tonysourcing.com\/wholesale\/assembly-toys-dog\/#primaryimage"},"thumbnailUrl":"https:\/\/tonysourcing.com\/wp-content\/uploads\/2023\/08\/assembly-toys-Dog.jpg","datePublished":"2023-08-29T02:56:07+00:00","dateModified":"2023-08-31T02:02:29+00:00","description":"Importa juguetes para armar perros de un fabricante chino. Buen producto a buen precio. Contacta con TonySourcing para obtener un cat\u00e1logo hoy mismo. Visita TonySourcing hoy mismo.","breadcrumb":{"@id":"https:\/\/tonysourcing.com\/wholesale\/assembly-toys-dog\/#breadcrumb"},"inLanguage":"es","potentialAction":[{"@type":"ReadAction","target":["https:\/\/tonysourcing.com\/wholesale\/assembly-toys-dog\/"]}]},{"@type":"ImageObject","inLanguage":"es","@id":"https:\/\/tonysourcing.com\/wholesale\/assembly-toys-dog\/#primaryimage","url":"https:\/\/tonysourcing.com\/wp-content\/uploads\/2023\/08\/assembly-toys-Dog.jpg","contentUrl":"https:\/\/tonysourcing.com\/wp-content\/uploads\/2023\/08\/assembly-toys-Dog.jpg","width":800,"height":800,"caption":"assembly toys Dog"},{"@type":"BreadcrumbList","@id":"https:\/\/tonysourcing.com\/wholesale\/assembly-toys-dog\/#breadcrumb","itemListElement":[{"@type":"ListItem","position":1,"name":"Home","item":"https:\/\/tonysourcing.com\/"},{"@type":"ListItem","position":2,"name":"Wholesale","item":"https:\/\/tonysourcing.com\/wholesale\/"},{"@type":"ListItem","position":3,"name":"Assembly Toys Dog"}]},{"@type":"WebSite","@id":"https:\/\/tonysourcing.com\/#website","url":"https:\/\/tonysourcing.com\/","name":"TonySourcing","description":"Distribuidor mayorista de juguetes y art\u00edculos en promoci\u00f3n en China","publisher":{"@id":"https:\/\/tonysourcing.com\/#organization"},"potentialAction":[{"@type":"SearchAction","target":{"@type":"EntryPoint","urlTemplate":"https:\/\/tonysourcing.com\/?s={search_term_string}"},"query-input":{"@type":"PropertyValueSpecification","valueRequired":true,"valueName":"search_term_string"}}],"inLanguage":"es"},{"@type":"Organization","@id":"https:\/\/tonysourcing.com\/#organization","name":"Yiwu Zongge","url":"https:\/\/tonysourcing.com\/","logo":{"@type":"ImageObject","inLanguage":"es","@id":"https:\/\/tonysourcing.com\/#\/schema\/logo\/image\/","url":"https:\/\/tonysourcing.com\/wp-content\/uploads\/2021\/07\/cropped-TonySourcing-logo-1.png","contentUrl":"https:\/\/tonysourcing.com\/wp-content\/uploads\/2021\/07\/cropped-TonySourcing-logo-1.png","width":300,"height":92,"caption":"Yiwu Zongge"},"image":{"@id":"https:\/\/tonysourcing.com\/#\/schema\/logo\/image\/"},"sameAs":["https:\/\/www.facebook.com\/TonySourcing","https:\/\/x.com\/TonySourcing","https:\/\/www.instagram.com\/tony_sourcing\/","http:\/\/www.linkedin.com\/in\/tonychen88","https:\/\/www.youtube.com\/channel\/UCZfST1M-NDoqjQ3dB-Tzszg"]}]}},"_links":{"self":[{"href":"https:\/\/tonysourcing.com\/es\/wp-json\/wp\/v2\/product\/19747","targetHints":{"allow":["GET"]}}],"collection":[{"href":"https:\/\/tonysourcing.com\/es\/wp-json\/wp\/v2\/product"}],"about":[{"href":"https:\/\/tonysourcing.com\/es\/wp-json\/wp\/v2\/types\/product"}],"version-history":[{"count":5,"href":"https:\/\/tonysourcing.com\/es\/wp-json\/wp\/v2\/product\/19747\/revisions"}],"predecessor-version":[{"id":19763,"href":"https:\/\/tonysourcing.com\/es\/wp-json\/wp\/v2\/product\/19747\/revisions\/19763"}],"wp:featuredmedia":[{"embeddable":true,"href":"https:\/\/tonysourcing.com\/es\/wp-json\/wp\/v2\/media\/19748"}],"wp:attachment":[{"href":"https:\/\/tonysourcing.com\/es\/wp-json\/wp\/v2\/media?parent=19747"}],"wp:term":[{"taxonomy":"product_brand","embeddable":true,"href":"https:\/\/tonysourcing.com\/es\/wp-json\/wp\/v2\/product_brand?post=19747"},{"taxonomy":"product_cat","embeddable":true,"href":"https:\/\/tonysourcing.com\/es\/wp-json\/wp\/v2\/product_cat?post=19747"},{"taxonomy":"product_tag","embeddable":true,"href":"https:\/\/tonysourcing.com\/es\/wp-json\/wp\/v2\/product_tag?post=19747"}],"curies":[{"name":"gracias","href":"https:\/\/api.w.org\/{rel}","templated":true}]}}