{"id":19776,"date":"2023-08-30T09:59:05","date_gmt":"2023-08-30T09:59:05","guid":{"rendered":"https:\/\/tonysourcing.com\/?post_type=product&#038;p=19776"},"modified":"2023-08-30T09:59:35","modified_gmt":"2023-08-30T09:59:35","slug":"suministros-para-fiestas-navidenas","status":"publish","type":"product","link":"https:\/\/tonysourcing.com\/es\/wholesale\/christmas-party-supplies\/","title":{"rendered":"suministros para fiestas navide\u00f1as"},"content":{"rendered":"<ul class=\"list-disc pl-8 space-y-2\">\n<li class=\"whitespace-normal\">\u00bfQu\u00e9 tipos de formas y dise\u00f1os est\u00e1n disponibles para tus globos navide\u00f1os?<\/li>\n<li class=\"whitespace-normal\">Tenemos globos navide\u00f1os con formas divertidas, como \u00e1rboles de Navidad, mu\u00f1ecos de nieve, bastones de caramelo, copos de nieve y mucho m\u00e1s. Y estampados festivos como Pap\u00e1 Noel, flor de Pascua y cuadros escoceses.<\/li>\n<li><\/li>\n<li>\u00bfTus globos son de l\u00e1tex o de aluminio? \u00bfCu\u00e1l queda mejor para la decoraci\u00f3n navide\u00f1a?<\/li>\n<li class=\"whitespace-normal\">Nuestros globos navide\u00f1os son de la m\u00e1s alta calidad. Tanto los de l\u00e1tex como los de aluminio son una excelente opci\u00f3n para decorar.<\/li>\n<li><\/li>\n<li class=\"whitespace-normal\">\u00bfCu\u00e1l es la cantidad m\u00ednima de pedido para globos navide\u00f1os al por mayor?<\/li>\n<li class=\"whitespace-normal\">El pedido m\u00ednimo al por mayor es de 50 unidades por estilo.<\/li>\n<li><\/li>\n<li class=\"whitespace-normal\">\u00bfCu\u00e1ndo debo realizar mi pedido de globos navide\u00f1os para garantizar una entrega oportuna?<\/li>\n<li class=\"whitespace-normal\">Recomendamos realizar pedidos de globos navide\u00f1os a principios de septiembre para garantizar una entrega y distribuci\u00f3n oportunas.<\/li>\n<li><\/li>\n<li class=\"whitespace-normal\">\u00bfTienes globos espec\u00edficos para decorar el \u00e1rbol de Navidad?<\/li>\n<li class=\"whitespace-normal\">\u00a1Claro! Tenemos mini globos navide\u00f1os, perfectos para decorar \u00e1rboles.<\/li>\n<li><\/li>\n<li class=\"whitespace-normal\">\u00bfCu\u00e1l es la mejor manera de anclar globos navide\u00f1os para la decoraci\u00f3n exterior?<\/li>\n<li class=\"whitespace-normal\">Utilice cintas y clips de carpeta o pesas para globos aseguradas con hilo de nailon para anclar los globos al aire libre.<\/li>\n<\/ul>","protected":false},"excerpt":{"rendered":"<p>ART\u00cdCULO: N.\u00ba 6548H<\/p>","protected":false},"featured_media":19777,"template":"","meta":{"_kad_post_transparent":"","_kad_post_title":"","_kad_post_layout":"","_kad_post_sidebar_id":"","_kad_post_content_style":"","_kad_post_vertical_padding":"","_kad_post_feature":"","_kad_post_feature_position":"","_kad_post_header":false,"_kad_post_footer":false},"product_brand":[],"product_cat":[31],"product_tag":[1036],"class_list":{"0":"post-19776","1":"product","2":"type-product","3":"status-publish","4":"has-post-thumbnail","6":"product_cat-uncategorized","7":"product_tag-christmas-balloons","9":"first","10":"instock","11":"featured","12":"shipping-taxable","13":"product-type-simple","14":"entry","15":"content-bg","16":"loop-entry"},"yoast_head":"<!-- This site is optimized with the Yoast SEO plugin v27.3 - https:\/\/yoast.com\/product\/yoast-seo-wordpress\/ -->\n<title>Christmas Party Supplies - Import Wholesale From Manufacturer<\/title>\n<meta name=\"description\" content=\"Import Christmas Party Supplies from China Manufacturer, Good Product and Good Price, Contact TonySourcing for Catalog today\" \/>\n<meta name=\"robots\" content=\"index, follow, max-snippet:-1, max-image-preview:large, max-video-preview:-1\" \/>\n<link rel=\"canonical\" href=\"https:\/\/tonysourcing.com\/es\/al-por-mayor\/suministros-para-fiestas-navidenas\/\" \/>\n<meta property=\"og:locale\" content=\"es_ES\" \/>\n<meta property=\"og:type\" content=\"article\" \/>\n<meta property=\"og:title\" content=\"Christmas Party Supplies - Import Wholesale From Manufacturer\" \/>\n<meta property=\"og:description\" content=\"Import Christmas Party Supplies from China Manufacturer, Good Product and Good Price, Contact TonySourcing for Catalog today\" \/>\n<meta property=\"og:url\" content=\"https:\/\/tonysourcing.com\/es\/al-por-mayor\/suministros-para-fiestas-navidenas\/\" \/>\n<meta property=\"og:site_name\" content=\"TonySourcing\" \/>\n<meta property=\"article:publisher\" content=\"https:\/\/www.facebook.com\/TonySourcing\" \/>\n<meta property=\"article:modified_time\" content=\"2023-08-30T09:59:35+00:00\" \/>\n<meta property=\"og:image\" content=\"https:\/\/tonysourcing.com\/wp-content\/uploads\/2023\/08\/christmas-party-supplies.png\" \/>\n\t<meta property=\"og:image:width\" content=\"500\" \/>\n\t<meta property=\"og:image:height\" content=\"500\" \/>\n\t<meta property=\"og:image:type\" content=\"image\/png\" \/>\n<meta name=\"twitter:card\" content=\"summary_large_image\" \/>\n<meta name=\"twitter:site\" content=\"@TonySourcing\" \/>\n<meta name=\"twitter:label1\" content=\"Tiempo de lectura\" \/>\n\t<meta name=\"twitter:data1\" content=\"1 minuto\" \/>\n<script type=\"application\/ld+json\" class=\"yoast-schema-graph\">{\"@context\":\"https:\\\/\\\/schema.org\",\"@graph\":[{\"@type\":\"WebPage\",\"@id\":\"https:\\\/\\\/tonysourcing.com\\\/wholesale\\\/christmas-party-supplies\\\/\",\"url\":\"https:\\\/\\\/tonysourcing.com\\\/wholesale\\\/christmas-party-supplies\\\/\",\"name\":\"Christmas Party Supplies - Import Wholesale From Manufacturer\",\"isPartOf\":{\"@id\":\"https:\\\/\\\/tonysourcing.com\\\/#website\"},\"primaryImageOfPage\":{\"@id\":\"https:\\\/\\\/tonysourcing.com\\\/wholesale\\\/christmas-party-supplies\\\/#primaryimage\"},\"image\":{\"@id\":\"https:\\\/\\\/tonysourcing.com\\\/wholesale\\\/christmas-party-supplies\\\/#primaryimage\"},\"thumbnailUrl\":\"https:\\\/\\\/tonysourcing.com\\\/wp-content\\\/uploads\\\/2023\\\/08\\\/christmas-party-supplies.png\",\"datePublished\":\"2023-08-30T09:59:05+00:00\",\"dateModified\":\"2023-08-30T09:59:35+00:00\",\"description\":\"Import Christmas Party Supplies from China Manufacturer, Good Product and Good Price, Contact TonySourcing for Catalog today\",\"breadcrumb\":{\"@id\":\"https:\\\/\\\/tonysourcing.com\\\/wholesale\\\/christmas-party-supplies\\\/#breadcrumb\"},\"inLanguage\":\"es\",\"potentialAction\":[{\"@type\":\"ReadAction\",\"target\":[\"https:\\\/\\\/tonysourcing.com\\\/wholesale\\\/christmas-party-supplies\\\/\"]}]},{\"@type\":\"ImageObject\",\"inLanguage\":\"es\",\"@id\":\"https:\\\/\\\/tonysourcing.com\\\/wholesale\\\/christmas-party-supplies\\\/#primaryimage\",\"url\":\"https:\\\/\\\/tonysourcing.com\\\/wp-content\\\/uploads\\\/2023\\\/08\\\/christmas-party-supplies.png\",\"contentUrl\":\"https:\\\/\\\/tonysourcing.com\\\/wp-content\\\/uploads\\\/2023\\\/08\\\/christmas-party-supplies.png\",\"width\":500,\"height\":500,\"caption\":\"christmas party supplies\"},{\"@type\":\"BreadcrumbList\",\"@id\":\"https:\\\/\\\/tonysourcing.com\\\/wholesale\\\/christmas-party-supplies\\\/#breadcrumb\",\"itemListElement\":[{\"@type\":\"ListItem\",\"position\":1,\"name\":\"Home\",\"item\":\"https:\\\/\\\/tonysourcing.com\\\/\"},{\"@type\":\"ListItem\",\"position\":2,\"name\":\"Wholesale\",\"item\":\"https:\\\/\\\/tonysourcing.com\\\/wholesale\\\/\"},{\"@type\":\"ListItem\",\"position\":3,\"name\":\"christmas party supplies\"}]},{\"@type\":\"WebSite\",\"@id\":\"https:\\\/\\\/tonysourcing.com\\\/#website\",\"url\":\"https:\\\/\\\/tonysourcing.com\\\/\",\"name\":\"TonySourcing\",\"description\":\"Toys Wholesale Distributor &amp; China Promition Items\",\"publisher\":{\"@id\":\"https:\\\/\\\/tonysourcing.com\\\/#organization\"},\"potentialAction\":[{\"@type\":\"SearchAction\",\"target\":{\"@type\":\"EntryPoint\",\"urlTemplate\":\"https:\\\/\\\/tonysourcing.com\\\/?s={search_term_string}\"},\"query-input\":{\"@type\":\"PropertyValueSpecification\",\"valueRequired\":true,\"valueName\":\"search_term_string\"}}],\"inLanguage\":\"es\"},{\"@type\":\"Organization\",\"@id\":\"https:\\\/\\\/tonysourcing.com\\\/#organization\",\"name\":\"Yiwu Zongge\",\"url\":\"https:\\\/\\\/tonysourcing.com\\\/\",\"logo\":{\"@type\":\"ImageObject\",\"inLanguage\":\"es\",\"@id\":\"https:\\\/\\\/tonysourcing.com\\\/#\\\/schema\\\/logo\\\/image\\\/\",\"url\":\"https:\\\/\\\/tonysourcing.com\\\/wp-content\\\/uploads\\\/2021\\\/07\\\/cropped-TonySourcing-logo-1.png\",\"contentUrl\":\"https:\\\/\\\/tonysourcing.com\\\/wp-content\\\/uploads\\\/2021\\\/07\\\/cropped-TonySourcing-logo-1.png\",\"width\":300,\"height\":92,\"caption\":\"Yiwu Zongge\"},\"image\":{\"@id\":\"https:\\\/\\\/tonysourcing.com\\\/#\\\/schema\\\/logo\\\/image\\\/\"},\"sameAs\":[\"https:\\\/\\\/www.facebook.com\\\/TonySourcing\",\"https:\\\/\\\/x.com\\\/TonySourcing\",\"https:\\\/\\\/www.instagram.com\\\/tony_sourcing\\\/\",\"http:\\\/\\\/www.linkedin.com\\\/in\\\/tonychen88\",\"https:\\\/\\\/www.youtube.com\\\/channel\\\/UCZfST1M-NDoqjQ3dB-Tzszg\"]}]}<\/script>\n<!-- \/ Yoast SEO plugin. -->","yoast_head_json":{"title":"Art\u00edculos para fiestas navide\u00f1as - Importaci\u00f3n al por mayor del fabricante","description":"Importe suministros para fiestas navide\u00f1as del fabricante chino. Buen producto y buen precio. Contacte a TonySourcing para obtener el cat\u00e1logo hoy mismo.","robots":{"index":"index","follow":"follow","max-snippet":"max-snippet:-1","max-image-preview":"max-image-preview:large","max-video-preview":"max-video-preview:-1"},"canonical":"https:\/\/tonysourcing.com\/es\/al-por-mayor\/suministros-para-fiestas-navidenas\/","og_locale":"es_ES","og_type":"article","og_title":"Christmas Party Supplies - Import Wholesale From Manufacturer","og_description":"Import Christmas Party Supplies from China Manufacturer, Good Product and Good Price, Contact TonySourcing for Catalog today","og_url":"https:\/\/tonysourcing.com\/es\/al-por-mayor\/suministros-para-fiestas-navidenas\/","og_site_name":"TonySourcing","article_publisher":"https:\/\/www.facebook.com\/TonySourcing","article_modified_time":"2023-08-30T09:59:35+00:00","og_image":[{"width":500,"height":500,"url":"https:\/\/tonysourcing.com\/wp-content\/uploads\/2023\/08\/christmas-party-supplies.png","type":"image\/png"}],"twitter_card":"summary_large_image","twitter_site":"@TonySourcing","twitter_misc":{"Tiempo de lectura":"1 minuto"},"schema":{"@context":"https:\/\/schema.org","@graph":[{"@type":"WebPage","@id":"https:\/\/tonysourcing.com\/wholesale\/christmas-party-supplies\/","url":"https:\/\/tonysourcing.com\/wholesale\/christmas-party-supplies\/","name":"Art\u00edculos para fiestas navide\u00f1as - Importaci\u00f3n al por mayor del fabricante","isPartOf":{"@id":"https:\/\/tonysourcing.com\/#website"},"primaryImageOfPage":{"@id":"https:\/\/tonysourcing.com\/wholesale\/christmas-party-supplies\/#primaryimage"},"image":{"@id":"https:\/\/tonysourcing.com\/wholesale\/christmas-party-supplies\/#primaryimage"},"thumbnailUrl":"https:\/\/tonysourcing.com\/wp-content\/uploads\/2023\/08\/christmas-party-supplies.png","datePublished":"2023-08-30T09:59:05+00:00","dateModified":"2023-08-30T09:59:35+00:00","description":"Importe suministros para fiestas navide\u00f1as del fabricante chino. Buen producto y buen precio. Contacte a TonySourcing para obtener el cat\u00e1logo hoy mismo.","breadcrumb":{"@id":"https:\/\/tonysourcing.com\/wholesale\/christmas-party-supplies\/#breadcrumb"},"inLanguage":"es","potentialAction":[{"@type":"ReadAction","target":["https:\/\/tonysourcing.com\/wholesale\/christmas-party-supplies\/"]}]},{"@type":"ImageObject","inLanguage":"es","@id":"https:\/\/tonysourcing.com\/wholesale\/christmas-party-supplies\/#primaryimage","url":"https:\/\/tonysourcing.com\/wp-content\/uploads\/2023\/08\/christmas-party-supplies.png","contentUrl":"https:\/\/tonysourcing.com\/wp-content\/uploads\/2023\/08\/christmas-party-supplies.png","width":500,"height":500,"caption":"christmas party supplies"},{"@type":"BreadcrumbList","@id":"https:\/\/tonysourcing.com\/wholesale\/christmas-party-supplies\/#breadcrumb","itemListElement":[{"@type":"ListItem","position":1,"name":"Home","item":"https:\/\/tonysourcing.com\/"},{"@type":"ListItem","position":2,"name":"Wholesale","item":"https:\/\/tonysourcing.com\/wholesale\/"},{"@type":"ListItem","position":3,"name":"christmas party supplies"}]},{"@type":"WebSite","@id":"https:\/\/tonysourcing.com\/#website","url":"https:\/\/tonysourcing.com\/","name":"TonySourcing","description":"Distribuidor mayorista de juguetes y art\u00edculos en promoci\u00f3n en China","publisher":{"@id":"https:\/\/tonysourcing.com\/#organization"},"potentialAction":[{"@type":"SearchAction","target":{"@type":"EntryPoint","urlTemplate":"https:\/\/tonysourcing.com\/?s={search_term_string}"},"query-input":{"@type":"PropertyValueSpecification","valueRequired":true,"valueName":"search_term_string"}}],"inLanguage":"es"},{"@type":"Organization","@id":"https:\/\/tonysourcing.com\/#organization","name":"Yiwu Zongge","url":"https:\/\/tonysourcing.com\/","logo":{"@type":"ImageObject","inLanguage":"es","@id":"https:\/\/tonysourcing.com\/#\/schema\/logo\/image\/","url":"https:\/\/tonysourcing.com\/wp-content\/uploads\/2021\/07\/cropped-TonySourcing-logo-1.png","contentUrl":"https:\/\/tonysourcing.com\/wp-content\/uploads\/2021\/07\/cropped-TonySourcing-logo-1.png","width":300,"height":92,"caption":"Yiwu Zongge"},"image":{"@id":"https:\/\/tonysourcing.com\/#\/schema\/logo\/image\/"},"sameAs":["https:\/\/www.facebook.com\/TonySourcing","https:\/\/x.com\/TonySourcing","https:\/\/www.instagram.com\/tony_sourcing\/","http:\/\/www.linkedin.com\/in\/tonychen88","https:\/\/www.youtube.com\/channel\/UCZfST1M-NDoqjQ3dB-Tzszg"]}]}},"_links":{"self":[{"href":"https:\/\/tonysourcing.com\/es\/wp-json\/wp\/v2\/product\/19776","targetHints":{"allow":["GET"]}}],"collection":[{"href":"https:\/\/tonysourcing.com\/es\/wp-json\/wp\/v2\/product"}],"about":[{"href":"https:\/\/tonysourcing.com\/es\/wp-json\/wp\/v2\/types\/product"}],"version-history":[{"count":1,"href":"https:\/\/tonysourcing.com\/es\/wp-json\/wp\/v2\/product\/19776\/revisions"}],"predecessor-version":[{"id":19783,"href":"https:\/\/tonysourcing.com\/es\/wp-json\/wp\/v2\/product\/19776\/revisions\/19783"}],"wp:featuredmedia":[{"embeddable":true,"href":"https:\/\/tonysourcing.com\/es\/wp-json\/wp\/v2\/media\/19777"}],"wp:attachment":[{"href":"https:\/\/tonysourcing.com\/es\/wp-json\/wp\/v2\/media?parent=19776"}],"wp:term":[{"taxonomy":"product_brand","embeddable":true,"href":"https:\/\/tonysourcing.com\/es\/wp-json\/wp\/v2\/product_brand?post=19776"},{"taxonomy":"product_cat","embeddable":true,"href":"https:\/\/tonysourcing.com\/es\/wp-json\/wp\/v2\/product_cat?post=19776"},{"taxonomy":"product_tag","embeddable":true,"href":"https:\/\/tonysourcing.com\/es\/wp-json\/wp\/v2\/product_tag?post=19776"}],"curies":[{"name":"gracias","href":"https:\/\/api.w.org\/{rel}","templated":true}]}}