{"id":19883,"date":"2023-10-10T02:47:46","date_gmt":"2023-10-10T02:47:46","guid":{"rendered":"https:\/\/tonysourcing.com\/?post_type=product&#038;p=19883"},"modified":"2023-10-10T02:51:30","modified_gmt":"2023-10-10T02:51:30","slug":"ninos-pequenos-caminando-en-bicicleta","status":"publish","type":"product","link":"https:\/\/tonysourcing.com\/es\/wholesale\/toddlers-walking-bicycle\/","title":{"rendered":"Ni\u00f1os peque\u00f1os caminando en bicicleta"},"content":{"rendered":"<p>#1 \u00bfPor qu\u00e9 comprar una bicicleta para caminar para ni\u00f1os peque\u00f1os? <a href=\"https:\/\/tonysourcing.com\/es\/\">TonySouring.com<\/a><\/p>\n<p>Elija entre m\u00e1s de 5000 proveedores de juguetes de China con m\u00e1s de 100 000 000 de art\u00edculos<br \/>\nAhorre hasta 60% en costos al comprar directamente a fabricantes de juguetes chinos.<br \/>\nGestione todo a trav\u00e9s del servicio en un solo paso de TonySourcing<br \/>\nColabore con el equipo de TonySourcing para obtener conocimientos y apoyo en la compra de juguetes.<\/p>\n<p>#2 \u00bfQu\u00e9 Certificaci\u00f3n tienen las Bicicletas de Paseo para Ni\u00f1os Peque\u00f1os?<br \/>\nInforme de pruebas EN71 y CE: La norma europea EN 71 especifica los requisitos de seguridad para los juguetes. El cumplimiento de esta norma es obligatorio para todos los juguetes vendidos en la Uni\u00f3n Europea.<br \/>\nInforme de prueba de ASTM: Seg\u00fan la nueva legislaci\u00f3n federal que entra en vigor hoy, todos los juguetes vendidos en los Estados Unidos deben cumplir con los requisitos de seguridad de ASTM F963<\/p>\n<p>#19 \u00bfQu\u00e9 es la bicicleta para caminar para ni\u00f1os peque\u00f1os?<br \/>\nLa bicicleta para caminar para ni\u00f1os peque\u00f1os debe tener funci\u00f3n de juego, aprendizaje y sonrisa.<\/p>\n<p>&gt;&gt;Funci\u00f3n de reproducci\u00f3n<br \/>\n<a href=\"https:\/\/tonysourcing.toys\/\">Juguetes educativos<\/a>\u00a0Se desarrollan en base a \u00e1reas como conceptos espaciales, l\u00f3gica matem\u00e1tica, desarrollo intelectual, aprendizaje del lenguaje, apreciaci\u00f3n del arte y competencia cognitiva. Varios juguetes educativos pueden estimular las habilidades de los ni\u00f1os en varias \u00e1reas distintas y aprovechar su potencial innato a trav\u00e9s de juegos divertidos.<\/p>\n<blockquote><p>Funci\u00f3n de aprendizaje<br \/>\nIncentive a los ni\u00f1os a aprender con iniciativa. \u00a1El juego es la base del aprendizaje! Cuando un ni\u00f1o toma un juguete con inter\u00e9s, indica que su cerebro ya est\u00e1 en un estado de intercambio de ideas a gran velocidad. Al mismo tiempo, tambi\u00e9n comenzar\u00e1 a desarrollar sus habilidades motoras, coordinaci\u00f3n ojo-mano, concentraci\u00f3n, lenguaje y comunicaci\u00f3n, creatividad, imaginaci\u00f3n, concepto espacial, l\u00f3gica y capacidad para resolver problemas, as\u00ed como el pensamiento matem\u00e1tico.<\/p><\/blockquote>\n<p><img fetchpriority=\"high\" decoding=\"async\" class=\"aligncenter wp-image-19847 size-full\" src=\"http:\/\/tonysourcing.com\/wp-content\/uploads\/2023\/10\/bicycle.jpg\" alt=\"\" width=\"1800\" height=\"720\" srcset=\"https:\/\/tonysourcing.com\/wp-content\/uploads\/2023\/10\/bicycle.jpg 1800w, https:\/\/tonysourcing.com\/wp-content\/uploads\/2023\/10\/bicycle-300x120.jpg 300w, https:\/\/tonysourcing.com\/wp-content\/uploads\/2023\/10\/bicycle-800x320.jpg 800w, https:\/\/tonysourcing.com\/wp-content\/uploads\/2023\/10\/bicycle-768x307.jpg 768w, https:\/\/tonysourcing.com\/wp-content\/uploads\/2023\/10\/bicycle-1536x614.jpg 1536w, https:\/\/tonysourcing.com\/wp-content\/uploads\/2023\/10\/bicycle-600x240.jpg 600w\" sizes=\"(max-width: 1800px) 100vw, 1800px\" \/><\/p>","protected":false},"excerpt":{"rendered":"<p>N.\u00ba de art\u00edculo: SU-00025<\/p>","protected":false},"featured_media":19884,"template":"","meta":{"_kad_post_transparent":"","_kad_post_title":"","_kad_post_layout":"","_kad_post_sidebar_id":"","_kad_post_content_style":"","_kad_post_vertical_padding":"","_kad_post_feature":"","_kad_post_feature_position":"","_kad_post_header":false,"_kad_post_footer":false},"product_brand":[],"product_cat":[751],"product_tag":[1692],"class_list":{"0":"post-19883","1":"product","2":"type-product","3":"status-publish","4":"has-post-thumbnail","6":"product_cat-kids-bicycles","7":"product_tag-bicycle-for-girls","9":"first","10":"instock","11":"shipping-taxable","12":"product-type-simple","13":"entry","14":"content-bg","15":"loop-entry"},"yoast_head":"<!-- This site is optimized with the Yoast SEO plugin v27.4 - https:\/\/yoast.com\/product\/yoast-seo-wordpress\/ -->\n<title>Toddlers Walking Bicycle - Import Toys Wholesale From Manufacturer<\/title>\n<meta name=\"description\" content=\"Import Toddlers Walking Bicycle from China Manufacturer, Good Product and Good Price, Contact TonySourcing for Catalog today\" \/>\n<meta name=\"robots\" content=\"index, follow, max-snippet:-1, max-image-preview:large, max-video-preview:-1\" \/>\n<link rel=\"canonical\" href=\"https:\/\/tonysourcing.com\/es\/al-por-mayor\/ninos-pequenos-caminando-en-bicicleta\/\" \/>\n<meta property=\"og:locale\" content=\"es_ES\" \/>\n<meta property=\"og:type\" content=\"article\" \/>\n<meta property=\"og:title\" content=\"Toddlers Walking Bicycle - Import Toys Wholesale From Manufacturer\" \/>\n<meta property=\"og:description\" content=\"Import Toddlers Walking Bicycle from China Manufacturer, Good Product and Good Price, Contact TonySourcing for Catalog today\" \/>\n<meta property=\"og:url\" content=\"https:\/\/tonysourcing.com\/es\/al-por-mayor\/ninos-pequenos-caminando-en-bicicleta\/\" \/>\n<meta property=\"og:site_name\" content=\"TonySourcing\" \/>\n<meta property=\"article:publisher\" content=\"https:\/\/www.facebook.com\/TonySourcing\" \/>\n<meta property=\"article:modified_time\" content=\"2023-10-10T02:51:30+00:00\" \/>\n<meta property=\"og:image\" content=\"https:\/\/tonysourcing.com\/wp-content\/uploads\/2023\/10\/Toddlers-Walking-Bicycle.jpg\" \/>\n\t<meta property=\"og:image:width\" content=\"800\" \/>\n\t<meta property=\"og:image:height\" content=\"800\" \/>\n\t<meta property=\"og:image:type\" content=\"image\/jpeg\" \/>\n<meta name=\"twitter:card\" content=\"summary_large_image\" \/>\n<meta name=\"twitter:site\" content=\"@TonySourcing\" \/>\n<meta name=\"twitter:label1\" content=\"Tiempo de lectura\" \/>\n\t<meta name=\"twitter:data1\" content=\"1 minuto\" \/>\n<script type=\"application\/ld+json\" class=\"yoast-schema-graph\">{\"@context\":\"https:\\\/\\\/schema.org\",\"@graph\":[{\"@type\":\"WebPage\",\"@id\":\"https:\\\/\\\/tonysourcing.com\\\/wholesale\\\/toddlers-walking-bicycle\\\/\",\"url\":\"https:\\\/\\\/tonysourcing.com\\\/wholesale\\\/toddlers-walking-bicycle\\\/\",\"name\":\"Toddlers Walking Bicycle - Import Toys Wholesale From Manufacturer\",\"isPartOf\":{\"@id\":\"https:\\\/\\\/tonysourcing.com\\\/#website\"},\"primaryImageOfPage\":{\"@id\":\"https:\\\/\\\/tonysourcing.com\\\/wholesale\\\/toddlers-walking-bicycle\\\/#primaryimage\"},\"image\":{\"@id\":\"https:\\\/\\\/tonysourcing.com\\\/wholesale\\\/toddlers-walking-bicycle\\\/#primaryimage\"},\"thumbnailUrl\":\"https:\\\/\\\/tonysourcing.com\\\/wp-content\\\/uploads\\\/2023\\\/10\\\/Toddlers-Walking-Bicycle.jpg\",\"datePublished\":\"2023-10-10T02:47:46+00:00\",\"dateModified\":\"2023-10-10T02:51:30+00:00\",\"description\":\"Import Toddlers Walking Bicycle from China Manufacturer, Good Product and Good Price, Contact TonySourcing for Catalog today\",\"breadcrumb\":{\"@id\":\"https:\\\/\\\/tonysourcing.com\\\/wholesale\\\/toddlers-walking-bicycle\\\/#breadcrumb\"},\"inLanguage\":\"es\",\"potentialAction\":[{\"@type\":\"ReadAction\",\"target\":[\"https:\\\/\\\/tonysourcing.com\\\/wholesale\\\/toddlers-walking-bicycle\\\/\"]}]},{\"@type\":\"ImageObject\",\"inLanguage\":\"es\",\"@id\":\"https:\\\/\\\/tonysourcing.com\\\/wholesale\\\/toddlers-walking-bicycle\\\/#primaryimage\",\"url\":\"https:\\\/\\\/tonysourcing.com\\\/wp-content\\\/uploads\\\/2023\\\/10\\\/Toddlers-Walking-Bicycle.jpg\",\"contentUrl\":\"https:\\\/\\\/tonysourcing.com\\\/wp-content\\\/uploads\\\/2023\\\/10\\\/Toddlers-Walking-Bicycle.jpg\",\"width\":800,\"height\":800},{\"@type\":\"BreadcrumbList\",\"@id\":\"https:\\\/\\\/tonysourcing.com\\\/wholesale\\\/toddlers-walking-bicycle\\\/#breadcrumb\",\"itemListElement\":[{\"@type\":\"ListItem\",\"position\":1,\"name\":\"Home\",\"item\":\"https:\\\/\\\/tonysourcing.com\\\/\"},{\"@type\":\"ListItem\",\"position\":2,\"name\":\"Wholesale\",\"item\":\"https:\\\/\\\/tonysourcing.com\\\/wholesale\\\/\"},{\"@type\":\"ListItem\",\"position\":3,\"name\":\"Toddlers Walking Bicycle\"}]},{\"@type\":\"WebSite\",\"@id\":\"https:\\\/\\\/tonysourcing.com\\\/#website\",\"url\":\"https:\\\/\\\/tonysourcing.com\\\/\",\"name\":\"TonySourcing\",\"description\":\"Toys Wholesale Distributor &amp; China Promition Items\",\"publisher\":{\"@id\":\"https:\\\/\\\/tonysourcing.com\\\/#organization\"},\"potentialAction\":[{\"@type\":\"SearchAction\",\"target\":{\"@type\":\"EntryPoint\",\"urlTemplate\":\"https:\\\/\\\/tonysourcing.com\\\/?s={search_term_string}\"},\"query-input\":{\"@type\":\"PropertyValueSpecification\",\"valueRequired\":true,\"valueName\":\"search_term_string\"}}],\"inLanguage\":\"es\"},{\"@type\":\"Organization\",\"@id\":\"https:\\\/\\\/tonysourcing.com\\\/#organization\",\"name\":\"Yiwu Zongge\",\"url\":\"https:\\\/\\\/tonysourcing.com\\\/\",\"logo\":{\"@type\":\"ImageObject\",\"inLanguage\":\"es\",\"@id\":\"https:\\\/\\\/tonysourcing.com\\\/#\\\/schema\\\/logo\\\/image\\\/\",\"url\":\"https:\\\/\\\/tonysourcing.com\\\/wp-content\\\/uploads\\\/2021\\\/07\\\/cropped-TonySourcing-logo-1.png\",\"contentUrl\":\"https:\\\/\\\/tonysourcing.com\\\/wp-content\\\/uploads\\\/2021\\\/07\\\/cropped-TonySourcing-logo-1.png\",\"width\":300,\"height\":92,\"caption\":\"Yiwu Zongge\"},\"image\":{\"@id\":\"https:\\\/\\\/tonysourcing.com\\\/#\\\/schema\\\/logo\\\/image\\\/\"},\"sameAs\":[\"https:\\\/\\\/www.facebook.com\\\/TonySourcing\",\"https:\\\/\\\/x.com\\\/TonySourcing\",\"https:\\\/\\\/www.instagram.com\\\/tony_sourcing\\\/\",\"http:\\\/\\\/www.linkedin.com\\\/in\\\/tonychen88\",\"https:\\\/\\\/www.youtube.com\\\/channel\\\/UCZfST1M-NDoqjQ3dB-Tzszg\"]}]}<\/script>\n<!-- \/ Yoast SEO plugin. -->","yoast_head_json":{"title":"Bicicleta de paseo para ni\u00f1os peque\u00f1os - Importaci\u00f3n de juguetes al por mayor del fabricante","description":"Importe una bicicleta para caminar para ni\u00f1os peque\u00f1os de un fabricante chino. Buen producto y buen precio. Contacte con TonySourcing para obtener el cat\u00e1logo hoy mismo.","robots":{"index":"index","follow":"follow","max-snippet":"max-snippet:-1","max-image-preview":"max-image-preview:large","max-video-preview":"max-video-preview:-1"},"canonical":"https:\/\/tonysourcing.com\/es\/al-por-mayor\/ninos-pequenos-caminando-en-bicicleta\/","og_locale":"es_ES","og_type":"article","og_title":"Toddlers Walking Bicycle - Import Toys Wholesale From Manufacturer","og_description":"Import Toddlers Walking Bicycle from China Manufacturer, Good Product and Good Price, Contact TonySourcing for Catalog today","og_url":"https:\/\/tonysourcing.com\/es\/al-por-mayor\/ninos-pequenos-caminando-en-bicicleta\/","og_site_name":"TonySourcing","article_publisher":"https:\/\/www.facebook.com\/TonySourcing","article_modified_time":"2023-10-10T02:51:30+00:00","og_image":[{"width":800,"height":800,"url":"https:\/\/tonysourcing.com\/wp-content\/uploads\/2023\/10\/Toddlers-Walking-Bicycle.jpg","type":"image\/jpeg"}],"twitter_card":"summary_large_image","twitter_site":"@TonySourcing","twitter_misc":{"Tiempo de lectura":"1 minuto"},"schema":{"@context":"https:\/\/schema.org","@graph":[{"@type":"WebPage","@id":"https:\/\/tonysourcing.com\/wholesale\/toddlers-walking-bicycle\/","url":"https:\/\/tonysourcing.com\/wholesale\/toddlers-walking-bicycle\/","name":"Bicicleta de paseo para ni\u00f1os peque\u00f1os - Importaci\u00f3n de juguetes al por mayor del fabricante","isPartOf":{"@id":"https:\/\/tonysourcing.com\/#website"},"primaryImageOfPage":{"@id":"https:\/\/tonysourcing.com\/wholesale\/toddlers-walking-bicycle\/#primaryimage"},"image":{"@id":"https:\/\/tonysourcing.com\/wholesale\/toddlers-walking-bicycle\/#primaryimage"},"thumbnailUrl":"https:\/\/tonysourcing.com\/wp-content\/uploads\/2023\/10\/Toddlers-Walking-Bicycle.jpg","datePublished":"2023-10-10T02:47:46+00:00","dateModified":"2023-10-10T02:51:30+00:00","description":"Importe una bicicleta para caminar para ni\u00f1os peque\u00f1os de un fabricante chino. Buen producto y buen precio. Contacte con TonySourcing para obtener el cat\u00e1logo hoy mismo.","breadcrumb":{"@id":"https:\/\/tonysourcing.com\/wholesale\/toddlers-walking-bicycle\/#breadcrumb"},"inLanguage":"es","potentialAction":[{"@type":"ReadAction","target":["https:\/\/tonysourcing.com\/wholesale\/toddlers-walking-bicycle\/"]}]},{"@type":"ImageObject","inLanguage":"es","@id":"https:\/\/tonysourcing.com\/wholesale\/toddlers-walking-bicycle\/#primaryimage","url":"https:\/\/tonysourcing.com\/wp-content\/uploads\/2023\/10\/Toddlers-Walking-Bicycle.jpg","contentUrl":"https:\/\/tonysourcing.com\/wp-content\/uploads\/2023\/10\/Toddlers-Walking-Bicycle.jpg","width":800,"height":800},{"@type":"BreadcrumbList","@id":"https:\/\/tonysourcing.com\/wholesale\/toddlers-walking-bicycle\/#breadcrumb","itemListElement":[{"@type":"ListItem","position":1,"name":"Home","item":"https:\/\/tonysourcing.com\/"},{"@type":"ListItem","position":2,"name":"Wholesale","item":"https:\/\/tonysourcing.com\/wholesale\/"},{"@type":"ListItem","position":3,"name":"Toddlers Walking Bicycle"}]},{"@type":"WebSite","@id":"https:\/\/tonysourcing.com\/#website","url":"https:\/\/tonysourcing.com\/","name":"TonySourcing","description":"Distribuidor mayorista de juguetes y art\u00edculos en promoci\u00f3n en China","publisher":{"@id":"https:\/\/tonysourcing.com\/#organization"},"potentialAction":[{"@type":"SearchAction","target":{"@type":"EntryPoint","urlTemplate":"https:\/\/tonysourcing.com\/?s={search_term_string}"},"query-input":{"@type":"PropertyValueSpecification","valueRequired":true,"valueName":"search_term_string"}}],"inLanguage":"es"},{"@type":"Organization","@id":"https:\/\/tonysourcing.com\/#organization","name":"Yiwu Zongge","url":"https:\/\/tonysourcing.com\/","logo":{"@type":"ImageObject","inLanguage":"es","@id":"https:\/\/tonysourcing.com\/#\/schema\/logo\/image\/","url":"https:\/\/tonysourcing.com\/wp-content\/uploads\/2021\/07\/cropped-TonySourcing-logo-1.png","contentUrl":"https:\/\/tonysourcing.com\/wp-content\/uploads\/2021\/07\/cropped-TonySourcing-logo-1.png","width":300,"height":92,"caption":"Yiwu Zongge"},"image":{"@id":"https:\/\/tonysourcing.com\/#\/schema\/logo\/image\/"},"sameAs":["https:\/\/www.facebook.com\/TonySourcing","https:\/\/x.com\/TonySourcing","https:\/\/www.instagram.com\/tony_sourcing\/","http:\/\/www.linkedin.com\/in\/tonychen88","https:\/\/www.youtube.com\/channel\/UCZfST1M-NDoqjQ3dB-Tzszg"]}]}},"_links":{"self":[{"href":"https:\/\/tonysourcing.com\/es\/wp-json\/wp\/v2\/product\/19883","targetHints":{"allow":["GET"]}}],"collection":[{"href":"https:\/\/tonysourcing.com\/es\/wp-json\/wp\/v2\/product"}],"about":[{"href":"https:\/\/tonysourcing.com\/es\/wp-json\/wp\/v2\/types\/product"}],"version-history":[{"count":1,"href":"https:\/\/tonysourcing.com\/es\/wp-json\/wp\/v2\/product\/19883\/revisions"}],"predecessor-version":[{"id":19887,"href":"https:\/\/tonysourcing.com\/es\/wp-json\/wp\/v2\/product\/19883\/revisions\/19887"}],"wp:featuredmedia":[{"embeddable":true,"href":"https:\/\/tonysourcing.com\/es\/wp-json\/wp\/v2\/media\/19884"}],"wp:attachment":[{"href":"https:\/\/tonysourcing.com\/es\/wp-json\/wp\/v2\/media?parent=19883"}],"wp:term":[{"taxonomy":"product_brand","embeddable":true,"href":"https:\/\/tonysourcing.com\/es\/wp-json\/wp\/v2\/product_brand?post=19883"},{"taxonomy":"product_cat","embeddable":true,"href":"https:\/\/tonysourcing.com\/es\/wp-json\/wp\/v2\/product_cat?post=19883"},{"taxonomy":"product_tag","embeddable":true,"href":"https:\/\/tonysourcing.com\/es\/wp-json\/wp\/v2\/product_tag?post=19883"}],"curies":[{"name":"gracias","href":"https:\/\/api.w.org\/{rel}","templated":true}]}}