{"id":21112,"date":"2024-07-03T07:52:07","date_gmt":"2024-07-03T07:52:07","guid":{"rendered":"https:\/\/tonysourcing.com\/?post_type=product&#038;p=21112"},"modified":"2024-07-03T07:52:07","modified_gmt":"2024-07-03T07:52:07","slug":"maquina-de-aprendizaje-inteligente","status":"publish","type":"product","link":"https:\/\/tonysourcing.com\/es\/wholesale\/lntelligent-learning-machine\/","title":{"rendered":"M\u00e1quina de aprendizaje inteligente"},"content":{"rendered":"<p>En la era digital actual, los ni\u00f1os crecen rodeados de tecnolog\u00eda. Una de las \u00faltimas innovaciones en tecnolog\u00eda educativa es la m\u00e1quina de aprendizaje inteligente para ni\u00f1os. Este dispositivo est\u00e1 dise\u00f1ado para ayudar a los ni\u00f1os a aprender y desarrollar habilidades esenciales de forma divertida y atractiva.<\/p>\n<p>La m\u00e1quina de aprendizaje inteligente para ni\u00f1os est\u00e1 equipada con una variedad de juegos educativos, actividades y lecciones interactivas que abarcan una amplia gama de temas, como matem\u00e1ticas, ciencias, lengua y m\u00e1s. Los ni\u00f1os pueden aprender a su propio ritmo y de una manera adaptada a sus necesidades y estilos de aprendizaje individuales.<\/p>\n<p>Una de las principales ventajas de la m\u00e1quina de aprendizaje inteligente para ni\u00f1os es que les ayuda a desarrollar habilidades cognitivas importantes como la resoluci\u00f3n de problemas, el pensamiento cr\u00edtico y la creatividad. Al interactuar con el contenido interactivo del dispositivo, los ni\u00f1os pueden practicar estas habilidades de forma pr\u00e1ctica y atractiva.<\/p>","protected":false},"excerpt":{"rendered":"<p>N\u00famero de art\u00edculo: LD-103<\/p>","protected":false},"featured_media":21113,"template":"","meta":{"_kad_post_transparent":"","_kad_post_title":"","_kad_post_layout":"","_kad_post_sidebar_id":"","_kad_post_content_style":"","_kad_post_vertical_padding":"","_kad_post_feature":"","_kad_post_feature_position":"","_kad_post_header":false,"_kad_post_footer":false,"_kad_post_classname":""},"product_brand":[],"product_cat":[506,1654],"product_tag":[],"class_list":{"0":"post-21112","1":"product","2":"type-product","3":"status-publish","4":"has-post-thumbnail","6":"product_cat-wholesale-educational-toys","7":"product_cat-electronic-product","9":"first","10":"instock","11":"shipping-taxable","12":"product-type-simple","13":"entry","14":"content-bg","15":"loop-entry"},"yoast_head":"<!-- This site is optimized with the Yoast SEO plugin v27.4 - https:\/\/yoast.com\/product\/yoast-seo-wordpress\/ -->\n<title>Lntelligent Learning Machine - Import Toys Wholesale Directly<\/title>\n<meta name=\"description\" content=\"Import Lntelligent Learning Machine from China Manufacturer, Good Product and Good Price, Contact TonySourcing for Catalog today. Welcome to our shop.\" \/>\n<meta name=\"robots\" content=\"index, follow, max-snippet:-1, max-image-preview:large, max-video-preview:-1\" \/>\n<link rel=\"canonical\" href=\"https:\/\/tonysourcing.com\/es\/al-por-mayor\/maquina-de-aprendizaje-inteligente\/\" \/>\n<meta property=\"og:locale\" content=\"es_ES\" \/>\n<meta property=\"og:type\" content=\"article\" \/>\n<meta property=\"og:title\" content=\"Lntelligent Learning Machine - Import Toys Wholesale Directly\" \/>\n<meta property=\"og:description\" content=\"Import Lntelligent Learning Machine from China Manufacturer, Good Product and Good Price, Contact TonySourcing for Catalog today. Welcome to our shop.\" \/>\n<meta property=\"og:url\" content=\"https:\/\/tonysourcing.com\/es\/al-por-mayor\/maquina-de-aprendizaje-inteligente\/\" \/>\n<meta property=\"og:site_name\" content=\"TonySourcing\" \/>\n<meta property=\"article:publisher\" content=\"https:\/\/www.facebook.com\/TonySourcing\" \/>\n<meta property=\"og:image\" content=\"https:\/\/tonysourcing.com\/wp-content\/uploads\/2024\/07\/Lntelligent-Learning-Machine.png\" \/>\n\t<meta property=\"og:image:width\" content=\"500\" \/>\n\t<meta property=\"og:image:height\" content=\"500\" \/>\n\t<meta property=\"og:image:type\" content=\"image\/png\" \/>\n<meta name=\"twitter:card\" content=\"summary_large_image\" \/>\n<meta name=\"twitter:site\" content=\"@TonySourcing\" \/>\n<meta name=\"twitter:label1\" content=\"Tiempo de lectura\" \/>\n\t<meta name=\"twitter:data1\" content=\"1 minuto\" \/>\n<script type=\"application\/ld+json\" class=\"yoast-schema-graph\">{\"@context\":\"https:\\\/\\\/schema.org\",\"@graph\":[{\"@type\":\"WebPage\",\"@id\":\"https:\\\/\\\/tonysourcing.com\\\/wholesale\\\/lntelligent-learning-machine\\\/\",\"url\":\"https:\\\/\\\/tonysourcing.com\\\/wholesale\\\/lntelligent-learning-machine\\\/\",\"name\":\"Lntelligent Learning Machine - Import Toys Wholesale Directly\",\"isPartOf\":{\"@id\":\"https:\\\/\\\/tonysourcing.com\\\/#website\"},\"primaryImageOfPage\":{\"@id\":\"https:\\\/\\\/tonysourcing.com\\\/wholesale\\\/lntelligent-learning-machine\\\/#primaryimage\"},\"image\":{\"@id\":\"https:\\\/\\\/tonysourcing.com\\\/wholesale\\\/lntelligent-learning-machine\\\/#primaryimage\"},\"thumbnailUrl\":\"https:\\\/\\\/tonysourcing.com\\\/wp-content\\\/uploads\\\/2024\\\/07\\\/Lntelligent-Learning-Machine.png\",\"datePublished\":\"2024-07-03T07:52:07+00:00\",\"description\":\"Import Lntelligent Learning Machine from China Manufacturer, Good Product and Good Price, Contact TonySourcing for Catalog today. Welcome to our shop.\",\"breadcrumb\":{\"@id\":\"https:\\\/\\\/tonysourcing.com\\\/wholesale\\\/lntelligent-learning-machine\\\/#breadcrumb\"},\"inLanguage\":\"es\",\"potentialAction\":[{\"@type\":\"ReadAction\",\"target\":[\"https:\\\/\\\/tonysourcing.com\\\/wholesale\\\/lntelligent-learning-machine\\\/\"]}]},{\"@type\":\"ImageObject\",\"inLanguage\":\"es\",\"@id\":\"https:\\\/\\\/tonysourcing.com\\\/wholesale\\\/lntelligent-learning-machine\\\/#primaryimage\",\"url\":\"https:\\\/\\\/tonysourcing.com\\\/wp-content\\\/uploads\\\/2024\\\/07\\\/Lntelligent-Learning-Machine.png\",\"contentUrl\":\"https:\\\/\\\/tonysourcing.com\\\/wp-content\\\/uploads\\\/2024\\\/07\\\/Lntelligent-Learning-Machine.png\",\"width\":500,\"height\":500,\"caption\":\"Lntelligent Learning Machine\"},{\"@type\":\"BreadcrumbList\",\"@id\":\"https:\\\/\\\/tonysourcing.com\\\/wholesale\\\/lntelligent-learning-machine\\\/#breadcrumb\",\"itemListElement\":[{\"@type\":\"ListItem\",\"position\":1,\"name\":\"Home\",\"item\":\"https:\\\/\\\/tonysourcing.com\\\/\"},{\"@type\":\"ListItem\",\"position\":2,\"name\":\"Wholesale\",\"item\":\"https:\\\/\\\/tonysourcing.com\\\/wholesale\\\/\"},{\"@type\":\"ListItem\",\"position\":3,\"name\":\"Lntelligent Learning Machine\"}]},{\"@type\":\"WebSite\",\"@id\":\"https:\\\/\\\/tonysourcing.com\\\/#website\",\"url\":\"https:\\\/\\\/tonysourcing.com\\\/\",\"name\":\"TonySourcing\",\"description\":\"Toys Wholesale Distributor &amp; China Promition Items\",\"publisher\":{\"@id\":\"https:\\\/\\\/tonysourcing.com\\\/#organization\"},\"potentialAction\":[{\"@type\":\"SearchAction\",\"target\":{\"@type\":\"EntryPoint\",\"urlTemplate\":\"https:\\\/\\\/tonysourcing.com\\\/?s={search_term_string}\"},\"query-input\":{\"@type\":\"PropertyValueSpecification\",\"valueRequired\":true,\"valueName\":\"search_term_string\"}}],\"inLanguage\":\"es\"},{\"@type\":\"Organization\",\"@id\":\"https:\\\/\\\/tonysourcing.com\\\/#organization\",\"name\":\"Yiwu Zongge\",\"url\":\"https:\\\/\\\/tonysourcing.com\\\/\",\"logo\":{\"@type\":\"ImageObject\",\"inLanguage\":\"es\",\"@id\":\"https:\\\/\\\/tonysourcing.com\\\/#\\\/schema\\\/logo\\\/image\\\/\",\"url\":\"https:\\\/\\\/tonysourcing.com\\\/wp-content\\\/uploads\\\/2021\\\/07\\\/cropped-TonySourcing-logo-1.png\",\"contentUrl\":\"https:\\\/\\\/tonysourcing.com\\\/wp-content\\\/uploads\\\/2021\\\/07\\\/cropped-TonySourcing-logo-1.png\",\"width\":300,\"height\":92,\"caption\":\"Yiwu Zongge\"},\"image\":{\"@id\":\"https:\\\/\\\/tonysourcing.com\\\/#\\\/schema\\\/logo\\\/image\\\/\"},\"sameAs\":[\"https:\\\/\\\/www.facebook.com\\\/TonySourcing\",\"https:\\\/\\\/x.com\\\/TonySourcing\",\"https:\\\/\\\/www.instagram.com\\\/tony_sourcing\\\/\",\"http:\\\/\\\/www.linkedin.com\\\/in\\\/tonychen88\",\"https:\\\/\\\/www.youtube.com\\\/channel\\\/UCZfST1M-NDoqjQ3dB-Tzszg\"]}]}<\/script>\n<!-- \/ Yoast SEO plugin. -->","yoast_head_json":{"title":"M\u00e1quina de aprendizaje inteligente: juguetes de importaci\u00f3n directa al por mayor","description":"Importe una m\u00e1quina de aprendizaje inteligente de un fabricante chino. Buen producto a buen precio. Contacte con TonySourcing para obtener el cat\u00e1logo hoy mismo. Bienvenido a nuestra tienda.","robots":{"index":"index","follow":"follow","max-snippet":"max-snippet:-1","max-image-preview":"max-image-preview:large","max-video-preview":"max-video-preview:-1"},"canonical":"https:\/\/tonysourcing.com\/es\/al-por-mayor\/maquina-de-aprendizaje-inteligente\/","og_locale":"es_ES","og_type":"article","og_title":"Lntelligent Learning Machine - Import Toys Wholesale Directly","og_description":"Import Lntelligent Learning Machine from China Manufacturer, Good Product and Good Price, Contact TonySourcing for Catalog today. Welcome to our shop.","og_url":"https:\/\/tonysourcing.com\/es\/al-por-mayor\/maquina-de-aprendizaje-inteligente\/","og_site_name":"TonySourcing","article_publisher":"https:\/\/www.facebook.com\/TonySourcing","og_image":[{"width":500,"height":500,"url":"https:\/\/tonysourcing.com\/wp-content\/uploads\/2024\/07\/Lntelligent-Learning-Machine.png","type":"image\/png"}],"twitter_card":"summary_large_image","twitter_site":"@TonySourcing","twitter_misc":{"Tiempo de lectura":"1 minuto"},"schema":{"@context":"https:\/\/schema.org","@graph":[{"@type":"WebPage","@id":"https:\/\/tonysourcing.com\/wholesale\/lntelligent-learning-machine\/","url":"https:\/\/tonysourcing.com\/wholesale\/lntelligent-learning-machine\/","name":"M\u00e1quina de aprendizaje inteligente: juguetes de importaci\u00f3n directa al por mayor","isPartOf":{"@id":"https:\/\/tonysourcing.com\/#website"},"primaryImageOfPage":{"@id":"https:\/\/tonysourcing.com\/wholesale\/lntelligent-learning-machine\/#primaryimage"},"image":{"@id":"https:\/\/tonysourcing.com\/wholesale\/lntelligent-learning-machine\/#primaryimage"},"thumbnailUrl":"https:\/\/tonysourcing.com\/wp-content\/uploads\/2024\/07\/Lntelligent-Learning-Machine.png","datePublished":"2024-07-03T07:52:07+00:00","description":"Importe una m\u00e1quina de aprendizaje inteligente de un fabricante chino. Buen producto a buen precio. Contacte con TonySourcing para obtener el cat\u00e1logo hoy mismo. Bienvenido a nuestra tienda.","breadcrumb":{"@id":"https:\/\/tonysourcing.com\/wholesale\/lntelligent-learning-machine\/#breadcrumb"},"inLanguage":"es","potentialAction":[{"@type":"ReadAction","target":["https:\/\/tonysourcing.com\/wholesale\/lntelligent-learning-machine\/"]}]},{"@type":"ImageObject","inLanguage":"es","@id":"https:\/\/tonysourcing.com\/wholesale\/lntelligent-learning-machine\/#primaryimage","url":"https:\/\/tonysourcing.com\/wp-content\/uploads\/2024\/07\/Lntelligent-Learning-Machine.png","contentUrl":"https:\/\/tonysourcing.com\/wp-content\/uploads\/2024\/07\/Lntelligent-Learning-Machine.png","width":500,"height":500,"caption":"Lntelligent Learning Machine"},{"@type":"BreadcrumbList","@id":"https:\/\/tonysourcing.com\/wholesale\/lntelligent-learning-machine\/#breadcrumb","itemListElement":[{"@type":"ListItem","position":1,"name":"Home","item":"https:\/\/tonysourcing.com\/"},{"@type":"ListItem","position":2,"name":"Wholesale","item":"https:\/\/tonysourcing.com\/wholesale\/"},{"@type":"ListItem","position":3,"name":"Lntelligent Learning Machine"}]},{"@type":"WebSite","@id":"https:\/\/tonysourcing.com\/#website","url":"https:\/\/tonysourcing.com\/","name":"TonySourcing","description":"Distribuidor mayorista de juguetes y art\u00edculos en promoci\u00f3n en China","publisher":{"@id":"https:\/\/tonysourcing.com\/#organization"},"potentialAction":[{"@type":"SearchAction","target":{"@type":"EntryPoint","urlTemplate":"https:\/\/tonysourcing.com\/?s={search_term_string}"},"query-input":{"@type":"PropertyValueSpecification","valueRequired":true,"valueName":"search_term_string"}}],"inLanguage":"es"},{"@type":"Organization","@id":"https:\/\/tonysourcing.com\/#organization","name":"Yiwu Zongge","url":"https:\/\/tonysourcing.com\/","logo":{"@type":"ImageObject","inLanguage":"es","@id":"https:\/\/tonysourcing.com\/#\/schema\/logo\/image\/","url":"https:\/\/tonysourcing.com\/wp-content\/uploads\/2021\/07\/cropped-TonySourcing-logo-1.png","contentUrl":"https:\/\/tonysourcing.com\/wp-content\/uploads\/2021\/07\/cropped-TonySourcing-logo-1.png","width":300,"height":92,"caption":"Yiwu Zongge"},"image":{"@id":"https:\/\/tonysourcing.com\/#\/schema\/logo\/image\/"},"sameAs":["https:\/\/www.facebook.com\/TonySourcing","https:\/\/x.com\/TonySourcing","https:\/\/www.instagram.com\/tony_sourcing\/","http:\/\/www.linkedin.com\/in\/tonychen88","https:\/\/www.youtube.com\/channel\/UCZfST1M-NDoqjQ3dB-Tzszg"]}]}},"_links":{"self":[{"href":"https:\/\/tonysourcing.com\/es\/wp-json\/wp\/v2\/product\/21112","targetHints":{"allow":["GET"]}}],"collection":[{"href":"https:\/\/tonysourcing.com\/es\/wp-json\/wp\/v2\/product"}],"about":[{"href":"https:\/\/tonysourcing.com\/es\/wp-json\/wp\/v2\/types\/product"}],"version-history":[{"count":1,"href":"https:\/\/tonysourcing.com\/es\/wp-json\/wp\/v2\/product\/21112\/revisions"}],"predecessor-version":[{"id":21114,"href":"https:\/\/tonysourcing.com\/es\/wp-json\/wp\/v2\/product\/21112\/revisions\/21114"}],"wp:featuredmedia":[{"embeddable":true,"href":"https:\/\/tonysourcing.com\/es\/wp-json\/wp\/v2\/media\/21113"}],"wp:attachment":[{"href":"https:\/\/tonysourcing.com\/es\/wp-json\/wp\/v2\/media?parent=21112"}],"wp:term":[{"taxonomy":"product_brand","embeddable":true,"href":"https:\/\/tonysourcing.com\/es\/wp-json\/wp\/v2\/product_brand?post=21112"},{"taxonomy":"product_cat","embeddable":true,"href":"https:\/\/tonysourcing.com\/es\/wp-json\/wp\/v2\/product_cat?post=21112"},{"taxonomy":"product_tag","embeddable":true,"href":"https:\/\/tonysourcing.com\/es\/wp-json\/wp\/v2\/product_tag?post=21112"}],"curies":[{"name":"gracias","href":"https:\/\/api.w.org\/{rel}","templated":true}]}}