{"id":21950,"date":"2024-11-21T09:00:05","date_gmt":"2024-11-21T09:00:05","guid":{"rendered":"https:\/\/tonysourcing.com\/?post_type=product&#038;p=21950"},"modified":"2024-11-21T09:08:40","modified_gmt":"2024-11-21T09:08:40","slug":"coche-de-fundicion-a-presion-112","status":"publish","type":"product","link":"https:\/\/tonysourcing.com\/es\/wholesale\/1-12-diecast-car\/","title":{"rendered":"coche de fundici\u00f3n a presi\u00f3n 1:12"},"content":{"rendered":"<p><strong>Autos en escala 1:12 al por mayor: \u00a1directamente de f\u00e1brica, precios inmejorables!<\/strong><\/p>\n<p>En TonySourcing, nos especializamos en proporcionar la m\u00e1s amplia gama de <strong>Escala 1:12 <a href=\"https:\/\/tonysourcing.com\/es\/marcas-de-coches-de-fundicion-a-presion\/\" target=\"_blank\" rel=\"noopener\">coches de fundici\u00f3n a presi\u00f3n<\/a><\/strong> A precios mayoristas competitivos. Con m\u00e1s de 6000 SKU para elegir, somos su mejor aliado para encontrar modelos de fundici\u00f3n a presi\u00f3n de alta calidad.<\/p>\n<p><img fetchpriority=\"high\" decoding=\"async\" class=\"aligncenter wp-image-21958 size-full\" src=\"https:\/\/tonysourcing.com\/wp-content\/uploads\/2024\/11\/Diecast-car-banner-1.jpg\" alt=\"Banner de coche de fundici\u00f3n a presi\u00f3n (1)\" width=\"1000\" height=\"500\" srcset=\"https:\/\/tonysourcing.com\/wp-content\/uploads\/2024\/11\/Diecast-car-banner-1.jpg 1000w, https:\/\/tonysourcing.com\/wp-content\/uploads\/2024\/11\/Diecast-car-banner-1-300x150.jpg 300w, https:\/\/tonysourcing.com\/wp-content\/uploads\/2024\/11\/Diecast-car-banner-1-800x400.jpg 800w, https:\/\/tonysourcing.com\/wp-content\/uploads\/2024\/11\/Diecast-car-banner-1-768x384.jpg 768w, https:\/\/tonysourcing.com\/wp-content\/uploads\/2024\/11\/Diecast-car-banner-1-600x300.jpg 600w\" sizes=\"(max-width: 1000px) 100vw, 1000px\" \/><\/p>\n<h3><\/h3>\n<h3><strong>\u00bfPor qu\u00e9 elegir TonySourcing para coches fundidos a presi\u00f3n a escala 1:12?<\/strong><\/h3>\n<h4><strong>Amplia gama de productos<\/strong><\/h4>\n<ul>\n<li>M\u00e1s de 6.000 SKU de <strong>coches de fundici\u00f3n a escala 1:12<\/strong><\/li>\n<li>M\u00faltiples rangos de precios para adaptarse a cualquier mercado, desde juguetes de nivel b\u00e1sico hasta art\u00edculos coleccionables premium.<\/li>\n<li>Varias opciones de embalaje disponibles para satisfacer sus necesidades espec\u00edficas.<\/li>\n<\/ul>\n<h4><strong>Precios directos de f\u00e1brica<\/strong><\/h4>\n<ul>\n<li>Trabajamos directamente con los fabricantes, ofreciendo <strong>precios de f\u00e1brica<\/strong> sin intermediarios<\/li>\n<li>Obtenga el mejor valor por su inversi\u00f3n sin comprometer la calidad<\/li>\n<\/ul>\n<h4><strong>Experiencia confiable en abastecimiento<\/strong><\/h4>\n<ul>\n<li>Ubicado en Yiwu y Shantou, China, el coraz\u00f3n de la cadena mundial de suministro de juguetes.<\/li>\n<li>Con el respaldo de m\u00e1s de 5000 fabricantes y acceso a 10 de los principales mercados mayoristas de juguetes<\/li>\n<li>D\u00e9cadas de experiencia al servicio de compradores globales con juguetes y art\u00edculos de regalo.<\/li>\n<\/ul>\n<h4><strong>Su abastecimiento simplificado<\/strong><\/h4>\n<ul>\n<li>Proceso de compra optimizado con soluciones personalizadas<\/li>\n<li>Cantidad m\u00ednima de pedido flexible para adaptarse a empresas de todos los tama\u00f1os.<\/li>\n<li>Env\u00edo a todo el mundo para garantizar una entrega oportuna.<\/li>\n<\/ul>\n<h3><strong>\u00a1Cont\u00e1ctanos hoy!<\/strong><\/h3>\n<p>\u00bfListo para aumentar su inventario con productos de alta calidad? <strong>coches de fundici\u00f3n a escala 1:12<\/strong> \u00bfA precios inmejorables?<br \/>\n<strong>Cont\u00e1ctanos ahora<\/strong> Descarga nuestro cat\u00e1logo y obt\u00e9n la lista de precios m\u00e1s actualizada. \u00a1Deja que TonySourcing sea tu socio de confianza para todas tus necesidades de autos de fundici\u00f3n!<\/p>","protected":false},"excerpt":{"rendered":"<p>N.\u00ba de art\u00edculo: To-021121<\/p>","protected":false},"featured_media":21951,"template":"","meta":{"_kad_post_transparent":"","_kad_post_title":"","_kad_post_layout":"","_kad_post_sidebar_id":"","_kad_post_content_style":"","_kad_post_vertical_padding":"","_kad_post_feature":"","_kad_post_feature_position":"","_kad_post_header":false,"_kad_post_footer":false},"product_brand":[],"product_cat":[525],"product_tag":[1708],"class_list":{"0":"post-21950","1":"product","2":"type-product","3":"status-publish","4":"has-post-thumbnail","6":"product_cat-car-toys","7":"product_tag-diecast-car","9":"first","10":"instock","11":"shipping-taxable","12":"product-type-simple","13":"entry","14":"content-bg","15":"loop-entry"},"yoast_head":"<!-- This site is optimized with the Yoast SEO plugin v27.3 - https:\/\/yoast.com\/product\/yoast-seo-wordpress\/ -->\n<title>1 12 diecast car - TonySourcing<\/title>\n<meta name=\"description\" content=\"Wholesale 1:12 Scale Diecast Cars\u2014Direct from the Factory, Unbeatable Prices! providing the widest range of 1:12 scale diecast cars\" \/>\n<meta name=\"robots\" content=\"index, follow, max-snippet:-1, max-image-preview:large, max-video-preview:-1\" \/>\n<link rel=\"canonical\" href=\"https:\/\/tonysourcing.com\/es\/al-por-mayor\/coche-de-fundicion-a-presion-112\/\" \/>\n<meta property=\"og:locale\" content=\"es_ES\" \/>\n<meta property=\"og:type\" content=\"article\" \/>\n<meta property=\"og:title\" content=\"1 12 diecast car - TonySourcing\" \/>\n<meta property=\"og:description\" content=\"Wholesale 1:12 Scale Diecast Cars\u2014Direct from the Factory, Unbeatable Prices! providing the widest range of 1:12 scale diecast cars\" \/>\n<meta property=\"og:url\" content=\"https:\/\/tonysourcing.com\/es\/al-por-mayor\/coche-de-fundicion-a-presion-112\/\" \/>\n<meta property=\"og:site_name\" content=\"TonySourcing\" \/>\n<meta property=\"article:publisher\" content=\"https:\/\/www.facebook.com\/TonySourcing\" \/>\n<meta property=\"article:modified_time\" content=\"2024-11-21T09:08:40+00:00\" \/>\n<meta property=\"og:image\" content=\"https:\/\/tonysourcing.com\/wp-content\/uploads\/2024\/11\/1-12-scale-diecast-motor.jpg\" \/>\n\t<meta property=\"og:image:width\" content=\"800\" \/>\n\t<meta property=\"og:image:height\" content=\"800\" \/>\n\t<meta property=\"og:image:type\" content=\"image\/jpeg\" \/>\n<meta name=\"twitter:card\" content=\"summary_large_image\" \/>\n<meta name=\"twitter:site\" content=\"@TonySourcing\" \/>\n<meta name=\"twitter:label1\" content=\"Tiempo de lectura\" \/>\n\t<meta name=\"twitter:data1\" content=\"2 minutos\" \/>\n<script type=\"application\/ld+json\" class=\"yoast-schema-graph\">{\"@context\":\"https:\\\/\\\/schema.org\",\"@graph\":[{\"@type\":\"WebPage\",\"@id\":\"https:\\\/\\\/tonysourcing.com\\\/wholesale\\\/1-12-diecast-car\\\/\",\"url\":\"https:\\\/\\\/tonysourcing.com\\\/wholesale\\\/1-12-diecast-car\\\/\",\"name\":\"1 12 diecast car - TonySourcing\",\"isPartOf\":{\"@id\":\"https:\\\/\\\/tonysourcing.com\\\/#website\"},\"primaryImageOfPage\":{\"@id\":\"https:\\\/\\\/tonysourcing.com\\\/wholesale\\\/1-12-diecast-car\\\/#primaryimage\"},\"image\":{\"@id\":\"https:\\\/\\\/tonysourcing.com\\\/wholesale\\\/1-12-diecast-car\\\/#primaryimage\"},\"thumbnailUrl\":\"https:\\\/\\\/tonysourcing.com\\\/wp-content\\\/uploads\\\/2024\\\/11\\\/1-12-scale-diecast-motor.jpg\",\"datePublished\":\"2024-11-21T09:00:05+00:00\",\"dateModified\":\"2024-11-21T09:08:40+00:00\",\"description\":\"Wholesale 1:12 Scale Diecast Cars\u2014Direct from the Factory, Unbeatable Prices! providing the widest range of 1:12 scale diecast cars\",\"breadcrumb\":{\"@id\":\"https:\\\/\\\/tonysourcing.com\\\/wholesale\\\/1-12-diecast-car\\\/#breadcrumb\"},\"inLanguage\":\"es\",\"potentialAction\":[{\"@type\":\"ReadAction\",\"target\":[\"https:\\\/\\\/tonysourcing.com\\\/wholesale\\\/1-12-diecast-car\\\/\"]}]},{\"@type\":\"ImageObject\",\"inLanguage\":\"es\",\"@id\":\"https:\\\/\\\/tonysourcing.com\\\/wholesale\\\/1-12-diecast-car\\\/#primaryimage\",\"url\":\"https:\\\/\\\/tonysourcing.com\\\/wp-content\\\/uploads\\\/2024\\\/11\\\/1-12-scale-diecast-motor.jpg\",\"contentUrl\":\"https:\\\/\\\/tonysourcing.com\\\/wp-content\\\/uploads\\\/2024\\\/11\\\/1-12-scale-diecast-motor.jpg\",\"width\":800,\"height\":800,\"caption\":\"1 12 scale diecast motor\"},{\"@type\":\"BreadcrumbList\",\"@id\":\"https:\\\/\\\/tonysourcing.com\\\/wholesale\\\/1-12-diecast-car\\\/#breadcrumb\",\"itemListElement\":[{\"@type\":\"ListItem\",\"position\":1,\"name\":\"Home\",\"item\":\"https:\\\/\\\/tonysourcing.com\\\/\"},{\"@type\":\"ListItem\",\"position\":2,\"name\":\"Wholesale\",\"item\":\"https:\\\/\\\/tonysourcing.com\\\/wholesale\\\/\"},{\"@type\":\"ListItem\",\"position\":3,\"name\":\"1 12 diecast car\"}]},{\"@type\":\"WebSite\",\"@id\":\"https:\\\/\\\/tonysourcing.com\\\/#website\",\"url\":\"https:\\\/\\\/tonysourcing.com\\\/\",\"name\":\"TonySourcing\",\"description\":\"Toys Wholesale Distributor &amp; China Promition Items\",\"publisher\":{\"@id\":\"https:\\\/\\\/tonysourcing.com\\\/#organization\"},\"potentialAction\":[{\"@type\":\"SearchAction\",\"target\":{\"@type\":\"EntryPoint\",\"urlTemplate\":\"https:\\\/\\\/tonysourcing.com\\\/?s={search_term_string}\"},\"query-input\":{\"@type\":\"PropertyValueSpecification\",\"valueRequired\":true,\"valueName\":\"search_term_string\"}}],\"inLanguage\":\"es\"},{\"@type\":\"Organization\",\"@id\":\"https:\\\/\\\/tonysourcing.com\\\/#organization\",\"name\":\"Yiwu Zongge\",\"url\":\"https:\\\/\\\/tonysourcing.com\\\/\",\"logo\":{\"@type\":\"ImageObject\",\"inLanguage\":\"es\",\"@id\":\"https:\\\/\\\/tonysourcing.com\\\/#\\\/schema\\\/logo\\\/image\\\/\",\"url\":\"https:\\\/\\\/tonysourcing.com\\\/wp-content\\\/uploads\\\/2021\\\/07\\\/cropped-TonySourcing-logo-1.png\",\"contentUrl\":\"https:\\\/\\\/tonysourcing.com\\\/wp-content\\\/uploads\\\/2021\\\/07\\\/cropped-TonySourcing-logo-1.png\",\"width\":300,\"height\":92,\"caption\":\"Yiwu Zongge\"},\"image\":{\"@id\":\"https:\\\/\\\/tonysourcing.com\\\/#\\\/schema\\\/logo\\\/image\\\/\"},\"sameAs\":[\"https:\\\/\\\/www.facebook.com\\\/TonySourcing\",\"https:\\\/\\\/x.com\\\/TonySourcing\",\"https:\\\/\\\/www.instagram.com\\\/tony_sourcing\\\/\",\"http:\\\/\\\/www.linkedin.com\\\/in\\\/tonychen88\",\"https:\\\/\\\/www.youtube.com\\\/channel\\\/UCZfST1M-NDoqjQ3dB-Tzszg\"]}]}<\/script>\n<!-- \/ Yoast SEO plugin. -->","yoast_head_json":{"title":"Coche de fundici\u00f3n a presi\u00f3n 1:12 - TonySourcing","description":"Autos de fundici\u00f3n a escala 1:12 al por mayor: \u00a1Directo de f\u00e1brica, precios inmejorables! Ofrecemos la m\u00e1s amplia gama de autos de fundici\u00f3n a escala 1:12.","robots":{"index":"index","follow":"follow","max-snippet":"max-snippet:-1","max-image-preview":"max-image-preview:large","max-video-preview":"max-video-preview:-1"},"canonical":"https:\/\/tonysourcing.com\/es\/al-por-mayor\/coche-de-fundicion-a-presion-112\/","og_locale":"es_ES","og_type":"article","og_title":"1 12 diecast car - TonySourcing","og_description":"Wholesale 1:12 Scale Diecast Cars\u2014Direct from the Factory, Unbeatable Prices! providing the widest range of 1:12 scale diecast cars","og_url":"https:\/\/tonysourcing.com\/es\/al-por-mayor\/coche-de-fundicion-a-presion-112\/","og_site_name":"TonySourcing","article_publisher":"https:\/\/www.facebook.com\/TonySourcing","article_modified_time":"2024-11-21T09:08:40+00:00","og_image":[{"width":800,"height":800,"url":"https:\/\/tonysourcing.com\/wp-content\/uploads\/2024\/11\/1-12-scale-diecast-motor.jpg","type":"image\/jpeg"}],"twitter_card":"summary_large_image","twitter_site":"@TonySourcing","twitter_misc":{"Tiempo de lectura":"2 minutos"},"schema":{"@context":"https:\/\/schema.org","@graph":[{"@type":"WebPage","@id":"https:\/\/tonysourcing.com\/wholesale\/1-12-diecast-car\/","url":"https:\/\/tonysourcing.com\/wholesale\/1-12-diecast-car\/","name":"Coche de fundici\u00f3n a presi\u00f3n 1:12 - TonySourcing","isPartOf":{"@id":"https:\/\/tonysourcing.com\/#website"},"primaryImageOfPage":{"@id":"https:\/\/tonysourcing.com\/wholesale\/1-12-diecast-car\/#primaryimage"},"image":{"@id":"https:\/\/tonysourcing.com\/wholesale\/1-12-diecast-car\/#primaryimage"},"thumbnailUrl":"https:\/\/tonysourcing.com\/wp-content\/uploads\/2024\/11\/1-12-scale-diecast-motor.jpg","datePublished":"2024-11-21T09:00:05+00:00","dateModified":"2024-11-21T09:08:40+00:00","description":"Autos de fundici\u00f3n a escala 1:12 al por mayor: \u00a1Directo de f\u00e1brica, precios inmejorables! Ofrecemos la m\u00e1s amplia gama de autos de fundici\u00f3n a escala 1:12.","breadcrumb":{"@id":"https:\/\/tonysourcing.com\/wholesale\/1-12-diecast-car\/#breadcrumb"},"inLanguage":"es","potentialAction":[{"@type":"ReadAction","target":["https:\/\/tonysourcing.com\/wholesale\/1-12-diecast-car\/"]}]},{"@type":"ImageObject","inLanguage":"es","@id":"https:\/\/tonysourcing.com\/wholesale\/1-12-diecast-car\/#primaryimage","url":"https:\/\/tonysourcing.com\/wp-content\/uploads\/2024\/11\/1-12-scale-diecast-motor.jpg","contentUrl":"https:\/\/tonysourcing.com\/wp-content\/uploads\/2024\/11\/1-12-scale-diecast-motor.jpg","width":800,"height":800,"caption":"1 12 scale diecast motor"},{"@type":"BreadcrumbList","@id":"https:\/\/tonysourcing.com\/wholesale\/1-12-diecast-car\/#breadcrumb","itemListElement":[{"@type":"ListItem","position":1,"name":"Home","item":"https:\/\/tonysourcing.com\/"},{"@type":"ListItem","position":2,"name":"Wholesale","item":"https:\/\/tonysourcing.com\/wholesale\/"},{"@type":"ListItem","position":3,"name":"1 12 diecast car"}]},{"@type":"WebSite","@id":"https:\/\/tonysourcing.com\/#website","url":"https:\/\/tonysourcing.com\/","name":"TonySourcing","description":"Distribuidor mayorista de juguetes y art\u00edculos en promoci\u00f3n en China","publisher":{"@id":"https:\/\/tonysourcing.com\/#organization"},"potentialAction":[{"@type":"SearchAction","target":{"@type":"EntryPoint","urlTemplate":"https:\/\/tonysourcing.com\/?s={search_term_string}"},"query-input":{"@type":"PropertyValueSpecification","valueRequired":true,"valueName":"search_term_string"}}],"inLanguage":"es"},{"@type":"Organization","@id":"https:\/\/tonysourcing.com\/#organization","name":"Yiwu Zongge","url":"https:\/\/tonysourcing.com\/","logo":{"@type":"ImageObject","inLanguage":"es","@id":"https:\/\/tonysourcing.com\/#\/schema\/logo\/image\/","url":"https:\/\/tonysourcing.com\/wp-content\/uploads\/2021\/07\/cropped-TonySourcing-logo-1.png","contentUrl":"https:\/\/tonysourcing.com\/wp-content\/uploads\/2021\/07\/cropped-TonySourcing-logo-1.png","width":300,"height":92,"caption":"Yiwu Zongge"},"image":{"@id":"https:\/\/tonysourcing.com\/#\/schema\/logo\/image\/"},"sameAs":["https:\/\/www.facebook.com\/TonySourcing","https:\/\/x.com\/TonySourcing","https:\/\/www.instagram.com\/tony_sourcing\/","http:\/\/www.linkedin.com\/in\/tonychen88","https:\/\/www.youtube.com\/channel\/UCZfST1M-NDoqjQ3dB-Tzszg"]}]}},"_links":{"self":[{"href":"https:\/\/tonysourcing.com\/es\/wp-json\/wp\/v2\/product\/21950","targetHints":{"allow":["GET"]}}],"collection":[{"href":"https:\/\/tonysourcing.com\/es\/wp-json\/wp\/v2\/product"}],"about":[{"href":"https:\/\/tonysourcing.com\/es\/wp-json\/wp\/v2\/types\/product"}],"version-history":[{"count":4,"href":"https:\/\/tonysourcing.com\/es\/wp-json\/wp\/v2\/product\/21950\/revisions"}],"predecessor-version":[{"id":21959,"href":"https:\/\/tonysourcing.com\/es\/wp-json\/wp\/v2\/product\/21950\/revisions\/21959"}],"wp:featuredmedia":[{"embeddable":true,"href":"https:\/\/tonysourcing.com\/es\/wp-json\/wp\/v2\/media\/21951"}],"wp:attachment":[{"href":"https:\/\/tonysourcing.com\/es\/wp-json\/wp\/v2\/media?parent=21950"}],"wp:term":[{"taxonomy":"product_brand","embeddable":true,"href":"https:\/\/tonysourcing.com\/es\/wp-json\/wp\/v2\/product_brand?post=21950"},{"taxonomy":"product_cat","embeddable":true,"href":"https:\/\/tonysourcing.com\/es\/wp-json\/wp\/v2\/product_cat?post=21950"},{"taxonomy":"product_tag","embeddable":true,"href":"https:\/\/tonysourcing.com\/es\/wp-json\/wp\/v2\/product_tag?post=21950"}],"curies":[{"name":"gracias","href":"https:\/\/api.w.org\/{rel}","templated":true}]}}