{"id":21961,"date":"2024-11-21T09:25:14","date_gmt":"2024-11-21T09:25:14","guid":{"rendered":"https:\/\/tonysourcing.com\/?post_type=product&#038;p=21961"},"modified":"2024-11-21T09:25:14","modified_gmt":"2024-11-21T09:25:14","slug":"coche-de-fundicion-a-presion-118","status":"publish","type":"product","link":"https:\/\/tonysourcing.com\/es\/wholesale\/1-18-diecast-car\/","title":{"rendered":"coche de fundici\u00f3n a presi\u00f3n 1:18"},"content":{"rendered":"<p><strong>Descubra la colecci\u00f3n definitiva de coches fundidos a presi\u00f3n a escala 1:18: \u00a1directamente de f\u00e1brica!<\/strong><\/p>\n<figure id=\"attachment_21966\" aria-describedby=\"caption-attachment-21966\" style=\"width: 1000px\" class=\"wp-caption aligncenter\"><img fetchpriority=\"high\" decoding=\"async\" class=\"size-full wp-image-21966\" src=\"https:\/\/tonysourcing.com\/wp-content\/uploads\/2024\/11\/New-Diecast-Car-Coming.jpg\" alt=\"Nuevo coche de fundici\u00f3n a presi\u00f3n en camino\" width=\"1000\" height=\"500\" srcset=\"https:\/\/tonysourcing.com\/wp-content\/uploads\/2024\/11\/New-Diecast-Car-Coming.jpg 1000w, https:\/\/tonysourcing.com\/wp-content\/uploads\/2024\/11\/New-Diecast-Car-Coming-300x150.jpg 300w, https:\/\/tonysourcing.com\/wp-content\/uploads\/2024\/11\/New-Diecast-Car-Coming-800x400.jpg 800w, https:\/\/tonysourcing.com\/wp-content\/uploads\/2024\/11\/New-Diecast-Car-Coming-768x384.jpg 768w, https:\/\/tonysourcing.com\/wp-content\/uploads\/2024\/11\/New-Diecast-Car-Coming-600x300.jpg 600w\" sizes=\"(max-width: 1000px) 100vw, 1000px\" \/><figcaption id=\"caption-attachment-21966\" class=\"wp-caption-text\">Nuevo coche de fundici\u00f3n a presi\u00f3n en camino<\/figcaption><\/figure>\n<p>Buscando alta calidad <strong>Escala 1:18 <a href=\"https:\/\/tonysourcing.com\/es\/marcas-de-coches-de-fundicion-a-presion\/\" target=\"_blank\" rel=\"noopener\">coches de fundici\u00f3n a presi\u00f3n<\/a><\/strong> \u00bfA precios inmejorables? <strong>TonySourcing<\/strong>\u00a1Lo tenemos cubierto! Por eso somos el proveedor predilecto de los entusiastas de los coches de fundici\u00f3n a presi\u00f3n y compradores internacionales:<\/p>\n<ul>\n<li><strong>Gran selecci\u00f3n:<\/strong> Encima <strong>M\u00e1s de 2000 SKU \u00fanicos<\/strong> Disponibles, incluyendo varios modelos, acabados y dise\u00f1os para adaptarse a todos los gustos y presupuestos.<\/li>\n<li><strong>Embalaje vers\u00e1til:<\/strong> Ya sea que necesite embalaje minorista est\u00e1ndar, cajas de regalo premium u opciones personalizadas, lo tenemos todo.<\/li>\n<li><strong>Amplia gama de precios:<\/strong> Desde art\u00edculos coleccionables asequibles hasta modelos de alta gama finamente detallados: perfectos para cualquier p\u00fablico.<\/li>\n<li><strong>Precios directos de f\u00e1brica:<\/strong> \u00a1Evita intermediarios! Nos abastecemos directamente de m\u00e1s de <strong>M\u00e1s de 5000 fabricantes de juguetes<\/strong>, garantizando precios competitivos que no encontrar\u00e1 en ning\u00fan otro lugar.<\/li>\n<li><strong>Experiencia comprobada:<\/strong> Con ubicaciones en Yiwu y Shantou, y conexiones a <strong>Los 10 principales mercados mayoristas de juguetes<\/strong>Hacemos que el abastecimiento de autom\u00f3viles en fundici\u00f3n sea sencillo y sin complicaciones.<\/li>\n<\/ul>\n<p><strong>\u00a1No te lo pierdas!<\/strong><br \/>\nCont\u00e1ctanos ahora para descargar nuestro <strong>cat\u00e1logo completo<\/strong> y <strong>lista de precios<\/strong>y perm\u00edtanos ayudarle a impulsar su negocio de autom\u00f3viles en fundici\u00f3n a presi\u00f3n.<\/p>","protected":false},"excerpt":{"rendered":"<p>N.\u00ba de art\u00edculo: To24011<\/p>","protected":false},"featured_media":21962,"template":"","meta":{"_kad_post_transparent":"","_kad_post_title":"","_kad_post_layout":"","_kad_post_sidebar_id":"","_kad_post_content_style":"","_kad_post_vertical_padding":"","_kad_post_feature":"","_kad_post_feature_position":"","_kad_post_header":false,"_kad_post_footer":false},"product_brand":[],"product_cat":[525],"product_tag":[1708],"class_list":{"0":"post-21961","1":"product","2":"type-product","3":"status-publish","4":"has-post-thumbnail","6":"product_cat-car-toys","7":"product_tag-diecast-car","9":"first","10":"instock","11":"shipping-taxable","12":"product-type-simple","13":"entry","14":"content-bg","15":"loop-entry"},"yoast_head":"<!-- This site is optimized with the Yoast SEO plugin v27.3 - https:\/\/yoast.com\/product\/yoast-seo-wordpress\/ -->\n<title>1 18 diecast car - TonySourcing<\/title>\n<meta name=\"description\" content=\"Discover the Ultimate 1:18 Scale Diecast Car Collection \u2013 Direct from the Factory!Looking for high-quality 1:18 scale diecast cars at unbeatable prices?\" \/>\n<meta name=\"robots\" content=\"index, follow, max-snippet:-1, max-image-preview:large, max-video-preview:-1\" \/>\n<link rel=\"canonical\" href=\"https:\/\/tonysourcing.com\/es\/al-por-mayor\/coche-de-fundicion-a-presion-118\/\" \/>\n<meta property=\"og:locale\" content=\"es_ES\" \/>\n<meta property=\"og:type\" content=\"article\" \/>\n<meta property=\"og:title\" content=\"1 18 diecast car - TonySourcing\" \/>\n<meta property=\"og:description\" content=\"Discover the Ultimate 1:18 Scale Diecast Car Collection \u2013 Direct from the Factory!Looking for high-quality 1:18 scale diecast cars at unbeatable prices?\" \/>\n<meta property=\"og:url\" content=\"https:\/\/tonysourcing.com\/es\/al-por-mayor\/coche-de-fundicion-a-presion-118\/\" \/>\n<meta property=\"og:site_name\" content=\"TonySourcing\" \/>\n<meta property=\"article:publisher\" content=\"https:\/\/www.facebook.com\/TonySourcing\" \/>\n<meta property=\"og:image\" content=\"https:\/\/tonysourcing.com\/wp-content\/uploads\/2024\/11\/1-18-diecast-car.jpg\" \/>\n\t<meta property=\"og:image:width\" content=\"800\" \/>\n\t<meta property=\"og:image:height\" content=\"800\" \/>\n\t<meta property=\"og:image:type\" content=\"image\/jpeg\" \/>\n<meta name=\"twitter:card\" content=\"summary_large_image\" \/>\n<meta name=\"twitter:site\" content=\"@TonySourcing\" \/>\n<meta name=\"twitter:label1\" content=\"Tiempo de lectura\" \/>\n\t<meta name=\"twitter:data1\" content=\"2 minutos\" \/>\n<script type=\"application\/ld+json\" class=\"yoast-schema-graph\">{\"@context\":\"https:\\\/\\\/schema.org\",\"@graph\":[{\"@type\":\"WebPage\",\"@id\":\"https:\\\/\\\/tonysourcing.com\\\/wholesale\\\/1-18-diecast-car\\\/\",\"url\":\"https:\\\/\\\/tonysourcing.com\\\/wholesale\\\/1-18-diecast-car\\\/\",\"name\":\"1 18 diecast car - TonySourcing\",\"isPartOf\":{\"@id\":\"https:\\\/\\\/tonysourcing.com\\\/#website\"},\"primaryImageOfPage\":{\"@id\":\"https:\\\/\\\/tonysourcing.com\\\/wholesale\\\/1-18-diecast-car\\\/#primaryimage\"},\"image\":{\"@id\":\"https:\\\/\\\/tonysourcing.com\\\/wholesale\\\/1-18-diecast-car\\\/#primaryimage\"},\"thumbnailUrl\":\"https:\\\/\\\/tonysourcing.com\\\/wp-content\\\/uploads\\\/2024\\\/11\\\/1-18-diecast-car.jpg\",\"datePublished\":\"2024-11-21T09:25:14+00:00\",\"description\":\"Discover the Ultimate 1:18 Scale Diecast Car Collection \u2013 Direct from the Factory!Looking for high-quality 1:18 scale diecast cars at unbeatable prices?\",\"breadcrumb\":{\"@id\":\"https:\\\/\\\/tonysourcing.com\\\/wholesale\\\/1-18-diecast-car\\\/#breadcrumb\"},\"inLanguage\":\"es\",\"potentialAction\":[{\"@type\":\"ReadAction\",\"target\":[\"https:\\\/\\\/tonysourcing.com\\\/wholesale\\\/1-18-diecast-car\\\/\"]}]},{\"@type\":\"ImageObject\",\"inLanguage\":\"es\",\"@id\":\"https:\\\/\\\/tonysourcing.com\\\/wholesale\\\/1-18-diecast-car\\\/#primaryimage\",\"url\":\"https:\\\/\\\/tonysourcing.com\\\/wp-content\\\/uploads\\\/2024\\\/11\\\/1-18-diecast-car.jpg\",\"contentUrl\":\"https:\\\/\\\/tonysourcing.com\\\/wp-content\\\/uploads\\\/2024\\\/11\\\/1-18-diecast-car.jpg\",\"width\":800,\"height\":800,\"caption\":\"1 18 diecast car\"},{\"@type\":\"BreadcrumbList\",\"@id\":\"https:\\\/\\\/tonysourcing.com\\\/wholesale\\\/1-18-diecast-car\\\/#breadcrumb\",\"itemListElement\":[{\"@type\":\"ListItem\",\"position\":1,\"name\":\"Home\",\"item\":\"https:\\\/\\\/tonysourcing.com\\\/\"},{\"@type\":\"ListItem\",\"position\":2,\"name\":\"Wholesale\",\"item\":\"https:\\\/\\\/tonysourcing.com\\\/wholesale\\\/\"},{\"@type\":\"ListItem\",\"position\":3,\"name\":\"1 18 diecast car\"}]},{\"@type\":\"WebSite\",\"@id\":\"https:\\\/\\\/tonysourcing.com\\\/#website\",\"url\":\"https:\\\/\\\/tonysourcing.com\\\/\",\"name\":\"TonySourcing\",\"description\":\"Toys Wholesale Distributor &amp; China Promition Items\",\"publisher\":{\"@id\":\"https:\\\/\\\/tonysourcing.com\\\/#organization\"},\"potentialAction\":[{\"@type\":\"SearchAction\",\"target\":{\"@type\":\"EntryPoint\",\"urlTemplate\":\"https:\\\/\\\/tonysourcing.com\\\/?s={search_term_string}\"},\"query-input\":{\"@type\":\"PropertyValueSpecification\",\"valueRequired\":true,\"valueName\":\"search_term_string\"}}],\"inLanguage\":\"es\"},{\"@type\":\"Organization\",\"@id\":\"https:\\\/\\\/tonysourcing.com\\\/#organization\",\"name\":\"Yiwu Zongge\",\"url\":\"https:\\\/\\\/tonysourcing.com\\\/\",\"logo\":{\"@type\":\"ImageObject\",\"inLanguage\":\"es\",\"@id\":\"https:\\\/\\\/tonysourcing.com\\\/#\\\/schema\\\/logo\\\/image\\\/\",\"url\":\"https:\\\/\\\/tonysourcing.com\\\/wp-content\\\/uploads\\\/2021\\\/07\\\/cropped-TonySourcing-logo-1.png\",\"contentUrl\":\"https:\\\/\\\/tonysourcing.com\\\/wp-content\\\/uploads\\\/2021\\\/07\\\/cropped-TonySourcing-logo-1.png\",\"width\":300,\"height\":92,\"caption\":\"Yiwu Zongge\"},\"image\":{\"@id\":\"https:\\\/\\\/tonysourcing.com\\\/#\\\/schema\\\/logo\\\/image\\\/\"},\"sameAs\":[\"https:\\\/\\\/www.facebook.com\\\/TonySourcing\",\"https:\\\/\\\/x.com\\\/TonySourcing\",\"https:\\\/\\\/www.instagram.com\\\/tony_sourcing\\\/\",\"http:\\\/\\\/www.linkedin.com\\\/in\\\/tonychen88\",\"https:\\\/\\\/www.youtube.com\\\/channel\\\/UCZfST1M-NDoqjQ3dB-Tzszg\"]}]}<\/script>\n<!-- \/ Yoast SEO plugin. -->","yoast_head_json":{"title":"Coche de fundici\u00f3n a presi\u00f3n 1:18 - TonySourcing","description":"Descubra la colecci\u00f3n definitiva de coches en fundici\u00f3n a escala 1:18, \u00a1directamente de f\u00e1brica! \u00bfBusca coches en fundici\u00f3n a escala 1:18 de alta calidad a precios inmejorables?","robots":{"index":"index","follow":"follow","max-snippet":"max-snippet:-1","max-image-preview":"max-image-preview:large","max-video-preview":"max-video-preview:-1"},"canonical":"https:\/\/tonysourcing.com\/es\/al-por-mayor\/coche-de-fundicion-a-presion-118\/","og_locale":"es_ES","og_type":"article","og_title":"1 18 diecast car - TonySourcing","og_description":"Discover the Ultimate 1:18 Scale Diecast Car Collection \u2013 Direct from the Factory!Looking for high-quality 1:18 scale diecast cars at unbeatable prices?","og_url":"https:\/\/tonysourcing.com\/es\/al-por-mayor\/coche-de-fundicion-a-presion-118\/","og_site_name":"TonySourcing","article_publisher":"https:\/\/www.facebook.com\/TonySourcing","og_image":[{"width":800,"height":800,"url":"https:\/\/tonysourcing.com\/wp-content\/uploads\/2024\/11\/1-18-diecast-car.jpg","type":"image\/jpeg"}],"twitter_card":"summary_large_image","twitter_site":"@TonySourcing","twitter_misc":{"Tiempo de lectura":"2 minutos"},"schema":{"@context":"https:\/\/schema.org","@graph":[{"@type":"WebPage","@id":"https:\/\/tonysourcing.com\/wholesale\/1-18-diecast-car\/","url":"https:\/\/tonysourcing.com\/wholesale\/1-18-diecast-car\/","name":"Coche de fundici\u00f3n a presi\u00f3n 1:18 - TonySourcing","isPartOf":{"@id":"https:\/\/tonysourcing.com\/#website"},"primaryImageOfPage":{"@id":"https:\/\/tonysourcing.com\/wholesale\/1-18-diecast-car\/#primaryimage"},"image":{"@id":"https:\/\/tonysourcing.com\/wholesale\/1-18-diecast-car\/#primaryimage"},"thumbnailUrl":"https:\/\/tonysourcing.com\/wp-content\/uploads\/2024\/11\/1-18-diecast-car.jpg","datePublished":"2024-11-21T09:25:14+00:00","description":"Descubra la colecci\u00f3n definitiva de coches en fundici\u00f3n a escala 1:18, \u00a1directamente de f\u00e1brica! \u00bfBusca coches en fundici\u00f3n a escala 1:18 de alta calidad a precios inmejorables?","breadcrumb":{"@id":"https:\/\/tonysourcing.com\/wholesale\/1-18-diecast-car\/#breadcrumb"},"inLanguage":"es","potentialAction":[{"@type":"ReadAction","target":["https:\/\/tonysourcing.com\/wholesale\/1-18-diecast-car\/"]}]},{"@type":"ImageObject","inLanguage":"es","@id":"https:\/\/tonysourcing.com\/wholesale\/1-18-diecast-car\/#primaryimage","url":"https:\/\/tonysourcing.com\/wp-content\/uploads\/2024\/11\/1-18-diecast-car.jpg","contentUrl":"https:\/\/tonysourcing.com\/wp-content\/uploads\/2024\/11\/1-18-diecast-car.jpg","width":800,"height":800,"caption":"1 18 diecast car"},{"@type":"BreadcrumbList","@id":"https:\/\/tonysourcing.com\/wholesale\/1-18-diecast-car\/#breadcrumb","itemListElement":[{"@type":"ListItem","position":1,"name":"Home","item":"https:\/\/tonysourcing.com\/"},{"@type":"ListItem","position":2,"name":"Wholesale","item":"https:\/\/tonysourcing.com\/wholesale\/"},{"@type":"ListItem","position":3,"name":"1 18 diecast car"}]},{"@type":"WebSite","@id":"https:\/\/tonysourcing.com\/#website","url":"https:\/\/tonysourcing.com\/","name":"TonySourcing","description":"Distribuidor mayorista de juguetes y art\u00edculos en promoci\u00f3n en China","publisher":{"@id":"https:\/\/tonysourcing.com\/#organization"},"potentialAction":[{"@type":"SearchAction","target":{"@type":"EntryPoint","urlTemplate":"https:\/\/tonysourcing.com\/?s={search_term_string}"},"query-input":{"@type":"PropertyValueSpecification","valueRequired":true,"valueName":"search_term_string"}}],"inLanguage":"es"},{"@type":"Organization","@id":"https:\/\/tonysourcing.com\/#organization","name":"Yiwu Zongge","url":"https:\/\/tonysourcing.com\/","logo":{"@type":"ImageObject","inLanguage":"es","@id":"https:\/\/tonysourcing.com\/#\/schema\/logo\/image\/","url":"https:\/\/tonysourcing.com\/wp-content\/uploads\/2021\/07\/cropped-TonySourcing-logo-1.png","contentUrl":"https:\/\/tonysourcing.com\/wp-content\/uploads\/2021\/07\/cropped-TonySourcing-logo-1.png","width":300,"height":92,"caption":"Yiwu Zongge"},"image":{"@id":"https:\/\/tonysourcing.com\/#\/schema\/logo\/image\/"},"sameAs":["https:\/\/www.facebook.com\/TonySourcing","https:\/\/x.com\/TonySourcing","https:\/\/www.instagram.com\/tony_sourcing\/","http:\/\/www.linkedin.com\/in\/tonychen88","https:\/\/www.youtube.com\/channel\/UCZfST1M-NDoqjQ3dB-Tzszg"]}]}},"_links":{"self":[{"href":"https:\/\/tonysourcing.com\/es\/wp-json\/wp\/v2\/product\/21961","targetHints":{"allow":["GET"]}}],"collection":[{"href":"https:\/\/tonysourcing.com\/es\/wp-json\/wp\/v2\/product"}],"about":[{"href":"https:\/\/tonysourcing.com\/es\/wp-json\/wp\/v2\/types\/product"}],"version-history":[{"count":1,"href":"https:\/\/tonysourcing.com\/es\/wp-json\/wp\/v2\/product\/21961\/revisions"}],"predecessor-version":[{"id":21967,"href":"https:\/\/tonysourcing.com\/es\/wp-json\/wp\/v2\/product\/21961\/revisions\/21967"}],"wp:featuredmedia":[{"embeddable":true,"href":"https:\/\/tonysourcing.com\/es\/wp-json\/wp\/v2\/media\/21962"}],"wp:attachment":[{"href":"https:\/\/tonysourcing.com\/es\/wp-json\/wp\/v2\/media?parent=21961"}],"wp:term":[{"taxonomy":"product_brand","embeddable":true,"href":"https:\/\/tonysourcing.com\/es\/wp-json\/wp\/v2\/product_brand?post=21961"},{"taxonomy":"product_cat","embeddable":true,"href":"https:\/\/tonysourcing.com\/es\/wp-json\/wp\/v2\/product_cat?post=21961"},{"taxonomy":"product_tag","embeddable":true,"href":"https:\/\/tonysourcing.com\/es\/wp-json\/wp\/v2\/product_tag?post=21961"}],"curies":[{"name":"gracias","href":"https:\/\/api.w.org\/{rel}","templated":true}]}}