{"id":23840,"date":"2025-03-08T08:47:38","date_gmt":"2025-03-08T08:47:38","guid":{"rendered":"https:\/\/tonysourcing.com\/?post_type=product&#038;p=23840"},"modified":"2025-06-12T08:07:45","modified_gmt":"2025-06-12T08:07:45","slug":"custom-paper-gift-bag","status":"publish","type":"product","link":"https:\/\/tonysourcing.com\/es\/wholesale\/custom-paper-gift-bag\/","title":{"rendered":"Bolsa de regalo de papel personalizada"},"content":{"rendered":"<p data-sourcepos=\"3:1-3:261\">Somos su ventanilla \u00fanica para todas sus necesidades <strong>productos promocionales personalizados<\/strong> necesidades. Con acceso a m\u00e1s de 1000 fabricantes en toda China, ofrecemos una amplia selecci\u00f3n de <strong>mercanc\u00eda promocional barata<\/strong> y <strong>regalos personalizados al por mayor<\/strong> Para adaptarse a todos los presupuestos y marcas.<\/p>\n<ul data-sourcepos=\"5:1-8:0\">\n<li data-sourcepos=\"5:1-5:178\"><strong>Para importadores:<\/strong> Brindamos soporte integral, que incluye gu\u00edas de visita al mercado, seguimiento de pedidos, procesamiento de pagos seguro, control de calidad riguroso y env\u00edos sin problemas.<\/li>\n<li data-sourcepos=\"6:1-6:178\"><strong>Para mayoristas\/minoristas:<\/strong> Nuestro equipo de desarrollo selecciona meticulosamente m\u00e1s de 10 millones de art\u00edculos y selecciona los 5000 productos m\u00e1s vendidos para incluirlos en nuestro cat\u00e1logo exclusivo.<\/li>\n<li data-sourcepos=\"7:1-8:0\"><strong>Para vendedores de Amazon y negocios en l\u00ednea:<\/strong> Nos especializamos en <strong>abastecimiento de productos<\/strong>, conect\u00e1ndole con los fabricantes adecuados, ofreci\u00e9ndole valiosos consejos y negociando los mejores precios.<\/li>\n<\/ul>\n<p data-sourcepos=\"9:1-9:164\"><strong>Descubre art\u00edculos promocionales \u00fanicos, explora ideas de regalos promocionales econ\u00f3micos y encuentra los productos perfectos para realzar tu marca. Cont\u00e1ctanos hoy para una consulta gratuita.<\/strong><\/p>\n<p><img fetchpriority=\"high\" decoding=\"async\" class=\"aligncenter wp-image-22618 size-full\" src=\"https:\/\/tonysourcing.com\/wp-content\/uploads\/2025\/01\/promotional-banner-1.jpg\" alt=\"pancarta promocional (1)\" width=\"1200\" height=\"960\" srcset=\"https:\/\/tonysourcing.com\/wp-content\/uploads\/2025\/01\/promotional-banner-1.jpg 1200w, https:\/\/tonysourcing.com\/wp-content\/uploads\/2025\/01\/promotional-banner-1-300x240.jpg 300w, https:\/\/tonysourcing.com\/wp-content\/uploads\/2025\/01\/promotional-banner-1-800x640.jpg 800w, https:\/\/tonysourcing.com\/wp-content\/uploads\/2025\/01\/promotional-banner-1-768x614.jpg 768w, https:\/\/tonysourcing.com\/wp-content\/uploads\/2025\/01\/promotional-banner-1-600x480.jpg 600w\" sizes=\"(max-width: 1200px) 100vw, 1200px\" \/><\/p>","protected":false},"excerpt":{"rendered":"<p>N.\u00ba de art\u00edculo: JA20250308L<\/p>","protected":false},"featured_media":23841,"template":"","meta":{"_kad_post_transparent":"","_kad_post_title":"","_kad_post_layout":"","_kad_post_sidebar_id":"","_kad_post_content_style":"","_kad_post_vertical_padding":"","_kad_post_feature":"","_kad_post_feature_position":"","_kad_post_header":false,"_kad_post_footer":false},"product_brand":[],"product_cat":[1729],"product_tag":[],"class_list":{"0":"post-23840","1":"product","2":"type-product","3":"status-publish","4":"has-post-thumbnail","6":"product_cat-custom-paper-bags","8":"first","9":"instock","10":"shipping-taxable","11":"product-type-simple","12":"entry","13":"content-bg","14":"loop-entry"},"yoast_head":"<!-- This site is optimized with the Yoast SEO plugin v27.3 - https:\/\/yoast.com\/product\/yoast-seo-wordpress\/ -->\n<title>Custom Paper Gift Bag - Import Wholesale Directly From Manufacturer<\/title>\n<meta name=\"description\" content=\"Import Custom Paper Gift Bag from China Manufacturer, Good Product and Good Price, Contact TonySourcing for catalog today\" \/>\n<meta name=\"robots\" content=\"index, follow, max-snippet:-1, max-image-preview:large, max-video-preview:-1\" \/>\n<link rel=\"canonical\" href=\"https:\/\/tonysourcing.com\/es\/al-por-mayor\/custom-paper-gift-bag\/\" \/>\n<meta property=\"og:locale\" content=\"es_ES\" \/>\n<meta property=\"og:type\" content=\"article\" \/>\n<meta property=\"og:title\" content=\"Custom Paper Gift Bag - Import Wholesale Directly From Manufacturer\" \/>\n<meta property=\"og:description\" content=\"Import Custom Paper Gift Bag from China Manufacturer, Good Product and Good Price, Contact TonySourcing for catalog today\" \/>\n<meta property=\"og:url\" content=\"https:\/\/tonysourcing.com\/es\/al-por-mayor\/custom-paper-gift-bag\/\" \/>\n<meta property=\"og:site_name\" content=\"TonySourcing\" \/>\n<meta property=\"article:publisher\" content=\"https:\/\/www.facebook.com\/TonySourcing\" \/>\n<meta property=\"article:modified_time\" content=\"2025-06-12T08:07:45+00:00\" \/>\n<meta property=\"og:image\" content=\"https:\/\/tonysourcing.com\/wp-content\/uploads\/2025\/03\/paper-gift-bag.jpg\" \/>\n\t<meta property=\"og:image:width\" content=\"600\" \/>\n\t<meta property=\"og:image:height\" content=\"600\" \/>\n\t<meta property=\"og:image:type\" content=\"image\/jpeg\" \/>\n<meta name=\"twitter:card\" content=\"summary_large_image\" \/>\n<meta name=\"twitter:site\" content=\"@TonySourcing\" \/>\n<meta name=\"twitter:label1\" content=\"Tiempo de lectura\" \/>\n\t<meta name=\"twitter:data1\" content=\"1 minuto\" \/>\n<script type=\"application\/ld+json\" class=\"yoast-schema-graph\">{\"@context\":\"https:\\\/\\\/schema.org\",\"@graph\":[{\"@type\":\"WebPage\",\"@id\":\"https:\\\/\\\/tonysourcing.com\\\/wholesale\\\/custom-paper-gift-bag\\\/\",\"url\":\"https:\\\/\\\/tonysourcing.com\\\/wholesale\\\/custom-paper-gift-bag\\\/\",\"name\":\"Custom Paper Gift Bag - Import Wholesale Directly From Manufacturer\",\"isPartOf\":{\"@id\":\"https:\\\/\\\/tonysourcing.com\\\/#website\"},\"primaryImageOfPage\":{\"@id\":\"https:\\\/\\\/tonysourcing.com\\\/wholesale\\\/custom-paper-gift-bag\\\/#primaryimage\"},\"image\":{\"@id\":\"https:\\\/\\\/tonysourcing.com\\\/wholesale\\\/custom-paper-gift-bag\\\/#primaryimage\"},\"thumbnailUrl\":\"https:\\\/\\\/tonysourcing.com\\\/wp-content\\\/uploads\\\/2025\\\/03\\\/paper-gift-bag.jpg\",\"datePublished\":\"2025-03-08T08:47:38+00:00\",\"dateModified\":\"2025-06-12T08:07:45+00:00\",\"description\":\"Import Custom Paper Gift Bag from China Manufacturer, Good Product and Good Price, Contact TonySourcing for catalog today\",\"breadcrumb\":{\"@id\":\"https:\\\/\\\/tonysourcing.com\\\/wholesale\\\/custom-paper-gift-bag\\\/#breadcrumb\"},\"inLanguage\":\"es\",\"potentialAction\":[{\"@type\":\"ReadAction\",\"target\":[\"https:\\\/\\\/tonysourcing.com\\\/wholesale\\\/custom-paper-gift-bag\\\/\"]}]},{\"@type\":\"ImageObject\",\"inLanguage\":\"es\",\"@id\":\"https:\\\/\\\/tonysourcing.com\\\/wholesale\\\/custom-paper-gift-bag\\\/#primaryimage\",\"url\":\"https:\\\/\\\/tonysourcing.com\\\/wp-content\\\/uploads\\\/2025\\\/03\\\/paper-gift-bag.jpg\",\"contentUrl\":\"https:\\\/\\\/tonysourcing.com\\\/wp-content\\\/uploads\\\/2025\\\/03\\\/paper-gift-bag.jpg\",\"width\":600,\"height\":600,\"caption\":\"paper gift bag\"},{\"@type\":\"BreadcrumbList\",\"@id\":\"https:\\\/\\\/tonysourcing.com\\\/wholesale\\\/custom-paper-gift-bag\\\/#breadcrumb\",\"itemListElement\":[{\"@type\":\"ListItem\",\"position\":1,\"name\":\"Home\",\"item\":\"https:\\\/\\\/tonysourcing.com\\\/\"},{\"@type\":\"ListItem\",\"position\":2,\"name\":\"Wholesale\",\"item\":\"https:\\\/\\\/tonysourcing.com\\\/wholesale\\\/\"},{\"@type\":\"ListItem\",\"position\":3,\"name\":\"Custom Paper Gift Bag\"}]},{\"@type\":\"WebSite\",\"@id\":\"https:\\\/\\\/tonysourcing.com\\\/#website\",\"url\":\"https:\\\/\\\/tonysourcing.com\\\/\",\"name\":\"TonySourcing\",\"description\":\"Toys Wholesale Distributor &amp; China Promition Items\",\"publisher\":{\"@id\":\"https:\\\/\\\/tonysourcing.com\\\/#organization\"},\"potentialAction\":[{\"@type\":\"SearchAction\",\"target\":{\"@type\":\"EntryPoint\",\"urlTemplate\":\"https:\\\/\\\/tonysourcing.com\\\/?s={search_term_string}\"},\"query-input\":{\"@type\":\"PropertyValueSpecification\",\"valueRequired\":true,\"valueName\":\"search_term_string\"}}],\"inLanguage\":\"es\"},{\"@type\":\"Organization\",\"@id\":\"https:\\\/\\\/tonysourcing.com\\\/#organization\",\"name\":\"Yiwu Zongge\",\"url\":\"https:\\\/\\\/tonysourcing.com\\\/\",\"logo\":{\"@type\":\"ImageObject\",\"inLanguage\":\"es\",\"@id\":\"https:\\\/\\\/tonysourcing.com\\\/#\\\/schema\\\/logo\\\/image\\\/\",\"url\":\"https:\\\/\\\/tonysourcing.com\\\/wp-content\\\/uploads\\\/2021\\\/07\\\/cropped-TonySourcing-logo-1.png\",\"contentUrl\":\"https:\\\/\\\/tonysourcing.com\\\/wp-content\\\/uploads\\\/2021\\\/07\\\/cropped-TonySourcing-logo-1.png\",\"width\":300,\"height\":92,\"caption\":\"Yiwu Zongge\"},\"image\":{\"@id\":\"https:\\\/\\\/tonysourcing.com\\\/#\\\/schema\\\/logo\\\/image\\\/\"},\"sameAs\":[\"https:\\\/\\\/www.facebook.com\\\/TonySourcing\",\"https:\\\/\\\/x.com\\\/TonySourcing\",\"https:\\\/\\\/www.instagram.com\\\/tony_sourcing\\\/\",\"http:\\\/\\\/www.linkedin.com\\\/in\\\/tonychen88\",\"https:\\\/\\\/www.youtube.com\\\/channel\\\/UCZfST1M-NDoqjQ3dB-Tzszg\"]}]}<\/script>\n<!-- \/ Yoast SEO plugin. -->","yoast_head_json":{"title":"Custom Paper Gift Bag - Import Wholesale Directly From Manufacturer","description":"Import Custom Paper Gift Bag from China Manufacturer, Good Product and Good Price, Contact TonySourcing for catalog today","robots":{"index":"index","follow":"follow","max-snippet":"max-snippet:-1","max-image-preview":"max-image-preview:large","max-video-preview":"max-video-preview:-1"},"canonical":"https:\/\/tonysourcing.com\/es\/al-por-mayor\/custom-paper-gift-bag\/","og_locale":"es_ES","og_type":"article","og_title":"Custom Paper Gift Bag - Import Wholesale Directly From Manufacturer","og_description":"Import Custom Paper Gift Bag from China Manufacturer, Good Product and Good Price, Contact TonySourcing for catalog today","og_url":"https:\/\/tonysourcing.com\/es\/al-por-mayor\/custom-paper-gift-bag\/","og_site_name":"TonySourcing","article_publisher":"https:\/\/www.facebook.com\/TonySourcing","article_modified_time":"2025-06-12T08:07:45+00:00","og_image":[{"width":600,"height":600,"url":"https:\/\/tonysourcing.com\/wp-content\/uploads\/2025\/03\/paper-gift-bag.jpg","type":"image\/jpeg"}],"twitter_card":"summary_large_image","twitter_site":"@TonySourcing","twitter_misc":{"Tiempo de lectura":"1 minuto"},"schema":{"@context":"https:\/\/schema.org","@graph":[{"@type":"WebPage","@id":"https:\/\/tonysourcing.com\/wholesale\/custom-paper-gift-bag\/","url":"https:\/\/tonysourcing.com\/wholesale\/custom-paper-gift-bag\/","name":"Custom Paper Gift Bag - Import Wholesale Directly From Manufacturer","isPartOf":{"@id":"https:\/\/tonysourcing.com\/#website"},"primaryImageOfPage":{"@id":"https:\/\/tonysourcing.com\/wholesale\/custom-paper-gift-bag\/#primaryimage"},"image":{"@id":"https:\/\/tonysourcing.com\/wholesale\/custom-paper-gift-bag\/#primaryimage"},"thumbnailUrl":"https:\/\/tonysourcing.com\/wp-content\/uploads\/2025\/03\/paper-gift-bag.jpg","datePublished":"2025-03-08T08:47:38+00:00","dateModified":"2025-06-12T08:07:45+00:00","description":"Import Custom Paper Gift Bag from China Manufacturer, Good Product and Good Price, Contact TonySourcing for catalog today","breadcrumb":{"@id":"https:\/\/tonysourcing.com\/wholesale\/custom-paper-gift-bag\/#breadcrumb"},"inLanguage":"es","potentialAction":[{"@type":"ReadAction","target":["https:\/\/tonysourcing.com\/wholesale\/custom-paper-gift-bag\/"]}]},{"@type":"ImageObject","inLanguage":"es","@id":"https:\/\/tonysourcing.com\/wholesale\/custom-paper-gift-bag\/#primaryimage","url":"https:\/\/tonysourcing.com\/wp-content\/uploads\/2025\/03\/paper-gift-bag.jpg","contentUrl":"https:\/\/tonysourcing.com\/wp-content\/uploads\/2025\/03\/paper-gift-bag.jpg","width":600,"height":600,"caption":"paper gift bag"},{"@type":"BreadcrumbList","@id":"https:\/\/tonysourcing.com\/wholesale\/custom-paper-gift-bag\/#breadcrumb","itemListElement":[{"@type":"ListItem","position":1,"name":"Home","item":"https:\/\/tonysourcing.com\/"},{"@type":"ListItem","position":2,"name":"Wholesale","item":"https:\/\/tonysourcing.com\/wholesale\/"},{"@type":"ListItem","position":3,"name":"Custom Paper Gift Bag"}]},{"@type":"WebSite","@id":"https:\/\/tonysourcing.com\/#website","url":"https:\/\/tonysourcing.com\/","name":"TonySourcing","description":"Distribuidor mayorista de juguetes y art\u00edculos en promoci\u00f3n en China","publisher":{"@id":"https:\/\/tonysourcing.com\/#organization"},"potentialAction":[{"@type":"SearchAction","target":{"@type":"EntryPoint","urlTemplate":"https:\/\/tonysourcing.com\/?s={search_term_string}"},"query-input":{"@type":"PropertyValueSpecification","valueRequired":true,"valueName":"search_term_string"}}],"inLanguage":"es"},{"@type":"Organization","@id":"https:\/\/tonysourcing.com\/#organization","name":"Yiwu Zongge","url":"https:\/\/tonysourcing.com\/","logo":{"@type":"ImageObject","inLanguage":"es","@id":"https:\/\/tonysourcing.com\/#\/schema\/logo\/image\/","url":"https:\/\/tonysourcing.com\/wp-content\/uploads\/2021\/07\/cropped-TonySourcing-logo-1.png","contentUrl":"https:\/\/tonysourcing.com\/wp-content\/uploads\/2021\/07\/cropped-TonySourcing-logo-1.png","width":300,"height":92,"caption":"Yiwu Zongge"},"image":{"@id":"https:\/\/tonysourcing.com\/#\/schema\/logo\/image\/"},"sameAs":["https:\/\/www.facebook.com\/TonySourcing","https:\/\/x.com\/TonySourcing","https:\/\/www.instagram.com\/tony_sourcing\/","http:\/\/www.linkedin.com\/in\/tonychen88","https:\/\/www.youtube.com\/channel\/UCZfST1M-NDoqjQ3dB-Tzszg"]}]}},"_links":{"self":[{"href":"https:\/\/tonysourcing.com\/es\/wp-json\/wp\/v2\/product\/23840","targetHints":{"allow":["GET"]}}],"collection":[{"href":"https:\/\/tonysourcing.com\/es\/wp-json\/wp\/v2\/product"}],"about":[{"href":"https:\/\/tonysourcing.com\/es\/wp-json\/wp\/v2\/types\/product"}],"version-history":[{"count":1,"href":"https:\/\/tonysourcing.com\/es\/wp-json\/wp\/v2\/product\/23840\/revisions"}],"predecessor-version":[{"id":23843,"href":"https:\/\/tonysourcing.com\/es\/wp-json\/wp\/v2\/product\/23840\/revisions\/23843"}],"wp:featuredmedia":[{"embeddable":true,"href":"https:\/\/tonysourcing.com\/es\/wp-json\/wp\/v2\/media\/23841"}],"wp:attachment":[{"href":"https:\/\/tonysourcing.com\/es\/wp-json\/wp\/v2\/media?parent=23840"}],"wp:term":[{"taxonomy":"product_brand","embeddable":true,"href":"https:\/\/tonysourcing.com\/es\/wp-json\/wp\/v2\/product_brand?post=23840"},{"taxonomy":"product_cat","embeddable":true,"href":"https:\/\/tonysourcing.com\/es\/wp-json\/wp\/v2\/product_cat?post=23840"},{"taxonomy":"product_tag","embeddable":true,"href":"https:\/\/tonysourcing.com\/es\/wp-json\/wp\/v2\/product_tag?post=23840"}],"curies":[{"name":"gracias","href":"https:\/\/api.w.org\/{rel}","templated":true}]}}