{"id":25165,"date":"2025-05-27T03:59:07","date_gmt":"2025-05-27T03:59:07","guid":{"rendered":"https:\/\/tonysourcing.com\/?post_type=product&#038;p=25165"},"modified":"2025-06-05T08:32:36","modified_gmt":"2025-06-05T08:32:36","slug":"kits-de-aprendizaje","status":"publish","type":"product","link":"https:\/\/tonysourcing.com\/es\/wholesale\/learning-kits\/","title":{"rendered":"Kits de aprendizaje"},"content":{"rendered":"<h3 data-start=\"190\" data-end=\"275\"><strong data-start=\"197\" data-end=\"275\">Kits de aprendizaje: Juego de emparejamiento de cuentas con operaciones cognitivas num\u00e9ricas (a partir de 36 meses)<\/strong><\/h3>\n<p data-start=\"277\" data-end=\"319\">\u2728 <strong data-start=\"279\" data-end=\"317\">Juego inteligente para mentes brillantes<\/strong><\/p>\n<p data-start=\"321\" data-end=\"652\">Buscando <strong data-start=\"333\" data-end=\"363\">kits de aprendizaje para ni\u00f1os peque\u00f1os<\/strong> \u00bfQue combinan la diversi\u00f3n con el desarrollo de habilidades fundamentales?<br data-start=\"414\" data-end=\"417\" \/>Este <strong data-start=\"422\" data-end=\"471\">Juego de emparejamiento de cuentas con operaciones cognitivas num\u00e9ricas<\/strong> Es un juguete educativo creativo y pr\u00e1ctico dise\u00f1ado para ense\u00f1ar n\u00fameros, reconocimiento de cantidades y operaciones matem\u00e1ticas tempranas, todo ello mientras se desarrollan las habilidades motoras finas y la coordinaci\u00f3n mano-ojo.<\/p>\n<hr data-start=\"654\" data-end=\"657\" \/>\n<p data-start=\"659\" data-end=\"690\"><strong data-start=\"662\" data-end=\"688\">\u00bfQu\u00e9 hay dentro de la caja?<\/strong><\/p>\n<ul data-start=\"691\" data-end=\"1179\">\n<li data-start=\"691\" data-end=\"838\">\n<p data-start=\"693\" data-end=\"838\"><strong data-start=\"696\" data-end=\"719\">Tarjetas de n\u00fameros y palabras<\/strong>: Tarjetas etiquetadas con n\u00fameros del 1 al 10 y palabras en ingl\u00e9s correspondientes (por ejemplo, \u201cUNO\u201d, \u201cDOS\u201d), con agujeros perforados para contar<\/p>\n<\/li>\n<li data-start=\"839\" data-end=\"923\">\n<p data-start=\"841\" data-end=\"923\"><strong data-start=\"844\" data-end=\"862\">Cuentas de colores<\/strong>:Haz coincidir el n\u00famero correcto de cuentas con los agujeros de cada tarjeta.<\/p>\n<\/li>\n<li data-start=\"924\" data-end=\"1031\">\n<p data-start=\"926\" data-end=\"1031\"><strong data-start=\"929\" data-end=\"938\">Herramientas<\/strong>:Incluye pinzas seguras para ni\u00f1os, mini cuchara de madera y palillos para practicar la recolecci\u00f3n de cuentas.<\/p>\n<\/li>\n<li data-start=\"1032\" data-end=\"1107\">\n<p data-start=\"1034\" data-end=\"1107\"><strong data-start=\"1037\" data-end=\"1059\">Bloques de s\u00edmbolos matem\u00e1ticos<\/strong>:Se\u00f1ales de madera + y \u2212 para conceptos matem\u00e1ticos tempranos<\/p>\n<\/li>\n<li data-start=\"1108\" data-end=\"1179\">\n<p data-start=\"1110\" data-end=\"1179\"><strong data-start=\"1113\" data-end=\"1127\">Mini Bowls<\/strong>:Contenedores coloridos para almacenar y clasificar cuentas.<\/p>\n<\/li>\n<\/ul>\n<hr data-start=\"1181\" data-end=\"1184\" \/>\n<p data-start=\"1186\" data-end=\"1218\"><strong data-start=\"1189\" data-end=\"1216\">Beneficios para el desarrollo:<\/strong><\/p>\n<ul data-start=\"1219\" data-end=\"1456\">\n<li data-start=\"1219\" data-end=\"1276\">\n<p data-start=\"1221\" data-end=\"1276\">Mejora <strong data-start=\"1230\" data-end=\"1252\">reconocimiento de n\u00fameros<\/strong> y la igualaci\u00f3n de cantidades<\/p>\n<\/li>\n<li data-start=\"1277\" data-end=\"1337\">\n<p data-start=\"1279\" data-end=\"1337\">Construcciones <strong data-start=\"1286\" data-end=\"1307\">habilidades motoras finas<\/strong> y destreza en el manejo de herramientas<\/p>\n<\/li>\n<li data-start=\"1338\" data-end=\"1396\">\n<p data-start=\"1340\" data-end=\"1396\">Presenta <strong data-start=\"1351\" data-end=\"1376\">operaciones matem\u00e1ticas b\u00e1sicas<\/strong> utilizando ayudas visuales<\/p>\n<\/li>\n<li data-start=\"1397\" data-end=\"1456\">\n<p data-start=\"1399\" data-end=\"1456\">Soportes <strong data-start=\"1408\" data-end=\"1428\">juego independiente<\/strong> y rutinas de aprendizaje temprano<\/p>\n<\/li>\n<\/ul>\n<hr data-start=\"1458\" data-end=\"1461\" \/>\n<p data-start=\"1463\" data-end=\"1484\"><strong data-start=\"1466\" data-end=\"1482\">Perfecto para:<\/strong><\/p>\n<ul data-start=\"1485\" data-end=\"1745\">\n<li data-start=\"1485\" data-end=\"1540\">\n<p data-start=\"1487\" data-end=\"1540\"><strong data-start=\"1487\" data-end=\"1514\">Kits de aprendizaje preescolar<\/strong> y aulas Montessori<\/p>\n<\/li>\n<li data-start=\"1541\" data-end=\"1595\">\n<p data-start=\"1543\" data-end=\"1595\">Padres que buscan <strong data-start=\"1559\" data-end=\"1585\">kits de aprendizaje para ni\u00f1os<\/strong> mayores de 3 a\u00f1os<\/p>\n<\/li>\n<li data-start=\"1596\" data-end=\"1663\">\n<p data-start=\"1598\" data-end=\"1663\">Marcas educativas que buscan juguetes de aprendizaje temprano de alta calidad<\/p>\n<\/li>\n<li data-start=\"1664\" data-end=\"1745\">\n<p data-start=\"1666\" data-end=\"1745\">Abastecimiento de minoristas y mayoristas <strong data-start=\"1701\" data-end=\"1723\">Kits de aprendizaje STEM<\/strong> con valor l\u00fadico a\u00f1adido<\/p>\n<\/li>\n<\/ul>\n<hr data-start=\"1747\" data-end=\"1750\" \/>\n<p data-start=\"1752\" data-end=\"1804\"><strong data-start=\"1755\" data-end=\"1802\">Por qu\u00e9 a los distribuidores y educadores les encanta este kit:<\/strong><\/p>\n<ul data-start=\"1805\" data-end=\"2017\">\n<li data-start=\"1805\" data-end=\"1854\">\n<p data-start=\"1807\" data-end=\"1854\">\u2705 Adecuado para ni\u00f1os peque\u00f1os de 36 meses en adelante.<\/p>\n<\/li>\n<li data-start=\"1855\" data-end=\"1907\">\n<p data-start=\"1857\" data-end=\"1907\">\u2705 Materiales seguros y ecol\u00f3gicos con bordes lisos.<\/p>\n<\/li>\n<li data-start=\"1908\" data-end=\"1970\">\n<p data-start=\"1910\" data-end=\"1970\">\u2705 Gran valor para <strong data-start=\"1928\" data-end=\"1961\">kits de aprendizaje para ni\u00f1os de 2 a\u00f1os<\/strong> y arriba<\/p>\n<\/li>\n<li data-start=\"1971\" data-end=\"2017\">\n<p data-start=\"1973\" data-end=\"2017\">\u2705 Pedidos al por mayor y marca personalizada disponibles<\/p>\n<\/li>\n<\/ul>\n<hr data-start=\"2019\" data-end=\"2022\" \/>\n<p data-start=\"2024\" data-end=\"2063\">Tambi\u00e9n encaja en l\u00edneas de productos como:<\/p>\n<ul data-start=\"2064\" data-end=\"2265\">\n<li data-start=\"2064\" data-end=\"2096\">\n<p data-start=\"2066\" data-end=\"2096\"><strong data-start=\"2069\" data-end=\"2094\">Aprendiendo a dibujar kits<\/strong><\/p>\n<\/li>\n<li data-start=\"2097\" data-end=\"2132\">\n<p data-start=\"2099\" data-end=\"2132\"><strong data-start=\"2102\" data-end=\"2130\">Kits para aprender a tejer a crochet<\/strong><\/p>\n<\/li>\n<li data-start=\"2133\" data-end=\"2164\">\n<p data-start=\"2135\" data-end=\"2164\"><strong data-start=\"2138\" data-end=\"2162\">Kits para aprender a coser<\/strong><\/p>\n<\/li>\n<li data-start=\"2165\" data-end=\"2224\">\n<p data-start=\"2167\" data-end=\"2224\"><strong data-start=\"2170\" data-end=\"2222\">Kits de aprendizaje electr\u00f3nico y kits de aprendizaje rob\u00f3tico<\/strong><\/p>\n<\/li>\n<li data-start=\"2225\" data-end=\"2265\">\n<p data-start=\"2227\" data-end=\"2265\"><strong data-start=\"2230\" data-end=\"2265\">Kits de recursos cient\u00edficos para el aprendizaje<\/strong><\/p>\n<\/li>\n<\/ul>","protected":false},"excerpt":{"rendered":"<p>N.\u00ba de art\u00edculo: LD-T5007<\/p>\n<p>Precio al por mayor: 3-10$\/Unidad<\/p>\n<p>Precio de venta sugerido por el fabricante: 39$<\/p>","protected":false},"featured_media":25166,"template":"","meta":{"_kad_post_transparent":"","_kad_post_title":"","_kad_post_layout":"","_kad_post_sidebar_id":"","_kad_post_content_style":"","_kad_post_vertical_padding":"","_kad_post_feature":"","_kad_post_feature_position":"","_kad_post_header":false,"_kad_post_footer":false},"product_brand":[],"product_cat":[506],"product_tag":[],"class_list":{"0":"post-25165","1":"product","2":"type-product","3":"status-publish","4":"has-post-thumbnail","6":"product_cat-wholesale-educational-toys","8":"first","9":"instock","10":"featured","11":"shipping-taxable","12":"product-type-simple","13":"entry","14":"content-bg","15":"loop-entry"},"yoast_head":"<!-- This site is optimized with the Yoast SEO plugin v27.4 - https:\/\/yoast.com\/product\/yoast-seo-wordpress\/ -->\n<title>Learning Kits - Import Toys Wholesale Directly From Manufacturer<\/title>\n<meta name=\"description\" content=\"Import Learning Kits from China Manufacturer, Good Product and Good Price, Contact TonySourcing for Catalog today. Welcome to our shop.\" \/>\n<meta name=\"robots\" content=\"index, follow, max-snippet:-1, max-image-preview:large, max-video-preview:-1\" \/>\n<link rel=\"canonical\" href=\"https:\/\/tonysourcing.com\/es\/al-por-mayor\/kits-de-aprendizaje\/\" \/>\n<meta property=\"og:locale\" content=\"es_ES\" \/>\n<meta property=\"og:type\" content=\"article\" \/>\n<meta property=\"og:title\" content=\"Learning Kits - Import Toys Wholesale Directly From Manufacturer\" \/>\n<meta property=\"og:description\" content=\"Import Learning Kits from China Manufacturer, Good Product and Good Price, Contact TonySourcing for Catalog today. Welcome to our shop.\" \/>\n<meta property=\"og:url\" content=\"https:\/\/tonysourcing.com\/es\/al-por-mayor\/kits-de-aprendizaje\/\" \/>\n<meta property=\"og:site_name\" content=\"TonySourcing\" \/>\n<meta property=\"article:publisher\" content=\"https:\/\/www.facebook.com\/TonySourcing\" \/>\n<meta property=\"article:modified_time\" content=\"2025-06-05T08:32:36+00:00\" \/>\n<meta property=\"og:image\" content=\"https:\/\/tonysourcing.com\/wp-content\/uploads\/2025\/05\/learning-kits.jpg\" \/>\n\t<meta property=\"og:image:width\" content=\"800\" \/>\n\t<meta property=\"og:image:height\" content=\"800\" \/>\n\t<meta property=\"og:image:type\" content=\"image\/jpeg\" \/>\n<meta name=\"twitter:card\" content=\"summary_large_image\" \/>\n<meta name=\"twitter:site\" content=\"@TonySourcing\" \/>\n<meta name=\"twitter:label1\" content=\"Tiempo de lectura\" \/>\n\t<meta name=\"twitter:data1\" content=\"2 minutos\" \/>\n<script type=\"application\/ld+json\" class=\"yoast-schema-graph\">{\"@context\":\"https:\\\/\\\/schema.org\",\"@graph\":[{\"@type\":\"WebPage\",\"@id\":\"https:\\\/\\\/tonysourcing.com\\\/wholesale\\\/learning-kits\\\/\",\"url\":\"https:\\\/\\\/tonysourcing.com\\\/wholesale\\\/learning-kits\\\/\",\"name\":\"Learning Kits - Import Toys Wholesale Directly From Manufacturer\",\"isPartOf\":{\"@id\":\"https:\\\/\\\/tonysourcing.com\\\/#website\"},\"primaryImageOfPage\":{\"@id\":\"https:\\\/\\\/tonysourcing.com\\\/wholesale\\\/learning-kits\\\/#primaryimage\"},\"image\":{\"@id\":\"https:\\\/\\\/tonysourcing.com\\\/wholesale\\\/learning-kits\\\/#primaryimage\"},\"thumbnailUrl\":\"https:\\\/\\\/tonysourcing.com\\\/wp-content\\\/uploads\\\/2025\\\/05\\\/learning-kits.jpg\",\"datePublished\":\"2025-05-27T03:59:07+00:00\",\"dateModified\":\"2025-06-05T08:32:36+00:00\",\"description\":\"Import Learning Kits from China Manufacturer, Good Product and Good Price, Contact TonySourcing for Catalog today. Welcome to our shop.\",\"breadcrumb\":{\"@id\":\"https:\\\/\\\/tonysourcing.com\\\/wholesale\\\/learning-kits\\\/#breadcrumb\"},\"inLanguage\":\"es\",\"potentialAction\":[{\"@type\":\"ReadAction\",\"target\":[\"https:\\\/\\\/tonysourcing.com\\\/wholesale\\\/learning-kits\\\/\"]}]},{\"@type\":\"ImageObject\",\"inLanguage\":\"es\",\"@id\":\"https:\\\/\\\/tonysourcing.com\\\/wholesale\\\/learning-kits\\\/#primaryimage\",\"url\":\"https:\\\/\\\/tonysourcing.com\\\/wp-content\\\/uploads\\\/2025\\\/05\\\/learning-kits.jpg\",\"contentUrl\":\"https:\\\/\\\/tonysourcing.com\\\/wp-content\\\/uploads\\\/2025\\\/05\\\/learning-kits.jpg\",\"width\":800,\"height\":800,\"caption\":\"Learning Kits\"},{\"@type\":\"BreadcrumbList\",\"@id\":\"https:\\\/\\\/tonysourcing.com\\\/wholesale\\\/learning-kits\\\/#breadcrumb\",\"itemListElement\":[{\"@type\":\"ListItem\",\"position\":1,\"name\":\"Home\",\"item\":\"https:\\\/\\\/tonysourcing.com\\\/\"},{\"@type\":\"ListItem\",\"position\":2,\"name\":\"Wholesale\",\"item\":\"https:\\\/\\\/tonysourcing.com\\\/wholesale\\\/\"},{\"@type\":\"ListItem\",\"position\":3,\"name\":\"Learning Kits\"}]},{\"@type\":\"WebSite\",\"@id\":\"https:\\\/\\\/tonysourcing.com\\\/#website\",\"url\":\"https:\\\/\\\/tonysourcing.com\\\/\",\"name\":\"TonySourcing\",\"description\":\"Toys Wholesale Distributor &amp; China Promition Items\",\"publisher\":{\"@id\":\"https:\\\/\\\/tonysourcing.com\\\/#organization\"},\"potentialAction\":[{\"@type\":\"SearchAction\",\"target\":{\"@type\":\"EntryPoint\",\"urlTemplate\":\"https:\\\/\\\/tonysourcing.com\\\/?s={search_term_string}\"},\"query-input\":{\"@type\":\"PropertyValueSpecification\",\"valueRequired\":true,\"valueName\":\"search_term_string\"}}],\"inLanguage\":\"es\"},{\"@type\":\"Organization\",\"@id\":\"https:\\\/\\\/tonysourcing.com\\\/#organization\",\"name\":\"Yiwu Zongge\",\"url\":\"https:\\\/\\\/tonysourcing.com\\\/\",\"logo\":{\"@type\":\"ImageObject\",\"inLanguage\":\"es\",\"@id\":\"https:\\\/\\\/tonysourcing.com\\\/#\\\/schema\\\/logo\\\/image\\\/\",\"url\":\"https:\\\/\\\/tonysourcing.com\\\/wp-content\\\/uploads\\\/2021\\\/07\\\/cropped-TonySourcing-logo-1.png\",\"contentUrl\":\"https:\\\/\\\/tonysourcing.com\\\/wp-content\\\/uploads\\\/2021\\\/07\\\/cropped-TonySourcing-logo-1.png\",\"width\":300,\"height\":92,\"caption\":\"Yiwu Zongge\"},\"image\":{\"@id\":\"https:\\\/\\\/tonysourcing.com\\\/#\\\/schema\\\/logo\\\/image\\\/\"},\"sameAs\":[\"https:\\\/\\\/www.facebook.com\\\/TonySourcing\",\"https:\\\/\\\/x.com\\\/TonySourcing\",\"https:\\\/\\\/www.instagram.com\\\/tony_sourcing\\\/\",\"http:\\\/\\\/www.linkedin.com\\\/in\\\/tonychen88\",\"https:\\\/\\\/www.youtube.com\\\/channel\\\/UCZfST1M-NDoqjQ3dB-Tzszg\"]}]}<\/script>\n<!-- \/ Yoast SEO plugin. -->","yoast_head_json":{"title":"Kits de aprendizaje: juguetes de importaci\u00f3n al por mayor directamente del fabricante","description":"Importa kits de aprendizaje de fabricantes chinos. Excelente producto a buen precio. Contacta con TonySourcing para obtener el cat\u00e1logo hoy mismo. Bienvenido a nuestra tienda.","robots":{"index":"index","follow":"follow","max-snippet":"max-snippet:-1","max-image-preview":"max-image-preview:large","max-video-preview":"max-video-preview:-1"},"canonical":"https:\/\/tonysourcing.com\/es\/al-por-mayor\/kits-de-aprendizaje\/","og_locale":"es_ES","og_type":"article","og_title":"Learning Kits - Import Toys Wholesale Directly From Manufacturer","og_description":"Import Learning Kits from China Manufacturer, Good Product and Good Price, Contact TonySourcing for Catalog today. Welcome to our shop.","og_url":"https:\/\/tonysourcing.com\/es\/al-por-mayor\/kits-de-aprendizaje\/","og_site_name":"TonySourcing","article_publisher":"https:\/\/www.facebook.com\/TonySourcing","article_modified_time":"2025-06-05T08:32:36+00:00","og_image":[{"width":800,"height":800,"url":"https:\/\/tonysourcing.com\/wp-content\/uploads\/2025\/05\/learning-kits.jpg","type":"image\/jpeg"}],"twitter_card":"summary_large_image","twitter_site":"@TonySourcing","twitter_misc":{"Tiempo de lectura":"2 minutos"},"schema":{"@context":"https:\/\/schema.org","@graph":[{"@type":"WebPage","@id":"https:\/\/tonysourcing.com\/wholesale\/learning-kits\/","url":"https:\/\/tonysourcing.com\/wholesale\/learning-kits\/","name":"Kits de aprendizaje: juguetes de importaci\u00f3n al por mayor directamente del fabricante","isPartOf":{"@id":"https:\/\/tonysourcing.com\/#website"},"primaryImageOfPage":{"@id":"https:\/\/tonysourcing.com\/wholesale\/learning-kits\/#primaryimage"},"image":{"@id":"https:\/\/tonysourcing.com\/wholesale\/learning-kits\/#primaryimage"},"thumbnailUrl":"https:\/\/tonysourcing.com\/wp-content\/uploads\/2025\/05\/learning-kits.jpg","datePublished":"2025-05-27T03:59:07+00:00","dateModified":"2025-06-05T08:32:36+00:00","description":"Importa kits de aprendizaje de fabricantes chinos. Excelente producto a buen precio. Contacta con TonySourcing para obtener el cat\u00e1logo hoy mismo. Bienvenido a nuestra tienda.","breadcrumb":{"@id":"https:\/\/tonysourcing.com\/wholesale\/learning-kits\/#breadcrumb"},"inLanguage":"es","potentialAction":[{"@type":"ReadAction","target":["https:\/\/tonysourcing.com\/wholesale\/learning-kits\/"]}]},{"@type":"ImageObject","inLanguage":"es","@id":"https:\/\/tonysourcing.com\/wholesale\/learning-kits\/#primaryimage","url":"https:\/\/tonysourcing.com\/wp-content\/uploads\/2025\/05\/learning-kits.jpg","contentUrl":"https:\/\/tonysourcing.com\/wp-content\/uploads\/2025\/05\/learning-kits.jpg","width":800,"height":800,"caption":"Learning Kits"},{"@type":"BreadcrumbList","@id":"https:\/\/tonysourcing.com\/wholesale\/learning-kits\/#breadcrumb","itemListElement":[{"@type":"ListItem","position":1,"name":"Home","item":"https:\/\/tonysourcing.com\/"},{"@type":"ListItem","position":2,"name":"Wholesale","item":"https:\/\/tonysourcing.com\/wholesale\/"},{"@type":"ListItem","position":3,"name":"Learning Kits"}]},{"@type":"WebSite","@id":"https:\/\/tonysourcing.com\/#website","url":"https:\/\/tonysourcing.com\/","name":"TonySourcing","description":"Distribuidor mayorista de juguetes y art\u00edculos en promoci\u00f3n en China","publisher":{"@id":"https:\/\/tonysourcing.com\/#organization"},"potentialAction":[{"@type":"SearchAction","target":{"@type":"EntryPoint","urlTemplate":"https:\/\/tonysourcing.com\/?s={search_term_string}"},"query-input":{"@type":"PropertyValueSpecification","valueRequired":true,"valueName":"search_term_string"}}],"inLanguage":"es"},{"@type":"Organization","@id":"https:\/\/tonysourcing.com\/#organization","name":"Yiwu Zongge","url":"https:\/\/tonysourcing.com\/","logo":{"@type":"ImageObject","inLanguage":"es","@id":"https:\/\/tonysourcing.com\/#\/schema\/logo\/image\/","url":"https:\/\/tonysourcing.com\/wp-content\/uploads\/2021\/07\/cropped-TonySourcing-logo-1.png","contentUrl":"https:\/\/tonysourcing.com\/wp-content\/uploads\/2021\/07\/cropped-TonySourcing-logo-1.png","width":300,"height":92,"caption":"Yiwu Zongge"},"image":{"@id":"https:\/\/tonysourcing.com\/#\/schema\/logo\/image\/"},"sameAs":["https:\/\/www.facebook.com\/TonySourcing","https:\/\/x.com\/TonySourcing","https:\/\/www.instagram.com\/tony_sourcing\/","http:\/\/www.linkedin.com\/in\/tonychen88","https:\/\/www.youtube.com\/channel\/UCZfST1M-NDoqjQ3dB-Tzszg"]}]}},"_links":{"self":[{"href":"https:\/\/tonysourcing.com\/es\/wp-json\/wp\/v2\/product\/25165","targetHints":{"allow":["GET"]}}],"collection":[{"href":"https:\/\/tonysourcing.com\/es\/wp-json\/wp\/v2\/product"}],"about":[{"href":"https:\/\/tonysourcing.com\/es\/wp-json\/wp\/v2\/types\/product"}],"version-history":[{"count":3,"href":"https:\/\/tonysourcing.com\/es\/wp-json\/wp\/v2\/product\/25165\/revisions"}],"predecessor-version":[{"id":25329,"href":"https:\/\/tonysourcing.com\/es\/wp-json\/wp\/v2\/product\/25165\/revisions\/25329"}],"wp:featuredmedia":[{"embeddable":true,"href":"https:\/\/tonysourcing.com\/es\/wp-json\/wp\/v2\/media\/25166"}],"wp:attachment":[{"href":"https:\/\/tonysourcing.com\/es\/wp-json\/wp\/v2\/media?parent=25165"}],"wp:term":[{"taxonomy":"product_brand","embeddable":true,"href":"https:\/\/tonysourcing.com\/es\/wp-json\/wp\/v2\/product_brand?post=25165"},{"taxonomy":"product_cat","embeddable":true,"href":"https:\/\/tonysourcing.com\/es\/wp-json\/wp\/v2\/product_cat?post=25165"},{"taxonomy":"product_tag","embeddable":true,"href":"https:\/\/tonysourcing.com\/es\/wp-json\/wp\/v2\/product_tag?post=25165"}],"curies":[{"name":"gracias","href":"https:\/\/api.w.org\/{rel}","templated":true}]}}