{"id":25168,"date":"2025-05-27T04:01:43","date_gmt":"2025-05-27T04:01:43","guid":{"rendered":"https:\/\/tonysourcing.com\/?post_type=product&#038;p=25168"},"modified":"2025-06-05T08:19:36","modified_gmt":"2025-06-05T08:19:36","slug":"juguetes-preescolares","status":"publish","type":"product","link":"https:\/\/tonysourcing.com\/es\/wholesale\/preschool-toys\/","title":{"rendered":"Juguetes preescolares"},"content":{"rendered":"<h3 data-start=\"71\" data-end=\"147\"> <strong data-start=\"78\" data-end=\"147\">Juguetes educativos preescolares: divertidos rompecabezas de madera para el aprendizaje temprano<\/strong><\/h3>\n<p data-start=\"149\" data-end=\"193\"> <strong data-start=\"152\" data-end=\"191\">Los mejores juguetes de aprendizaje para ni\u00f1os en edad preescolar<\/strong><\/p>\n<p data-start=\"195\" data-end=\"432\">Buscando algo atractivo <strong data-start=\"216\" data-end=\"229\">Juguetes para preescolar<\/strong> \u00bfQue despiertan la curiosidad y el desarrollo de habilidades?<br data-start=\"270\" data-end=\"273\" \/>Este colorido <strong data-start=\"287\" data-end=\"308\">juego de rompecabezas de madera<\/strong> Es el juguete de educaci\u00f3n temprana perfecto para ni\u00f1os peque\u00f1os y preescolares, dise\u00f1ado para facilitar el aprendizaje. <strong data-start=\"402\" data-end=\"429\">Divertido, pr\u00e1ctico y seguro<\/strong>.<\/p>\n<hr data-start=\"434\" data-end=\"437\" \/>\n<p data-start=\"439\" data-end=\"462\"> <strong data-start=\"442\" data-end=\"460\">\u00bfQue hay dentro?<\/strong><\/p>\n<ul data-start=\"463\" data-end=\"629\">\n<li data-start=\"463\" data-end=\"492\">\n<p data-start=\"465\" data-end=\"492\"> Letras del alfabeto (A\u2013Z)<\/p>\n<\/li>\n<li data-start=\"493\" data-end=\"513\">\n<p data-start=\"495\" data-end=\"513\"> N\u00fameros (0\u20139)<\/p>\n<\/li>\n<li data-start=\"514\" data-end=\"552\">\n<p data-start=\"516\" data-end=\"552\"> Frutas, animales, veh\u00edculos.<\/p>\n<\/li>\n<li data-start=\"553\" data-end=\"581\">\n<p data-start=\"555\" data-end=\"581\"> Juego de pesca magn\u00e9tica<\/p>\n<\/li>\n<li data-start=\"582\" data-end=\"629\">\n<p data-start=\"584\" data-end=\"629\"> Bloques de formas gruesas para ordenar y combinar<\/p>\n<\/li>\n<\/ul>\n<hr data-start=\"631\" data-end=\"634\" \/>\n<p data-start=\"636\" data-end=\"669\"> <strong data-start=\"639\" data-end=\"667\">Beneficios del aprendizaje temprano:<\/strong><\/p>\n<ul data-start=\"670\" data-end=\"888\">\n<li data-start=\"670\" data-end=\"726\">\n<p data-start=\"672\" data-end=\"726\">Impulsos <strong data-start=\"679\" data-end=\"704\">coordinaci\u00f3n mano-ojo<\/strong> y habilidades motoras finas<\/p>\n<\/li>\n<li data-start=\"727\" data-end=\"779\">\n<p data-start=\"729\" data-end=\"779\">Ense\u00f1a s\u00edmbolos b\u00e1sicos, formas y objetos cotidianos.<\/p>\n<\/li>\n<li data-start=\"780\" data-end=\"835\">\n<p data-start=\"782\" data-end=\"835\">Mejora <strong data-start=\"791\" data-end=\"813\">pensamiento cognitivo<\/strong> a trav\u00e9s del juego de rompecabezas<\/p>\n<\/li>\n<li data-start=\"836\" data-end=\"888\">\n<p data-start=\"838\" data-end=\"888\">Fomenta el juego independiente y el v\u00ednculo entre padres e hijos.<\/p>\n<\/li>\n<\/ul>\n<hr data-start=\"890\" data-end=\"893\" \/>\n<p data-start=\"895\" data-end=\"916\"> <strong data-start=\"898\" data-end=\"914\">Perfecto para:<\/strong><\/p>\n<ul data-start=\"917\" data-end=\"1101\">\n<li data-start=\"917\" data-end=\"972\">\n<p data-start=\"919\" data-end=\"972\"><strong data-start=\"919\" data-end=\"941\">Juguetes en la guarder\u00eda<\/strong> o aulas de aprendizaje temprano<\/p>\n<\/li>\n<li data-start=\"973\" data-end=\"1006\">\n<p data-start=\"975\" data-end=\"1006\">Actividades Montessori y Pre-K<\/p>\n<\/li>\n<li data-start=\"1007\" data-end=\"1061\">\n<p data-start=\"1009\" data-end=\"1061\">Distribuidores de juguetes educativos y vendedores de comercio electr\u00f3nico<\/p>\n<\/li>\n<li data-start=\"1062\" data-end=\"1101\">\n<p data-start=\"1064\" data-end=\"1101\">Guarder\u00edas y programas de cajas de regalo<\/p>\n<\/li>\n<\/ul>\n<hr data-start=\"1103\" data-end=\"1106\" \/>\n<p data-start=\"1108\" data-end=\"1136\"> <strong data-start=\"1111\" data-end=\"1134\">Por qu\u00e9 les encanta a los compradores:<\/strong><\/p>\n<ul data-start=\"1137\" data-end=\"1339\">\n<li data-start=\"1137\" data-end=\"1182\">\n<p data-start=\"1139\" data-end=\"1182\">\u2705 Hecho de madera ecol\u00f3gica y segura para los ni\u00f1os.<\/p>\n<\/li>\n<li data-start=\"1183\" data-end=\"1231\">\n<p data-start=\"1185\" data-end=\"1231\">\u2705 Apoya los m\u00e9todos STEM y Montessori tempranos<\/p>\n<\/li>\n<li data-start=\"1232\" data-end=\"1288\">\n<p data-start=\"1234\" data-end=\"1288\">\u2705 Adecuado para compras al por mayor y personalizaci\u00f3n de marca.<\/p>\n<\/li>\n<li data-start=\"1289\" data-end=\"1339\">\n<p data-start=\"1291\" data-end=\"1339\">\u2705 Alto valor de repetici\u00f3n con m\u00faltiples formas de jugar<\/p>\n<\/li>\n<\/ul>","protected":false},"excerpt":{"rendered":"<p>N.\u00ba de art\u00edculo: LD-T5008<\/p>\n<p>Precio al por mayor: 4-10$\/Unidad<\/p>\n<p>Precio de venta sugerido por el fabricante: 39$<\/p>","protected":false},"featured_media":25169,"template":"","meta":{"_kad_post_transparent":"","_kad_post_title":"","_kad_post_layout":"","_kad_post_sidebar_id":"","_kad_post_content_style":"","_kad_post_vertical_padding":"","_kad_post_feature":"","_kad_post_feature_position":"","_kad_post_header":false,"_kad_post_footer":false},"product_brand":[],"product_cat":[506],"product_tag":[],"class_list":{"0":"post-25168","1":"product","2":"type-product","3":"status-publish","4":"has-post-thumbnail","6":"product_cat-wholesale-educational-toys","8":"first","9":"instock","10":"featured","11":"shipping-taxable","12":"product-type-simple","13":"entry","14":"content-bg","15":"loop-entry"},"yoast_head":"<!-- This site is optimized with the Yoast SEO plugin v27.4 - https:\/\/yoast.com\/product\/yoast-seo-wordpress\/ -->\n<title>Preschool Toys - Import Toys Wholesale Directly<\/title>\n<meta name=\"description\" content=\"Import Preschool Toys from China Manufacturer, Good Product and Good Price, Contact TonySourcing for Catalog today. Welcome to our shop.\" \/>\n<meta name=\"robots\" content=\"index, follow, max-snippet:-1, max-image-preview:large, max-video-preview:-1\" \/>\n<link rel=\"canonical\" href=\"https:\/\/tonysourcing.com\/es\/al-por-mayor\/juguetes-preescolares\/\" \/>\n<meta property=\"og:locale\" content=\"es_ES\" \/>\n<meta property=\"og:type\" content=\"article\" \/>\n<meta property=\"og:title\" content=\"Preschool Toys - Import Toys Wholesale Directly\" \/>\n<meta property=\"og:description\" content=\"Import Preschool Toys from China Manufacturer, Good Product and Good Price, Contact TonySourcing for Catalog today. Welcome to our shop.\" \/>\n<meta property=\"og:url\" content=\"https:\/\/tonysourcing.com\/es\/al-por-mayor\/juguetes-preescolares\/\" \/>\n<meta property=\"og:site_name\" content=\"TonySourcing\" \/>\n<meta property=\"article:publisher\" content=\"https:\/\/www.facebook.com\/TonySourcing\" \/>\n<meta property=\"article:modified_time\" content=\"2025-06-05T08:19:36+00:00\" \/>\n<meta property=\"og:image\" content=\"https:\/\/tonysourcing.com\/wp-content\/uploads\/2025\/05\/preschool-toys.jpg\" \/>\n\t<meta property=\"og:image:width\" content=\"800\" \/>\n\t<meta property=\"og:image:height\" content=\"800\" \/>\n\t<meta property=\"og:image:type\" content=\"image\/jpeg\" \/>\n<meta name=\"twitter:card\" content=\"summary_large_image\" \/>\n<meta name=\"twitter:site\" content=\"@TonySourcing\" \/>\n<meta name=\"twitter:label1\" content=\"Tiempo de lectura\" \/>\n\t<meta name=\"twitter:data1\" content=\"1 minuto\" \/>\n<script type=\"application\/ld+json\" class=\"yoast-schema-graph\">{\"@context\":\"https:\\\/\\\/schema.org\",\"@graph\":[{\"@type\":\"WebPage\",\"@id\":\"https:\\\/\\\/tonysourcing.com\\\/wholesale\\\/preschool-toys\\\/\",\"url\":\"https:\\\/\\\/tonysourcing.com\\\/wholesale\\\/preschool-toys\\\/\",\"name\":\"Preschool Toys - Import Toys Wholesale Directly\",\"isPartOf\":{\"@id\":\"https:\\\/\\\/tonysourcing.com\\\/#website\"},\"primaryImageOfPage\":{\"@id\":\"https:\\\/\\\/tonysourcing.com\\\/wholesale\\\/preschool-toys\\\/#primaryimage\"},\"image\":{\"@id\":\"https:\\\/\\\/tonysourcing.com\\\/wholesale\\\/preschool-toys\\\/#primaryimage\"},\"thumbnailUrl\":\"https:\\\/\\\/tonysourcing.com\\\/wp-content\\\/uploads\\\/2025\\\/05\\\/preschool-toys.jpg\",\"datePublished\":\"2025-05-27T04:01:43+00:00\",\"dateModified\":\"2025-06-05T08:19:36+00:00\",\"description\":\"Import Preschool Toys from China Manufacturer, Good Product and Good Price, Contact TonySourcing for Catalog today. Welcome to our shop.\",\"breadcrumb\":{\"@id\":\"https:\\\/\\\/tonysourcing.com\\\/wholesale\\\/preschool-toys\\\/#breadcrumb\"},\"inLanguage\":\"es\",\"potentialAction\":[{\"@type\":\"ReadAction\",\"target\":[\"https:\\\/\\\/tonysourcing.com\\\/wholesale\\\/preschool-toys\\\/\"]}]},{\"@type\":\"ImageObject\",\"inLanguage\":\"es\",\"@id\":\"https:\\\/\\\/tonysourcing.com\\\/wholesale\\\/preschool-toys\\\/#primaryimage\",\"url\":\"https:\\\/\\\/tonysourcing.com\\\/wp-content\\\/uploads\\\/2025\\\/05\\\/preschool-toys.jpg\",\"contentUrl\":\"https:\\\/\\\/tonysourcing.com\\\/wp-content\\\/uploads\\\/2025\\\/05\\\/preschool-toys.jpg\",\"width\":800,\"height\":800,\"caption\":\"Preschool Toys\"},{\"@type\":\"BreadcrumbList\",\"@id\":\"https:\\\/\\\/tonysourcing.com\\\/wholesale\\\/preschool-toys\\\/#breadcrumb\",\"itemListElement\":[{\"@type\":\"ListItem\",\"position\":1,\"name\":\"Home\",\"item\":\"https:\\\/\\\/tonysourcing.com\\\/\"},{\"@type\":\"ListItem\",\"position\":2,\"name\":\"Wholesale\",\"item\":\"https:\\\/\\\/tonysourcing.com\\\/wholesale\\\/\"},{\"@type\":\"ListItem\",\"position\":3,\"name\":\"Preschool Toys\"}]},{\"@type\":\"WebSite\",\"@id\":\"https:\\\/\\\/tonysourcing.com\\\/#website\",\"url\":\"https:\\\/\\\/tonysourcing.com\\\/\",\"name\":\"TonySourcing\",\"description\":\"Toys Wholesale Distributor &amp; China Promition Items\",\"publisher\":{\"@id\":\"https:\\\/\\\/tonysourcing.com\\\/#organization\"},\"potentialAction\":[{\"@type\":\"SearchAction\",\"target\":{\"@type\":\"EntryPoint\",\"urlTemplate\":\"https:\\\/\\\/tonysourcing.com\\\/?s={search_term_string}\"},\"query-input\":{\"@type\":\"PropertyValueSpecification\",\"valueRequired\":true,\"valueName\":\"search_term_string\"}}],\"inLanguage\":\"es\"},{\"@type\":\"Organization\",\"@id\":\"https:\\\/\\\/tonysourcing.com\\\/#organization\",\"name\":\"Yiwu Zongge\",\"url\":\"https:\\\/\\\/tonysourcing.com\\\/\",\"logo\":{\"@type\":\"ImageObject\",\"inLanguage\":\"es\",\"@id\":\"https:\\\/\\\/tonysourcing.com\\\/#\\\/schema\\\/logo\\\/image\\\/\",\"url\":\"https:\\\/\\\/tonysourcing.com\\\/wp-content\\\/uploads\\\/2021\\\/07\\\/cropped-TonySourcing-logo-1.png\",\"contentUrl\":\"https:\\\/\\\/tonysourcing.com\\\/wp-content\\\/uploads\\\/2021\\\/07\\\/cropped-TonySourcing-logo-1.png\",\"width\":300,\"height\":92,\"caption\":\"Yiwu Zongge\"},\"image\":{\"@id\":\"https:\\\/\\\/tonysourcing.com\\\/#\\\/schema\\\/logo\\\/image\\\/\"},\"sameAs\":[\"https:\\\/\\\/www.facebook.com\\\/TonySourcing\",\"https:\\\/\\\/x.com\\\/TonySourcing\",\"https:\\\/\\\/www.instagram.com\\\/tony_sourcing\\\/\",\"http:\\\/\\\/www.linkedin.com\\\/in\\\/tonychen88\",\"https:\\\/\\\/www.youtube.com\\\/channel\\\/UCZfST1M-NDoqjQ3dB-Tzszg\"]}]}<\/script>\n<!-- \/ Yoast SEO plugin. -->","yoast_head_json":{"title":"Juguetes preescolares - Importaci\u00f3n directa de juguetes al por mayor","description":"Importa juguetes preescolares de fabricantes chinos. Excelentes productos a buen precio. Contacta con TonySourcing para obtener el cat\u00e1logo hoy mismo. Bienvenido a nuestra tienda.","robots":{"index":"index","follow":"follow","max-snippet":"max-snippet:-1","max-image-preview":"max-image-preview:large","max-video-preview":"max-video-preview:-1"},"canonical":"https:\/\/tonysourcing.com\/es\/al-por-mayor\/juguetes-preescolares\/","og_locale":"es_ES","og_type":"article","og_title":"Preschool Toys - Import Toys Wholesale Directly","og_description":"Import Preschool Toys from China Manufacturer, Good Product and Good Price, Contact TonySourcing for Catalog today. Welcome to our shop.","og_url":"https:\/\/tonysourcing.com\/es\/al-por-mayor\/juguetes-preescolares\/","og_site_name":"TonySourcing","article_publisher":"https:\/\/www.facebook.com\/TonySourcing","article_modified_time":"2025-06-05T08:19:36+00:00","og_image":[{"width":800,"height":800,"url":"https:\/\/tonysourcing.com\/wp-content\/uploads\/2025\/05\/preschool-toys.jpg","type":"image\/jpeg"}],"twitter_card":"summary_large_image","twitter_site":"@TonySourcing","twitter_misc":{"Tiempo de lectura":"1 minuto"},"schema":{"@context":"https:\/\/schema.org","@graph":[{"@type":"WebPage","@id":"https:\/\/tonysourcing.com\/wholesale\/preschool-toys\/","url":"https:\/\/tonysourcing.com\/wholesale\/preschool-toys\/","name":"Juguetes preescolares - Importaci\u00f3n directa de juguetes al por mayor","isPartOf":{"@id":"https:\/\/tonysourcing.com\/#website"},"primaryImageOfPage":{"@id":"https:\/\/tonysourcing.com\/wholesale\/preschool-toys\/#primaryimage"},"image":{"@id":"https:\/\/tonysourcing.com\/wholesale\/preschool-toys\/#primaryimage"},"thumbnailUrl":"https:\/\/tonysourcing.com\/wp-content\/uploads\/2025\/05\/preschool-toys.jpg","datePublished":"2025-05-27T04:01:43+00:00","dateModified":"2025-06-05T08:19:36+00:00","description":"Importa juguetes preescolares de fabricantes chinos. Excelentes productos a buen precio. Contacta con TonySourcing para obtener el cat\u00e1logo hoy mismo. Bienvenido a nuestra tienda.","breadcrumb":{"@id":"https:\/\/tonysourcing.com\/wholesale\/preschool-toys\/#breadcrumb"},"inLanguage":"es","potentialAction":[{"@type":"ReadAction","target":["https:\/\/tonysourcing.com\/wholesale\/preschool-toys\/"]}]},{"@type":"ImageObject","inLanguage":"es","@id":"https:\/\/tonysourcing.com\/wholesale\/preschool-toys\/#primaryimage","url":"https:\/\/tonysourcing.com\/wp-content\/uploads\/2025\/05\/preschool-toys.jpg","contentUrl":"https:\/\/tonysourcing.com\/wp-content\/uploads\/2025\/05\/preschool-toys.jpg","width":800,"height":800,"caption":"Preschool Toys"},{"@type":"BreadcrumbList","@id":"https:\/\/tonysourcing.com\/wholesale\/preschool-toys\/#breadcrumb","itemListElement":[{"@type":"ListItem","position":1,"name":"Home","item":"https:\/\/tonysourcing.com\/"},{"@type":"ListItem","position":2,"name":"Wholesale","item":"https:\/\/tonysourcing.com\/wholesale\/"},{"@type":"ListItem","position":3,"name":"Preschool Toys"}]},{"@type":"WebSite","@id":"https:\/\/tonysourcing.com\/#website","url":"https:\/\/tonysourcing.com\/","name":"TonySourcing","description":"Distribuidor mayorista de juguetes y art\u00edculos en promoci\u00f3n en China","publisher":{"@id":"https:\/\/tonysourcing.com\/#organization"},"potentialAction":[{"@type":"SearchAction","target":{"@type":"EntryPoint","urlTemplate":"https:\/\/tonysourcing.com\/?s={search_term_string}"},"query-input":{"@type":"PropertyValueSpecification","valueRequired":true,"valueName":"search_term_string"}}],"inLanguage":"es"},{"@type":"Organization","@id":"https:\/\/tonysourcing.com\/#organization","name":"Yiwu Zongge","url":"https:\/\/tonysourcing.com\/","logo":{"@type":"ImageObject","inLanguage":"es","@id":"https:\/\/tonysourcing.com\/#\/schema\/logo\/image\/","url":"https:\/\/tonysourcing.com\/wp-content\/uploads\/2021\/07\/cropped-TonySourcing-logo-1.png","contentUrl":"https:\/\/tonysourcing.com\/wp-content\/uploads\/2021\/07\/cropped-TonySourcing-logo-1.png","width":300,"height":92,"caption":"Yiwu Zongge"},"image":{"@id":"https:\/\/tonysourcing.com\/#\/schema\/logo\/image\/"},"sameAs":["https:\/\/www.facebook.com\/TonySourcing","https:\/\/x.com\/TonySourcing","https:\/\/www.instagram.com\/tony_sourcing\/","http:\/\/www.linkedin.com\/in\/tonychen88","https:\/\/www.youtube.com\/channel\/UCZfST1M-NDoqjQ3dB-Tzszg"]}]}},"_links":{"self":[{"href":"https:\/\/tonysourcing.com\/es\/wp-json\/wp\/v2\/product\/25168","targetHints":{"allow":["GET"]}}],"collection":[{"href":"https:\/\/tonysourcing.com\/es\/wp-json\/wp\/v2\/product"}],"about":[{"href":"https:\/\/tonysourcing.com\/es\/wp-json\/wp\/v2\/types\/product"}],"version-history":[{"count":2,"href":"https:\/\/tonysourcing.com\/es\/wp-json\/wp\/v2\/product\/25168\/revisions"}],"predecessor-version":[{"id":25327,"href":"https:\/\/tonysourcing.com\/es\/wp-json\/wp\/v2\/product\/25168\/revisions\/25327"}],"wp:featuredmedia":[{"embeddable":true,"href":"https:\/\/tonysourcing.com\/es\/wp-json\/wp\/v2\/media\/25169"}],"wp:attachment":[{"href":"https:\/\/tonysourcing.com\/es\/wp-json\/wp\/v2\/media?parent=25168"}],"wp:term":[{"taxonomy":"product_brand","embeddable":true,"href":"https:\/\/tonysourcing.com\/es\/wp-json\/wp\/v2\/product_brand?post=25168"},{"taxonomy":"product_cat","embeddable":true,"href":"https:\/\/tonysourcing.com\/es\/wp-json\/wp\/v2\/product_cat?post=25168"},{"taxonomy":"product_tag","embeddable":true,"href":"https:\/\/tonysourcing.com\/es\/wp-json\/wp\/v2\/product_tag?post=25168"}],"curies":[{"name":"gracias","href":"https:\/\/api.w.org\/{rel}","templated":true}]}}