{"id":25171,"date":"2025-05-27T05:37:16","date_gmt":"2025-05-27T05:37:16","guid":{"rendered":"https:\/\/tonysourcing.com\/?post_type=product&#038;p=25171"},"modified":"2025-06-05T08:09:18","modified_gmt":"2025-06-05T08:09:18","slug":"juguetes-de-tallo","status":"publish","type":"product","link":"https:\/\/tonysourcing.com\/es\/wholesale\/stem-toys\/","title":{"rendered":"Juguetes STEM"},"content":{"rendered":"<h3 data-start=\"126\" data-end=\"191\"><strong data-start=\"130\" data-end=\"191\">Kit STEM de rompecabezas de madera 3D: aprendizaje pr\u00e1ctico para ni\u00f1os de 8 a\u00f1os en adelante<\/strong><\/h3>\n<p data-start=\"193\" data-end=\"249\"><strong data-start=\"193\" data-end=\"247\">Capacite a los estudiantes con atractivos kits educativos STEM<\/strong><\/p>\n<p data-start=\"251\" data-end=\"542\">Buscando el <strong data-start=\"267\" data-end=\"295\">Los mejores kits para el aula STEM<\/strong> \u00bfQue realmente atraigan las mentes j\u00f3venes? Esto <strong data-start=\"332\" data-end=\"361\">Kit STEM de rompecabezas de madera 3D<\/strong> Es una experiencia pr\u00e1ctica, <strong data-start=\"377\" data-end=\"393\">Kit STEM para hacer uno mismo<\/strong> Dise\u00f1ado para ni\u00f1os de 8 a\u00f1os en adelante. Perfecto para escuelas, educadores y marcas educativas, combina el juego con <strong data-start=\"503\" data-end=\"530\">ciencia e ingenier\u00eda<\/strong> principios.<\/p>\n<p data-start=\"544\" data-end=\"572\">Cada <strong data-start=\"549\" data-end=\"562\">Paquete STEM<\/strong> incluye:<\/p>\n<ul data-start=\"573\" data-end=\"833\">\n<li data-start=\"573\" data-end=\"673\">\n<p data-start=\"575\" data-end=\"673\">M\u00faltiples modelos mec\u00e1nicos de madera (sistema de engranajes y planetas, riel en espiral, pista de bolas, sistema de ascensor)<\/p>\n<\/li>\n<li data-start=\"674\" data-end=\"715\">\n<p data-start=\"676\" data-end=\"715\">5 marcadores de colores para decoraci\u00f3n creativa<\/p>\n<\/li>\n<li data-start=\"716\" data-end=\"758\">\n<p data-start=\"718\" data-end=\"758\">Manuales de instrucciones y herramientas paso a paso<\/p>\n<\/li>\n<li data-start=\"759\" data-end=\"789\">\n<p data-start=\"761\" data-end=\"789\">Tiempo de montaje: 30\u201360 minutos<\/p>\n<\/li>\n<li data-start=\"790\" data-end=\"833\">\n<p data-start=\"792\" data-end=\"833\">Fabricado con madera ecol\u00f3gica de alta calidad.<\/p>\n<\/li>\n<\/ul>\n<p>&nbsp;<\/p>\n<p data-start=\"840\" data-end=\"854\"><strong data-start=\"840\" data-end=\"854\">Ideal para:<\/strong><\/p>\n<ul data-start=\"855\" data-end=\"1091\">\n<li data-start=\"855\" data-end=\"896\">\n<p data-start=\"857\" data-end=\"896\"><strong data-start=\"857\" data-end=\"896\">Kits STEM para aulas de primaria<\/strong><\/p>\n<\/li>\n<li data-start=\"897\" data-end=\"933\">\n<p data-start=\"899\" data-end=\"933\"><strong data-start=\"899\" data-end=\"933\">Kits STEM para estudiantes de secundaria<\/strong><\/p>\n<\/li>\n<li data-start=\"934\" data-end=\"974\">\n<p data-start=\"936\" data-end=\"974\"><strong data-start=\"936\" data-end=\"974\">Kits STEM para estudiantes de secundaria<\/strong><\/p>\n<\/li>\n<li data-start=\"975\" data-end=\"1027\">\n<p data-start=\"977\" data-end=\"1027\"><strong data-start=\"977\" data-end=\"1027\">Kits STEM para programas de enriquecimiento de jard\u00edn de infantes<\/strong><\/p>\n<\/li>\n<li data-start=\"1028\" data-end=\"1091\">\n<p data-start=\"1030\" data-end=\"1091\"><strong data-start=\"1030\" data-end=\"1052\">Kits de actividades STEM<\/strong> en clubes extraescolares o educaci\u00f3n en casa<\/p>\n<\/li>\n<\/ul>\n<p data-start=\"1093\" data-end=\"1417\">Ya sea que est\u00e9s <strong data-start=\"1108\" data-end=\"1125\">Construyendo STEM<\/strong> programas o buscando premium <strong data-start=\"1158\" data-end=\"1185\">Productos educativos STEM<\/strong>Este kit proporciona una poderosa herramienta para la ense\u00f1anza. <strong data-start=\"1234\" data-end=\"1280\">ciencia, tecnolog\u00eda, ingenier\u00eda y matem\u00e1ticas<\/strong> A trav\u00e9s de la creaci\u00f3n pr\u00e1ctica, los estudiantes exploran la mec\u00e1nica real, la resoluci\u00f3n de problemas y el pensamiento cr\u00edtico, todo en un paquete divertido y enriquecedor.<\/p>\n<hr data-start=\"1419\" data-end=\"1422\" \/>\n<p data-start=\"1424\" data-end=\"1462\"><strong data-start=\"1424\" data-end=\"1462\">Por qu\u00e9 les encanta a los educadores e importadores:<\/strong><\/p>\n<ul data-start=\"1463\" data-end=\"1749\">\n<li data-start=\"1463\" data-end=\"1521\">\n<p data-start=\"1465\" data-end=\"1521\">Soportes <strong data-start=\"1474\" data-end=\"1496\">Kits de aprendizaje STEM<\/strong> para varios grupos de edad<\/p>\n<\/li>\n<li data-start=\"1522\" data-end=\"1569\">\n<p data-start=\"1524\" data-end=\"1569\">Opciones de embalaje y marca personalizables<\/p>\n<\/li>\n<li data-start=\"1570\" data-end=\"1621\">\n<p data-start=\"1572\" data-end=\"1621\">Disponibilidad masiva para <strong data-start=\"1594\" data-end=\"1619\">Kits STEM para escuelas<\/strong><\/p>\n<\/li>\n<li data-start=\"1622\" data-end=\"1697\">\n<p data-start=\"1624\" data-end=\"1697\">Adecuado para <strong data-start=\"1637\" data-end=\"1651\">elemental<\/strong>, <strong data-start=\"1653\" data-end=\"1663\">medio<\/strong>, y <strong data-start=\"1669\" data-end=\"1684\">escuela secundaria<\/strong> plan de estudios<\/p>\n<\/li>\n<li data-start=\"1698\" data-end=\"1749\">\n<p data-start=\"1700\" data-end=\"1749\">F\u00e1cil de usar tanto en aulas como en talleres STEM<\/p>\n<\/li>\n<\/ul>","protected":false},"excerpt":{"rendered":"<p>N.\u00ba de art\u00edculo: LD-T5009<\/p>\n<p>Precio al por mayor: 2-6$\/Unidad<\/p>\n<p>Precio de venta sugerido por el fabricante: 26$<\/p>","protected":false},"featured_media":25172,"template":"","meta":{"_kad_post_transparent":"","_kad_post_title":"","_kad_post_layout":"","_kad_post_sidebar_id":"","_kad_post_content_style":"","_kad_post_vertical_padding":"","_kad_post_feature":"","_kad_post_feature_position":"","_kad_post_header":false,"_kad_post_footer":false,"_kad_post_classname":""},"product_brand":[],"product_cat":[506,530,1712],"product_tag":[],"class_list":{"0":"post-25171","1":"product","2":"type-product","3":"status-publish","4":"has-post-thumbnail","6":"product_cat-wholesale-educational-toys","7":"product_cat-science-toys","8":"product_cat-stem-toys","10":"first","11":"instock","12":"featured","13":"shipping-taxable","14":"product-type-simple","15":"entry","16":"content-bg","17":"loop-entry"},"yoast_head":"<!-- This site is optimized with the Yoast SEO plugin v27.5 - https:\/\/yoast.com\/product\/yoast-seo-wordpress\/ -->\n<title>STEM Toys - Import Toys Wholesale Directly From Manufacturer<\/title>\n<meta name=\"description\" content=\"Import STEM Toys from China Manufacturer, Good Product and Good Price, Contact TonySourcing for Catalog today. Welcome to our shop.\" \/>\n<meta name=\"robots\" content=\"index, follow, max-snippet:-1, max-image-preview:large, max-video-preview:-1\" \/>\n<link rel=\"canonical\" href=\"https:\/\/tonysourcing.com\/es\/al-por-mayor\/juguetes-de-tallo\/\" \/>\n<meta property=\"og:locale\" content=\"es_ES\" \/>\n<meta property=\"og:type\" content=\"article\" \/>\n<meta property=\"og:title\" content=\"STEM Toys - Import Toys Wholesale Directly From Manufacturer\" \/>\n<meta property=\"og:description\" content=\"Import STEM Toys from China Manufacturer, Good Product and Good Price, Contact TonySourcing for Catalog today. Welcome to our shop.\" \/>\n<meta property=\"og:url\" content=\"https:\/\/tonysourcing.com\/es\/al-por-mayor\/juguetes-de-tallo\/\" \/>\n<meta property=\"og:site_name\" content=\"TonySourcing\" \/>\n<meta property=\"article:publisher\" content=\"https:\/\/www.facebook.com\/TonySourcing\" \/>\n<meta property=\"article:modified_time\" content=\"2025-06-05T08:09:18+00:00\" \/>\n<meta property=\"og:image\" content=\"https:\/\/tonysourcing.com\/wp-content\/uploads\/2025\/05\/STEM-toys.jpg\" \/>\n\t<meta property=\"og:image:width\" content=\"1484\" \/>\n\t<meta property=\"og:image:height\" content=\"1500\" \/>\n\t<meta property=\"og:image:type\" content=\"image\/jpeg\" \/>\n<meta name=\"twitter:card\" content=\"summary_large_image\" \/>\n<meta name=\"twitter:site\" content=\"@TonySourcing\" \/>\n<meta name=\"twitter:label1\" content=\"Tiempo de lectura\" \/>\n\t<meta name=\"twitter:data1\" content=\"2 minutos\" \/>\n<script type=\"application\/ld+json\" class=\"yoast-schema-graph\">{\"@context\":\"https:\\\/\\\/schema.org\",\"@graph\":[{\"@type\":\"WebPage\",\"@id\":\"https:\\\/\\\/tonysourcing.com\\\/wholesale\\\/stem-toys\\\/\",\"url\":\"https:\\\/\\\/tonysourcing.com\\\/wholesale\\\/stem-toys\\\/\",\"name\":\"STEM Toys - Import Toys Wholesale Directly From Manufacturer\",\"isPartOf\":{\"@id\":\"https:\\\/\\\/tonysourcing.com\\\/#website\"},\"primaryImageOfPage\":{\"@id\":\"https:\\\/\\\/tonysourcing.com\\\/wholesale\\\/stem-toys\\\/#primaryimage\"},\"image\":{\"@id\":\"https:\\\/\\\/tonysourcing.com\\\/wholesale\\\/stem-toys\\\/#primaryimage\"},\"thumbnailUrl\":\"https:\\\/\\\/tonysourcing.com\\\/wp-content\\\/uploads\\\/2025\\\/05\\\/STEM-toys.jpg\",\"datePublished\":\"2025-05-27T05:37:16+00:00\",\"dateModified\":\"2025-06-05T08:09:18+00:00\",\"description\":\"Import STEM Toys from China Manufacturer, Good Product and Good Price, Contact TonySourcing for Catalog today. Welcome to our shop.\",\"breadcrumb\":{\"@id\":\"https:\\\/\\\/tonysourcing.com\\\/wholesale\\\/stem-toys\\\/#breadcrumb\"},\"inLanguage\":\"es\",\"potentialAction\":[{\"@type\":\"ReadAction\",\"target\":[\"https:\\\/\\\/tonysourcing.com\\\/wholesale\\\/stem-toys\\\/\"]}]},{\"@type\":\"ImageObject\",\"inLanguage\":\"es\",\"@id\":\"https:\\\/\\\/tonysourcing.com\\\/wholesale\\\/stem-toys\\\/#primaryimage\",\"url\":\"https:\\\/\\\/tonysourcing.com\\\/wp-content\\\/uploads\\\/2025\\\/05\\\/STEM-toys.jpg\",\"contentUrl\":\"https:\\\/\\\/tonysourcing.com\\\/wp-content\\\/uploads\\\/2025\\\/05\\\/STEM-toys.jpg\",\"width\":1484,\"height\":1500,\"caption\":\"STEM Toys\"},{\"@type\":\"BreadcrumbList\",\"@id\":\"https:\\\/\\\/tonysourcing.com\\\/wholesale\\\/stem-toys\\\/#breadcrumb\",\"itemListElement\":[{\"@type\":\"ListItem\",\"position\":1,\"name\":\"Home\",\"item\":\"https:\\\/\\\/tonysourcing.com\\\/\"},{\"@type\":\"ListItem\",\"position\":2,\"name\":\"Wholesale\",\"item\":\"https:\\\/\\\/tonysourcing.com\\\/wholesale\\\/\"},{\"@type\":\"ListItem\",\"position\":3,\"name\":\"STEM Toys\"}]},{\"@type\":\"WebSite\",\"@id\":\"https:\\\/\\\/tonysourcing.com\\\/#website\",\"url\":\"https:\\\/\\\/tonysourcing.com\\\/\",\"name\":\"TonySourcing\",\"description\":\"Toys Wholesale Distributor &amp; China Promition Items\",\"publisher\":{\"@id\":\"https:\\\/\\\/tonysourcing.com\\\/#organization\"},\"potentialAction\":[{\"@type\":\"SearchAction\",\"target\":{\"@type\":\"EntryPoint\",\"urlTemplate\":\"https:\\\/\\\/tonysourcing.com\\\/?s={search_term_string}\"},\"query-input\":{\"@type\":\"PropertyValueSpecification\",\"valueRequired\":true,\"valueName\":\"search_term_string\"}}],\"inLanguage\":\"es\"},{\"@type\":\"Organization\",\"@id\":\"https:\\\/\\\/tonysourcing.com\\\/#organization\",\"name\":\"Yiwu Zongge\",\"url\":\"https:\\\/\\\/tonysourcing.com\\\/\",\"logo\":{\"@type\":\"ImageObject\",\"inLanguage\":\"es\",\"@id\":\"https:\\\/\\\/tonysourcing.com\\\/#\\\/schema\\\/logo\\\/image\\\/\",\"url\":\"https:\\\/\\\/tonysourcing.com\\\/wp-content\\\/uploads\\\/2021\\\/07\\\/cropped-TonySourcing-logo-1.png\",\"contentUrl\":\"https:\\\/\\\/tonysourcing.com\\\/wp-content\\\/uploads\\\/2021\\\/07\\\/cropped-TonySourcing-logo-1.png\",\"width\":300,\"height\":92,\"caption\":\"Yiwu Zongge\"},\"image\":{\"@id\":\"https:\\\/\\\/tonysourcing.com\\\/#\\\/schema\\\/logo\\\/image\\\/\"},\"sameAs\":[\"https:\\\/\\\/www.facebook.com\\\/TonySourcing\",\"https:\\\/\\\/x.com\\\/TonySourcing\",\"https:\\\/\\\/www.instagram.com\\\/tony_sourcing\\\/\",\"http:\\\/\\\/www.linkedin.com\\\/in\\\/tonychen88\",\"https:\\\/\\\/www.youtube.com\\\/channel\\\/UCZfST1M-NDoqjQ3dB-Tzszg\"]}]}<\/script>\n<!-- \/ Yoast SEO plugin. -->","yoast_head_json":{"title":"Juguetes STEM: Importaci\u00f3n de juguetes al por mayor directamente del fabricante","description":"Importa juguetes STEM de fabricantes chinos. Excelentes productos a buen precio. Contacta con TonySourcing para obtener el cat\u00e1logo hoy mismo. Bienvenido a nuestra tienda.","robots":{"index":"index","follow":"follow","max-snippet":"max-snippet:-1","max-image-preview":"max-image-preview:large","max-video-preview":"max-video-preview:-1"},"canonical":"https:\/\/tonysourcing.com\/es\/al-por-mayor\/juguetes-de-tallo\/","og_locale":"es_ES","og_type":"article","og_title":"STEM Toys - Import Toys Wholesale Directly From Manufacturer","og_description":"Import STEM Toys from China Manufacturer, Good Product and Good Price, Contact TonySourcing for Catalog today. Welcome to our shop.","og_url":"https:\/\/tonysourcing.com\/es\/al-por-mayor\/juguetes-de-tallo\/","og_site_name":"TonySourcing","article_publisher":"https:\/\/www.facebook.com\/TonySourcing","article_modified_time":"2025-06-05T08:09:18+00:00","og_image":[{"width":1484,"height":1500,"url":"https:\/\/tonysourcing.com\/wp-content\/uploads\/2025\/05\/STEM-toys.jpg","type":"image\/jpeg"}],"twitter_card":"summary_large_image","twitter_site":"@TonySourcing","twitter_misc":{"Tiempo de lectura":"2 minutos"},"schema":{"@context":"https:\/\/schema.org","@graph":[{"@type":"WebPage","@id":"https:\/\/tonysourcing.com\/wholesale\/stem-toys\/","url":"https:\/\/tonysourcing.com\/wholesale\/stem-toys\/","name":"Juguetes STEM: Importaci\u00f3n de juguetes al por mayor directamente del fabricante","isPartOf":{"@id":"https:\/\/tonysourcing.com\/#website"},"primaryImageOfPage":{"@id":"https:\/\/tonysourcing.com\/wholesale\/stem-toys\/#primaryimage"},"image":{"@id":"https:\/\/tonysourcing.com\/wholesale\/stem-toys\/#primaryimage"},"thumbnailUrl":"https:\/\/tonysourcing.com\/wp-content\/uploads\/2025\/05\/STEM-toys.jpg","datePublished":"2025-05-27T05:37:16+00:00","dateModified":"2025-06-05T08:09:18+00:00","description":"Importa juguetes STEM de fabricantes chinos. Excelentes productos a buen precio. Contacta con TonySourcing para obtener el cat\u00e1logo hoy mismo. Bienvenido a nuestra tienda.","breadcrumb":{"@id":"https:\/\/tonysourcing.com\/wholesale\/stem-toys\/#breadcrumb"},"inLanguage":"es","potentialAction":[{"@type":"ReadAction","target":["https:\/\/tonysourcing.com\/wholesale\/stem-toys\/"]}]},{"@type":"ImageObject","inLanguage":"es","@id":"https:\/\/tonysourcing.com\/wholesale\/stem-toys\/#primaryimage","url":"https:\/\/tonysourcing.com\/wp-content\/uploads\/2025\/05\/STEM-toys.jpg","contentUrl":"https:\/\/tonysourcing.com\/wp-content\/uploads\/2025\/05\/STEM-toys.jpg","width":1484,"height":1500,"caption":"STEM Toys"},{"@type":"BreadcrumbList","@id":"https:\/\/tonysourcing.com\/wholesale\/stem-toys\/#breadcrumb","itemListElement":[{"@type":"ListItem","position":1,"name":"Home","item":"https:\/\/tonysourcing.com\/"},{"@type":"ListItem","position":2,"name":"Wholesale","item":"https:\/\/tonysourcing.com\/wholesale\/"},{"@type":"ListItem","position":3,"name":"STEM Toys"}]},{"@type":"WebSite","@id":"https:\/\/tonysourcing.com\/#website","url":"https:\/\/tonysourcing.com\/","name":"TonySourcing","description":"Distribuidor mayorista de juguetes y art\u00edculos en promoci\u00f3n en China","publisher":{"@id":"https:\/\/tonysourcing.com\/#organization"},"potentialAction":[{"@type":"SearchAction","target":{"@type":"EntryPoint","urlTemplate":"https:\/\/tonysourcing.com\/?s={search_term_string}"},"query-input":{"@type":"PropertyValueSpecification","valueRequired":true,"valueName":"search_term_string"}}],"inLanguage":"es"},{"@type":"Organization","@id":"https:\/\/tonysourcing.com\/#organization","name":"Yiwu Zongge","url":"https:\/\/tonysourcing.com\/","logo":{"@type":"ImageObject","inLanguage":"es","@id":"https:\/\/tonysourcing.com\/#\/schema\/logo\/image\/","url":"https:\/\/tonysourcing.com\/wp-content\/uploads\/2021\/07\/cropped-TonySourcing-logo-1.png","contentUrl":"https:\/\/tonysourcing.com\/wp-content\/uploads\/2021\/07\/cropped-TonySourcing-logo-1.png","width":300,"height":92,"caption":"Yiwu Zongge"},"image":{"@id":"https:\/\/tonysourcing.com\/#\/schema\/logo\/image\/"},"sameAs":["https:\/\/www.facebook.com\/TonySourcing","https:\/\/x.com\/TonySourcing","https:\/\/www.instagram.com\/tony_sourcing\/","http:\/\/www.linkedin.com\/in\/tonychen88","https:\/\/www.youtube.com\/channel\/UCZfST1M-NDoqjQ3dB-Tzszg"]}]}},"_links":{"self":[{"href":"https:\/\/tonysourcing.com\/es\/wp-json\/wp\/v2\/product\/25171","targetHints":{"allow":["GET"]}}],"collection":[{"href":"https:\/\/tonysourcing.com\/es\/wp-json\/wp\/v2\/product"}],"about":[{"href":"https:\/\/tonysourcing.com\/es\/wp-json\/wp\/v2\/types\/product"}],"version-history":[{"count":2,"href":"https:\/\/tonysourcing.com\/es\/wp-json\/wp\/v2\/product\/25171\/revisions"}],"predecessor-version":[{"id":25326,"href":"https:\/\/tonysourcing.com\/es\/wp-json\/wp\/v2\/product\/25171\/revisions\/25326"}],"wp:featuredmedia":[{"embeddable":true,"href":"https:\/\/tonysourcing.com\/es\/wp-json\/wp\/v2\/media\/25172"}],"wp:attachment":[{"href":"https:\/\/tonysourcing.com\/es\/wp-json\/wp\/v2\/media?parent=25171"}],"wp:term":[{"taxonomy":"product_brand","embeddable":true,"href":"https:\/\/tonysourcing.com\/es\/wp-json\/wp\/v2\/product_brand?post=25171"},{"taxonomy":"product_cat","embeddable":true,"href":"https:\/\/tonysourcing.com\/es\/wp-json\/wp\/v2\/product_cat?post=25171"},{"taxonomy":"product_tag","embeddable":true,"href":"https:\/\/tonysourcing.com\/es\/wp-json\/wp\/v2\/product_tag?post=25171"}],"curies":[{"name":"gracias","href":"https:\/\/api.w.org\/{rel}","templated":true}]}}