{"id":25321,"date":"2025-06-05T07:07:52","date_gmt":"2025-06-05T07:07:52","guid":{"rendered":"https:\/\/tonysourcing.com\/?post_type=product&#038;p=25321"},"modified":"2025-06-12T08:04:07","modified_gmt":"2025-06-12T08:04:07","slug":"vasos-de-cafe-personalizados","status":"publish","type":"product","link":"https:\/\/tonysourcing.com\/es\/wholesale\/personalized-coffee-tumbler-cups\/","title":{"rendered":"Vasos de caf\u00e9 personalizados"},"content":{"rendered":"<h3 data-start=\"127\" data-end=\"210\"> Vasos de caf\u00e9 personalizados: de marca, duraderos y dise\u00f1ados con su logotipo<\/h3>\n<p data-start=\"212\" data-end=\"464\">Buscando alta calidad <strong data-start=\"237\" data-end=\"256\">vasos personalizados<\/strong> \u00bfQue mantienen las bebidas calientes o fr\u00edas y exhiben su marca con estilo? Nuestros <strong data-start=\"324\" data-end=\"360\">Vasos de caf\u00e9 personalizados<\/strong> Son la elecci\u00f3n perfecta para obsequios corporativos, promociones de marca, productos minoristas y obsequios de equipo.<\/p>\n<p data-start=\"466\" data-end=\"772\">Elaborado con materiales de primera calidad <strong data-start=\"487\" data-end=\"506\">acero inoxidable<\/strong>, estos <strong data-start=\"514\" data-end=\"543\">vasos t\u00e9rmicos personalizados<\/strong> Est\u00e1n dise\u00f1ados para durar, con aislamiento de doble pared para mantener la temperatura y reducir la condensaci\u00f3n. Ofrecemos una amplia gama de estilos, incluyendo <strong data-start=\"684\" data-end=\"715\">vasos personalizados con asa<\/strong>, tapas deslizantes, tapas aptas para pajita y agarres ergon\u00f3micos.<\/p>\n<p data-start=\"774\" data-end=\"1072\">\u2705 Disponible en varios colores, tama\u00f1os y acabados.<br data-start=\"824\" data-end=\"827\" \/>\u2705 Su logotipo, a su manera: grabado l\u00e1ser, serigraf\u00eda o rotulaci\u00f3n a todo color<br data-start=\"909\" data-end=\"912\" \/>\u2705 Opciones de MOQ bajo: perfectas tanto para pedidos al por mayor como para tiradas personalizadas de lotes peque\u00f1os<br data-start=\"988\" data-end=\"991\" \/>\u2705 Libre de BPA, ecol\u00f3gico y listo para viajar<br data-start=\"1033\" data-end=\"1036\" \/>\u2705 Muestreo r\u00e1pido y env\u00edo a todo el mundo<\/p>\n<p data-start=\"1074\" data-end=\"1248\">Ya sea que necesites <strong data-start=\"1091\" data-end=\"1126\">vasos de acero inoxidable personalizados<\/strong> para una campa\u00f1a de marca o <strong data-start=\"1151\" data-end=\"1178\">tazas de metal personalizadas<\/strong> Para la apreciaci\u00f3n del personal, hacemos que sea f\u00e1cil hacer realidad su visi\u00f3n.<\/p>\n<p data-start=\"1250\" data-end=\"1479\"> Desde el dise\u00f1o hasta la entrega, nos encargamos de todo, incluida la colocaci\u00f3n del logotipo, el embalaje y la log\u00edstica.<br data-start=\"1352\" data-end=\"1355\" \/> \u00bfListo para crear el tuyo propio? <strong data-start=\"1383\" data-end=\"1403\">vasos impresos<\/strong> o <strong data-start=\"1407\" data-end=\"1432\">art\u00edculos promocionales para beber<\/strong>\u00a1Env\u00edanos un mensaje para obtener una cotizaci\u00f3n r\u00e1pida y una maqueta gratis!<\/p>","protected":false},"excerpt":{"rendered":"<ul>\n<li>N.\u00ba DE ART\u00cdCULO Ec060501<\/li>\n<\/ul>","protected":false},"featured_media":25322,"template":"","meta":{"_kad_post_transparent":"","_kad_post_title":"","_kad_post_layout":"","_kad_post_sidebar_id":"","_kad_post_content_style":"","_kad_post_vertical_padding":"","_kad_post_feature":"","_kad_post_feature_position":"","_kad_post_header":false,"_kad_post_footer":false},"product_brand":[],"product_cat":[1717],"product_tag":[],"class_list":{"0":"post-25321","1":"product","2":"type-product","3":"status-publish","4":"has-post-thumbnail","6":"product_cat-custom-cups","8":"first","9":"instock","10":"shipping-taxable","11":"product-type-simple","12":"entry","13":"content-bg","14":"loop-entry"},"yoast_head":"<!-- This site is optimized with the Yoast SEO plugin v27.4 - https:\/\/yoast.com\/product\/yoast-seo-wordpress\/ -->\n<title>Personalized Coffee Tumbler Cups - Import Toys Wholesale Directly From Manufacturer<\/title>\n<meta name=\"description\" content=\"Import Personalized Coffee Tumbler Cups from China Manufacturer, Good Product and Good Price, Contact TonySourcing for Catalog today\" \/>\n<meta name=\"robots\" content=\"index, follow, max-snippet:-1, max-image-preview:large, max-video-preview:-1\" \/>\n<link rel=\"canonical\" href=\"https:\/\/tonysourcing.com\/es\/al-por-mayor\/vasos-de-cafe-personalizados\/\" \/>\n<meta property=\"og:locale\" content=\"es_ES\" \/>\n<meta property=\"og:type\" content=\"article\" \/>\n<meta property=\"og:title\" content=\"Personalized Coffee Tumbler Cups - Import Toys Wholesale Directly From Manufacturer\" \/>\n<meta property=\"og:description\" content=\"Import Personalized Coffee Tumbler Cups from China Manufacturer, Good Product and Good Price, Contact TonySourcing for Catalog today\" \/>\n<meta property=\"og:url\" content=\"https:\/\/tonysourcing.com\/es\/al-por-mayor\/vasos-de-cafe-personalizados\/\" \/>\n<meta property=\"og:site_name\" content=\"TonySourcing\" \/>\n<meta property=\"article:publisher\" content=\"https:\/\/www.facebook.com\/TonySourcing\" \/>\n<meta property=\"article:modified_time\" content=\"2025-06-12T08:04:07+00:00\" \/>\n<meta property=\"og:image\" content=\"https:\/\/tonysourcing.com\/wp-content\/uploads\/2025\/06\/personalized-coffee-tumbler-cups.jpg\" \/>\n\t<meta property=\"og:image:width\" content=\"1120\" \/>\n\t<meta property=\"og:image:height\" content=\"1120\" \/>\n\t<meta property=\"og:image:type\" content=\"image\/jpeg\" \/>\n<meta name=\"twitter:card\" content=\"summary_large_image\" \/>\n<meta name=\"twitter:site\" content=\"@TonySourcing\" \/>\n<meta name=\"twitter:label1\" content=\"Tiempo de lectura\" \/>\n\t<meta name=\"twitter:data1\" content=\"2 minutos\" \/>\n<script type=\"application\/ld+json\" class=\"yoast-schema-graph\">{\"@context\":\"https:\\\/\\\/schema.org\",\"@graph\":[{\"@type\":\"WebPage\",\"@id\":\"https:\\\/\\\/tonysourcing.com\\\/wholesale\\\/personalized-coffee-tumbler-cups\\\/\",\"url\":\"https:\\\/\\\/tonysourcing.com\\\/wholesale\\\/personalized-coffee-tumbler-cups\\\/\",\"name\":\"Personalized Coffee Tumbler Cups - Import Toys Wholesale Directly From Manufacturer\",\"isPartOf\":{\"@id\":\"https:\\\/\\\/tonysourcing.com\\\/#website\"},\"primaryImageOfPage\":{\"@id\":\"https:\\\/\\\/tonysourcing.com\\\/wholesale\\\/personalized-coffee-tumbler-cups\\\/#primaryimage\"},\"image\":{\"@id\":\"https:\\\/\\\/tonysourcing.com\\\/wholesale\\\/personalized-coffee-tumbler-cups\\\/#primaryimage\"},\"thumbnailUrl\":\"https:\\\/\\\/tonysourcing.com\\\/wp-content\\\/uploads\\\/2025\\\/06\\\/personalized-coffee-tumbler-cups.jpg\",\"datePublished\":\"2025-06-05T07:07:52+00:00\",\"dateModified\":\"2025-06-12T08:04:07+00:00\",\"description\":\"Import Personalized Coffee Tumbler Cups from China Manufacturer, Good Product and Good Price, Contact TonySourcing for Catalog today\",\"breadcrumb\":{\"@id\":\"https:\\\/\\\/tonysourcing.com\\\/wholesale\\\/personalized-coffee-tumbler-cups\\\/#breadcrumb\"},\"inLanguage\":\"es\",\"potentialAction\":[{\"@type\":\"ReadAction\",\"target\":[\"https:\\\/\\\/tonysourcing.com\\\/wholesale\\\/personalized-coffee-tumbler-cups\\\/\"]}]},{\"@type\":\"ImageObject\",\"inLanguage\":\"es\",\"@id\":\"https:\\\/\\\/tonysourcing.com\\\/wholesale\\\/personalized-coffee-tumbler-cups\\\/#primaryimage\",\"url\":\"https:\\\/\\\/tonysourcing.com\\\/wp-content\\\/uploads\\\/2025\\\/06\\\/personalized-coffee-tumbler-cups.jpg\",\"contentUrl\":\"https:\\\/\\\/tonysourcing.com\\\/wp-content\\\/uploads\\\/2025\\\/06\\\/personalized-coffee-tumbler-cups.jpg\",\"width\":1120,\"height\":1120,\"caption\":\"Personalized Coffee Tumbler Cups\"},{\"@type\":\"BreadcrumbList\",\"@id\":\"https:\\\/\\\/tonysourcing.com\\\/wholesale\\\/personalized-coffee-tumbler-cups\\\/#breadcrumb\",\"itemListElement\":[{\"@type\":\"ListItem\",\"position\":1,\"name\":\"Home\",\"item\":\"https:\\\/\\\/tonysourcing.com\\\/\"},{\"@type\":\"ListItem\",\"position\":2,\"name\":\"Wholesale\",\"item\":\"https:\\\/\\\/tonysourcing.com\\\/wholesale\\\/\"},{\"@type\":\"ListItem\",\"position\":3,\"name\":\"Personalized Coffee Tumbler Cups\"}]},{\"@type\":\"WebSite\",\"@id\":\"https:\\\/\\\/tonysourcing.com\\\/#website\",\"url\":\"https:\\\/\\\/tonysourcing.com\\\/\",\"name\":\"TonySourcing\",\"description\":\"Toys Wholesale Distributor &amp; China Promition Items\",\"publisher\":{\"@id\":\"https:\\\/\\\/tonysourcing.com\\\/#organization\"},\"potentialAction\":[{\"@type\":\"SearchAction\",\"target\":{\"@type\":\"EntryPoint\",\"urlTemplate\":\"https:\\\/\\\/tonysourcing.com\\\/?s={search_term_string}\"},\"query-input\":{\"@type\":\"PropertyValueSpecification\",\"valueRequired\":true,\"valueName\":\"search_term_string\"}}],\"inLanguage\":\"es\"},{\"@type\":\"Organization\",\"@id\":\"https:\\\/\\\/tonysourcing.com\\\/#organization\",\"name\":\"Yiwu Zongge\",\"url\":\"https:\\\/\\\/tonysourcing.com\\\/\",\"logo\":{\"@type\":\"ImageObject\",\"inLanguage\":\"es\",\"@id\":\"https:\\\/\\\/tonysourcing.com\\\/#\\\/schema\\\/logo\\\/image\\\/\",\"url\":\"https:\\\/\\\/tonysourcing.com\\\/wp-content\\\/uploads\\\/2021\\\/07\\\/cropped-TonySourcing-logo-1.png\",\"contentUrl\":\"https:\\\/\\\/tonysourcing.com\\\/wp-content\\\/uploads\\\/2021\\\/07\\\/cropped-TonySourcing-logo-1.png\",\"width\":300,\"height\":92,\"caption\":\"Yiwu Zongge\"},\"image\":{\"@id\":\"https:\\\/\\\/tonysourcing.com\\\/#\\\/schema\\\/logo\\\/image\\\/\"},\"sameAs\":[\"https:\\\/\\\/www.facebook.com\\\/TonySourcing\",\"https:\\\/\\\/x.com\\\/TonySourcing\",\"https:\\\/\\\/www.instagram.com\\\/tony_sourcing\\\/\",\"http:\\\/\\\/www.linkedin.com\\\/in\\\/tonychen88\",\"https:\\\/\\\/www.youtube.com\\\/channel\\\/UCZfST1M-NDoqjQ3dB-Tzszg\"]}]}<\/script>\n<!-- \/ Yoast SEO plugin. -->","yoast_head_json":{"title":"Vasos de caf\u00e9 personalizados: juguetes de importaci\u00f3n al por mayor directamente del fabricante","description":"Importe tazas de caf\u00e9 personalizadas del fabricante chino. Buen producto y buen precio. Contacte con TonySourcing para obtener el cat\u00e1logo hoy mismo.","robots":{"index":"index","follow":"follow","max-snippet":"max-snippet:-1","max-image-preview":"max-image-preview:large","max-video-preview":"max-video-preview:-1"},"canonical":"https:\/\/tonysourcing.com\/es\/al-por-mayor\/vasos-de-cafe-personalizados\/","og_locale":"es_ES","og_type":"article","og_title":"Personalized Coffee Tumbler Cups - Import Toys Wholesale Directly From Manufacturer","og_description":"Import Personalized Coffee Tumbler Cups from China Manufacturer, Good Product and Good Price, Contact TonySourcing for Catalog today","og_url":"https:\/\/tonysourcing.com\/es\/al-por-mayor\/vasos-de-cafe-personalizados\/","og_site_name":"TonySourcing","article_publisher":"https:\/\/www.facebook.com\/TonySourcing","article_modified_time":"2025-06-12T08:04:07+00:00","og_image":[{"width":1120,"height":1120,"url":"https:\/\/tonysourcing.com\/wp-content\/uploads\/2025\/06\/personalized-coffee-tumbler-cups.jpg","type":"image\/jpeg"}],"twitter_card":"summary_large_image","twitter_site":"@TonySourcing","twitter_misc":{"Tiempo de lectura":"2 minutos"},"schema":{"@context":"https:\/\/schema.org","@graph":[{"@type":"WebPage","@id":"https:\/\/tonysourcing.com\/wholesale\/personalized-coffee-tumbler-cups\/","url":"https:\/\/tonysourcing.com\/wholesale\/personalized-coffee-tumbler-cups\/","name":"Vasos de caf\u00e9 personalizados: juguetes de importaci\u00f3n al por mayor directamente del fabricante","isPartOf":{"@id":"https:\/\/tonysourcing.com\/#website"},"primaryImageOfPage":{"@id":"https:\/\/tonysourcing.com\/wholesale\/personalized-coffee-tumbler-cups\/#primaryimage"},"image":{"@id":"https:\/\/tonysourcing.com\/wholesale\/personalized-coffee-tumbler-cups\/#primaryimage"},"thumbnailUrl":"https:\/\/tonysourcing.com\/wp-content\/uploads\/2025\/06\/personalized-coffee-tumbler-cups.jpg","datePublished":"2025-06-05T07:07:52+00:00","dateModified":"2025-06-12T08:04:07+00:00","description":"Importe tazas de caf\u00e9 personalizadas del fabricante chino. Buen producto y buen precio. Contacte con TonySourcing para obtener el cat\u00e1logo hoy mismo.","breadcrumb":{"@id":"https:\/\/tonysourcing.com\/wholesale\/personalized-coffee-tumbler-cups\/#breadcrumb"},"inLanguage":"es","potentialAction":[{"@type":"ReadAction","target":["https:\/\/tonysourcing.com\/wholesale\/personalized-coffee-tumbler-cups\/"]}]},{"@type":"ImageObject","inLanguage":"es","@id":"https:\/\/tonysourcing.com\/wholesale\/personalized-coffee-tumbler-cups\/#primaryimage","url":"https:\/\/tonysourcing.com\/wp-content\/uploads\/2025\/06\/personalized-coffee-tumbler-cups.jpg","contentUrl":"https:\/\/tonysourcing.com\/wp-content\/uploads\/2025\/06\/personalized-coffee-tumbler-cups.jpg","width":1120,"height":1120,"caption":"Personalized Coffee Tumbler Cups"},{"@type":"BreadcrumbList","@id":"https:\/\/tonysourcing.com\/wholesale\/personalized-coffee-tumbler-cups\/#breadcrumb","itemListElement":[{"@type":"ListItem","position":1,"name":"Home","item":"https:\/\/tonysourcing.com\/"},{"@type":"ListItem","position":2,"name":"Wholesale","item":"https:\/\/tonysourcing.com\/wholesale\/"},{"@type":"ListItem","position":3,"name":"Personalized Coffee Tumbler Cups"}]},{"@type":"WebSite","@id":"https:\/\/tonysourcing.com\/#website","url":"https:\/\/tonysourcing.com\/","name":"TonySourcing","description":"Distribuidor mayorista de juguetes y art\u00edculos en promoci\u00f3n en China","publisher":{"@id":"https:\/\/tonysourcing.com\/#organization"},"potentialAction":[{"@type":"SearchAction","target":{"@type":"EntryPoint","urlTemplate":"https:\/\/tonysourcing.com\/?s={search_term_string}"},"query-input":{"@type":"PropertyValueSpecification","valueRequired":true,"valueName":"search_term_string"}}],"inLanguage":"es"},{"@type":"Organization","@id":"https:\/\/tonysourcing.com\/#organization","name":"Yiwu Zongge","url":"https:\/\/tonysourcing.com\/","logo":{"@type":"ImageObject","inLanguage":"es","@id":"https:\/\/tonysourcing.com\/#\/schema\/logo\/image\/","url":"https:\/\/tonysourcing.com\/wp-content\/uploads\/2021\/07\/cropped-TonySourcing-logo-1.png","contentUrl":"https:\/\/tonysourcing.com\/wp-content\/uploads\/2021\/07\/cropped-TonySourcing-logo-1.png","width":300,"height":92,"caption":"Yiwu Zongge"},"image":{"@id":"https:\/\/tonysourcing.com\/#\/schema\/logo\/image\/"},"sameAs":["https:\/\/www.facebook.com\/TonySourcing","https:\/\/x.com\/TonySourcing","https:\/\/www.instagram.com\/tony_sourcing\/","http:\/\/www.linkedin.com\/in\/tonychen88","https:\/\/www.youtube.com\/channel\/UCZfST1M-NDoqjQ3dB-Tzszg"]}]}},"_links":{"self":[{"href":"https:\/\/tonysourcing.com\/es\/wp-json\/wp\/v2\/product\/25321","targetHints":{"allow":["GET"]}}],"collection":[{"href":"https:\/\/tonysourcing.com\/es\/wp-json\/wp\/v2\/product"}],"about":[{"href":"https:\/\/tonysourcing.com\/es\/wp-json\/wp\/v2\/types\/product"}],"version-history":[{"count":2,"href":"https:\/\/tonysourcing.com\/es\/wp-json\/wp\/v2\/product\/25321\/revisions"}],"predecessor-version":[{"id":25325,"href":"https:\/\/tonysourcing.com\/es\/wp-json\/wp\/v2\/product\/25321\/revisions\/25325"}],"wp:featuredmedia":[{"embeddable":true,"href":"https:\/\/tonysourcing.com\/es\/wp-json\/wp\/v2\/media\/25322"}],"wp:attachment":[{"href":"https:\/\/tonysourcing.com\/es\/wp-json\/wp\/v2\/media?parent=25321"}],"wp:term":[{"taxonomy":"product_brand","embeddable":true,"href":"https:\/\/tonysourcing.com\/es\/wp-json\/wp\/v2\/product_brand?post=25321"},{"taxonomy":"product_cat","embeddable":true,"href":"https:\/\/tonysourcing.com\/es\/wp-json\/wp\/v2\/product_cat?post=25321"},{"taxonomy":"product_tag","embeddable":true,"href":"https:\/\/tonysourcing.com\/es\/wp-json\/wp\/v2\/product_tag?post=25321"}],"curies":[{"name":"gracias","href":"https:\/\/api.w.org\/{rel}","templated":true}]}}