{"id":26641,"date":"2025-07-01T06:45:48","date_gmt":"2025-07-01T06:45:48","guid":{"rendered":"https:\/\/tonysourcing.com\/?post_type=product&#038;p=26641"},"modified":"2025-07-01T07:07:27","modified_gmt":"2025-07-01T07:07:27","slug":"abridor-de-botellas-personalizado","status":"publish","type":"product","link":"https:\/\/tonysourcing.com\/es\/wholesale\/personalized-custom-bottle-opener\/","title":{"rendered":"Abridor de botellas personalizado"},"content":{"rendered":"<h3 data-start=\"87\" data-end=\"158\"><strong data-start=\"91\" data-end=\"158\">Abridores de botellas personalizados: herramientas de marca con personalidad<\/strong><\/h3>\n<p data-start=\"160\" data-end=\"456\"><strong data-start=\"160\" data-end=\"176\">Descripci\u00f3n:<\/strong><br data-start=\"176\" data-end=\"179\" \/>Abra nuevas oportunidades de marca con nuestra <strong data-start=\"223\" data-end=\"248\">abrebotellas personalizados<\/strong> \u2014 La combinaci\u00f3n perfecta de funcionalidad y promoci\u00f3n. Ideales para bares, eventos, cervecer\u00edas y regalos corporativos, estos... <strong data-start=\"362\" data-end=\"388\">abrebotellas de marca<\/strong> Son totalmente personalizables con su logotipo, mensaje o dise\u00f1o grabado.<\/p>\n<p data-start=\"458\" data-end=\"744\">Ya sea que necesites <strong data-start=\"475\" data-end=\"505\">Abridores de botellas de cerveza personalizados<\/strong>, <strong data-start=\"507\" data-end=\"534\">Abridores de metal con logotipo<\/strong>, o <strong data-start=\"539\" data-end=\"561\">herramientas de barra grabada<\/strong>Te ofrecemos una amplia gama de estilos, materiales y acabados. Desde dise\u00f1os de bolsillo hasta abridores de barra robustos, cada pieza est\u00e1 dise\u00f1ada para impresionar y durar.<\/p>\n<p data-start=\"746\" data-end=\"872\">Disponible en <strong data-start=\"759\" data-end=\"767\">a granel<\/strong>Con MOQ bajos y entrega r\u00e1pida, estos abridores son ideales tanto para campa\u00f1as promocionales como para uso minorista.<\/p>\n<p data-start=\"874\" data-end=\"897\"><strong data-start=\"874\" data-end=\"897\">Caracter\u00edsticas destacadas del producto:<\/strong><\/p>\n<ul data-start=\"898\" data-end=\"1314\">\n<li data-start=\"898\" data-end=\"973\">\n<p data-start=\"900\" data-end=\"973\">\u2705 Construcci\u00f3n de metal duradera (acero inoxidable, aluminio o aleaci\u00f3n de zinc)<\/p>\n<\/li>\n<li data-start=\"974\" data-end=\"1044\">\n<p data-start=\"976\" data-end=\"1044\">\u2705 Impresi\u00f3n o grabado personalizado: su logotipo, marca o mensaje<\/p>\n<\/li>\n<li data-start=\"1045\" data-end=\"1110\">\n<p data-start=\"1047\" data-end=\"1110\">\u2705 Estilos compactos o de tama\u00f1o completo para usar en casa, en el bar o mientras viaja<\/p>\n<\/li>\n<li data-start=\"1111\" data-end=\"1170\">\n<p data-start=\"1113\" data-end=\"1170\">\u2705 Versiones opcionales de llavero, magn\u00e9ticas o de montaje en pared.<\/p>\n<\/li>\n<li data-start=\"1171\" data-end=\"1235\">\n<p data-start=\"1173\" data-end=\"1235\">\u2705 Perfecto para marcas de cerveza, eventos, restaurantes o obsequios.<\/p>\n<\/li>\n<li data-start=\"1236\" data-end=\"1269\">\n<p data-start=\"1238\" data-end=\"1269\">\u2705 MOQ bajo a partir de 100 piezas<\/p>\n<\/li>\n<li data-start=\"1270\" data-end=\"1314\">\n<p data-start=\"1272\" data-end=\"1314\">\u2705 Precios directos de f\u00e1brica y env\u00edo global<\/p>\n<\/li>\n<\/ul>\n<p data-start=\"1316\" data-end=\"1342\"><strong data-start=\"1316\" data-end=\"1342\">Opciones de personalizaci\u00f3n:<\/strong><\/p>\n<ul data-start=\"1343\" data-end=\"1561\">\n<li data-start=\"1343\" data-end=\"1373\">\n<p data-start=\"1345\" data-end=\"1373\">Abridores de botellas con logotipo personalizado<\/p>\n<\/li>\n<li data-start=\"1374\" data-end=\"1412\">\n<p data-start=\"1376\" data-end=\"1412\">Abrebotellas grabados o impresos<\/p>\n<\/li>\n<li data-start=\"1413\" data-end=\"1457\">\n<p data-start=\"1415\" data-end=\"1457\">Abrebotellas promocionales con llavero<\/p>\n<\/li>\n<li data-start=\"1458\" data-end=\"1516\">\n<p data-start=\"1460\" data-end=\"1516\">Dise\u00f1os de marca a todo color o grabado l\u00e1ser minimalista.<\/p>\n<\/li>\n<li data-start=\"1517\" data-end=\"1561\">\n<p data-start=\"1519\" data-end=\"1561\">Abridores de barra personalizados para eventos o uso del personal.<\/p>\n<\/li>\n<\/ul>\n<hr data-start=\"1563\" data-end=\"1566\" \/>\n<p data-start=\"1568\" data-end=\"1656\"> <strong data-start=\"1571\" data-end=\"1604\">Abridores de botellas personalizados al por mayor<\/strong> Disponible \u2013 dise\u00f1ado para adaptarse a su marca y presupuesto.<\/p>\n<p data-start=\"1658\" data-end=\"1736\">\ufe0f <strong data-start=\"1662\" data-end=\"1692\">Servicio de dise\u00f1o a entrega<\/strong> \u2013 Desde su logotipo hasta un producto listo para usar.<\/p>\n<p data-start=\"1738\" data-end=\"1825\"> <strong data-start=\"1741\" data-end=\"1782\">Solicite ahora su muestra o cotizaci\u00f3n gratuita<\/strong> \u00a1Y construyamos tu pr\u00f3ximo \u00e9xito promocional!<\/p>","protected":false},"excerpt":{"rendered":"<p>N.\u00ba de art\u00edculo: Lu2001<\/p>","protected":false},"featured_media":26642,"template":"","meta":{"_kad_post_transparent":"default","_kad_post_title":"","_kad_post_layout":"default","_kad_post_sidebar_id":"","_kad_post_content_style":"default","_kad_post_vertical_padding":"default","_kad_post_feature":"","_kad_post_feature_position":"","_kad_post_header":false,"_kad_post_footer":false},"product_brand":[],"product_cat":[1801],"product_tag":[1803],"class_list":{"0":"post-26641","1":"product","2":"type-product","3":"status-publish","4":"has-post-thumbnail","6":"product_cat-custom-wine-opener","7":"product_tag-custom-wine-opener","9":"first","10":"instock","11":"shipping-taxable","12":"product-type-simple","13":"entry","14":"content-bg","15":"loop-entry"},"yoast_head":"<!-- This site is optimized with the Yoast SEO plugin v27.3 - https:\/\/yoast.com\/product\/yoast-seo-wordpress\/ -->\n<title>Personalized Custom Bottle Opener- Import Product Directly From Manufactur<\/title>\n<meta name=\"description\" content=\"Import Personalized Custom Bottle Opener from China Manufacturer, Good Product and Good Price Promotional items, Contact TonySourcing for Catalog today\" \/>\n<meta name=\"robots\" content=\"index, follow, max-snippet:-1, max-image-preview:large, max-video-preview:-1\" \/>\n<link rel=\"canonical\" href=\"https:\/\/tonysourcing.com\/es\/al-por-mayor\/abridor-de-botellas-personalizado\/\" \/>\n<meta property=\"og:locale\" content=\"es_ES\" \/>\n<meta property=\"og:type\" content=\"article\" \/>\n<meta property=\"og:title\" content=\"Personalized Custom Bottle Opener- Import Product Directly From Manufactur\" \/>\n<meta property=\"og:description\" content=\"Import Personalized Custom Bottle Opener from China Manufacturer, Good Product and Good Price Promotional items, Contact TonySourcing for Catalog today\" \/>\n<meta property=\"og:url\" content=\"https:\/\/tonysourcing.com\/es\/al-por-mayor\/abridor-de-botellas-personalizado\/\" \/>\n<meta property=\"og:site_name\" content=\"TonySourcing\" \/>\n<meta property=\"article:publisher\" content=\"https:\/\/www.facebook.com\/TonySourcing\" \/>\n<meta property=\"article:modified_time\" content=\"2025-07-01T07:07:27+00:00\" \/>\n<meta property=\"og:image\" content=\"https:\/\/tonysourcing.com\/wp-content\/uploads\/2025\/07\/\u5fae\u4fe1\u622a\u56fe_20250701115928.jpg\" \/>\n\t<meta property=\"og:image:width\" content=\"471\" \/>\n\t<meta property=\"og:image:height\" content=\"512\" \/>\n\t<meta property=\"og:image:type\" content=\"image\/jpeg\" \/>\n<meta name=\"twitter:card\" content=\"summary_large_image\" \/>\n<meta name=\"twitter:site\" content=\"@TonySourcing\" \/>\n<meta name=\"twitter:label1\" content=\"Tiempo de lectura\" \/>\n\t<meta name=\"twitter:data1\" content=\"2 minutos\" \/>\n<script type=\"application\/ld+json\" class=\"yoast-schema-graph\">{\"@context\":\"https:\\\/\\\/schema.org\",\"@graph\":[{\"@type\":\"WebPage\",\"@id\":\"https:\\\/\\\/tonysourcing.com\\\/wholesale\\\/personalized-custom-bottle-opener\\\/\",\"url\":\"https:\\\/\\\/tonysourcing.com\\\/wholesale\\\/personalized-custom-bottle-opener\\\/\",\"name\":\"Personalized Custom Bottle Opener- Import Product Directly From Manufactur\",\"isPartOf\":{\"@id\":\"https:\\\/\\\/tonysourcing.com\\\/#website\"},\"primaryImageOfPage\":{\"@id\":\"https:\\\/\\\/tonysourcing.com\\\/wholesale\\\/personalized-custom-bottle-opener\\\/#primaryimage\"},\"image\":{\"@id\":\"https:\\\/\\\/tonysourcing.com\\\/wholesale\\\/personalized-custom-bottle-opener\\\/#primaryimage\"},\"thumbnailUrl\":\"https:\\\/\\\/tonysourcing.com\\\/wp-content\\\/uploads\\\/2025\\\/07\\\/\u5fae\u4fe1\u622a\u56fe_20250701115928-e1753952368392.jpg\",\"datePublished\":\"2025-07-01T06:45:48+00:00\",\"dateModified\":\"2025-07-01T07:07:27+00:00\",\"description\":\"Import Personalized Custom Bottle Opener from China Manufacturer, Good Product and Good Price Promotional items, Contact TonySourcing for Catalog today\",\"breadcrumb\":{\"@id\":\"https:\\\/\\\/tonysourcing.com\\\/wholesale\\\/personalized-custom-bottle-opener\\\/#breadcrumb\"},\"inLanguage\":\"es\",\"potentialAction\":[{\"@type\":\"ReadAction\",\"target\":[\"https:\\\/\\\/tonysourcing.com\\\/wholesale\\\/personalized-custom-bottle-opener\\\/\"]}]},{\"@type\":\"ImageObject\",\"inLanguage\":\"es\",\"@id\":\"https:\\\/\\\/tonysourcing.com\\\/wholesale\\\/personalized-custom-bottle-opener\\\/#primaryimage\",\"url\":\"https:\\\/\\\/tonysourcing.com\\\/wp-content\\\/uploads\\\/2025\\\/07\\\/\u5fae\u4fe1\u622a\u56fe_20250701115928-e1753952368392.jpg\",\"contentUrl\":\"https:\\\/\\\/tonysourcing.com\\\/wp-content\\\/uploads\\\/2025\\\/07\\\/\u5fae\u4fe1\u622a\u56fe_20250701115928-e1753952368392.jpg\",\"width\":470,\"height\":470,\"caption\":\"Personalized Custom Bottle Opener\"},{\"@type\":\"BreadcrumbList\",\"@id\":\"https:\\\/\\\/tonysourcing.com\\\/wholesale\\\/personalized-custom-bottle-opener\\\/#breadcrumb\",\"itemListElement\":[{\"@type\":\"ListItem\",\"position\":1,\"name\":\"Home\",\"item\":\"https:\\\/\\\/tonysourcing.com\\\/\"},{\"@type\":\"ListItem\",\"position\":2,\"name\":\"Wholesale\",\"item\":\"https:\\\/\\\/tonysourcing.com\\\/wholesale\\\/\"},{\"@type\":\"ListItem\",\"position\":3,\"name\":\"Personalized Custom Bottle Opener\"}]},{\"@type\":\"WebSite\",\"@id\":\"https:\\\/\\\/tonysourcing.com\\\/#website\",\"url\":\"https:\\\/\\\/tonysourcing.com\\\/\",\"name\":\"TonySourcing\",\"description\":\"Toys Wholesale Distributor &amp; China Promition Items\",\"publisher\":{\"@id\":\"https:\\\/\\\/tonysourcing.com\\\/#organization\"},\"potentialAction\":[{\"@type\":\"SearchAction\",\"target\":{\"@type\":\"EntryPoint\",\"urlTemplate\":\"https:\\\/\\\/tonysourcing.com\\\/?s={search_term_string}\"},\"query-input\":{\"@type\":\"PropertyValueSpecification\",\"valueRequired\":true,\"valueName\":\"search_term_string\"}}],\"inLanguage\":\"es\"},{\"@type\":\"Organization\",\"@id\":\"https:\\\/\\\/tonysourcing.com\\\/#organization\",\"name\":\"Yiwu Zongge\",\"url\":\"https:\\\/\\\/tonysourcing.com\\\/\",\"logo\":{\"@type\":\"ImageObject\",\"inLanguage\":\"es\",\"@id\":\"https:\\\/\\\/tonysourcing.com\\\/#\\\/schema\\\/logo\\\/image\\\/\",\"url\":\"https:\\\/\\\/tonysourcing.com\\\/wp-content\\\/uploads\\\/2021\\\/07\\\/cropped-TonySourcing-logo-1.png\",\"contentUrl\":\"https:\\\/\\\/tonysourcing.com\\\/wp-content\\\/uploads\\\/2021\\\/07\\\/cropped-TonySourcing-logo-1.png\",\"width\":300,\"height\":92,\"caption\":\"Yiwu Zongge\"},\"image\":{\"@id\":\"https:\\\/\\\/tonysourcing.com\\\/#\\\/schema\\\/logo\\\/image\\\/\"},\"sameAs\":[\"https:\\\/\\\/www.facebook.com\\\/TonySourcing\",\"https:\\\/\\\/x.com\\\/TonySourcing\",\"https:\\\/\\\/www.instagram.com\\\/tony_sourcing\\\/\",\"http:\\\/\\\/www.linkedin.com\\\/in\\\/tonychen88\",\"https:\\\/\\\/www.youtube.com\\\/channel\\\/UCZfST1M-NDoqjQ3dB-Tzszg\"]}]}<\/script>\n<!-- \/ Yoast SEO plugin. -->","yoast_head_json":{"title":"Abridor de botellas personalizado: importe el producto directamente del fabricante","description":"Importe abridor de botellas personalizado del fabricante chino, buen producto y art\u00edculos promocionales a buen precio, comun\u00edquese con TonySourcing para obtener el cat\u00e1logo hoy","robots":{"index":"index","follow":"follow","max-snippet":"max-snippet:-1","max-image-preview":"max-image-preview:large","max-video-preview":"max-video-preview:-1"},"canonical":"https:\/\/tonysourcing.com\/es\/al-por-mayor\/abridor-de-botellas-personalizado\/","og_locale":"es_ES","og_type":"article","og_title":"Personalized Custom Bottle Opener- Import Product Directly From Manufactur","og_description":"Import Personalized Custom Bottle Opener from China Manufacturer, Good Product and Good Price Promotional items, Contact TonySourcing for Catalog today","og_url":"https:\/\/tonysourcing.com\/es\/al-por-mayor\/abridor-de-botellas-personalizado\/","og_site_name":"TonySourcing","article_publisher":"https:\/\/www.facebook.com\/TonySourcing","article_modified_time":"2025-07-01T07:07:27+00:00","og_image":[{"width":471,"height":512,"url":"https:\/\/tonysourcing.com\/wp-content\/uploads\/2025\/07\/\u5fae\u4fe1\u622a\u56fe_20250701115928.jpg","type":"image\/jpeg"}],"twitter_card":"summary_large_image","twitter_site":"@TonySourcing","twitter_misc":{"Tiempo de lectura":"2 minutos"},"schema":{"@context":"https:\/\/schema.org","@graph":[{"@type":"WebPage","@id":"https:\/\/tonysourcing.com\/wholesale\/personalized-custom-bottle-opener\/","url":"https:\/\/tonysourcing.com\/wholesale\/personalized-custom-bottle-opener\/","name":"Abridor de botellas personalizado: importe el producto directamente del fabricante","isPartOf":{"@id":"https:\/\/tonysourcing.com\/#website"},"primaryImageOfPage":{"@id":"https:\/\/tonysourcing.com\/wholesale\/personalized-custom-bottle-opener\/#primaryimage"},"image":{"@id":"https:\/\/tonysourcing.com\/wholesale\/personalized-custom-bottle-opener\/#primaryimage"},"thumbnailUrl":"https:\/\/tonysourcing.com\/wp-content\/uploads\/2025\/07\/\u5fae\u4fe1\u622a\u56fe_20250701115928-e1753952368392.jpg","datePublished":"2025-07-01T06:45:48+00:00","dateModified":"2025-07-01T07:07:27+00:00","description":"Importe abridor de botellas personalizado del fabricante chino, buen producto y art\u00edculos promocionales a buen precio, comun\u00edquese con TonySourcing para obtener el cat\u00e1logo hoy","breadcrumb":{"@id":"https:\/\/tonysourcing.com\/wholesale\/personalized-custom-bottle-opener\/#breadcrumb"},"inLanguage":"es","potentialAction":[{"@type":"ReadAction","target":["https:\/\/tonysourcing.com\/wholesale\/personalized-custom-bottle-opener\/"]}]},{"@type":"ImageObject","inLanguage":"es","@id":"https:\/\/tonysourcing.com\/wholesale\/personalized-custom-bottle-opener\/#primaryimage","url":"https:\/\/tonysourcing.com\/wp-content\/uploads\/2025\/07\/\u5fae\u4fe1\u622a\u56fe_20250701115928-e1753952368392.jpg","contentUrl":"https:\/\/tonysourcing.com\/wp-content\/uploads\/2025\/07\/\u5fae\u4fe1\u622a\u56fe_20250701115928-e1753952368392.jpg","width":470,"height":470,"caption":"Personalized Custom Bottle Opener"},{"@type":"BreadcrumbList","@id":"https:\/\/tonysourcing.com\/wholesale\/personalized-custom-bottle-opener\/#breadcrumb","itemListElement":[{"@type":"ListItem","position":1,"name":"Home","item":"https:\/\/tonysourcing.com\/"},{"@type":"ListItem","position":2,"name":"Wholesale","item":"https:\/\/tonysourcing.com\/wholesale\/"},{"@type":"ListItem","position":3,"name":"Personalized Custom Bottle Opener"}]},{"@type":"WebSite","@id":"https:\/\/tonysourcing.com\/#website","url":"https:\/\/tonysourcing.com\/","name":"TonySourcing","description":"Distribuidor mayorista de juguetes y art\u00edculos en promoci\u00f3n en China","publisher":{"@id":"https:\/\/tonysourcing.com\/#organization"},"potentialAction":[{"@type":"SearchAction","target":{"@type":"EntryPoint","urlTemplate":"https:\/\/tonysourcing.com\/?s={search_term_string}"},"query-input":{"@type":"PropertyValueSpecification","valueRequired":true,"valueName":"search_term_string"}}],"inLanguage":"es"},{"@type":"Organization","@id":"https:\/\/tonysourcing.com\/#organization","name":"Yiwu Zongge","url":"https:\/\/tonysourcing.com\/","logo":{"@type":"ImageObject","inLanguage":"es","@id":"https:\/\/tonysourcing.com\/#\/schema\/logo\/image\/","url":"https:\/\/tonysourcing.com\/wp-content\/uploads\/2021\/07\/cropped-TonySourcing-logo-1.png","contentUrl":"https:\/\/tonysourcing.com\/wp-content\/uploads\/2021\/07\/cropped-TonySourcing-logo-1.png","width":300,"height":92,"caption":"Yiwu Zongge"},"image":{"@id":"https:\/\/tonysourcing.com\/#\/schema\/logo\/image\/"},"sameAs":["https:\/\/www.facebook.com\/TonySourcing","https:\/\/x.com\/TonySourcing","https:\/\/www.instagram.com\/tony_sourcing\/","http:\/\/www.linkedin.com\/in\/tonychen88","https:\/\/www.youtube.com\/channel\/UCZfST1M-NDoqjQ3dB-Tzszg"]}]}},"_links":{"self":[{"href":"https:\/\/tonysourcing.com\/es\/wp-json\/wp\/v2\/product\/26641","targetHints":{"allow":["GET"]}}],"collection":[{"href":"https:\/\/tonysourcing.com\/es\/wp-json\/wp\/v2\/product"}],"about":[{"href":"https:\/\/tonysourcing.com\/es\/wp-json\/wp\/v2\/types\/product"}],"version-history":[{"count":1,"href":"https:\/\/tonysourcing.com\/es\/wp-json\/wp\/v2\/product\/26641\/revisions"}],"predecessor-version":[{"id":26644,"href":"https:\/\/tonysourcing.com\/es\/wp-json\/wp\/v2\/product\/26641\/revisions\/26644"}],"wp:featuredmedia":[{"embeddable":true,"href":"https:\/\/tonysourcing.com\/es\/wp-json\/wp\/v2\/media\/26642"}],"wp:attachment":[{"href":"https:\/\/tonysourcing.com\/es\/wp-json\/wp\/v2\/media?parent=26641"}],"wp:term":[{"taxonomy":"product_brand","embeddable":true,"href":"https:\/\/tonysourcing.com\/es\/wp-json\/wp\/v2\/product_brand?post=26641"},{"taxonomy":"product_cat","embeddable":true,"href":"https:\/\/tonysourcing.com\/es\/wp-json\/wp\/v2\/product_cat?post=26641"},{"taxonomy":"product_tag","embeddable":true,"href":"https:\/\/tonysourcing.com\/es\/wp-json\/wp\/v2\/product_tag?post=26641"}],"curies":[{"name":"gracias","href":"https:\/\/api.w.org\/{rel}","templated":true}]}}