{"id":26875,"date":"2025-07-25T02:01:06","date_gmt":"2025-07-25T02:01:06","guid":{"rendered":"https:\/\/tonysourcing.com\/?post_type=product&#038;p=26875"},"modified":"2025-07-25T02:12:10","modified_gmt":"2025-07-25T02:12:10","slug":"bolsas-oxford-con-cordon-personalizadas","status":"publish","type":"product","link":"https:\/\/tonysourcing.com\/es\/wholesale\/custom-drawstring-bags-oxford\/","title":{"rendered":"Bolsas Oxford con cord\u00f3n personalizadas"},"content":{"rendered":"<h4 data-start=\"1155\" data-end=\"1232\"><strong data-start=\"1160\" data-end=\"1232\">Bolsas con cord\u00f3n personalizadas: ligeras, vers\u00e1tiles y totalmente personalizables<\/strong><\/h4>\n<p data-start=\"1234\" data-end=\"1535\">\u00bfBuscas un art\u00edculo promocional pr\u00e1ctico y econ\u00f3mico? Nuestro <strong data-start=\"1300\" data-end=\"1326\">bolsas con cord\u00f3n personalizadas<\/strong> Son una excelente opci\u00f3n para eventos, escuelas, equipos deportivos y campa\u00f1as de marca. Fabricadas con materiales duraderos como tela no tejida, poli\u00e9ster o algod\u00f3n, estas bolsas son perfectas para llevar lo esencial del d\u00eda a d\u00eda con estilo.<\/p>\n<p data-start=\"1537\" data-end=\"1651\">Personaliza con tu <strong data-start=\"1557\" data-end=\"1585\">logotipo, mensaje o dise\u00f1o<\/strong> para crear un regalo llamativo y reutilizable que le encantar\u00e1 a su audiencia.<\/p>\n<h4 data-start=\"1653\" data-end=\"1707\"><strong data-start=\"1658\" data-end=\"1707\">Perfecto para promociones, eventos y obsequios.<\/strong><\/h4>\n<p data-start=\"1708\" data-end=\"1723\">Ya sea que usted:<\/p>\n<ul data-start=\"1724\" data-end=\"1926\">\n<li data-start=\"1724\" data-end=\"1758\">\n<p data-start=\"1726\" data-end=\"1758\">Lanzar una campa\u00f1a de marketing<\/p>\n<\/li>\n<li data-start=\"1759\" data-end=\"1798\">\n<p data-start=\"1761\" data-end=\"1798\">Patrocinar un evento escolar o deportivo<\/p>\n<\/li>\n<li data-start=\"1799\" data-end=\"1823\">\n<p data-start=\"1801\" data-end=\"1823\">Organizar una feria comercial<\/p>\n<\/li>\n<li data-start=\"1824\" data-end=\"1926\">\n<p data-start=\"1826\" data-end=\"1926\">Regalar regalos corporativos<br data-start=\"1853\" data-end=\"1856\" \/>Estos <strong data-start=\"1862\" data-end=\"1894\">bolsas con cord\u00f3n personalizadas<\/strong> Dale exposici\u00f3n diaria a tu marca.<\/p>\n<\/li>\n<\/ul>\n<h4 data-start=\"1928\" data-end=\"1975\"><strong data-start=\"1933\" data-end=\"1975\">\u00bfPor qu\u00e9 elegir nuestras bolsas con cord\u00f3n personalizadas?<\/strong><\/h4>\n<ul data-start=\"1976\" data-end=\"2316\">\n<li data-start=\"1976\" data-end=\"2050\">\n<p data-start=\"1978\" data-end=\"2050\">\u2705 <strong data-start=\"1980\" data-end=\"2010\">Cantidad m\u00ednima de pedido baja<\/strong> \u2013 Ideal para peque\u00f1as empresas y eventos.<\/p>\n<\/li>\n<li data-start=\"2051\" data-end=\"2111\">\n<p data-start=\"2053\" data-end=\"2111\">\u2705 <strong data-start=\"2055\" data-end=\"2072\">Entrega r\u00e1pida<\/strong> \u2013 Producci\u00f3n en tan solo 7-10 d\u00edas<\/p>\n<\/li>\n<li data-start=\"2112\" data-end=\"2193\">\n<p data-start=\"2114\" data-end=\"2193\">\u2705 <strong data-start=\"2116\" data-end=\"2139\">Impresi\u00f3n a todo color<\/strong> \u2013 Serigraf\u00eda, transferencia de calor y sublimaci\u00f3n disponibles.<\/p>\n<\/li>\n<li data-start=\"2194\" data-end=\"2250\">\n<p data-start=\"2196\" data-end=\"2250\">\u2705 <strong data-start=\"2198\" data-end=\"2223\">Durable y ligero<\/strong> \u2013 Dise\u00f1ado para el uso diario<\/p>\n<\/li>\n<li data-start=\"2251\" data-end=\"2316\">\n<p data-start=\"2253\" data-end=\"2316\">\u2705 <strong data-start=\"2255\" data-end=\"2270\">Opciones ecol\u00f3gicas<\/strong> \u2013 Tejidos reciclados y biodegradables disponibles<\/p>\n<\/li>\n<\/ul>\n<h4 data-start=\"2318\" data-end=\"2348\"><strong data-start=\"2323\" data-end=\"2348\">Detalles de personalizaci\u00f3n<\/strong><\/h4>\n<ul data-start=\"2349\" data-end=\"2648\">\n<li data-start=\"2349\" data-end=\"2401\">\n<p data-start=\"2351\" data-end=\"2401\"><strong data-start=\"2351\" data-end=\"2363\">Material<\/strong>: No tejido, poli\u00e9ster, RPET, algod\u00f3n<\/p>\n<\/li>\n<li data-start=\"2402\" data-end=\"2452\">\n<p data-start=\"2404\" data-end=\"2452\"><strong data-start=\"2404\" data-end=\"2412\">Tama\u00f1o<\/strong>:33x42cm est\u00e1ndar o totalmente personalizado<\/p>\n<\/li>\n<li data-start=\"2453\" data-end=\"2509\">\n<p data-start=\"2455\" data-end=\"2509\"><strong data-start=\"2455\" data-end=\"2465\">Bandera<\/strong>:M\u00e1s de 30 colores en stock o compatibles con Pantone<\/p>\n<\/li>\n<li data-start=\"2510\" data-end=\"2578\">\n<p data-start=\"2512\" data-end=\"2578\"><strong data-start=\"2512\" data-end=\"2528\">Opciones de logotipo<\/strong>: 1 color, a todo color, transferencia de calor, bordado<\/p>\n<\/li>\n<li data-start=\"2579\" data-end=\"2648\">\n<p data-start=\"2581\" data-end=\"2648\"><strong data-start=\"2581\" data-end=\"2592\">Complementos<\/strong>: Bolsillo con cremallera, tiras reflectantes, esquinas reforzadas.<\/p>\n<\/li>\n<\/ul>\n<hr data-start=\"2650\" data-end=\"2653\" \/>\n<h3 data-start=\"2655\" data-end=\"2677\"><strong data-start=\"2659\" data-end=\"2677\">Llamada a la acci\u00f3n<\/strong><\/h3>\n<p data-start=\"2678\" data-end=\"2824\"> \u00bfEst\u00e1s listo para dise\u00f1ar tus propias bolsas con cord\u00f3n?<br data-start=\"2722\" data-end=\"2725\" \/>\u00a1Cont\u00e1ctanos hoy para una maqueta gratuita y comienza a promocionar tu marca de una manera pr\u00e1ctica y ecol\u00f3gica!<\/p>","protected":false},"excerpt":{"rendered":"<p>N.\u00ba de art\u00edculo: Lu2001<\/p>","protected":false},"featured_media":26876,"template":"","meta":{"_kad_post_transparent":"default","_kad_post_title":"","_kad_post_layout":"default","_kad_post_sidebar_id":"","_kad_post_content_style":"default","_kad_post_vertical_padding":"default","_kad_post_feature":"","_kad_post_feature_position":"","_kad_post_header":false,"_kad_post_footer":false},"product_brand":[],"product_cat":[1728],"product_tag":[1807],"class_list":{"0":"post-26875","1":"product","2":"type-product","3":"status-publish","4":"has-post-thumbnail","6":"product_cat-custom-drawstring-bags","7":"product_tag-custom-drawstring-bag","9":"first","10":"instock","11":"shipping-taxable","12":"product-type-simple","13":"entry","14":"content-bg","15":"loop-entry"},"yoast_head":"<!-- This site is optimized with the Yoast SEO plugin v27.4 - https:\/\/yoast.com\/product\/yoast-seo-wordpress\/ -->\n<title>Custom Drawstring Bags Oxford - Import Product Directly From Manufactur<\/title>\n<meta name=\"description\" content=\"Import Custom Drawstring Bags Oxford from China Manufacturer, Good Product and Good Price Promotional items, Contact TonySourcing for Catalog today\" \/>\n<meta name=\"robots\" content=\"index, follow, max-snippet:-1, max-image-preview:large, max-video-preview:-1\" \/>\n<link rel=\"canonical\" href=\"https:\/\/tonysourcing.com\/es\/al-por-mayor\/bolsas-oxford-con-cordon-personalizadas\/\" \/>\n<meta property=\"og:locale\" content=\"es_ES\" \/>\n<meta property=\"og:type\" content=\"article\" \/>\n<meta property=\"og:title\" content=\"Custom Drawstring Bags Oxford - Import Product Directly From Manufactur\" \/>\n<meta property=\"og:description\" content=\"Import Custom Drawstring Bags Oxford from China Manufacturer, Good Product and Good Price Promotional items, Contact TonySourcing for Catalog today\" \/>\n<meta property=\"og:url\" content=\"https:\/\/tonysourcing.com\/es\/al-por-mayor\/bolsas-oxford-con-cordon-personalizadas\/\" \/>\n<meta property=\"og:site_name\" content=\"TonySourcing\" \/>\n<meta property=\"article:publisher\" content=\"https:\/\/www.facebook.com\/TonySourcing\" \/>\n<meta property=\"article:modified_time\" content=\"2025-07-25T02:12:10+00:00\" \/>\n<meta property=\"og:image\" content=\"https:\/\/tonysourcing.com\/wp-content\/uploads\/2025\/07\/\u5fae\u4fe1\u622a\u56fe_20250725095618.jpg\" \/>\n\t<meta property=\"og:image:width\" content=\"566\" \/>\n\t<meta property=\"og:image:height\" content=\"504\" \/>\n\t<meta property=\"og:image:type\" content=\"image\/jpeg\" \/>\n<meta name=\"twitter:card\" content=\"summary_large_image\" \/>\n<meta name=\"twitter:site\" content=\"@TonySourcing\" \/>\n<meta name=\"twitter:label1\" content=\"Tiempo de lectura\" \/>\n\t<meta name=\"twitter:data1\" content=\"2 minutos\" \/>\n<script type=\"application\/ld+json\" class=\"yoast-schema-graph\">{\"@context\":\"https:\\\/\\\/schema.org\",\"@graph\":[{\"@type\":\"WebPage\",\"@id\":\"https:\\\/\\\/tonysourcing.com\\\/wholesale\\\/custom-drawstring-bags-oxford\\\/\",\"url\":\"https:\\\/\\\/tonysourcing.com\\\/wholesale\\\/custom-drawstring-bags-oxford\\\/\",\"name\":\"Custom Drawstring Bags Oxford - Import Product Directly From Manufactur\",\"isPartOf\":{\"@id\":\"https:\\\/\\\/tonysourcing.com\\\/#website\"},\"primaryImageOfPage\":{\"@id\":\"https:\\\/\\\/tonysourcing.com\\\/wholesale\\\/custom-drawstring-bags-oxford\\\/#primaryimage\"},\"image\":{\"@id\":\"https:\\\/\\\/tonysourcing.com\\\/wholesale\\\/custom-drawstring-bags-oxford\\\/#primaryimage\"},\"thumbnailUrl\":\"https:\\\/\\\/tonysourcing.com\\\/wp-content\\\/uploads\\\/2025\\\/07\\\/\u5fae\u4fe1\u622a\u56fe_20250725095618.jpg\",\"datePublished\":\"2025-07-25T02:01:06+00:00\",\"dateModified\":\"2025-07-25T02:12:10+00:00\",\"description\":\"Import Custom Drawstring Bags Oxford from China Manufacturer, Good Product and Good Price Promotional items, Contact TonySourcing for Catalog today\",\"breadcrumb\":{\"@id\":\"https:\\\/\\\/tonysourcing.com\\\/wholesale\\\/custom-drawstring-bags-oxford\\\/#breadcrumb\"},\"inLanguage\":\"es\",\"potentialAction\":[{\"@type\":\"ReadAction\",\"target\":[\"https:\\\/\\\/tonysourcing.com\\\/wholesale\\\/custom-drawstring-bags-oxford\\\/\"]}]},{\"@type\":\"ImageObject\",\"inLanguage\":\"es\",\"@id\":\"https:\\\/\\\/tonysourcing.com\\\/wholesale\\\/custom-drawstring-bags-oxford\\\/#primaryimage\",\"url\":\"https:\\\/\\\/tonysourcing.com\\\/wp-content\\\/uploads\\\/2025\\\/07\\\/\u5fae\u4fe1\u622a\u56fe_20250725095618.jpg\",\"contentUrl\":\"https:\\\/\\\/tonysourcing.com\\\/wp-content\\\/uploads\\\/2025\\\/07\\\/\u5fae\u4fe1\u622a\u56fe_20250725095618.jpg\",\"width\":566,\"height\":504,\"caption\":\"Custom Drawstring Bags Oxford\"},{\"@type\":\"BreadcrumbList\",\"@id\":\"https:\\\/\\\/tonysourcing.com\\\/wholesale\\\/custom-drawstring-bags-oxford\\\/#breadcrumb\",\"itemListElement\":[{\"@type\":\"ListItem\",\"position\":1,\"name\":\"Home\",\"item\":\"https:\\\/\\\/tonysourcing.com\\\/\"},{\"@type\":\"ListItem\",\"position\":2,\"name\":\"Wholesale\",\"item\":\"https:\\\/\\\/tonysourcing.com\\\/wholesale\\\/\"},{\"@type\":\"ListItem\",\"position\":3,\"name\":\"Custom Drawstring Bags Oxford\"}]},{\"@type\":\"WebSite\",\"@id\":\"https:\\\/\\\/tonysourcing.com\\\/#website\",\"url\":\"https:\\\/\\\/tonysourcing.com\\\/\",\"name\":\"TonySourcing\",\"description\":\"Toys Wholesale Distributor &amp; China Promition Items\",\"publisher\":{\"@id\":\"https:\\\/\\\/tonysourcing.com\\\/#organization\"},\"potentialAction\":[{\"@type\":\"SearchAction\",\"target\":{\"@type\":\"EntryPoint\",\"urlTemplate\":\"https:\\\/\\\/tonysourcing.com\\\/?s={search_term_string}\"},\"query-input\":{\"@type\":\"PropertyValueSpecification\",\"valueRequired\":true,\"valueName\":\"search_term_string\"}}],\"inLanguage\":\"es\"},{\"@type\":\"Organization\",\"@id\":\"https:\\\/\\\/tonysourcing.com\\\/#organization\",\"name\":\"Yiwu Zongge\",\"url\":\"https:\\\/\\\/tonysourcing.com\\\/\",\"logo\":{\"@type\":\"ImageObject\",\"inLanguage\":\"es\",\"@id\":\"https:\\\/\\\/tonysourcing.com\\\/#\\\/schema\\\/logo\\\/image\\\/\",\"url\":\"https:\\\/\\\/tonysourcing.com\\\/wp-content\\\/uploads\\\/2021\\\/07\\\/cropped-TonySourcing-logo-1.png\",\"contentUrl\":\"https:\\\/\\\/tonysourcing.com\\\/wp-content\\\/uploads\\\/2021\\\/07\\\/cropped-TonySourcing-logo-1.png\",\"width\":300,\"height\":92,\"caption\":\"Yiwu Zongge\"},\"image\":{\"@id\":\"https:\\\/\\\/tonysourcing.com\\\/#\\\/schema\\\/logo\\\/image\\\/\"},\"sameAs\":[\"https:\\\/\\\/www.facebook.com\\\/TonySourcing\",\"https:\\\/\\\/x.com\\\/TonySourcing\",\"https:\\\/\\\/www.instagram.com\\\/tony_sourcing\\\/\",\"http:\\\/\\\/www.linkedin.com\\\/in\\\/tonychen88\",\"https:\\\/\\\/www.youtube.com\\\/channel\\\/UCZfST1M-NDoqjQ3dB-Tzszg\"]}]}<\/script>\n<!-- \/ Yoast SEO plugin. -->","yoast_head_json":{"title":"Bolsas con cord\u00f3n personalizadas Oxford: importe el producto directamente del fabricante","description":"Importe bolsas con cord\u00f3n Oxford personalizadas del fabricante chino, buen producto y buen precio. Art\u00edculos promocionales. Comun\u00edquese con TonySourcing para obtener el cat\u00e1logo hoy mismo.","robots":{"index":"index","follow":"follow","max-snippet":"max-snippet:-1","max-image-preview":"max-image-preview:large","max-video-preview":"max-video-preview:-1"},"canonical":"https:\/\/tonysourcing.com\/es\/al-por-mayor\/bolsas-oxford-con-cordon-personalizadas\/","og_locale":"es_ES","og_type":"article","og_title":"Custom Drawstring Bags Oxford - Import Product Directly From Manufactur","og_description":"Import Custom Drawstring Bags Oxford from China Manufacturer, Good Product and Good Price Promotional items, Contact TonySourcing for Catalog today","og_url":"https:\/\/tonysourcing.com\/es\/al-por-mayor\/bolsas-oxford-con-cordon-personalizadas\/","og_site_name":"TonySourcing","article_publisher":"https:\/\/www.facebook.com\/TonySourcing","article_modified_time":"2025-07-25T02:12:10+00:00","og_image":[{"width":566,"height":504,"url":"https:\/\/tonysourcing.com\/wp-content\/uploads\/2025\/07\/\u5fae\u4fe1\u622a\u56fe_20250725095618.jpg","type":"image\/jpeg"}],"twitter_card":"summary_large_image","twitter_site":"@TonySourcing","twitter_misc":{"Tiempo de lectura":"2 minutos"},"schema":{"@context":"https:\/\/schema.org","@graph":[{"@type":"WebPage","@id":"https:\/\/tonysourcing.com\/wholesale\/custom-drawstring-bags-oxford\/","url":"https:\/\/tonysourcing.com\/wholesale\/custom-drawstring-bags-oxford\/","name":"Bolsas con cord\u00f3n personalizadas Oxford: importe el producto directamente del fabricante","isPartOf":{"@id":"https:\/\/tonysourcing.com\/#website"},"primaryImageOfPage":{"@id":"https:\/\/tonysourcing.com\/wholesale\/custom-drawstring-bags-oxford\/#primaryimage"},"image":{"@id":"https:\/\/tonysourcing.com\/wholesale\/custom-drawstring-bags-oxford\/#primaryimage"},"thumbnailUrl":"https:\/\/tonysourcing.com\/wp-content\/uploads\/2025\/07\/\u5fae\u4fe1\u622a\u56fe_20250725095618.jpg","datePublished":"2025-07-25T02:01:06+00:00","dateModified":"2025-07-25T02:12:10+00:00","description":"Importe bolsas con cord\u00f3n Oxford personalizadas del fabricante chino, buen producto y buen precio. Art\u00edculos promocionales. Comun\u00edquese con TonySourcing para obtener el cat\u00e1logo hoy mismo.","breadcrumb":{"@id":"https:\/\/tonysourcing.com\/wholesale\/custom-drawstring-bags-oxford\/#breadcrumb"},"inLanguage":"es","potentialAction":[{"@type":"ReadAction","target":["https:\/\/tonysourcing.com\/wholesale\/custom-drawstring-bags-oxford\/"]}]},{"@type":"ImageObject","inLanguage":"es","@id":"https:\/\/tonysourcing.com\/wholesale\/custom-drawstring-bags-oxford\/#primaryimage","url":"https:\/\/tonysourcing.com\/wp-content\/uploads\/2025\/07\/\u5fae\u4fe1\u622a\u56fe_20250725095618.jpg","contentUrl":"https:\/\/tonysourcing.com\/wp-content\/uploads\/2025\/07\/\u5fae\u4fe1\u622a\u56fe_20250725095618.jpg","width":566,"height":504,"caption":"Custom Drawstring Bags Oxford"},{"@type":"BreadcrumbList","@id":"https:\/\/tonysourcing.com\/wholesale\/custom-drawstring-bags-oxford\/#breadcrumb","itemListElement":[{"@type":"ListItem","position":1,"name":"Home","item":"https:\/\/tonysourcing.com\/"},{"@type":"ListItem","position":2,"name":"Wholesale","item":"https:\/\/tonysourcing.com\/wholesale\/"},{"@type":"ListItem","position":3,"name":"Custom Drawstring Bags Oxford"}]},{"@type":"WebSite","@id":"https:\/\/tonysourcing.com\/#website","url":"https:\/\/tonysourcing.com\/","name":"TonySourcing","description":"Distribuidor mayorista de juguetes y art\u00edculos en promoci\u00f3n en China","publisher":{"@id":"https:\/\/tonysourcing.com\/#organization"},"potentialAction":[{"@type":"SearchAction","target":{"@type":"EntryPoint","urlTemplate":"https:\/\/tonysourcing.com\/?s={search_term_string}"},"query-input":{"@type":"PropertyValueSpecification","valueRequired":true,"valueName":"search_term_string"}}],"inLanguage":"es"},{"@type":"Organization","@id":"https:\/\/tonysourcing.com\/#organization","name":"Yiwu Zongge","url":"https:\/\/tonysourcing.com\/","logo":{"@type":"ImageObject","inLanguage":"es","@id":"https:\/\/tonysourcing.com\/#\/schema\/logo\/image\/","url":"https:\/\/tonysourcing.com\/wp-content\/uploads\/2021\/07\/cropped-TonySourcing-logo-1.png","contentUrl":"https:\/\/tonysourcing.com\/wp-content\/uploads\/2021\/07\/cropped-TonySourcing-logo-1.png","width":300,"height":92,"caption":"Yiwu Zongge"},"image":{"@id":"https:\/\/tonysourcing.com\/#\/schema\/logo\/image\/"},"sameAs":["https:\/\/www.facebook.com\/TonySourcing","https:\/\/x.com\/TonySourcing","https:\/\/www.instagram.com\/tony_sourcing\/","http:\/\/www.linkedin.com\/in\/tonychen88","https:\/\/www.youtube.com\/channel\/UCZfST1M-NDoqjQ3dB-Tzszg"]}]}},"_links":{"self":[{"href":"https:\/\/tonysourcing.com\/es\/wp-json\/wp\/v2\/product\/26875","targetHints":{"allow":["GET"]}}],"collection":[{"href":"https:\/\/tonysourcing.com\/es\/wp-json\/wp\/v2\/product"}],"about":[{"href":"https:\/\/tonysourcing.com\/es\/wp-json\/wp\/v2\/types\/product"}],"version-history":[{"count":1,"href":"https:\/\/tonysourcing.com\/es\/wp-json\/wp\/v2\/product\/26875\/revisions"}],"predecessor-version":[{"id":26878,"href":"https:\/\/tonysourcing.com\/es\/wp-json\/wp\/v2\/product\/26875\/revisions\/26878"}],"wp:featuredmedia":[{"embeddable":true,"href":"https:\/\/tonysourcing.com\/es\/wp-json\/wp\/v2\/media\/26876"}],"wp:attachment":[{"href":"https:\/\/tonysourcing.com\/es\/wp-json\/wp\/v2\/media?parent=26875"}],"wp:term":[{"taxonomy":"product_brand","embeddable":true,"href":"https:\/\/tonysourcing.com\/es\/wp-json\/wp\/v2\/product_brand?post=26875"},{"taxonomy":"product_cat","embeddable":true,"href":"https:\/\/tonysourcing.com\/es\/wp-json\/wp\/v2\/product_cat?post=26875"},{"taxonomy":"product_tag","embeddable":true,"href":"https:\/\/tonysourcing.com\/es\/wp-json\/wp\/v2\/product_tag?post=26875"}],"curies":[{"name":"gracias","href":"https:\/\/api.w.org\/{rel}","templated":true}]}}