{"id":5967,"date":"2020-02-04T03:50:50","date_gmt":"2020-02-04T03:50:50","guid":{"rendered":"https:\/\/tonysourcing.com\/?post_type=product&#038;p=5967"},"modified":"2020-09-06T05:02:49","modified_gmt":"2020-09-06T05:02:49","slug":"mesa-de-aprendizaje-educativa-con-caja-de-almacenamiento-para-sillas","status":"publish","type":"product","link":"https:\/\/tonysourcing.com\/es\/wholesale\/educational-learning-table-with-chair-storage-box\/","title":{"rendered":"mesa de aprendizaje con silla"},"content":{"rendered":"<h2>Los productos vienen empaquetados con una bonita caja de regalo.<\/h2>\n<p><strong><span data-spm-anchor-id=\"a2700.wholesale.pronpeci14.i0.17307d27hdq7T2\">Resistencia del producto:<\/span><\/strong><\/p>\n<p>1. Compatible con los ladrillos de marcas m\u00e1s famosas.<\/p>\n<p>2. Misma calidad de producto pero precios mucho m\u00e1s bajos que productos similares famosos.<\/p>\n<p>3. Todos los modelos de construcci\u00f3n est\u00e1n dise\u00f1ados por nuestro equipo profesional, creativos, divertidos y atractivos.<\/p>\n<p>4. Requiere ensamblaje, manual de instrucciones detallado y claro incluido.<\/p>\n<p>5. Es divertido trabajar en ello, es un desaf\u00edo completarlo y es divertido exhibirlo.<\/p>\n<p>6. Gran art\u00edculo de decoraci\u00f3n\/regalo\/juguete educativo.<\/p>","protected":false},"excerpt":{"rendered":"<dl class=\"do-entry-item\"><\/dl>\n<dl class=\"do-entry-item\">\n<dt class=\"do-entry-item\"><span class=\"attr-name J-attr-name\" title=\"Descripci\u00f3n\">b<\/span>Mesa de bloques de construcci\u00f3n + silla + 2 cajas de almacenamiento<\/dt>\n<\/dl>\n<dl class=\"do-entry-item\">\n<dt class=\"do-entry-item\"><span class=\"attr-name J-attr-name\" title=\"Caracter\u00edstica\">Caracter\u00edstica: <\/span>60 bloques de construcci\u00f3n<\/dt>\n<\/dl>","protected":false},"featured_media":5969,"template":"","meta":{"_kad_post_transparent":"","_kad_post_title":"","_kad_post_layout":"","_kad_post_sidebar_id":"","_kad_post_content_style":"","_kad_post_vertical_padding":"","_kad_post_feature":"","_kad_post_feature_position":"","_kad_post_header":false,"_kad_post_footer":false},"product_brand":[],"product_cat":[506],"product_tag":[508,509],"class_list":{"0":"post-5967","1":"product","2":"type-product","3":"status-publish","4":"has-post-thumbnail","6":"product_cat-wholesale-educational-toys","7":"product_tag-educational-toys","8":"product_tag-table-toys","10":"first","11":"instock","12":"sold-individually","13":"shipping-taxable","14":"product-type-simple","15":"entry","16":"content-bg","17":"loop-entry"},"yoast_head":"<!-- This site is optimized with the Yoast SEO plugin v27.4 - https:\/\/yoast.com\/product\/yoast-seo-wordpress\/ -->\n<title>learning table with chair - TonySourcing<\/title>\n<meta name=\"description\" content=\"Educational learning table with chair storage box, building Block Table+Chair+2 pcs Storage Box, Product Strength:1. Compatible with the most...\" \/>\n<meta name=\"robots\" content=\"index, follow, max-snippet:-1, max-image-preview:large, max-video-preview:-1\" \/>\n<link rel=\"canonical\" href=\"https:\/\/tonysourcing.com\/es\/al-por-mayor\/mesa-de-aprendizaje-educativa-con-caja-de-almacenamiento-para-sillas\/\" \/>\n<meta property=\"og:locale\" content=\"es_ES\" \/>\n<meta property=\"og:type\" content=\"article\" \/>\n<meta property=\"og:title\" content=\"learning table with chair - TonySourcing\" \/>\n<meta property=\"og:description\" content=\"Educational learning table with chair storage box, building Block Table+Chair+2 pcs Storage Box, Product Strength:1. Compatible with the most...\" \/>\n<meta property=\"og:url\" content=\"https:\/\/tonysourcing.com\/es\/al-por-mayor\/mesa-de-aprendizaje-educativa-con-caja-de-almacenamiento-para-sillas\/\" \/>\n<meta property=\"og:site_name\" content=\"TonySourcing\" \/>\n<meta property=\"article:publisher\" content=\"https:\/\/www.facebook.com\/TonySourcing\" \/>\n<meta property=\"article:modified_time\" content=\"2020-09-06T05:02:49+00:00\" \/>\n<meta property=\"og:image\" content=\"https:\/\/tonysourcing.com\/wp-content\/uploads\/2020\/02\/He487614e7c1b499b884c66a6d81edfa8q.jpg\" \/>\n\t<meta property=\"og:image:width\" content=\"800\" \/>\n\t<meta property=\"og:image:height\" content=\"800\" \/>\n\t<meta property=\"og:image:type\" content=\"image\/jpeg\" \/>\n<meta name=\"twitter:card\" content=\"summary_large_image\" \/>\n<meta name=\"twitter:site\" content=\"@TonySourcing\" \/>\n<script type=\"application\/ld+json\" class=\"yoast-schema-graph\">{\"@context\":\"https:\\\/\\\/schema.org\",\"@graph\":[{\"@type\":\"WebPage\",\"@id\":\"https:\\\/\\\/tonysourcing.com\\\/wholesale\\\/educational-learning-table-with-chair-storage-box\\\/\",\"url\":\"https:\\\/\\\/tonysourcing.com\\\/wholesale\\\/educational-learning-table-with-chair-storage-box\\\/\",\"name\":\"learning table with chair - TonySourcing\",\"isPartOf\":{\"@id\":\"https:\\\/\\\/tonysourcing.com\\\/#website\"},\"primaryImageOfPage\":{\"@id\":\"https:\\\/\\\/tonysourcing.com\\\/wholesale\\\/educational-learning-table-with-chair-storage-box\\\/#primaryimage\"},\"image\":{\"@id\":\"https:\\\/\\\/tonysourcing.com\\\/wholesale\\\/educational-learning-table-with-chair-storage-box\\\/#primaryimage\"},\"thumbnailUrl\":\"https:\\\/\\\/tonysourcing.com\\\/wp-content\\\/uploads\\\/2020\\\/02\\\/He487614e7c1b499b884c66a6d81edfa8q.jpg\",\"datePublished\":\"2020-02-04T03:50:50+00:00\",\"dateModified\":\"2020-09-06T05:02:49+00:00\",\"description\":\"Educational learning table with chair storage box, building Block Table+Chair+2 pcs Storage Box, Product Strength:1. Compatible with the most...\",\"breadcrumb\":{\"@id\":\"https:\\\/\\\/tonysourcing.com\\\/wholesale\\\/educational-learning-table-with-chair-storage-box\\\/#breadcrumb\"},\"inLanguage\":\"es\",\"potentialAction\":[{\"@type\":\"ReadAction\",\"target\":[\"https:\\\/\\\/tonysourcing.com\\\/wholesale\\\/educational-learning-table-with-chair-storage-box\\\/\"]}]},{\"@type\":\"ImageObject\",\"inLanguage\":\"es\",\"@id\":\"https:\\\/\\\/tonysourcing.com\\\/wholesale\\\/educational-learning-table-with-chair-storage-box\\\/#primaryimage\",\"url\":\"https:\\\/\\\/tonysourcing.com\\\/wp-content\\\/uploads\\\/2020\\\/02\\\/He487614e7c1b499b884c66a6d81edfa8q.jpg\",\"contentUrl\":\"https:\\\/\\\/tonysourcing.com\\\/wp-content\\\/uploads\\\/2020\\\/02\\\/He487614e7c1b499b884c66a6d81edfa8q.jpg\",\"width\":800,\"height\":800,\"caption\":\"educational learning table with chair storage box\"},{\"@type\":\"BreadcrumbList\",\"@id\":\"https:\\\/\\\/tonysourcing.com\\\/wholesale\\\/educational-learning-table-with-chair-storage-box\\\/#breadcrumb\",\"itemListElement\":[{\"@type\":\"ListItem\",\"position\":1,\"name\":\"Home\",\"item\":\"https:\\\/\\\/tonysourcing.com\\\/\"},{\"@type\":\"ListItem\",\"position\":2,\"name\":\"Wholesale\",\"item\":\"https:\\\/\\\/tonysourcing.com\\\/wholesale\\\/\"},{\"@type\":\"ListItem\",\"position\":3,\"name\":\"learning table with chair\"}]},{\"@type\":\"WebSite\",\"@id\":\"https:\\\/\\\/tonysourcing.com\\\/#website\",\"url\":\"https:\\\/\\\/tonysourcing.com\\\/\",\"name\":\"TonySourcing\",\"description\":\"Toys Wholesale Distributor &amp; China Promition Items\",\"publisher\":{\"@id\":\"https:\\\/\\\/tonysourcing.com\\\/#organization\"},\"potentialAction\":[{\"@type\":\"SearchAction\",\"target\":{\"@type\":\"EntryPoint\",\"urlTemplate\":\"https:\\\/\\\/tonysourcing.com\\\/?s={search_term_string}\"},\"query-input\":{\"@type\":\"PropertyValueSpecification\",\"valueRequired\":true,\"valueName\":\"search_term_string\"}}],\"inLanguage\":\"es\"},{\"@type\":\"Organization\",\"@id\":\"https:\\\/\\\/tonysourcing.com\\\/#organization\",\"name\":\"Yiwu Zongge\",\"url\":\"https:\\\/\\\/tonysourcing.com\\\/\",\"logo\":{\"@type\":\"ImageObject\",\"inLanguage\":\"es\",\"@id\":\"https:\\\/\\\/tonysourcing.com\\\/#\\\/schema\\\/logo\\\/image\\\/\",\"url\":\"https:\\\/\\\/tonysourcing.com\\\/wp-content\\\/uploads\\\/2021\\\/07\\\/cropped-TonySourcing-logo-1.png\",\"contentUrl\":\"https:\\\/\\\/tonysourcing.com\\\/wp-content\\\/uploads\\\/2021\\\/07\\\/cropped-TonySourcing-logo-1.png\",\"width\":300,\"height\":92,\"caption\":\"Yiwu Zongge\"},\"image\":{\"@id\":\"https:\\\/\\\/tonysourcing.com\\\/#\\\/schema\\\/logo\\\/image\\\/\"},\"sameAs\":[\"https:\\\/\\\/www.facebook.com\\\/TonySourcing\",\"https:\\\/\\\/x.com\\\/TonySourcing\",\"https:\\\/\\\/www.instagram.com\\\/tony_sourcing\\\/\",\"http:\\\/\\\/www.linkedin.com\\\/in\\\/tonychen88\",\"https:\\\/\\\/www.youtube.com\\\/channel\\\/UCZfST1M-NDoqjQ3dB-Tzszg\"]}]}<\/script>\n<!-- \/ Yoast SEO plugin. -->","yoast_head_json":{"title":"Mesa de aprendizaje con silla - TonySourcing","description":"Mesa de aprendizaje con silla y caja de almacenamiento. Incluye mesa de bloques de construcci\u00f3n, silla y 2 cajas de almacenamiento. Resistencia del producto: 1. Compatible con la mayor\u00eda de...","robots":{"index":"index","follow":"follow","max-snippet":"max-snippet:-1","max-image-preview":"max-image-preview:large","max-video-preview":"max-video-preview:-1"},"canonical":"https:\/\/tonysourcing.com\/es\/al-por-mayor\/mesa-de-aprendizaje-educativa-con-caja-de-almacenamiento-para-sillas\/","og_locale":"es_ES","og_type":"article","og_title":"learning table with chair - TonySourcing","og_description":"Educational learning table with chair storage box, building Block Table+Chair+2 pcs Storage Box, Product Strength:1. Compatible with the most...","og_url":"https:\/\/tonysourcing.com\/es\/al-por-mayor\/mesa-de-aprendizaje-educativa-con-caja-de-almacenamiento-para-sillas\/","og_site_name":"TonySourcing","article_publisher":"https:\/\/www.facebook.com\/TonySourcing","article_modified_time":"2020-09-06T05:02:49+00:00","og_image":[{"width":800,"height":800,"url":"https:\/\/tonysourcing.com\/wp-content\/uploads\/2020\/02\/He487614e7c1b499b884c66a6d81edfa8q.jpg","type":"image\/jpeg"}],"twitter_card":"summary_large_image","twitter_site":"@TonySourcing","schema":{"@context":"https:\/\/schema.org","@graph":[{"@type":"WebPage","@id":"https:\/\/tonysourcing.com\/wholesale\/educational-learning-table-with-chair-storage-box\/","url":"https:\/\/tonysourcing.com\/wholesale\/educational-learning-table-with-chair-storage-box\/","name":"Mesa de aprendizaje con silla - TonySourcing","isPartOf":{"@id":"https:\/\/tonysourcing.com\/#website"},"primaryImageOfPage":{"@id":"https:\/\/tonysourcing.com\/wholesale\/educational-learning-table-with-chair-storage-box\/#primaryimage"},"image":{"@id":"https:\/\/tonysourcing.com\/wholesale\/educational-learning-table-with-chair-storage-box\/#primaryimage"},"thumbnailUrl":"https:\/\/tonysourcing.com\/wp-content\/uploads\/2020\/02\/He487614e7c1b499b884c66a6d81edfa8q.jpg","datePublished":"2020-02-04T03:50:50+00:00","dateModified":"2020-09-06T05:02:49+00:00","description":"Mesa de aprendizaje con silla y caja de almacenamiento. Incluye mesa de bloques de construcci\u00f3n, silla y 2 cajas de almacenamiento. Resistencia del producto: 1. Compatible con la mayor\u00eda de...","breadcrumb":{"@id":"https:\/\/tonysourcing.com\/wholesale\/educational-learning-table-with-chair-storage-box\/#breadcrumb"},"inLanguage":"es","potentialAction":[{"@type":"ReadAction","target":["https:\/\/tonysourcing.com\/wholesale\/educational-learning-table-with-chair-storage-box\/"]}]},{"@type":"ImageObject","inLanguage":"es","@id":"https:\/\/tonysourcing.com\/wholesale\/educational-learning-table-with-chair-storage-box\/#primaryimage","url":"https:\/\/tonysourcing.com\/wp-content\/uploads\/2020\/02\/He487614e7c1b499b884c66a6d81edfa8q.jpg","contentUrl":"https:\/\/tonysourcing.com\/wp-content\/uploads\/2020\/02\/He487614e7c1b499b884c66a6d81edfa8q.jpg","width":800,"height":800,"caption":"educational learning table with chair storage box"},{"@type":"BreadcrumbList","@id":"https:\/\/tonysourcing.com\/wholesale\/educational-learning-table-with-chair-storage-box\/#breadcrumb","itemListElement":[{"@type":"ListItem","position":1,"name":"Home","item":"https:\/\/tonysourcing.com\/"},{"@type":"ListItem","position":2,"name":"Wholesale","item":"https:\/\/tonysourcing.com\/wholesale\/"},{"@type":"ListItem","position":3,"name":"learning table with chair"}]},{"@type":"WebSite","@id":"https:\/\/tonysourcing.com\/#website","url":"https:\/\/tonysourcing.com\/","name":"TonySourcing","description":"Distribuidor mayorista de juguetes y art\u00edculos en promoci\u00f3n en China","publisher":{"@id":"https:\/\/tonysourcing.com\/#organization"},"potentialAction":[{"@type":"SearchAction","target":{"@type":"EntryPoint","urlTemplate":"https:\/\/tonysourcing.com\/?s={search_term_string}"},"query-input":{"@type":"PropertyValueSpecification","valueRequired":true,"valueName":"search_term_string"}}],"inLanguage":"es"},{"@type":"Organization","@id":"https:\/\/tonysourcing.com\/#organization","name":"Yiwu Zongge","url":"https:\/\/tonysourcing.com\/","logo":{"@type":"ImageObject","inLanguage":"es","@id":"https:\/\/tonysourcing.com\/#\/schema\/logo\/image\/","url":"https:\/\/tonysourcing.com\/wp-content\/uploads\/2021\/07\/cropped-TonySourcing-logo-1.png","contentUrl":"https:\/\/tonysourcing.com\/wp-content\/uploads\/2021\/07\/cropped-TonySourcing-logo-1.png","width":300,"height":92,"caption":"Yiwu Zongge"},"image":{"@id":"https:\/\/tonysourcing.com\/#\/schema\/logo\/image\/"},"sameAs":["https:\/\/www.facebook.com\/TonySourcing","https:\/\/x.com\/TonySourcing","https:\/\/www.instagram.com\/tony_sourcing\/","http:\/\/www.linkedin.com\/in\/tonychen88","https:\/\/www.youtube.com\/channel\/UCZfST1M-NDoqjQ3dB-Tzszg"]}]}},"_links":{"self":[{"href":"https:\/\/tonysourcing.com\/es\/wp-json\/wp\/v2\/product\/5967","targetHints":{"allow":["GET"]}}],"collection":[{"href":"https:\/\/tonysourcing.com\/es\/wp-json\/wp\/v2\/product"}],"about":[{"href":"https:\/\/tonysourcing.com\/es\/wp-json\/wp\/v2\/types\/product"}],"version-history":[{"count":3,"href":"https:\/\/tonysourcing.com\/es\/wp-json\/wp\/v2\/product\/5967\/revisions"}],"predecessor-version":[{"id":6701,"href":"https:\/\/tonysourcing.com\/es\/wp-json\/wp\/v2\/product\/5967\/revisions\/6701"}],"wp:featuredmedia":[{"embeddable":true,"href":"https:\/\/tonysourcing.com\/es\/wp-json\/wp\/v2\/media\/5969"}],"wp:attachment":[{"href":"https:\/\/tonysourcing.com\/es\/wp-json\/wp\/v2\/media?parent=5967"}],"wp:term":[{"taxonomy":"product_brand","embeddable":true,"href":"https:\/\/tonysourcing.com\/es\/wp-json\/wp\/v2\/product_brand?post=5967"},{"taxonomy":"product_cat","embeddable":true,"href":"https:\/\/tonysourcing.com\/es\/wp-json\/wp\/v2\/product_cat?post=5967"},{"taxonomy":"product_tag","embeddable":true,"href":"https:\/\/tonysourcing.com\/es\/wp-json\/wp\/v2\/product_tag?post=5967"}],"curies":[{"name":"gracias","href":"https:\/\/api.w.org\/{rel}","templated":true}]}}