{"id":6615,"date":"2020-08-24T08:29:22","date_gmt":"2020-08-24T08:29:22","guid":{"rendered":"https:\/\/tonysourcing.com\/?post_type=product&#038;p=6615"},"modified":"2020-08-24T15:28:38","modified_gmt":"2020-08-24T15:28:38","slug":"tambor-de-jazz-para-educacion-infantil-temprana","status":"publish","type":"product","link":"https:\/\/tonysourcing.com\/es\/wholesale\/early-childhood-education-jazz-drum\/","title":{"rendered":"Tambor de jazz para educaci\u00f3n infantil temprana"},"content":{"rendered":"<ul class=\"a-unordered-list a-vertical a-spacing-mini\">\n<li><span class=\"a-list-item\">\u3010INSTRUMENTO MUSICAL 3 EN 1\u3011Este juguete musical completo incluye 3 instrumentos principales: piano, bater\u00eda r\u00edtmica y xil\u00f3fono electr\u00f3nico. Al tocar el tambor, se escucha un sonido maravilloso, y al ver el destello, se ve genial. Adem\u00e1s, puedes elegir una gran variedad de m\u00fasica de fondo para que tu beb\u00e9 juegue durante horas.<\/span><\/li>\n<li><span class=\"a-list-item\">\u30103 MODOS DE BATER\u00cdA\u3011Modo de bater\u00eda: tambor de jazz y tambor africano; Modo de m\u00fasica: 9 canciones de bater\u00eda y 3 ritmos; Gopher: divertido juego de gopher con diferente dificultad.<\/span><\/li>\n<li><span class=\"a-list-item\">\u30104 MODOS DE TOQUE DE XIL\u00d3FONO ELECTR\u00d3NICO\u3011Modo piano: tono de piano; Modo xil\u00f3fono: tono de xil\u00f3fono; Modo animal: 7 sonidos de animales; Modo digital: pronunciaci\u00f3n digital 1-8.<\/span><\/li>\n<li><span class=\"a-list-item\">\u30105 TIPOS DE MODOS DE TECLADO DE PIANO\u3011Modo piano: tonos de piano; Modo roll: teclas de piano con tonos de escala correspondientes; Modo trompeta: tonos de trompeta; Modo guitarra: tonos de guitarra; Modo de color: 8 colores.<\/span><\/li>\n<li><span class=\"a-list-item\">\u3010BUEN JUGUETE PARA APRENDER Y CRECER\u3011Los beb\u00e9s pueden reconocer sonidos de animales a trav\u00e9s del modo animal, aprender a decir n\u00fameros a trav\u00e9s del modo digital y aprender a tocar el piano \/ bater\u00eda \/ xil\u00f3fono a trav\u00e9s del modo musical, lo que favorece el aprendizaje, mejora la capacidad de coordinaci\u00f3n ojo-mano del beb\u00e9 y cultiva el inter\u00e9s por la m\u00fasica.<\/span><\/li>\n<\/ul>","protected":false},"excerpt":{"rendered":"<div class=\"lineheight\">\n<div>N\u00famero de empresa: 22239068<\/div>\n<div>Embalaje: Caja de presentaci\u00f3n<\/div>\n<\/div>\n<div class=\"lineheight\">\n<div>Cantidad: 12<\/div>\n<div>Cajas interiores: 2<\/div>\n<\/div>\n<div class=\"lineheight\">\n<div>Peso bruto: 17 kg<\/div>\n<div>Peso neto: 12,5 kg<\/div>\n<\/div>\n<div class=\"lineheight\">\n<div>Volumen de la caja exterior: 0,258 metros c\u00fabicos<\/div>\n<div>Volumen del cart\u00f3n: 9.096 pies c\u00fabicos<\/div>\n<\/div>\n<div class=\"lineheight\">\n<div>Tama\u00f1o de la caja: 87 x 37 x 80 cm<\/div>\n<div>Tama\u00f1o del embalaje: 35 x 18,5 x 28,3 cm<\/div>\n<\/div>","protected":false},"featured_media":6616,"template":"","meta":{"_kad_post_transparent":"","_kad_post_title":"","_kad_post_layout":"","_kad_post_sidebar_id":"","_kad_post_content_style":"","_kad_post_vertical_padding":"","_kad_post_feature":"","_kad_post_feature_position":"","_kad_post_header":false,"_kad_post_footer":false},"product_brand":[],"product_cat":[506],"product_tag":[553],"class_list":{"0":"post-6615","1":"product","2":"type-product","3":"status-publish","4":"has-post-thumbnail","6":"product_cat-wholesale-educational-toys","7":"product_tag-jazz-drum","9":"first","10":"instock","11":"shipping-taxable","12":"product-type-simple","13":"entry","14":"content-bg","15":"loop-entry"},"yoast_head":"<!-- This site is optimized with the Yoast SEO plugin v27.4 - https:\/\/yoast.com\/product\/yoast-seo-wordpress\/ -->\n<title>Early Childhood Education Jazz Drum - TonySourcing<\/title>\n<meta name=\"description\" content=\"Buy Education Jazz Drum Wholesale Directly from China Manufacturer, Good Price, Good Product From TonySourcing.com\" \/>\n<meta name=\"robots\" content=\"index, follow, max-snippet:-1, max-image-preview:large, max-video-preview:-1\" \/>\n<link rel=\"canonical\" href=\"https:\/\/tonysourcing.com\/es\/al-por-mayor\/tambor-de-jazz-para-educacion-infantil-temprana\/\" \/>\n<meta property=\"og:locale\" content=\"es_ES\" \/>\n<meta property=\"og:type\" content=\"article\" \/>\n<meta property=\"og:title\" content=\"Early Childhood Education Jazz Drum - TonySourcing\" \/>\n<meta property=\"og:description\" content=\"Buy Education Jazz Drum Wholesale Directly from China Manufacturer, Good Price, Good Product From TonySourcing.com\" \/>\n<meta property=\"og:url\" content=\"https:\/\/tonysourcing.com\/es\/al-por-mayor\/tambor-de-jazz-para-educacion-infantil-temprana\/\" \/>\n<meta property=\"og:site_name\" content=\"TonySourcing\" \/>\n<meta property=\"article:publisher\" content=\"https:\/\/www.facebook.com\/TonySourcing\" \/>\n<meta property=\"article:modified_time\" content=\"2020-08-24T15:28:38+00:00\" \/>\n<meta property=\"og:image\" content=\"https:\/\/tonysourcing.com\/wp-content\/uploads\/2020\/08\/Education-Jazz-Drum.jpg\" \/>\n\t<meta property=\"og:image:width\" content=\"600\" \/>\n\t<meta property=\"og:image:height\" content=\"600\" \/>\n\t<meta property=\"og:image:type\" content=\"image\/jpeg\" \/>\n<meta name=\"twitter:card\" content=\"summary_large_image\" \/>\n<meta name=\"twitter:site\" content=\"@TonySourcing\" \/>\n<meta name=\"twitter:label1\" content=\"Tiempo de lectura\" \/>\n\t<meta name=\"twitter:data1\" content=\"1 minuto\" \/>\n<script type=\"application\/ld+json\" class=\"yoast-schema-graph\">{\"@context\":\"https:\\\/\\\/schema.org\",\"@graph\":[{\"@type\":\"WebPage\",\"@id\":\"https:\\\/\\\/tonysourcing.com\\\/wholesale\\\/early-childhood-education-jazz-drum\\\/\",\"url\":\"https:\\\/\\\/tonysourcing.com\\\/wholesale\\\/early-childhood-education-jazz-drum\\\/\",\"name\":\"Early Childhood Education Jazz Drum - TonySourcing\",\"isPartOf\":{\"@id\":\"https:\\\/\\\/tonysourcing.com\\\/#website\"},\"primaryImageOfPage\":{\"@id\":\"https:\\\/\\\/tonysourcing.com\\\/wholesale\\\/early-childhood-education-jazz-drum\\\/#primaryimage\"},\"image\":{\"@id\":\"https:\\\/\\\/tonysourcing.com\\\/wholesale\\\/early-childhood-education-jazz-drum\\\/#primaryimage\"},\"thumbnailUrl\":\"https:\\\/\\\/tonysourcing.com\\\/wp-content\\\/uploads\\\/2020\\\/08\\\/Education-Jazz-Drum.jpg\",\"datePublished\":\"2020-08-24T08:29:22+00:00\",\"dateModified\":\"2020-08-24T15:28:38+00:00\",\"description\":\"Buy Education Jazz Drum Wholesale Directly from China Manufacturer, Good Price, Good Product From TonySourcing.com\",\"breadcrumb\":{\"@id\":\"https:\\\/\\\/tonysourcing.com\\\/wholesale\\\/early-childhood-education-jazz-drum\\\/#breadcrumb\"},\"inLanguage\":\"es\",\"potentialAction\":[{\"@type\":\"ReadAction\",\"target\":[\"https:\\\/\\\/tonysourcing.com\\\/wholesale\\\/early-childhood-education-jazz-drum\\\/\"]}]},{\"@type\":\"ImageObject\",\"inLanguage\":\"es\",\"@id\":\"https:\\\/\\\/tonysourcing.com\\\/wholesale\\\/early-childhood-education-jazz-drum\\\/#primaryimage\",\"url\":\"https:\\\/\\\/tonysourcing.com\\\/wp-content\\\/uploads\\\/2020\\\/08\\\/Education-Jazz-Drum.jpg\",\"contentUrl\":\"https:\\\/\\\/tonysourcing.com\\\/wp-content\\\/uploads\\\/2020\\\/08\\\/Education-Jazz-Drum.jpg\",\"width\":600,\"height\":600,\"caption\":\"Education Jazz Drum\"},{\"@type\":\"BreadcrumbList\",\"@id\":\"https:\\\/\\\/tonysourcing.com\\\/wholesale\\\/early-childhood-education-jazz-drum\\\/#breadcrumb\",\"itemListElement\":[{\"@type\":\"ListItem\",\"position\":1,\"name\":\"Home\",\"item\":\"https:\\\/\\\/tonysourcing.com\\\/\"},{\"@type\":\"ListItem\",\"position\":2,\"name\":\"Wholesale\",\"item\":\"https:\\\/\\\/tonysourcing.com\\\/wholesale\\\/\"},{\"@type\":\"ListItem\",\"position\":3,\"name\":\"Early Childhood Education Jazz Drum\"}]},{\"@type\":\"WebSite\",\"@id\":\"https:\\\/\\\/tonysourcing.com\\\/#website\",\"url\":\"https:\\\/\\\/tonysourcing.com\\\/\",\"name\":\"TonySourcing\",\"description\":\"Toys Wholesale Distributor &amp; China Promition Items\",\"publisher\":{\"@id\":\"https:\\\/\\\/tonysourcing.com\\\/#organization\"},\"potentialAction\":[{\"@type\":\"SearchAction\",\"target\":{\"@type\":\"EntryPoint\",\"urlTemplate\":\"https:\\\/\\\/tonysourcing.com\\\/?s={search_term_string}\"},\"query-input\":{\"@type\":\"PropertyValueSpecification\",\"valueRequired\":true,\"valueName\":\"search_term_string\"}}],\"inLanguage\":\"es\"},{\"@type\":\"Organization\",\"@id\":\"https:\\\/\\\/tonysourcing.com\\\/#organization\",\"name\":\"Yiwu Zongge\",\"url\":\"https:\\\/\\\/tonysourcing.com\\\/\",\"logo\":{\"@type\":\"ImageObject\",\"inLanguage\":\"es\",\"@id\":\"https:\\\/\\\/tonysourcing.com\\\/#\\\/schema\\\/logo\\\/image\\\/\",\"url\":\"https:\\\/\\\/tonysourcing.com\\\/wp-content\\\/uploads\\\/2021\\\/07\\\/cropped-TonySourcing-logo-1.png\",\"contentUrl\":\"https:\\\/\\\/tonysourcing.com\\\/wp-content\\\/uploads\\\/2021\\\/07\\\/cropped-TonySourcing-logo-1.png\",\"width\":300,\"height\":92,\"caption\":\"Yiwu Zongge\"},\"image\":{\"@id\":\"https:\\\/\\\/tonysourcing.com\\\/#\\\/schema\\\/logo\\\/image\\\/\"},\"sameAs\":[\"https:\\\/\\\/www.facebook.com\\\/TonySourcing\",\"https:\\\/\\\/x.com\\\/TonySourcing\",\"https:\\\/\\\/www.instagram.com\\\/tony_sourcing\\\/\",\"http:\\\/\\\/www.linkedin.com\\\/in\\\/tonychen88\",\"https:\\\/\\\/www.youtube.com\\\/channel\\\/UCZfST1M-NDoqjQ3dB-Tzszg\"]}]}<\/script>\n<!-- \/ Yoast SEO plugin. -->","yoast_head_json":{"title":"Bater\u00eda de jazz para educaci\u00f3n infantil temprana - TonySourcing","description":"Compre tambores de jazz educativos al por mayor directamente del fabricante chino. Buen precio, excelente producto en TonySourcing.com.","robots":{"index":"index","follow":"follow","max-snippet":"max-snippet:-1","max-image-preview":"max-image-preview:large","max-video-preview":"max-video-preview:-1"},"canonical":"https:\/\/tonysourcing.com\/es\/al-por-mayor\/tambor-de-jazz-para-educacion-infantil-temprana\/","og_locale":"es_ES","og_type":"article","og_title":"Early Childhood Education Jazz Drum - TonySourcing","og_description":"Buy Education Jazz Drum Wholesale Directly from China Manufacturer, Good Price, Good Product From TonySourcing.com","og_url":"https:\/\/tonysourcing.com\/es\/al-por-mayor\/tambor-de-jazz-para-educacion-infantil-temprana\/","og_site_name":"TonySourcing","article_publisher":"https:\/\/www.facebook.com\/TonySourcing","article_modified_time":"2020-08-24T15:28:38+00:00","og_image":[{"width":600,"height":600,"url":"https:\/\/tonysourcing.com\/wp-content\/uploads\/2020\/08\/Education-Jazz-Drum.jpg","type":"image\/jpeg"}],"twitter_card":"summary_large_image","twitter_site":"@TonySourcing","twitter_misc":{"Tiempo de lectura":"1 minuto"},"schema":{"@context":"https:\/\/schema.org","@graph":[{"@type":"WebPage","@id":"https:\/\/tonysourcing.com\/wholesale\/early-childhood-education-jazz-drum\/","url":"https:\/\/tonysourcing.com\/wholesale\/early-childhood-education-jazz-drum\/","name":"Bater\u00eda de jazz para educaci\u00f3n infantil temprana - TonySourcing","isPartOf":{"@id":"https:\/\/tonysourcing.com\/#website"},"primaryImageOfPage":{"@id":"https:\/\/tonysourcing.com\/wholesale\/early-childhood-education-jazz-drum\/#primaryimage"},"image":{"@id":"https:\/\/tonysourcing.com\/wholesale\/early-childhood-education-jazz-drum\/#primaryimage"},"thumbnailUrl":"https:\/\/tonysourcing.com\/wp-content\/uploads\/2020\/08\/Education-Jazz-Drum.jpg","datePublished":"2020-08-24T08:29:22+00:00","dateModified":"2020-08-24T15:28:38+00:00","description":"Compre tambores de jazz educativos al por mayor directamente del fabricante chino. Buen precio, excelente producto en TonySourcing.com.","breadcrumb":{"@id":"https:\/\/tonysourcing.com\/wholesale\/early-childhood-education-jazz-drum\/#breadcrumb"},"inLanguage":"es","potentialAction":[{"@type":"ReadAction","target":["https:\/\/tonysourcing.com\/wholesale\/early-childhood-education-jazz-drum\/"]}]},{"@type":"ImageObject","inLanguage":"es","@id":"https:\/\/tonysourcing.com\/wholesale\/early-childhood-education-jazz-drum\/#primaryimage","url":"https:\/\/tonysourcing.com\/wp-content\/uploads\/2020\/08\/Education-Jazz-Drum.jpg","contentUrl":"https:\/\/tonysourcing.com\/wp-content\/uploads\/2020\/08\/Education-Jazz-Drum.jpg","width":600,"height":600,"caption":"Education Jazz Drum"},{"@type":"BreadcrumbList","@id":"https:\/\/tonysourcing.com\/wholesale\/early-childhood-education-jazz-drum\/#breadcrumb","itemListElement":[{"@type":"ListItem","position":1,"name":"Home","item":"https:\/\/tonysourcing.com\/"},{"@type":"ListItem","position":2,"name":"Wholesale","item":"https:\/\/tonysourcing.com\/wholesale\/"},{"@type":"ListItem","position":3,"name":"Early Childhood Education Jazz Drum"}]},{"@type":"WebSite","@id":"https:\/\/tonysourcing.com\/#website","url":"https:\/\/tonysourcing.com\/","name":"TonySourcing","description":"Distribuidor mayorista de juguetes y art\u00edculos en promoci\u00f3n en China","publisher":{"@id":"https:\/\/tonysourcing.com\/#organization"},"potentialAction":[{"@type":"SearchAction","target":{"@type":"EntryPoint","urlTemplate":"https:\/\/tonysourcing.com\/?s={search_term_string}"},"query-input":{"@type":"PropertyValueSpecification","valueRequired":true,"valueName":"search_term_string"}}],"inLanguage":"es"},{"@type":"Organization","@id":"https:\/\/tonysourcing.com\/#organization","name":"Yiwu Zongge","url":"https:\/\/tonysourcing.com\/","logo":{"@type":"ImageObject","inLanguage":"es","@id":"https:\/\/tonysourcing.com\/#\/schema\/logo\/image\/","url":"https:\/\/tonysourcing.com\/wp-content\/uploads\/2021\/07\/cropped-TonySourcing-logo-1.png","contentUrl":"https:\/\/tonysourcing.com\/wp-content\/uploads\/2021\/07\/cropped-TonySourcing-logo-1.png","width":300,"height":92,"caption":"Yiwu Zongge"},"image":{"@id":"https:\/\/tonysourcing.com\/#\/schema\/logo\/image\/"},"sameAs":["https:\/\/www.facebook.com\/TonySourcing","https:\/\/x.com\/TonySourcing","https:\/\/www.instagram.com\/tony_sourcing\/","http:\/\/www.linkedin.com\/in\/tonychen88","https:\/\/www.youtube.com\/channel\/UCZfST1M-NDoqjQ3dB-Tzszg"]}]}},"_links":{"self":[{"href":"https:\/\/tonysourcing.com\/es\/wp-json\/wp\/v2\/product\/6615","targetHints":{"allow":["GET"]}}],"collection":[{"href":"https:\/\/tonysourcing.com\/es\/wp-json\/wp\/v2\/product"}],"about":[{"href":"https:\/\/tonysourcing.com\/es\/wp-json\/wp\/v2\/types\/product"}],"version-history":[{"count":1,"href":"https:\/\/tonysourcing.com\/es\/wp-json\/wp\/v2\/product\/6615\/revisions"}],"predecessor-version":[{"id":6636,"href":"https:\/\/tonysourcing.com\/es\/wp-json\/wp\/v2\/product\/6615\/revisions\/6636"}],"wp:featuredmedia":[{"embeddable":true,"href":"https:\/\/tonysourcing.com\/es\/wp-json\/wp\/v2\/media\/6616"}],"wp:attachment":[{"href":"https:\/\/tonysourcing.com\/es\/wp-json\/wp\/v2\/media?parent=6615"}],"wp:term":[{"taxonomy":"product_brand","embeddable":true,"href":"https:\/\/tonysourcing.com\/es\/wp-json\/wp\/v2\/product_brand?post=6615"},{"taxonomy":"product_cat","embeddable":true,"href":"https:\/\/tonysourcing.com\/es\/wp-json\/wp\/v2\/product_cat?post=6615"},{"taxonomy":"product_tag","embeddable":true,"href":"https:\/\/tonysourcing.com\/es\/wp-json\/wp\/v2\/product_tag?post=6615"}],"curies":[{"name":"gracias","href":"https:\/\/api.w.org\/{rel}","templated":true}]}}