{"id":6642,"date":"2020-08-25T04:22:20","date_gmt":"2020-08-25T04:22:20","guid":{"rendered":"https:\/\/tonysourcing.com\/?post_type=product&#038;p=6642"},"modified":"2020-09-08T10:26:29","modified_gmt":"2020-09-08T10:26:29","slug":"juguetes-de-madera-para-ninos-pequenos","status":"publish","type":"product","link":"https:\/\/tonysourcing.com\/es\/wholesale\/toddlers-wooden-toys\/","title":{"rendered":"Juguetes de madera para ni\u00f1os peque\u00f1os"},"content":{"rendered":"<ul class=\"a-unordered-list a-vertical a-spacing-mini\">\n<li><span class=\"a-list-item\">Material seguro y de gran calidad: Nuestro laberinto de cuentas de madera para ni\u00f1os y ni\u00f1as de 3 a\u00f1os est\u00e1 hecho de madera natural con pintura no t\u00f3xica a base de agua. Construcci\u00f3n robusta de madera con bordes lisos. Cumple con las normas de seguridad ASTM. No requiere ensamblaje; ninguna pieza se saldr\u00e1. Ideal para jugar sobre la mesa o en el suelo, ofrece horas de diversi\u00f3n solos o con los padres.<\/span><\/li>\n<li><span class=\"a-list-item\">Laberinto de cuentas cl\u00e1sico: La monta\u00f1a rusa con ventosa potente fue dise\u00f1ada para desarrollar las capacidades de los ni\u00f1os de la forma m\u00e1s segura. Las coloridas figuras de este set tienen tem\u00e1tica de animales, como mariposas, lib\u00e9lulas y abejas. La mayor\u00eda de las cuentas son muy f\u00e1ciles de mover por el laberinto.&nbsp;<\/span><\/li>\n<li><span class=\"a-list-item\">Mantenga a los ni\u00f1os durante horas: los ni\u00f1os pueden llevar el juguete de laberinto de cuentas y jugar con ellos durante horas mientras los padres est\u00e1n ocupados con las cosas. 3 senderos de cuentas y 2 filas de cuentas deslizantes en la parte inferior, empujando las cuentas a lo largo de los cables, ayudan a los ni\u00f1os a aprender caminos y memoria, ideal para el hogar, preescolar y consultorio m\u00e9dico.<\/span><\/li>\n<li><span class=\"a-list-item\">Juguete educativo para ni\u00f1os peque\u00f1os: Los padres pueden jugar con sus hijos. Estimula sus sentimientos. Fomenta las habilidades sensoriales, la motricidad fina, la coordinaci\u00f3n ojo-mano, el aprendizaje de matem\u00e1ticas b\u00e1sicas y estimula el cerebro del beb\u00e9, as\u00ed como la diferenciaci\u00f3n de formas y colores.<\/span><\/li>\n<li><span class=\"a-list-item\">Un regalo ideal para tus hijos: Jugar con ellos es una gran interacci\u00f3n entre padres e hijos, muy beneficioso para su crecimiento. El mejor regalo para fiestas, cumplea\u00f1os o festivales (D\u00eda del Ni\u00f1o, Navidad, Halloween, Acci\u00f3n de Gracias y A\u00f1o Nuevo).<\/span><\/li>\n<li>Juguetes de madera de buena calidad para ni\u00f1os peque\u00f1os<\/li>\n<\/ul>\n<p>&nbsp;<\/p>\n<p><img fetchpriority=\"high\" decoding=\"async\" class=\"aligncenter size-full wp-image-6694\" src=\"http:\/\/tonysourcing.com\/wp-content\/uploads\/2020\/09\/wooden-toys-catalog.jpg\" alt=\"cat\u00e1logo de juguetes de madera\" width=\"1017\" height=\"392\" srcset=\"https:\/\/tonysourcing.com\/wp-content\/uploads\/2020\/09\/wooden-toys-catalog.jpg 1017w, https:\/\/tonysourcing.com\/wp-content\/uploads\/2020\/09\/wooden-toys-catalog-600x231.jpg 600w, https:\/\/tonysourcing.com\/wp-content\/uploads\/2020\/09\/wooden-toys-catalog-300x116.jpg 300w, https:\/\/tonysourcing.com\/wp-content\/uploads\/2020\/09\/wooden-toys-catalog-800x308.jpg 800w, https:\/\/tonysourcing.com\/wp-content\/uploads\/2020\/09\/wooden-toys-catalog-768x296.jpg 768w, https:\/\/tonysourcing.com\/wp-content\/uploads\/2020\/09\/wooden-toys-catalog-200x77.jpg 200w, https:\/\/tonysourcing.com\/wp-content\/uploads\/2020\/09\/wooden-toys-catalog-400x154.jpg 400w\" sizes=\"(max-width: 1017px) 100vw, 1017px\" \/><\/p>","protected":false},"excerpt":{"rendered":"<table width=\"334\">\n<tbody>\n<tr>\n<td width=\"110\">N\u00famero de art\u00edculo:<\/td>\n<td width=\"224\">ME-002<\/td>\n<\/tr>\n<tr>\n<td>Tama\u00f1o del producto:<\/td>\n<td>18 x 12,5 x 16 cm<\/td>\n<\/tr>\n<tr>\n<td>Embalaje:<\/td>\n<td>Caja de color<\/td>\n<\/tr>\n<tr>\n<td>Cantidad\/CTN:<\/td>\n<td>60<\/td>\n<\/tr>\n<tr>\n<td>Volumen CTN:<\/td>\n<td>64,5 x 56,5 x 66 cm\/0,24<\/td>\n<\/tr>\n<tr>\n<td>GW.NO:<\/td>\n<td>22\/21 kg<\/td>\n<\/tr>\n<\/tbody>\n<\/table>","protected":false},"featured_media":6644,"template":"","meta":{"_kad_post_transparent":"","_kad_post_title":"","_kad_post_layout":"","_kad_post_sidebar_id":"","_kad_post_content_style":"","_kad_post_vertical_padding":"","_kad_post_feature":"","_kad_post_feature_position":"","_kad_post_header":false,"_kad_post_footer":false},"product_brand":[],"product_cat":[554],"product_tag":[557],"class_list":{"0":"post-6642","1":"product","2":"type-product","3":"status-publish","4":"has-post-thumbnail","6":"product_cat-wooden-toys","7":"product_tag-toddlers-wooden-toys","9":"first","10":"instock","11":"shipping-taxable","12":"product-type-simple","13":"entry","14":"content-bg","15":"loop-entry"},"yoast_head":"<!-- This site is optimized with the Yoast SEO plugin v27.3 - https:\/\/yoast.com\/product\/yoast-seo-wordpress\/ -->\n<title>Wholesale Toddlers Wooden Toys - Import Direcly from China Factory<\/title>\n<meta name=\"description\" content=\"China Toddlers Wooden Toys Factory Wholesale, Get Wooden Toys Catalog to FREE Download, Contact TonySourcing Today.\" \/>\n<meta name=\"robots\" content=\"index, follow, max-snippet:-1, max-image-preview:large, max-video-preview:-1\" \/>\n<link rel=\"canonical\" href=\"https:\/\/tonysourcing.com\/es\/al-por-mayor\/juguetes-de-madera-para-ninos-pequenos\/\" \/>\n<meta property=\"og:locale\" content=\"es_ES\" \/>\n<meta property=\"og:type\" content=\"article\" \/>\n<meta property=\"og:title\" content=\"Wholesale Toddlers Wooden Toys - Import Direcly from China Factory\" \/>\n<meta property=\"og:description\" content=\"China Toddlers Wooden Toys Factory Wholesale, Get Wooden Toys Catalog to FREE Download, Contact TonySourcing Today.\" \/>\n<meta property=\"og:url\" content=\"https:\/\/tonysourcing.com\/es\/al-por-mayor\/juguetes-de-madera-para-ninos-pequenos\/\" \/>\n<meta property=\"og:site_name\" content=\"TonySourcing\" \/>\n<meta property=\"article:publisher\" content=\"https:\/\/www.facebook.com\/TonySourcing\" \/>\n<meta property=\"article:modified_time\" content=\"2020-09-08T10:26:29+00:00\" \/>\n<meta property=\"og:image\" content=\"https:\/\/tonysourcing.com\/wp-content\/uploads\/2020\/08\/Toddlers-First-Bead-Maze-Roller-Coaster-wooden-Toys.png\" \/>\n\t<meta property=\"og:image:width\" content=\"445\" \/>\n\t<meta property=\"og:image:height\" content=\"462\" \/>\n\t<meta property=\"og:image:type\" content=\"image\/png\" \/>\n<meta name=\"twitter:card\" content=\"summary_large_image\" \/>\n<meta name=\"twitter:site\" content=\"@TonySourcing\" \/>\n<meta name=\"twitter:label1\" content=\"Tiempo de lectura\" \/>\n\t<meta name=\"twitter:data1\" content=\"1 minuto\" \/>\n<script type=\"application\/ld+json\" class=\"yoast-schema-graph\">{\"@context\":\"https:\\\/\\\/schema.org\",\"@graph\":[{\"@type\":\"WebPage\",\"@id\":\"https:\\\/\\\/tonysourcing.com\\\/wholesale\\\/toddlers-wooden-toys\\\/\",\"url\":\"https:\\\/\\\/tonysourcing.com\\\/wholesale\\\/toddlers-wooden-toys\\\/\",\"name\":\"Wholesale Toddlers Wooden Toys - Import Direcly from China Factory\",\"isPartOf\":{\"@id\":\"https:\\\/\\\/tonysourcing.com\\\/#website\"},\"primaryImageOfPage\":{\"@id\":\"https:\\\/\\\/tonysourcing.com\\\/wholesale\\\/toddlers-wooden-toys\\\/#primaryimage\"},\"image\":{\"@id\":\"https:\\\/\\\/tonysourcing.com\\\/wholesale\\\/toddlers-wooden-toys\\\/#primaryimage\"},\"thumbnailUrl\":\"https:\\\/\\\/tonysourcing.com\\\/wp-content\\\/uploads\\\/2020\\\/08\\\/Toddlers-First-Bead-Maze-Roller-Coaster-wooden-Toys.png\",\"datePublished\":\"2020-08-25T04:22:20+00:00\",\"dateModified\":\"2020-09-08T10:26:29+00:00\",\"description\":\"China Toddlers Wooden Toys Factory Wholesale, Get Wooden Toys Catalog to FREE Download, Contact TonySourcing Today.\",\"breadcrumb\":{\"@id\":\"https:\\\/\\\/tonysourcing.com\\\/wholesale\\\/toddlers-wooden-toys\\\/#breadcrumb\"},\"inLanguage\":\"es\",\"potentialAction\":[{\"@type\":\"ReadAction\",\"target\":[\"https:\\\/\\\/tonysourcing.com\\\/wholesale\\\/toddlers-wooden-toys\\\/\"]}]},{\"@type\":\"ImageObject\",\"inLanguage\":\"es\",\"@id\":\"https:\\\/\\\/tonysourcing.com\\\/wholesale\\\/toddlers-wooden-toys\\\/#primaryimage\",\"url\":\"https:\\\/\\\/tonysourcing.com\\\/wp-content\\\/uploads\\\/2020\\\/08\\\/Toddlers-First-Bead-Maze-Roller-Coaster-wooden-Toys.png\",\"contentUrl\":\"https:\\\/\\\/tonysourcing.com\\\/wp-content\\\/uploads\\\/2020\\\/08\\\/Toddlers-First-Bead-Maze-Roller-Coaster-wooden-Toys.png\",\"width\":445,\"height\":462,\"caption\":\"Toddlers First Bead Maze Roller Coaster wooden Toys\"},{\"@type\":\"BreadcrumbList\",\"@id\":\"https:\\\/\\\/tonysourcing.com\\\/wholesale\\\/toddlers-wooden-toys\\\/#breadcrumb\",\"itemListElement\":[{\"@type\":\"ListItem\",\"position\":1,\"name\":\"Home\",\"item\":\"https:\\\/\\\/tonysourcing.com\\\/\"},{\"@type\":\"ListItem\",\"position\":2,\"name\":\"Wholesale\",\"item\":\"https:\\\/\\\/tonysourcing.com\\\/wholesale\\\/\"},{\"@type\":\"ListItem\",\"position\":3,\"name\":\"Toddlers Wooden Toys\"}]},{\"@type\":\"WebSite\",\"@id\":\"https:\\\/\\\/tonysourcing.com\\\/#website\",\"url\":\"https:\\\/\\\/tonysourcing.com\\\/\",\"name\":\"TonySourcing\",\"description\":\"Toys Wholesale Distributor &amp; China Promition Items\",\"publisher\":{\"@id\":\"https:\\\/\\\/tonysourcing.com\\\/#organization\"},\"potentialAction\":[{\"@type\":\"SearchAction\",\"target\":{\"@type\":\"EntryPoint\",\"urlTemplate\":\"https:\\\/\\\/tonysourcing.com\\\/?s={search_term_string}\"},\"query-input\":{\"@type\":\"PropertyValueSpecification\",\"valueRequired\":true,\"valueName\":\"search_term_string\"}}],\"inLanguage\":\"es\"},{\"@type\":\"Organization\",\"@id\":\"https:\\\/\\\/tonysourcing.com\\\/#organization\",\"name\":\"Yiwu Zongge\",\"url\":\"https:\\\/\\\/tonysourcing.com\\\/\",\"logo\":{\"@type\":\"ImageObject\",\"inLanguage\":\"es\",\"@id\":\"https:\\\/\\\/tonysourcing.com\\\/#\\\/schema\\\/logo\\\/image\\\/\",\"url\":\"https:\\\/\\\/tonysourcing.com\\\/wp-content\\\/uploads\\\/2021\\\/07\\\/cropped-TonySourcing-logo-1.png\",\"contentUrl\":\"https:\\\/\\\/tonysourcing.com\\\/wp-content\\\/uploads\\\/2021\\\/07\\\/cropped-TonySourcing-logo-1.png\",\"width\":300,\"height\":92,\"caption\":\"Yiwu Zongge\"},\"image\":{\"@id\":\"https:\\\/\\\/tonysourcing.com\\\/#\\\/schema\\\/logo\\\/image\\\/\"},\"sameAs\":[\"https:\\\/\\\/www.facebook.com\\\/TonySourcing\",\"https:\\\/\\\/x.com\\\/TonySourcing\",\"https:\\\/\\\/www.instagram.com\\\/tony_sourcing\\\/\",\"http:\\\/\\\/www.linkedin.com\\\/in\\\/tonychen88\",\"https:\\\/\\\/www.youtube.com\\\/channel\\\/UCZfST1M-NDoqjQ3dB-Tzszg\"]}]}<\/script>\n<!-- \/ Yoast SEO plugin. -->","yoast_head_json":{"title":"Juguetes de madera para ni\u00f1os peque\u00f1os al por mayor - Importaci\u00f3n directa desde f\u00e1brica china","description":"F\u00e1brica de juguetes de madera para ni\u00f1os peque\u00f1os de China al por mayor, obtenga el cat\u00e1logo de juguetes de madera para descarga GRATIS, comun\u00edquese con TonySourcing hoy.","robots":{"index":"index","follow":"follow","max-snippet":"max-snippet:-1","max-image-preview":"max-image-preview:large","max-video-preview":"max-video-preview:-1"},"canonical":"https:\/\/tonysourcing.com\/es\/al-por-mayor\/juguetes-de-madera-para-ninos-pequenos\/","og_locale":"es_ES","og_type":"article","og_title":"Wholesale Toddlers Wooden Toys - Import Direcly from China Factory","og_description":"China Toddlers Wooden Toys Factory Wholesale, Get Wooden Toys Catalog to FREE Download, Contact TonySourcing Today.","og_url":"https:\/\/tonysourcing.com\/es\/al-por-mayor\/juguetes-de-madera-para-ninos-pequenos\/","og_site_name":"TonySourcing","article_publisher":"https:\/\/www.facebook.com\/TonySourcing","article_modified_time":"2020-09-08T10:26:29+00:00","og_image":[{"width":445,"height":462,"url":"https:\/\/tonysourcing.com\/wp-content\/uploads\/2020\/08\/Toddlers-First-Bead-Maze-Roller-Coaster-wooden-Toys.png","type":"image\/png"}],"twitter_card":"summary_large_image","twitter_site":"@TonySourcing","twitter_misc":{"Tiempo de lectura":"1 minuto"},"schema":{"@context":"https:\/\/schema.org","@graph":[{"@type":"WebPage","@id":"https:\/\/tonysourcing.com\/wholesale\/toddlers-wooden-toys\/","url":"https:\/\/tonysourcing.com\/wholesale\/toddlers-wooden-toys\/","name":"Juguetes de madera para ni\u00f1os peque\u00f1os al por mayor - Importaci\u00f3n directa desde f\u00e1brica china","isPartOf":{"@id":"https:\/\/tonysourcing.com\/#website"},"primaryImageOfPage":{"@id":"https:\/\/tonysourcing.com\/wholesale\/toddlers-wooden-toys\/#primaryimage"},"image":{"@id":"https:\/\/tonysourcing.com\/wholesale\/toddlers-wooden-toys\/#primaryimage"},"thumbnailUrl":"https:\/\/tonysourcing.com\/wp-content\/uploads\/2020\/08\/Toddlers-First-Bead-Maze-Roller-Coaster-wooden-Toys.png","datePublished":"2020-08-25T04:22:20+00:00","dateModified":"2020-09-08T10:26:29+00:00","description":"F\u00e1brica de juguetes de madera para ni\u00f1os peque\u00f1os de China al por mayor, obtenga el cat\u00e1logo de juguetes de madera para descarga GRATIS, comun\u00edquese con TonySourcing hoy.","breadcrumb":{"@id":"https:\/\/tonysourcing.com\/wholesale\/toddlers-wooden-toys\/#breadcrumb"},"inLanguage":"es","potentialAction":[{"@type":"ReadAction","target":["https:\/\/tonysourcing.com\/wholesale\/toddlers-wooden-toys\/"]}]},{"@type":"ImageObject","inLanguage":"es","@id":"https:\/\/tonysourcing.com\/wholesale\/toddlers-wooden-toys\/#primaryimage","url":"https:\/\/tonysourcing.com\/wp-content\/uploads\/2020\/08\/Toddlers-First-Bead-Maze-Roller-Coaster-wooden-Toys.png","contentUrl":"https:\/\/tonysourcing.com\/wp-content\/uploads\/2020\/08\/Toddlers-First-Bead-Maze-Roller-Coaster-wooden-Toys.png","width":445,"height":462,"caption":"Toddlers First Bead Maze Roller Coaster wooden Toys"},{"@type":"BreadcrumbList","@id":"https:\/\/tonysourcing.com\/wholesale\/toddlers-wooden-toys\/#breadcrumb","itemListElement":[{"@type":"ListItem","position":1,"name":"Home","item":"https:\/\/tonysourcing.com\/"},{"@type":"ListItem","position":2,"name":"Wholesale","item":"https:\/\/tonysourcing.com\/wholesale\/"},{"@type":"ListItem","position":3,"name":"Toddlers Wooden Toys"}]},{"@type":"WebSite","@id":"https:\/\/tonysourcing.com\/#website","url":"https:\/\/tonysourcing.com\/","name":"TonySourcing","description":"Distribuidor mayorista de juguetes y art\u00edculos en promoci\u00f3n en China","publisher":{"@id":"https:\/\/tonysourcing.com\/#organization"},"potentialAction":[{"@type":"SearchAction","target":{"@type":"EntryPoint","urlTemplate":"https:\/\/tonysourcing.com\/?s={search_term_string}"},"query-input":{"@type":"PropertyValueSpecification","valueRequired":true,"valueName":"search_term_string"}}],"inLanguage":"es"},{"@type":"Organization","@id":"https:\/\/tonysourcing.com\/#organization","name":"Yiwu Zongge","url":"https:\/\/tonysourcing.com\/","logo":{"@type":"ImageObject","inLanguage":"es","@id":"https:\/\/tonysourcing.com\/#\/schema\/logo\/image\/","url":"https:\/\/tonysourcing.com\/wp-content\/uploads\/2021\/07\/cropped-TonySourcing-logo-1.png","contentUrl":"https:\/\/tonysourcing.com\/wp-content\/uploads\/2021\/07\/cropped-TonySourcing-logo-1.png","width":300,"height":92,"caption":"Yiwu Zongge"},"image":{"@id":"https:\/\/tonysourcing.com\/#\/schema\/logo\/image\/"},"sameAs":["https:\/\/www.facebook.com\/TonySourcing","https:\/\/x.com\/TonySourcing","https:\/\/www.instagram.com\/tony_sourcing\/","http:\/\/www.linkedin.com\/in\/tonychen88","https:\/\/www.youtube.com\/channel\/UCZfST1M-NDoqjQ3dB-Tzszg"]}]}},"_links":{"self":[{"href":"https:\/\/tonysourcing.com\/es\/wp-json\/wp\/v2\/product\/6642","targetHints":{"allow":["GET"]}}],"collection":[{"href":"https:\/\/tonysourcing.com\/es\/wp-json\/wp\/v2\/product"}],"about":[{"href":"https:\/\/tonysourcing.com\/es\/wp-json\/wp\/v2\/types\/product"}],"version-history":[{"count":4,"href":"https:\/\/tonysourcing.com\/es\/wp-json\/wp\/v2\/product\/6642\/revisions"}],"predecessor-version":[{"id":6742,"href":"https:\/\/tonysourcing.com\/es\/wp-json\/wp\/v2\/product\/6642\/revisions\/6742"}],"wp:featuredmedia":[{"embeddable":true,"href":"https:\/\/tonysourcing.com\/es\/wp-json\/wp\/v2\/media\/6644"}],"wp:attachment":[{"href":"https:\/\/tonysourcing.com\/es\/wp-json\/wp\/v2\/media?parent=6642"}],"wp:term":[{"taxonomy":"product_brand","embeddable":true,"href":"https:\/\/tonysourcing.com\/es\/wp-json\/wp\/v2\/product_brand?post=6642"},{"taxonomy":"product_cat","embeddable":true,"href":"https:\/\/tonysourcing.com\/es\/wp-json\/wp\/v2\/product_cat?post=6642"},{"taxonomy":"product_tag","embeddable":true,"href":"https:\/\/tonysourcing.com\/es\/wp-json\/wp\/v2\/product_tag?post=6642"}],"curies":[{"name":"gracias","href":"https:\/\/api.w.org\/{rel}","templated":true}]}}