{"id":6659,"date":"2020-08-25T08:47:47","date_gmt":"2020-08-25T08:47:47","guid":{"rendered":"https:\/\/tonysourcing.com\/?post_type=product&#038;p=6659"},"modified":"2020-09-08T10:26:38","modified_gmt":"2020-09-08T10:26:38","slug":"el-juguete-de-la-montana-rusa-2","status":"publish","type":"product","link":"https:\/\/tonysourcing.com\/es\/wholesale\/the-roller-coaster-toy-2\/","title":{"rendered":"el juguete de la monta\u00f1a rusa"},"content":{"rendered":"<p>El laberinto de cuentas de madera est\u00e1 hecho de madera natural y metal. El metal est\u00e1 fijado a la madera y no se desprende f\u00e1cilmente. Este centro de actividades de laberinto de cuentas de colores brillantes presenta adorables insectos como abejas, mariposas, lib\u00e9lulas y caracoles. Esto atraer\u00e1 la atenci\u00f3n de los ni\u00f1os, quienes se enamorar\u00e1n de este incre\u00edble laberinto a primera vista. La base del juguete cuenta con dos filas de cuentas rectas. Muchos laberintos de cuentas de madera no tienen esta caracter\u00edstica. Se puede jugar como un \u00e1baco. \u00a1Excelentes actividades de aprendizaje tambi\u00e9n para ni\u00f1os con necesidades especiales! El mejor regalo para ni\u00f1os y ni\u00f1as de 1 a\u00f1o.<\/p>\n<p>Aprendiendo a trav\u00e9s de la diversi\u00f3n<br \/>\nNuestro fant\u00e1stico laberinto de cuentas es un art\u00edculo imprescindible para los m\u00e1s peque\u00f1os. Este centro de actividades multifuncional ofrece a tu beb\u00e9 una excelente experiencia de entretenimiento. Un fant\u00e1stico juguete educativo que ayuda a los ni\u00f1os a desarrollar la coordinaci\u00f3n ojo-mano, la percepci\u00f3n de animales, la diferenciaci\u00f3n de formas y colores, y la motricidad fina. El regalo ideal para fiestas, cumplea\u00f1os o festivales (D\u00eda del Ni\u00f1o, Navidad, Halloween, D\u00eda de Acci\u00f3n de Gracias y A\u00f1o Nuevo).<\/p>\n<p>Laberintos de madera para ni\u00f1os y ni\u00f1as de 1 a\u00f1o<br \/>\nEste juguete de monta\u00f1a rusa es excelente para estimular la mente de los ni\u00f1os como un regalo educativo novedoso para Pascua o cumplea\u00f1os. Los ni\u00f1os pueden pasar un buen rato con este laberinto de cuentas de madera. Animamos a los padres a jugar con sus hijos, ya que es una excelente oportunidad para fomentar la comunicaci\u00f3n entre ellos. Tama\u00f1o adecuado para manos peque\u00f1as, ideal para consultorios m\u00e9dicos, aulas y educaci\u00f3n en casa.<\/p>","protected":false},"excerpt":{"rendered":"<p>Art\u00edculo n.\u00b0: ME-009<br \/>\nTama\u00f1o del producto: 22 x 16,5 x 22 cm<br \/>\nEmbalaje: Caja de color<br \/>\nCantidad\/Caja: 36<br \/>\nVolumen de la caja: 68,5 x 50,5 x 89,5 cm\/0,31<br \/>\nPeso neto noroccidental: 23\/22 kg<\/p>","protected":false},"featured_media":6660,"template":"","meta":{"_kad_post_transparent":"","_kad_post_title":"","_kad_post_layout":"","_kad_post_sidebar_id":"","_kad_post_content_style":"","_kad_post_vertical_padding":"","_kad_post_feature":"","_kad_post_feature_position":"","_kad_post_header":false,"_kad_post_footer":false},"product_brand":[],"product_cat":[554],"product_tag":[561,560,558],"class_list":{"0":"post-6659","1":"product","2":"type-product","3":"status-publish","4":"has-post-thumbnail","6":"product_cat-wooden-toys","7":"product_tag-bead-toy","8":"product_tag-educational-toy","9":"product_tag-wooden-toy","11":"first","12":"instock","13":"shipping-taxable","14":"product-type-simple","15":"entry","16":"content-bg","17":"loop-entry"},"yoast_head":"<!-- This site is optimized with the Yoast SEO plugin v27.3 - https:\/\/yoast.com\/product\/yoast-seo-wordpress\/ -->\n<title>Import the roller coaster toy from China Manufacturer - TonySourcing<\/title>\n<meta name=\"description\" content=\"Import the roller coaster toy from China Manufacturer, Good Product and Good Price, Contact TonySourcing for Catalog today.\" \/>\n<meta name=\"robots\" content=\"index, follow, max-snippet:-1, max-image-preview:large, max-video-preview:-1\" \/>\n<link rel=\"canonical\" href=\"https:\/\/tonysourcing.com\/es\/al-por-mayor\/el-juguete-de-la-montana-rusa-2\/\" \/>\n<meta property=\"og:locale\" content=\"es_ES\" \/>\n<meta property=\"og:type\" content=\"article\" \/>\n<meta property=\"og:title\" content=\"Import the roller coaster toy from China Manufacturer - TonySourcing\" \/>\n<meta property=\"og:description\" content=\"Import the roller coaster toy from China Manufacturer, Good Product and Good Price, Contact TonySourcing for Catalog today.\" \/>\n<meta property=\"og:url\" content=\"https:\/\/tonysourcing.com\/es\/al-por-mayor\/el-juguete-de-la-montana-rusa-2\/\" \/>\n<meta property=\"og:site_name\" content=\"TonySourcing\" \/>\n<meta property=\"article:publisher\" content=\"https:\/\/www.facebook.com\/TonySourcing\" \/>\n<meta property=\"article:modified_time\" content=\"2020-09-08T10:26:38+00:00\" \/>\n<meta property=\"og:image\" content=\"https:\/\/tonysourcing.com\/wp-content\/uploads\/2020\/08\/the-roller-coaster-toy.png\" \/>\n\t<meta property=\"og:image:width\" content=\"483\" \/>\n\t<meta property=\"og:image:height\" content=\"483\" \/>\n\t<meta property=\"og:image:type\" content=\"image\/png\" \/>\n<meta name=\"twitter:card\" content=\"summary_large_image\" \/>\n<meta name=\"twitter:site\" content=\"@TonySourcing\" \/>\n<meta name=\"twitter:label1\" content=\"Tiempo de lectura\" \/>\n\t<meta name=\"twitter:data1\" content=\"1 minuto\" \/>\n<script type=\"application\/ld+json\" class=\"yoast-schema-graph\">{\"@context\":\"https:\\\/\\\/schema.org\",\"@graph\":[{\"@type\":\"WebPage\",\"@id\":\"https:\\\/\\\/tonysourcing.com\\\/wholesale\\\/the-roller-coaster-toy-2\\\/\",\"url\":\"https:\\\/\\\/tonysourcing.com\\\/wholesale\\\/the-roller-coaster-toy-2\\\/\",\"name\":\"Import the roller coaster toy from China Manufacturer - TonySourcing\",\"isPartOf\":{\"@id\":\"https:\\\/\\\/tonysourcing.com\\\/#website\"},\"primaryImageOfPage\":{\"@id\":\"https:\\\/\\\/tonysourcing.com\\\/wholesale\\\/the-roller-coaster-toy-2\\\/#primaryimage\"},\"image\":{\"@id\":\"https:\\\/\\\/tonysourcing.com\\\/wholesale\\\/the-roller-coaster-toy-2\\\/#primaryimage\"},\"thumbnailUrl\":\"https:\\\/\\\/tonysourcing.com\\\/wp-content\\\/uploads\\\/2020\\\/08\\\/the-roller-coaster-toy.png\",\"datePublished\":\"2020-08-25T08:47:47+00:00\",\"dateModified\":\"2020-09-08T10:26:38+00:00\",\"description\":\"Import the roller coaster toy from China Manufacturer, Good Product and Good Price, Contact TonySourcing for Catalog today.\",\"breadcrumb\":{\"@id\":\"https:\\\/\\\/tonysourcing.com\\\/wholesale\\\/the-roller-coaster-toy-2\\\/#breadcrumb\"},\"inLanguage\":\"es\",\"potentialAction\":[{\"@type\":\"ReadAction\",\"target\":[\"https:\\\/\\\/tonysourcing.com\\\/wholesale\\\/the-roller-coaster-toy-2\\\/\"]}]},{\"@type\":\"ImageObject\",\"inLanguage\":\"es\",\"@id\":\"https:\\\/\\\/tonysourcing.com\\\/wholesale\\\/the-roller-coaster-toy-2\\\/#primaryimage\",\"url\":\"https:\\\/\\\/tonysourcing.com\\\/wp-content\\\/uploads\\\/2020\\\/08\\\/the-roller-coaster-toy.png\",\"contentUrl\":\"https:\\\/\\\/tonysourcing.com\\\/wp-content\\\/uploads\\\/2020\\\/08\\\/the-roller-coaster-toy.png\",\"width\":483,\"height\":483,\"caption\":\"the roller coaster toy\"},{\"@type\":\"BreadcrumbList\",\"@id\":\"https:\\\/\\\/tonysourcing.com\\\/wholesale\\\/the-roller-coaster-toy-2\\\/#breadcrumb\",\"itemListElement\":[{\"@type\":\"ListItem\",\"position\":1,\"name\":\"Home\",\"item\":\"https:\\\/\\\/tonysourcing.com\\\/\"},{\"@type\":\"ListItem\",\"position\":2,\"name\":\"Wholesale\",\"item\":\"https:\\\/\\\/tonysourcing.com\\\/wholesale\\\/\"},{\"@type\":\"ListItem\",\"position\":3,\"name\":\"the roller coaster toy\"}]},{\"@type\":\"WebSite\",\"@id\":\"https:\\\/\\\/tonysourcing.com\\\/#website\",\"url\":\"https:\\\/\\\/tonysourcing.com\\\/\",\"name\":\"TonySourcing\",\"description\":\"Toys Wholesale Distributor &amp; China Promition Items\",\"publisher\":{\"@id\":\"https:\\\/\\\/tonysourcing.com\\\/#organization\"},\"potentialAction\":[{\"@type\":\"SearchAction\",\"target\":{\"@type\":\"EntryPoint\",\"urlTemplate\":\"https:\\\/\\\/tonysourcing.com\\\/?s={search_term_string}\"},\"query-input\":{\"@type\":\"PropertyValueSpecification\",\"valueRequired\":true,\"valueName\":\"search_term_string\"}}],\"inLanguage\":\"es\"},{\"@type\":\"Organization\",\"@id\":\"https:\\\/\\\/tonysourcing.com\\\/#organization\",\"name\":\"Yiwu Zongge\",\"url\":\"https:\\\/\\\/tonysourcing.com\\\/\",\"logo\":{\"@type\":\"ImageObject\",\"inLanguage\":\"es\",\"@id\":\"https:\\\/\\\/tonysourcing.com\\\/#\\\/schema\\\/logo\\\/image\\\/\",\"url\":\"https:\\\/\\\/tonysourcing.com\\\/wp-content\\\/uploads\\\/2021\\\/07\\\/cropped-TonySourcing-logo-1.png\",\"contentUrl\":\"https:\\\/\\\/tonysourcing.com\\\/wp-content\\\/uploads\\\/2021\\\/07\\\/cropped-TonySourcing-logo-1.png\",\"width\":300,\"height\":92,\"caption\":\"Yiwu Zongge\"},\"image\":{\"@id\":\"https:\\\/\\\/tonysourcing.com\\\/#\\\/schema\\\/logo\\\/image\\\/\"},\"sameAs\":[\"https:\\\/\\\/www.facebook.com\\\/TonySourcing\",\"https:\\\/\\\/x.com\\\/TonySourcing\",\"https:\\\/\\\/www.instagram.com\\\/tony_sourcing\\\/\",\"http:\\\/\\\/www.linkedin.com\\\/in\\\/tonychen88\",\"https:\\\/\\\/www.youtube.com\\\/channel\\\/UCZfST1M-NDoqjQ3dB-Tzszg\"]}]}<\/script>\n<!-- \/ Yoast SEO plugin. -->","yoast_head_json":{"title":"Importar el juguete de monta\u00f1a rusa del fabricante chino - TonySourcing","description":"Importe el juguete de monta\u00f1a rusa del fabricante de China, buen producto y buen precio, comun\u00edquese con TonySourcing para obtener el cat\u00e1logo hoy.","robots":{"index":"index","follow":"follow","max-snippet":"max-snippet:-1","max-image-preview":"max-image-preview:large","max-video-preview":"max-video-preview:-1"},"canonical":"https:\/\/tonysourcing.com\/es\/al-por-mayor\/el-juguete-de-la-montana-rusa-2\/","og_locale":"es_ES","og_type":"article","og_title":"Import the roller coaster toy from China Manufacturer - TonySourcing","og_description":"Import the roller coaster toy from China Manufacturer, Good Product and Good Price, Contact TonySourcing for Catalog today.","og_url":"https:\/\/tonysourcing.com\/es\/al-por-mayor\/el-juguete-de-la-montana-rusa-2\/","og_site_name":"TonySourcing","article_publisher":"https:\/\/www.facebook.com\/TonySourcing","article_modified_time":"2020-09-08T10:26:38+00:00","og_image":[{"width":483,"height":483,"url":"https:\/\/tonysourcing.com\/wp-content\/uploads\/2020\/08\/the-roller-coaster-toy.png","type":"image\/png"}],"twitter_card":"summary_large_image","twitter_site":"@TonySourcing","twitter_misc":{"Tiempo de lectura":"1 minuto"},"schema":{"@context":"https:\/\/schema.org","@graph":[{"@type":"WebPage","@id":"https:\/\/tonysourcing.com\/wholesale\/the-roller-coaster-toy-2\/","url":"https:\/\/tonysourcing.com\/wholesale\/the-roller-coaster-toy-2\/","name":"Importar el juguete de monta\u00f1a rusa del fabricante chino - TonySourcing","isPartOf":{"@id":"https:\/\/tonysourcing.com\/#website"},"primaryImageOfPage":{"@id":"https:\/\/tonysourcing.com\/wholesale\/the-roller-coaster-toy-2\/#primaryimage"},"image":{"@id":"https:\/\/tonysourcing.com\/wholesale\/the-roller-coaster-toy-2\/#primaryimage"},"thumbnailUrl":"https:\/\/tonysourcing.com\/wp-content\/uploads\/2020\/08\/the-roller-coaster-toy.png","datePublished":"2020-08-25T08:47:47+00:00","dateModified":"2020-09-08T10:26:38+00:00","description":"Importe el juguete de monta\u00f1a rusa del fabricante de China, buen producto y buen precio, comun\u00edquese con TonySourcing para obtener el cat\u00e1logo hoy.","breadcrumb":{"@id":"https:\/\/tonysourcing.com\/wholesale\/the-roller-coaster-toy-2\/#breadcrumb"},"inLanguage":"es","potentialAction":[{"@type":"ReadAction","target":["https:\/\/tonysourcing.com\/wholesale\/the-roller-coaster-toy-2\/"]}]},{"@type":"ImageObject","inLanguage":"es","@id":"https:\/\/tonysourcing.com\/wholesale\/the-roller-coaster-toy-2\/#primaryimage","url":"https:\/\/tonysourcing.com\/wp-content\/uploads\/2020\/08\/the-roller-coaster-toy.png","contentUrl":"https:\/\/tonysourcing.com\/wp-content\/uploads\/2020\/08\/the-roller-coaster-toy.png","width":483,"height":483,"caption":"the roller coaster toy"},{"@type":"BreadcrumbList","@id":"https:\/\/tonysourcing.com\/wholesale\/the-roller-coaster-toy-2\/#breadcrumb","itemListElement":[{"@type":"ListItem","position":1,"name":"Home","item":"https:\/\/tonysourcing.com\/"},{"@type":"ListItem","position":2,"name":"Wholesale","item":"https:\/\/tonysourcing.com\/wholesale\/"},{"@type":"ListItem","position":3,"name":"the roller coaster toy"}]},{"@type":"WebSite","@id":"https:\/\/tonysourcing.com\/#website","url":"https:\/\/tonysourcing.com\/","name":"TonySourcing","description":"Distribuidor mayorista de juguetes y art\u00edculos en promoci\u00f3n en China","publisher":{"@id":"https:\/\/tonysourcing.com\/#organization"},"potentialAction":[{"@type":"SearchAction","target":{"@type":"EntryPoint","urlTemplate":"https:\/\/tonysourcing.com\/?s={search_term_string}"},"query-input":{"@type":"PropertyValueSpecification","valueRequired":true,"valueName":"search_term_string"}}],"inLanguage":"es"},{"@type":"Organization","@id":"https:\/\/tonysourcing.com\/#organization","name":"Yiwu Zongge","url":"https:\/\/tonysourcing.com\/","logo":{"@type":"ImageObject","inLanguage":"es","@id":"https:\/\/tonysourcing.com\/#\/schema\/logo\/image\/","url":"https:\/\/tonysourcing.com\/wp-content\/uploads\/2021\/07\/cropped-TonySourcing-logo-1.png","contentUrl":"https:\/\/tonysourcing.com\/wp-content\/uploads\/2021\/07\/cropped-TonySourcing-logo-1.png","width":300,"height":92,"caption":"Yiwu Zongge"},"image":{"@id":"https:\/\/tonysourcing.com\/#\/schema\/logo\/image\/"},"sameAs":["https:\/\/www.facebook.com\/TonySourcing","https:\/\/x.com\/TonySourcing","https:\/\/www.instagram.com\/tony_sourcing\/","http:\/\/www.linkedin.com\/in\/tonychen88","https:\/\/www.youtube.com\/channel\/UCZfST1M-NDoqjQ3dB-Tzszg"]}]}},"_links":{"self":[{"href":"https:\/\/tonysourcing.com\/es\/wp-json\/wp\/v2\/product\/6659","targetHints":{"allow":["GET"]}}],"collection":[{"href":"https:\/\/tonysourcing.com\/es\/wp-json\/wp\/v2\/product"}],"about":[{"href":"https:\/\/tonysourcing.com\/es\/wp-json\/wp\/v2\/types\/product"}],"version-history":[{"count":2,"href":"https:\/\/tonysourcing.com\/es\/wp-json\/wp\/v2\/product\/6659\/revisions"}],"predecessor-version":[{"id":6731,"href":"https:\/\/tonysourcing.com\/es\/wp-json\/wp\/v2\/product\/6659\/revisions\/6731"}],"wp:featuredmedia":[{"embeddable":true,"href":"https:\/\/tonysourcing.com\/es\/wp-json\/wp\/v2\/media\/6660"}],"wp:attachment":[{"href":"https:\/\/tonysourcing.com\/es\/wp-json\/wp\/v2\/media?parent=6659"}],"wp:term":[{"taxonomy":"product_brand","embeddable":true,"href":"https:\/\/tonysourcing.com\/es\/wp-json\/wp\/v2\/product_brand?post=6659"},{"taxonomy":"product_cat","embeddable":true,"href":"https:\/\/tonysourcing.com\/es\/wp-json\/wp\/v2\/product_cat?post=6659"},{"taxonomy":"product_tag","embeddable":true,"href":"https:\/\/tonysourcing.com\/es\/wp-json\/wp\/v2\/product_tag?post=6659"}],"curies":[{"name":"gracias","href":"https:\/\/api.w.org\/{rel}","templated":true}]}}