{"id":6772,"date":"2020-09-10T02:33:13","date_gmt":"2020-09-10T02:33:13","guid":{"rendered":"https:\/\/tonysourcing.com\/?post_type=product&#038;p=6772"},"modified":"2020-09-15T03:54:04","modified_gmt":"2020-09-15T03:54:04","slug":"libros-de-bano","status":"publish","type":"product","link":"https:\/\/tonysourcing.com\/es\/wholesale\/bath-books\/","title":{"rendered":"Libros de ba\u00f1o"},"content":{"rendered":"<ol>\n<li>DIVERSI\u00d3N CON APLASTAR Y CHIRAR: libros para ba\u00f1era que hacen ruidos divertidos cuando se aprietan; su peque\u00f1o quedar\u00e1 impecablemente limpio durante la hora del ba\u00f1o mientras explora letras del alfabeto, frutas, n\u00fameros y criaturas marinas.<\/li>\n<li>NO T\u00d3XICO 100% SEGURO: Material no t\u00f3xico, apto para personas con asma, libre de BPA, ideal para la diversi\u00f3n del ba\u00f1o. El paquete de 4 unidades permite jugar de forma segura en cualquier momento. Los ni\u00f1os jugar\u00e1n seguros durante el ba\u00f1o.<\/li>\n<li>Paquete de 4 libros f\u00e1ciles de limpiar: Los libros de aprendizaje para beb\u00e9s est\u00e1n hechos con un material suave y f\u00e1cil de limpiar. Las manchas se eliminan f\u00e1cilmente mientras tu hijo se ba\u00f1a; diversi\u00f3n sin complicaciones y sin desorden, un para\u00edso para los padres.<\/li>\n<li>SET DE LIBROS INFANTILES - Este set de libros 4 en 1 es un regalo ideal para ni\u00f1os. Los libros de ba\u00f1o tambi\u00e9n sirven como juguetes de ba\u00f1o para beb\u00e9s que flotan ligeramente durante la hora del ba\u00f1o; los ni\u00f1os pueden sostener y pasar las p\u00e1ginas f\u00e1cilmente gracias a su tama\u00f1o peque\u00f1o de 8,9 x 8,9 cm.<\/li>\n<li>ILUSTRACI\u00d3N DE CAPA A PORTADA: Los libros de ba\u00f1o para beb\u00e9s con estampados atractivos involucran a los ni\u00f1os en el aprendizaje en la ba\u00f1era. El paquete de libros de ba\u00f1o para beb\u00e9s con dise\u00f1o atrevido de 8 p\u00e1ginas transporta a su hijo a la diversi\u00f3n bajo el agua; el aprendizaje se vuelve divertido y simple.<\/li>\n<\/ol>\n<p>&nbsp;<\/p>\n<p><img fetchpriority=\"high\" decoding=\"async\" class=\"size-full wp-image-6756\" src=\"http:\/\/tonysourcing.com\/wp-content\/uploads\/2020\/09\/Educational-toys-catalog.jpg\" alt=\"Cat\u00e1logo de juguetes educativos\" width=\"1017\" height=\"423\" srcset=\"https:\/\/tonysourcing.com\/wp-content\/uploads\/2020\/09\/Educational-toys-catalog.jpg 1017w, https:\/\/tonysourcing.com\/wp-content\/uploads\/2020\/09\/Educational-toys-catalog-600x250.jpg 600w, https:\/\/tonysourcing.com\/wp-content\/uploads\/2020\/09\/Educational-toys-catalog-300x125.jpg 300w, https:\/\/tonysourcing.com\/wp-content\/uploads\/2020\/09\/Educational-toys-catalog-800x333.jpg 800w, https:\/\/tonysourcing.com\/wp-content\/uploads\/2020\/09\/Educational-toys-catalog-768x319.jpg 768w, https:\/\/tonysourcing.com\/wp-content\/uploads\/2020\/09\/Educational-toys-catalog-200x83.jpg 200w, https:\/\/tonysourcing.com\/wp-content\/uploads\/2020\/09\/Educational-toys-catalog-400x166.jpg 400w\" sizes=\"(max-width: 1017px) 100vw, 1017px\" \/><\/p>","protected":false},"excerpt":{"rendered":"<p>Art\u00edculo n.\u00b0: A501<br \/>\nTama\u00f1o del embalaje: 17 x 2 x 21 cm<br \/>\nEmbalaje: bolsa de tarjeta de PVC<br \/>\nCantidad\/Caja: 408<br \/>\nVolumen de la caja: 81 x 52 x 64 cm\/0,272<br \/>\nPeso neto neto: 22\/21 kg<\/p>","protected":false},"featured_media":6828,"template":"","meta":{"_kad_post_transparent":"","_kad_post_title":"","_kad_post_layout":"","_kad_post_sidebar_id":"","_kad_post_content_style":"","_kad_post_vertical_padding":"","_kad_post_feature":"","_kad_post_feature_position":"","_kad_post_header":false,"_kad_post_footer":false},"product_brand":[],"product_cat":[506],"product_tag":[572,568,567],"class_list":{"0":"post-6772","1":"product","2":"type-product","3":"status-publish","4":"has-post-thumbnail","6":"product_cat-wholesale-educational-toys","7":"product_tag-bath-books","8":"product_tag-early-children-eduation-material","9":"product_tag-education-toy","11":"first","12":"instock","13":"shipping-taxable","14":"product-type-simple","15":"entry","16":"content-bg","17":"loop-entry"},"yoast_head":"<!-- This site is optimized with the Yoast SEO plugin v27.4 - https:\/\/yoast.com\/product\/yoast-seo-wordpress\/ -->\n<title>Import Bath Books from China Manufacturer --Tonysourcing<\/title>\n<meta name=\"description\" content=\"Import Bath Books from China Manufacturer, Good Product and Good Price, Contact TonySourcing for Catalog today\" \/>\n<meta name=\"robots\" content=\"index, follow, max-snippet:-1, max-image-preview:large, max-video-preview:-1\" \/>\n<link rel=\"canonical\" href=\"https:\/\/tonysourcing.com\/es\/al-por-mayor\/libros-de-bano\/\" \/>\n<meta property=\"og:locale\" content=\"es_ES\" \/>\n<meta property=\"og:type\" content=\"article\" \/>\n<meta property=\"og:title\" content=\"Import Bath Books from China Manufacturer --Tonysourcing\" \/>\n<meta property=\"og:description\" content=\"Import Bath Books from China Manufacturer, Good Product and Good Price, Contact TonySourcing for Catalog today\" \/>\n<meta property=\"og:url\" content=\"https:\/\/tonysourcing.com\/es\/al-por-mayor\/libros-de-bano\/\" \/>\n<meta property=\"og:site_name\" content=\"TonySourcing\" \/>\n<meta property=\"article:publisher\" content=\"https:\/\/www.facebook.com\/TonySourcing\" \/>\n<meta property=\"article:modified_time\" content=\"2020-09-15T03:54:04+00:00\" \/>\n<meta property=\"og:image\" content=\"https:\/\/tonysourcing.com\/wp-content\/uploads\/2020\/09\/Bath-Book-1.jpg\" \/>\n\t<meta property=\"og:image:width\" content=\"600\" \/>\n\t<meta property=\"og:image:height\" content=\"600\" \/>\n\t<meta property=\"og:image:type\" content=\"image\/jpeg\" \/>\n<meta name=\"twitter:card\" content=\"summary_large_image\" \/>\n<meta name=\"twitter:site\" content=\"@TonySourcing\" \/>\n<meta name=\"twitter:label1\" content=\"Tiempo de lectura\" \/>\n\t<meta name=\"twitter:data1\" content=\"1 minuto\" \/>\n<script type=\"application\/ld+json\" class=\"yoast-schema-graph\">{\"@context\":\"https:\\\/\\\/schema.org\",\"@graph\":[{\"@type\":\"WebPage\",\"@id\":\"https:\\\/\\\/tonysourcing.com\\\/wholesale\\\/bath-books\\\/\",\"url\":\"https:\\\/\\\/tonysourcing.com\\\/wholesale\\\/bath-books\\\/\",\"name\":\"Import Bath Books from China Manufacturer --Tonysourcing\",\"isPartOf\":{\"@id\":\"https:\\\/\\\/tonysourcing.com\\\/#website\"},\"primaryImageOfPage\":{\"@id\":\"https:\\\/\\\/tonysourcing.com\\\/wholesale\\\/bath-books\\\/#primaryimage\"},\"image\":{\"@id\":\"https:\\\/\\\/tonysourcing.com\\\/wholesale\\\/bath-books\\\/#primaryimage\"},\"thumbnailUrl\":\"https:\\\/\\\/tonysourcing.com\\\/wp-content\\\/uploads\\\/2020\\\/09\\\/Bath-Book-1.jpg\",\"datePublished\":\"2020-09-10T02:33:13+00:00\",\"dateModified\":\"2020-09-15T03:54:04+00:00\",\"description\":\"Import Bath Books from China Manufacturer, Good Product and Good Price, Contact TonySourcing for Catalog today\",\"breadcrumb\":{\"@id\":\"https:\\\/\\\/tonysourcing.com\\\/wholesale\\\/bath-books\\\/#breadcrumb\"},\"inLanguage\":\"es\",\"potentialAction\":[{\"@type\":\"ReadAction\",\"target\":[\"https:\\\/\\\/tonysourcing.com\\\/wholesale\\\/bath-books\\\/\"]}]},{\"@type\":\"ImageObject\",\"inLanguage\":\"es\",\"@id\":\"https:\\\/\\\/tonysourcing.com\\\/wholesale\\\/bath-books\\\/#primaryimage\",\"url\":\"https:\\\/\\\/tonysourcing.com\\\/wp-content\\\/uploads\\\/2020\\\/09\\\/Bath-Book-1.jpg\",\"contentUrl\":\"https:\\\/\\\/tonysourcing.com\\\/wp-content\\\/uploads\\\/2020\\\/09\\\/Bath-Book-1.jpg\",\"width\":600,\"height\":600,\"caption\":\"Bath Book\"},{\"@type\":\"BreadcrumbList\",\"@id\":\"https:\\\/\\\/tonysourcing.com\\\/wholesale\\\/bath-books\\\/#breadcrumb\",\"itemListElement\":[{\"@type\":\"ListItem\",\"position\":1,\"name\":\"Home\",\"item\":\"https:\\\/\\\/tonysourcing.com\\\/\"},{\"@type\":\"ListItem\",\"position\":2,\"name\":\"Wholesale\",\"item\":\"https:\\\/\\\/tonysourcing.com\\\/wholesale\\\/\"},{\"@type\":\"ListItem\",\"position\":3,\"name\":\"Bath Books\"}]},{\"@type\":\"WebSite\",\"@id\":\"https:\\\/\\\/tonysourcing.com\\\/#website\",\"url\":\"https:\\\/\\\/tonysourcing.com\\\/\",\"name\":\"TonySourcing\",\"description\":\"Toys Wholesale Distributor &amp; China Promition Items\",\"publisher\":{\"@id\":\"https:\\\/\\\/tonysourcing.com\\\/#organization\"},\"potentialAction\":[{\"@type\":\"SearchAction\",\"target\":{\"@type\":\"EntryPoint\",\"urlTemplate\":\"https:\\\/\\\/tonysourcing.com\\\/?s={search_term_string}\"},\"query-input\":{\"@type\":\"PropertyValueSpecification\",\"valueRequired\":true,\"valueName\":\"search_term_string\"}}],\"inLanguage\":\"es\"},{\"@type\":\"Organization\",\"@id\":\"https:\\\/\\\/tonysourcing.com\\\/#organization\",\"name\":\"Yiwu Zongge\",\"url\":\"https:\\\/\\\/tonysourcing.com\\\/\",\"logo\":{\"@type\":\"ImageObject\",\"inLanguage\":\"es\",\"@id\":\"https:\\\/\\\/tonysourcing.com\\\/#\\\/schema\\\/logo\\\/image\\\/\",\"url\":\"https:\\\/\\\/tonysourcing.com\\\/wp-content\\\/uploads\\\/2021\\\/07\\\/cropped-TonySourcing-logo-1.png\",\"contentUrl\":\"https:\\\/\\\/tonysourcing.com\\\/wp-content\\\/uploads\\\/2021\\\/07\\\/cropped-TonySourcing-logo-1.png\",\"width\":300,\"height\":92,\"caption\":\"Yiwu Zongge\"},\"image\":{\"@id\":\"https:\\\/\\\/tonysourcing.com\\\/#\\\/schema\\\/logo\\\/image\\\/\"},\"sameAs\":[\"https:\\\/\\\/www.facebook.com\\\/TonySourcing\",\"https:\\\/\\\/x.com\\\/TonySourcing\",\"https:\\\/\\\/www.instagram.com\\\/tony_sourcing\\\/\",\"http:\\\/\\\/www.linkedin.com\\\/in\\\/tonychen88\",\"https:\\\/\\\/www.youtube.com\\\/channel\\\/UCZfST1M-NDoqjQ3dB-Tzszg\"]}]}<\/script>\n<!-- \/ Yoast SEO plugin. -->","yoast_head_json":{"title":"Importar libros de ba\u00f1o del fabricante chino --Tonysourcing","description":"Importe libros de ba\u00f1o del fabricante chino. Buen producto y buen precio. Contacte con TonySourcing para obtener el cat\u00e1logo hoy mismo.","robots":{"index":"index","follow":"follow","max-snippet":"max-snippet:-1","max-image-preview":"max-image-preview:large","max-video-preview":"max-video-preview:-1"},"canonical":"https:\/\/tonysourcing.com\/es\/al-por-mayor\/libros-de-bano\/","og_locale":"es_ES","og_type":"article","og_title":"Import Bath Books from China Manufacturer --Tonysourcing","og_description":"Import Bath Books from China Manufacturer, Good Product and Good Price, Contact TonySourcing for Catalog today","og_url":"https:\/\/tonysourcing.com\/es\/al-por-mayor\/libros-de-bano\/","og_site_name":"TonySourcing","article_publisher":"https:\/\/www.facebook.com\/TonySourcing","article_modified_time":"2020-09-15T03:54:04+00:00","og_image":[{"width":600,"height":600,"url":"https:\/\/tonysourcing.com\/wp-content\/uploads\/2020\/09\/Bath-Book-1.jpg","type":"image\/jpeg"}],"twitter_card":"summary_large_image","twitter_site":"@TonySourcing","twitter_misc":{"Tiempo de lectura":"1 minuto"},"schema":{"@context":"https:\/\/schema.org","@graph":[{"@type":"WebPage","@id":"https:\/\/tonysourcing.com\/wholesale\/bath-books\/","url":"https:\/\/tonysourcing.com\/wholesale\/bath-books\/","name":"Importar libros de ba\u00f1o del fabricante chino --Tonysourcing","isPartOf":{"@id":"https:\/\/tonysourcing.com\/#website"},"primaryImageOfPage":{"@id":"https:\/\/tonysourcing.com\/wholesale\/bath-books\/#primaryimage"},"image":{"@id":"https:\/\/tonysourcing.com\/wholesale\/bath-books\/#primaryimage"},"thumbnailUrl":"https:\/\/tonysourcing.com\/wp-content\/uploads\/2020\/09\/Bath-Book-1.jpg","datePublished":"2020-09-10T02:33:13+00:00","dateModified":"2020-09-15T03:54:04+00:00","description":"Importe libros de ba\u00f1o del fabricante chino. Buen producto y buen precio. Contacte con TonySourcing para obtener el cat\u00e1logo hoy mismo.","breadcrumb":{"@id":"https:\/\/tonysourcing.com\/wholesale\/bath-books\/#breadcrumb"},"inLanguage":"es","potentialAction":[{"@type":"ReadAction","target":["https:\/\/tonysourcing.com\/wholesale\/bath-books\/"]}]},{"@type":"ImageObject","inLanguage":"es","@id":"https:\/\/tonysourcing.com\/wholesale\/bath-books\/#primaryimage","url":"https:\/\/tonysourcing.com\/wp-content\/uploads\/2020\/09\/Bath-Book-1.jpg","contentUrl":"https:\/\/tonysourcing.com\/wp-content\/uploads\/2020\/09\/Bath-Book-1.jpg","width":600,"height":600,"caption":"Bath Book"},{"@type":"BreadcrumbList","@id":"https:\/\/tonysourcing.com\/wholesale\/bath-books\/#breadcrumb","itemListElement":[{"@type":"ListItem","position":1,"name":"Home","item":"https:\/\/tonysourcing.com\/"},{"@type":"ListItem","position":2,"name":"Wholesale","item":"https:\/\/tonysourcing.com\/wholesale\/"},{"@type":"ListItem","position":3,"name":"Bath Books"}]},{"@type":"WebSite","@id":"https:\/\/tonysourcing.com\/#website","url":"https:\/\/tonysourcing.com\/","name":"TonySourcing","description":"Distribuidor mayorista de juguetes y art\u00edculos en promoci\u00f3n en China","publisher":{"@id":"https:\/\/tonysourcing.com\/#organization"},"potentialAction":[{"@type":"SearchAction","target":{"@type":"EntryPoint","urlTemplate":"https:\/\/tonysourcing.com\/?s={search_term_string}"},"query-input":{"@type":"PropertyValueSpecification","valueRequired":true,"valueName":"search_term_string"}}],"inLanguage":"es"},{"@type":"Organization","@id":"https:\/\/tonysourcing.com\/#organization","name":"Yiwu Zongge","url":"https:\/\/tonysourcing.com\/","logo":{"@type":"ImageObject","inLanguage":"es","@id":"https:\/\/tonysourcing.com\/#\/schema\/logo\/image\/","url":"https:\/\/tonysourcing.com\/wp-content\/uploads\/2021\/07\/cropped-TonySourcing-logo-1.png","contentUrl":"https:\/\/tonysourcing.com\/wp-content\/uploads\/2021\/07\/cropped-TonySourcing-logo-1.png","width":300,"height":92,"caption":"Yiwu Zongge"},"image":{"@id":"https:\/\/tonysourcing.com\/#\/schema\/logo\/image\/"},"sameAs":["https:\/\/www.facebook.com\/TonySourcing","https:\/\/x.com\/TonySourcing","https:\/\/www.instagram.com\/tony_sourcing\/","http:\/\/www.linkedin.com\/in\/tonychen88","https:\/\/www.youtube.com\/channel\/UCZfST1M-NDoqjQ3dB-Tzszg"]}]}},"_links":{"self":[{"href":"https:\/\/tonysourcing.com\/es\/wp-json\/wp\/v2\/product\/6772","targetHints":{"allow":["GET"]}}],"collection":[{"href":"https:\/\/tonysourcing.com\/es\/wp-json\/wp\/v2\/product"}],"about":[{"href":"https:\/\/tonysourcing.com\/es\/wp-json\/wp\/v2\/types\/product"}],"version-history":[{"count":1,"href":"https:\/\/tonysourcing.com\/es\/wp-json\/wp\/v2\/product\/6772\/revisions"}],"predecessor-version":[{"id":6775,"href":"https:\/\/tonysourcing.com\/es\/wp-json\/wp\/v2\/product\/6772\/revisions\/6775"}],"wp:featuredmedia":[{"embeddable":true,"href":"https:\/\/tonysourcing.com\/es\/wp-json\/wp\/v2\/media\/6828"}],"wp:attachment":[{"href":"https:\/\/tonysourcing.com\/es\/wp-json\/wp\/v2\/media?parent=6772"}],"wp:term":[{"taxonomy":"product_brand","embeddable":true,"href":"https:\/\/tonysourcing.com\/es\/wp-json\/wp\/v2\/product_brand?post=6772"},{"taxonomy":"product_cat","embeddable":true,"href":"https:\/\/tonysourcing.com\/es\/wp-json\/wp\/v2\/product_cat?post=6772"},{"taxonomy":"product_tag","embeddable":true,"href":"https:\/\/tonysourcing.com\/es\/wp-json\/wp\/v2\/product_tag?post=6772"}],"curies":[{"name":"gracias","href":"https:\/\/api.w.org\/{rel}","templated":true}]}}