{"id":6850,"date":"2020-09-15T10:04:20","date_gmt":"2020-09-15T10:04:20","guid":{"rendered":"https:\/\/tonysourcing.com\/?post_type=product&#038;p=6850"},"modified":"2020-09-15T10:09:54","modified_gmt":"2020-09-15T10:09:54","slug":"juguete-de-bloques-de-coche-de-madera-2","status":"publish","type":"product","link":"https:\/\/tonysourcing.com\/es\/wholesale\/wooden-car-block-toy-2\/","title":{"rendered":"Juguete de bloques de coche de madera"},"content":{"rendered":"<p>\u00bfPor qu\u00e9 comprar un coche de madera de juguete en TonySouring.com?<br \/>\n\u2022 Elija entre m\u00e1s de 5000 proveedores de juguetes de China con m\u00e1s de 100 000 000 de art\u00edculos<br \/>\n\u2022 Ahorre hasta 60% en costos al abastecerse directamente de fabricantes de juguetes chinos<br \/>\n\u2022 Manejamos todo en un solo paso<br \/>\n\u2022 Colabore con nuestro equipo para obtener conocimientos y apoyo en la compra de juguetes.<\/p>\n<p>#2 \u00bfQu\u00e9 certificaci\u00f3n tiene el juguete de bloque de coche de madera?<br \/>\nInforme de pruebas EN71 y CE: La norma europea EN 71 especifica los requisitos de seguridad para los juguetes. El cumplimiento de esta norma es obligatorio para todos los juguetes vendidos en la Uni\u00f3n Europea.<br \/>\nInforme de prueba de ASTM: Seg\u00fan la nueva legislaci\u00f3n federal que entra en vigor hoy, todos los juguetes vendidos en los Estados Unidos deben cumplir con los requisitos de seguridad de ASTM F963<\/p>\n<p>#3 \u00bfCu\u00e1l es el mejor juguete de bloque de coche de madera?<br \/>\nLo mejor deber\u00eda ser con funci\u00f3n de jugar, aprender y sonre\u00edr.<\/p>\n<p>&gt;&gt;Funci\u00f3n de reproducci\u00f3n<\/p>\n<p>Los juguetes educativos se desarrollan en funci\u00f3n de \u00e1reas como conceptos espaciales, l\u00f3gica matem\u00e1tica, desarrollo intelectual, aprendizaje del lenguaje, apreciaci\u00f3n del arte y competencia cognitiva. Varios juguetes educativos pueden estimular las habilidades de los ni\u00f1os en varias \u00e1reas distintas y aprovechar su potencial innato a trav\u00e9s de juegos divertidos.<\/p>\n<p>&gt;&gt;Funci\u00f3n de aprendizaje<\/p>\n<p>Incentive a los ni\u00f1os a aprender con iniciativa. \u00a1El juego es la base del aprendizaje! Cuando un ni\u00f1o toma un juguete con inter\u00e9s, indica que su cerebro ya est\u00e1 en un estado de intercambio de ideas a gran velocidad. Al mismo tiempo, tambi\u00e9n comenzar\u00e1 a desarrollar sus habilidades motoras, coordinaci\u00f3n ojo-mano, concentraci\u00f3n, lenguaje y comunicaci\u00f3n, creatividad, imaginaci\u00f3n, concepto espacial, l\u00f3gica y capacidad para resolver problemas, as\u00ed como el pensamiento matem\u00e1tico.<\/p>\n<p>&gt;&gt;Funci\u00f3n de sonrisa:<\/p>\n<p>\u201cJugar y aprender\u201d todav\u00eda es insuficiente<br \/>\nEl mejor deseo es que cada ni\u00f1o sonr\u00eda desde el coraz\u00f3n, aprenda a pensar e incluso d\u00e9 un paso m\u00e1s y explore, cuando juega con los juguetes educativos.<\/p>\n<p>&nbsp;<\/p>\n<p>&nbsp;<\/p>\n<p>&nbsp;<\/p>\n<p><img fetchpriority=\"high\" decoding=\"async\" class=\"alignnone size-full wp-image-6694\" src=\"http:\/\/tonysourcing.com\/wp-content\/uploads\/2020\/09\/wooden-toys-catalog.jpg\" alt=\"cat\u00e1logo de juguetes de madera\" width=\"1017\" height=\"392\" srcset=\"https:\/\/tonysourcing.com\/wp-content\/uploads\/2020\/09\/wooden-toys-catalog.jpg 1017w, https:\/\/tonysourcing.com\/wp-content\/uploads\/2020\/09\/wooden-toys-catalog-600x231.jpg 600w, https:\/\/tonysourcing.com\/wp-content\/uploads\/2020\/09\/wooden-toys-catalog-300x116.jpg 300w, https:\/\/tonysourcing.com\/wp-content\/uploads\/2020\/09\/wooden-toys-catalog-800x308.jpg 800w, https:\/\/tonysourcing.com\/wp-content\/uploads\/2020\/09\/wooden-toys-catalog-768x296.jpg 768w, https:\/\/tonysourcing.com\/wp-content\/uploads\/2020\/09\/wooden-toys-catalog-200x77.jpg 200w, https:\/\/tonysourcing.com\/wp-content\/uploads\/2020\/09\/wooden-toys-catalog-400x154.jpg 400w\" sizes=\"(max-width: 1017px) 100vw, 1017px\" \/><\/p>\n<p>&nbsp;<\/p>\n<p>&nbsp;<\/p>\n<p>&nbsp;<\/p>\n<p>&nbsp;<\/p>","protected":false},"excerpt":{"rendered":"<p>Art\u00edculo n.\u00b0: MC-015<br \/>\nTama\u00f1o del producto: 19 x 12,5 x 7,5 cm<br \/>\nEmbalaje: caja de color<br \/>\nCantidad\/Caja: 60 piezas<\/p>","protected":false},"featured_media":6851,"template":"","meta":{"_kad_post_transparent":"","_kad_post_title":"","_kad_post_layout":"","_kad_post_sidebar_id":"","_kad_post_content_style":"","_kad_post_vertical_padding":"","_kad_post_feature":"","_kad_post_feature_position":"","_kad_post_header":false,"_kad_post_footer":false},"product_brand":[],"product_cat":[554],"product_tag":[560,589,588],"class_list":{"0":"post-6850","1":"product","2":"type-product","3":"status-publish","4":"has-post-thumbnail","6":"product_cat-wooden-toys","7":"product_tag-educational-toy","8":"product_tag-montessori-toys","9":"product_tag-wooden-car-block-toy","11":"first","12":"instock","13":"shipping-taxable","14":"product-type-simple","15":"entry","16":"content-bg","17":"loop-entry"},"yoast_head":"<!-- This site is optimized with the Yoast SEO plugin v27.3 - https:\/\/yoast.com\/product\/yoast-seo-wordpress\/ -->\n<title>Import Wooden Car Block Toy from China Manufacturer<\/title>\n<meta name=\"description\" content=\"Import Wooden Car Block Toy from China Manufacturer, Good Product and Good Price, Contact TonySourcing for Catalog today\" \/>\n<meta name=\"robots\" content=\"index, follow, max-snippet:-1, max-image-preview:large, max-video-preview:-1\" \/>\n<link rel=\"canonical\" href=\"https:\/\/tonysourcing.com\/es\/al-por-mayor\/juguete-de-bloques-de-coche-de-madera-2\/\" \/>\n<meta property=\"og:locale\" content=\"es_ES\" \/>\n<meta property=\"og:type\" content=\"article\" \/>\n<meta property=\"og:title\" content=\"Import Wooden Car Block Toy from China Manufacturer\" \/>\n<meta property=\"og:description\" content=\"Import Wooden Car Block Toy from China Manufacturer, Good Product and Good Price, Contact TonySourcing for Catalog today\" \/>\n<meta property=\"og:url\" content=\"https:\/\/tonysourcing.com\/es\/al-por-mayor\/juguete-de-bloques-de-coche-de-madera-2\/\" \/>\n<meta property=\"og:site_name\" content=\"TonySourcing\" \/>\n<meta property=\"article:publisher\" content=\"https:\/\/www.facebook.com\/TonySourcing\" \/>\n<meta property=\"article:modified_time\" content=\"2020-09-15T10:09:54+00:00\" \/>\n<meta property=\"og:image\" content=\"https:\/\/tonysourcing.com\/wp-content\/uploads\/2020\/09\/Wooden-Car-Block-Toy.png\" \/>\n\t<meta property=\"og:image:width\" content=\"448\" \/>\n\t<meta property=\"og:image:height\" content=\"448\" \/>\n\t<meta property=\"og:image:type\" content=\"image\/png\" \/>\n<meta name=\"twitter:card\" content=\"summary_large_image\" \/>\n<meta name=\"twitter:site\" content=\"@TonySourcing\" \/>\n<meta name=\"twitter:label1\" content=\"Tiempo de lectura\" \/>\n\t<meta name=\"twitter:data1\" content=\"1 minuto\" \/>\n<script type=\"application\/ld+json\" class=\"yoast-schema-graph\">{\"@context\":\"https:\\\/\\\/schema.org\",\"@graph\":[{\"@type\":\"WebPage\",\"@id\":\"https:\\\/\\\/tonysourcing.com\\\/wholesale\\\/wooden-car-block-toy-2\\\/\",\"url\":\"https:\\\/\\\/tonysourcing.com\\\/wholesale\\\/wooden-car-block-toy-2\\\/\",\"name\":\"Import Wooden Car Block Toy from China Manufacturer\",\"isPartOf\":{\"@id\":\"https:\\\/\\\/tonysourcing.com\\\/#website\"},\"primaryImageOfPage\":{\"@id\":\"https:\\\/\\\/tonysourcing.com\\\/wholesale\\\/wooden-car-block-toy-2\\\/#primaryimage\"},\"image\":{\"@id\":\"https:\\\/\\\/tonysourcing.com\\\/wholesale\\\/wooden-car-block-toy-2\\\/#primaryimage\"},\"thumbnailUrl\":\"https:\\\/\\\/tonysourcing.com\\\/wp-content\\\/uploads\\\/2020\\\/09\\\/Wooden-Car-Block-Toy.png\",\"datePublished\":\"2020-09-15T10:04:20+00:00\",\"dateModified\":\"2020-09-15T10:09:54+00:00\",\"description\":\"Import Wooden Car Block Toy from China Manufacturer, Good Product and Good Price, Contact TonySourcing for Catalog today\",\"breadcrumb\":{\"@id\":\"https:\\\/\\\/tonysourcing.com\\\/wholesale\\\/wooden-car-block-toy-2\\\/#breadcrumb\"},\"inLanguage\":\"es\",\"potentialAction\":[{\"@type\":\"ReadAction\",\"target\":[\"https:\\\/\\\/tonysourcing.com\\\/wholesale\\\/wooden-car-block-toy-2\\\/\"]}]},{\"@type\":\"ImageObject\",\"inLanguage\":\"es\",\"@id\":\"https:\\\/\\\/tonysourcing.com\\\/wholesale\\\/wooden-car-block-toy-2\\\/#primaryimage\",\"url\":\"https:\\\/\\\/tonysourcing.com\\\/wp-content\\\/uploads\\\/2020\\\/09\\\/Wooden-Car-Block-Toy.png\",\"contentUrl\":\"https:\\\/\\\/tonysourcing.com\\\/wp-content\\\/uploads\\\/2020\\\/09\\\/Wooden-Car-Block-Toy.png\",\"width\":448,\"height\":448,\"caption\":\"Wooden Car Block Toy\"},{\"@type\":\"BreadcrumbList\",\"@id\":\"https:\\\/\\\/tonysourcing.com\\\/wholesale\\\/wooden-car-block-toy-2\\\/#breadcrumb\",\"itemListElement\":[{\"@type\":\"ListItem\",\"position\":1,\"name\":\"Home\",\"item\":\"https:\\\/\\\/tonysourcing.com\\\/\"},{\"@type\":\"ListItem\",\"position\":2,\"name\":\"Wholesale\",\"item\":\"https:\\\/\\\/tonysourcing.com\\\/wholesale\\\/\"},{\"@type\":\"ListItem\",\"position\":3,\"name\":\"Wooden Car Block Toy\"}]},{\"@type\":\"WebSite\",\"@id\":\"https:\\\/\\\/tonysourcing.com\\\/#website\",\"url\":\"https:\\\/\\\/tonysourcing.com\\\/\",\"name\":\"TonySourcing\",\"description\":\"Toys Wholesale Distributor &amp; China Promition Items\",\"publisher\":{\"@id\":\"https:\\\/\\\/tonysourcing.com\\\/#organization\"},\"potentialAction\":[{\"@type\":\"SearchAction\",\"target\":{\"@type\":\"EntryPoint\",\"urlTemplate\":\"https:\\\/\\\/tonysourcing.com\\\/?s={search_term_string}\"},\"query-input\":{\"@type\":\"PropertyValueSpecification\",\"valueRequired\":true,\"valueName\":\"search_term_string\"}}],\"inLanguage\":\"es\"},{\"@type\":\"Organization\",\"@id\":\"https:\\\/\\\/tonysourcing.com\\\/#organization\",\"name\":\"Yiwu Zongge\",\"url\":\"https:\\\/\\\/tonysourcing.com\\\/\",\"logo\":{\"@type\":\"ImageObject\",\"inLanguage\":\"es\",\"@id\":\"https:\\\/\\\/tonysourcing.com\\\/#\\\/schema\\\/logo\\\/image\\\/\",\"url\":\"https:\\\/\\\/tonysourcing.com\\\/wp-content\\\/uploads\\\/2021\\\/07\\\/cropped-TonySourcing-logo-1.png\",\"contentUrl\":\"https:\\\/\\\/tonysourcing.com\\\/wp-content\\\/uploads\\\/2021\\\/07\\\/cropped-TonySourcing-logo-1.png\",\"width\":300,\"height\":92,\"caption\":\"Yiwu Zongge\"},\"image\":{\"@id\":\"https:\\\/\\\/tonysourcing.com\\\/#\\\/schema\\\/logo\\\/image\\\/\"},\"sameAs\":[\"https:\\\/\\\/www.facebook.com\\\/TonySourcing\",\"https:\\\/\\\/x.com\\\/TonySourcing\",\"https:\\\/\\\/www.instagram.com\\\/tony_sourcing\\\/\",\"http:\\\/\\\/www.linkedin.com\\\/in\\\/tonychen88\",\"https:\\\/\\\/www.youtube.com\\\/channel\\\/UCZfST1M-NDoqjQ3dB-Tzszg\"]}]}<\/script>\n<!-- \/ Yoast SEO plugin. -->","yoast_head_json":{"title":"Importaci\u00f3n de juguetes de bloques de madera para coches de China.","description":"Importe un coche de juguete de madera de China. Buen producto y buen precio. Contacte con TonySourcing para obtener el cat\u00e1logo hoy mismo.","robots":{"index":"index","follow":"follow","max-snippet":"max-snippet:-1","max-image-preview":"max-image-preview:large","max-video-preview":"max-video-preview:-1"},"canonical":"https:\/\/tonysourcing.com\/es\/al-por-mayor\/juguete-de-bloques-de-coche-de-madera-2\/","og_locale":"es_ES","og_type":"article","og_title":"Import Wooden Car Block Toy from China Manufacturer","og_description":"Import Wooden Car Block Toy from China Manufacturer, Good Product and Good Price, Contact TonySourcing for Catalog today","og_url":"https:\/\/tonysourcing.com\/es\/al-por-mayor\/juguete-de-bloques-de-coche-de-madera-2\/","og_site_name":"TonySourcing","article_publisher":"https:\/\/www.facebook.com\/TonySourcing","article_modified_time":"2020-09-15T10:09:54+00:00","og_image":[{"width":448,"height":448,"url":"https:\/\/tonysourcing.com\/wp-content\/uploads\/2020\/09\/Wooden-Car-Block-Toy.png","type":"image\/png"}],"twitter_card":"summary_large_image","twitter_site":"@TonySourcing","twitter_misc":{"Tiempo de lectura":"1 minuto"},"schema":{"@context":"https:\/\/schema.org","@graph":[{"@type":"WebPage","@id":"https:\/\/tonysourcing.com\/wholesale\/wooden-car-block-toy-2\/","url":"https:\/\/tonysourcing.com\/wholesale\/wooden-car-block-toy-2\/","name":"Importaci\u00f3n de juguetes de bloques de madera para coches de China.","isPartOf":{"@id":"https:\/\/tonysourcing.com\/#website"},"primaryImageOfPage":{"@id":"https:\/\/tonysourcing.com\/wholesale\/wooden-car-block-toy-2\/#primaryimage"},"image":{"@id":"https:\/\/tonysourcing.com\/wholesale\/wooden-car-block-toy-2\/#primaryimage"},"thumbnailUrl":"https:\/\/tonysourcing.com\/wp-content\/uploads\/2020\/09\/Wooden-Car-Block-Toy.png","datePublished":"2020-09-15T10:04:20+00:00","dateModified":"2020-09-15T10:09:54+00:00","description":"Importe un coche de juguete de madera de China. Buen producto y buen precio. Contacte con TonySourcing para obtener el cat\u00e1logo hoy mismo.","breadcrumb":{"@id":"https:\/\/tonysourcing.com\/wholesale\/wooden-car-block-toy-2\/#breadcrumb"},"inLanguage":"es","potentialAction":[{"@type":"ReadAction","target":["https:\/\/tonysourcing.com\/wholesale\/wooden-car-block-toy-2\/"]}]},{"@type":"ImageObject","inLanguage":"es","@id":"https:\/\/tonysourcing.com\/wholesale\/wooden-car-block-toy-2\/#primaryimage","url":"https:\/\/tonysourcing.com\/wp-content\/uploads\/2020\/09\/Wooden-Car-Block-Toy.png","contentUrl":"https:\/\/tonysourcing.com\/wp-content\/uploads\/2020\/09\/Wooden-Car-Block-Toy.png","width":448,"height":448,"caption":"Wooden Car Block Toy"},{"@type":"BreadcrumbList","@id":"https:\/\/tonysourcing.com\/wholesale\/wooden-car-block-toy-2\/#breadcrumb","itemListElement":[{"@type":"ListItem","position":1,"name":"Home","item":"https:\/\/tonysourcing.com\/"},{"@type":"ListItem","position":2,"name":"Wholesale","item":"https:\/\/tonysourcing.com\/wholesale\/"},{"@type":"ListItem","position":3,"name":"Wooden Car Block Toy"}]},{"@type":"WebSite","@id":"https:\/\/tonysourcing.com\/#website","url":"https:\/\/tonysourcing.com\/","name":"TonySourcing","description":"Distribuidor mayorista de juguetes y art\u00edculos en promoci\u00f3n en China","publisher":{"@id":"https:\/\/tonysourcing.com\/#organization"},"potentialAction":[{"@type":"SearchAction","target":{"@type":"EntryPoint","urlTemplate":"https:\/\/tonysourcing.com\/?s={search_term_string}"},"query-input":{"@type":"PropertyValueSpecification","valueRequired":true,"valueName":"search_term_string"}}],"inLanguage":"es"},{"@type":"Organization","@id":"https:\/\/tonysourcing.com\/#organization","name":"Yiwu Zongge","url":"https:\/\/tonysourcing.com\/","logo":{"@type":"ImageObject","inLanguage":"es","@id":"https:\/\/tonysourcing.com\/#\/schema\/logo\/image\/","url":"https:\/\/tonysourcing.com\/wp-content\/uploads\/2021\/07\/cropped-TonySourcing-logo-1.png","contentUrl":"https:\/\/tonysourcing.com\/wp-content\/uploads\/2021\/07\/cropped-TonySourcing-logo-1.png","width":300,"height":92,"caption":"Yiwu Zongge"},"image":{"@id":"https:\/\/tonysourcing.com\/#\/schema\/logo\/image\/"},"sameAs":["https:\/\/www.facebook.com\/TonySourcing","https:\/\/x.com\/TonySourcing","https:\/\/www.instagram.com\/tony_sourcing\/","http:\/\/www.linkedin.com\/in\/tonychen88","https:\/\/www.youtube.com\/channel\/UCZfST1M-NDoqjQ3dB-Tzszg"]}]}},"_links":{"self":[{"href":"https:\/\/tonysourcing.com\/es\/wp-json\/wp\/v2\/product\/6850","targetHints":{"allow":["GET"]}}],"collection":[{"href":"https:\/\/tonysourcing.com\/es\/wp-json\/wp\/v2\/product"}],"about":[{"href":"https:\/\/tonysourcing.com\/es\/wp-json\/wp\/v2\/types\/product"}],"version-history":[{"count":1,"href":"https:\/\/tonysourcing.com\/es\/wp-json\/wp\/v2\/product\/6850\/revisions"}],"predecessor-version":[{"id":6852,"href":"https:\/\/tonysourcing.com\/es\/wp-json\/wp\/v2\/product\/6850\/revisions\/6852"}],"wp:featuredmedia":[{"embeddable":true,"href":"https:\/\/tonysourcing.com\/es\/wp-json\/wp\/v2\/media\/6851"}],"wp:attachment":[{"href":"https:\/\/tonysourcing.com\/es\/wp-json\/wp\/v2\/media?parent=6850"}],"wp:term":[{"taxonomy":"product_brand","embeddable":true,"href":"https:\/\/tonysourcing.com\/es\/wp-json\/wp\/v2\/product_brand?post=6850"},{"taxonomy":"product_cat","embeddable":true,"href":"https:\/\/tonysourcing.com\/es\/wp-json\/wp\/v2\/product_cat?post=6850"},{"taxonomy":"product_tag","embeddable":true,"href":"https:\/\/tonysourcing.com\/es\/wp-json\/wp\/v2\/product_tag?post=6850"}],"curies":[{"name":"gracias","href":"https:\/\/api.w.org\/{rel}","templated":true}]}}